{"id":10283,"date":"2025-05-17T14:35:09","date_gmt":"2025-05-17T14:35:09","guid":{"rendered":"https:\/\/nurturedwildlife.com\/?page_id=10283"},"modified":"2025-05-17T14:36:31","modified_gmt":"2025-05-17T14:36:31","slug":"tanzanyaya-safari-icin-gitmeden-once-dikkate-alinmasi-gerekenler","status":"publish","type":"page","link":"https:\/\/nurturedwildlife.com\/tr\/tanzanyaya-safari-icin-gitmeden-once-dikkate-alinmasi-gerekenler\/","title":{"rendered":"Tanzanya&#039;ya safari i\u00e7in gitmeden \u00f6nce dikkate al\u0131nmas\u0131 gerekenler"},"content":{"rendered":"<div data-elementor-type=\"wp-page\" data-elementor-id=\"10283\" class=\"elementor elementor-10283\" data-elementor-post-type=\"page\">\n\t\t\t\t<div class=\"elementor-element elementor-element-75efc30b e-con-full e-flex e-con e-parent\" data-id=\"75efc30b\" data-element_type=\"container\" data-e-type=\"container\" data-settings=\"{&quot;background_background&quot;:&quot;classic&quot;}\">\n\t\t<div class=\"elementor-element elementor-element-219c352 e-con-full e-flex e-con e-child\" data-id=\"219c352\" data-element_type=\"container\" data-e-type=\"container\" data-settings=\"{&quot;background_background&quot;:&quot;classic&quot;}\">\n\t\t\t\t<div class=\"elementor-element elementor-element-3df4fd72 elementor-widget elementor-widget-text-editor\" data-id=\"3df4fd72\" data-element_type=\"widget\" data-e-type=\"widget\" data-widget_type=\"text-editor.default\">\n\t\t\t\t<div class=\"elementor-widget-container\">\n\t\t\t\t\t\t\t\t\t<p><a href=\"#\">Ev<\/a> \/ Blog<\/p>\t\t\t\t\t\t\t\t<\/div>\n\t\t\t\t<\/div>\n\t\t\t\t<\/div>\n\t\t\t\t<\/div>\n\t\t<div class=\"elementor-element elementor-element-18e7d629 e-flex e-con-boxed e-con e-parent\" data-id=\"18e7d629\" data-element_type=\"container\" data-e-type=\"container\">\n\t\t\t\t\t<div class=\"e-con-inner\">\n\t\t<div class=\"elementor-element elementor-element-66a1975d e-flex e-con-boxed e-con e-child\" data-id=\"66a1975d\" data-element_type=\"container\" data-e-type=\"container\" data-settings=\"{&quot;background_background&quot;:&quot;classic&quot;}\">\n\t\t\t\t\t<div class=\"e-con-inner\">\n\t\t\t\t<div class=\"elementor-element elementor-element-7fc17f94 elementor-widget elementor-widget-text-editor\" data-id=\"7fc17f94\" data-element_type=\"widget\" data-e-type=\"widget\" data-widget_type=\"text-editor.default\">\n\t\t\t\t<div class=\"elementor-widget-container\">\n\t\t\t\t\t\t\t\t\t<p class=\"\" data-start=\"211\" data-end=\"496\">Tanzanya, Serengeti, Ngorongoro Krateri ve Tarangire gibi parklarda unutulmaz vah\u015fi ya\u015fam deneyimleri sunan, d\u00fcnyan\u0131n en iyi safari destinasyonlar\u0131ndan biridir. Ancak bavullar\u0131n\u0131z\u0131 toplamadan ve Afrika maceras\u0131na at\u0131lmadan \u00f6nce, akl\u0131n\u0131zda bulundurman\u0131z gereken birka\u00e7 \u00f6nemli \u015fey var.<\/p><p class=\"\" data-start=\"498\" data-end=\"641\">\u0130\u015fte bir kontrol listesi <strong data-start=\"520\" data-end=\"582\">Tanzanya&#039;ya safari i\u00e7in gitmeden \u00f6nce dikkate al\u0131nmas\u0131 gereken \u00f6nemli noktalar<\/strong>, Seyahatinizin sorunsuz, g\u00fcvenli ve ger\u00e7ekten unutulmaz olmas\u0131n\u0131 sa\u011flamak i\u00e7in.<\/p><hr class=\"\" data-start=\"643\" data-end=\"646\" \/><h2 class=\"\" data-start=\"648\" data-end=\"688\">1. <strong data-start=\"654\" data-end=\"688\">Ziyaret \u0130\u00e7in Do\u011fru Zaman\u0131 Se\u00e7in<\/strong><\/h2><p class=\"\" data-start=\"690\" data-end=\"857\">Tanzanya&#039;da iki ana mevsim vard\u0131r: kuru (Haziran-Ekim) ve ya\u011f\u0131\u015fl\u0131 (Mart-May\u0131s ve Kas\u0131m ay\u0131nda k\u0131sa s\u00fcreli ya\u011fmurlar). Safari i\u00e7in en uygun zaman genellikle ne g\u00f6rmek istedi\u011finize ba\u011fl\u0131d\u0131r.<\/p><ul data-start=\"859\" data-end=\"1105\"><li class=\"\" data-start=\"859\" data-end=\"948\"><p class=\"\" data-start=\"861\" data-end=\"948\"><strong data-start=\"861\" data-end=\"880\">Haziran-Ekim<\/strong>Vah\u015fi ya\u015fam\u0131 g\u00f6zlemlemek ve B\u00fcy\u00fck G\u00f6\u00e7 nehir ge\u00e7i\u015flerini izlemek i\u00e7in en uygun yer.<\/p><\/li><li class=\"\" data-start=\"949\" data-end=\"1028\"><p class=\"\" data-start=\"951\" data-end=\"1028\"><strong data-start=\"951\" data-end=\"971\">Ocak-Mart<\/strong>G\u00fcney Serengeti&#039;deki buza\u011f\u0131lama mevsimi i\u00e7in idealdir.<\/p><\/li><li class=\"\" data-start=\"1029\" data-end=\"1105\"><p class=\"\" data-start=\"1031\" data-end=\"1105\"><strong data-start=\"1031\" data-end=\"1047\">Mart-May\u0131s<\/strong>Ye\u015fil sezon, daha az turist, ancak baz\u0131 konaklama yerleri kapanabilir.<\/p><\/li><\/ul><p class=\"\" data-start=\"1107\" data-end=\"1179\">\ud83d\udc49 <em data-start=\"1110\" data-end=\"1115\">U\u00e7<\/em>Daha az kalabal\u0131k ve daha d\u00fc\u015f\u00fck fiyatlar tercih ediyorsan\u0131z, yo\u011fun aylardan ka\u00e7\u0131n\u0131n.<\/p><hr class=\"\" data-start=\"1181\" data-end=\"1184\" \/><h2 class=\"\" data-start=\"1186\" data-end=\"1225\">2. <strong data-start=\"1192\" data-end=\"1225\">Do\u011fru Safari Parklar\u0131n\u0131 Se\u00e7in<\/strong><\/h2><p class=\"\" data-start=\"1227\" data-end=\"1319\">Tanzanya, her biri kendine \u00f6zg\u00fc \u00f6zellikler sunan \u00e7ok \u00e7e\u015fitli milli park ve koruma alanlar\u0131na sahiptir.<\/p><ul data-start=\"1321\" data-end=\"1543\"><li class=\"\" data-start=\"1321\" data-end=\"1367\"><p class=\"\" data-start=\"1323\" data-end=\"1367\"><strong data-start=\"1323\" data-end=\"1336\">Serengeti<\/strong> \u2013 B\u00fcy\u00fck G\u00f6\u00e7 ve B\u00fcy\u00fck Be\u015fli<\/p><\/li><li class=\"\" data-start=\"1368\" data-end=\"1429\"><p class=\"\" data-start=\"1370\" data-end=\"1429\"><strong data-start=\"1370\" data-end=\"1391\">Ngorongoro Krateri<\/strong> \u2013 Zengin yaban hayat\u0131 ve b\u00fcy\u00fcleyici manzaralar<\/p><\/li><li class=\"\" data-start=\"1430\" data-end=\"1474\"><p class=\"\" data-start=\"1432\" data-end=\"1474\"><strong data-start=\"1432\" data-end=\"1445\">Tarangire<\/strong> \u2013 Filler ve baobab a\u011fa\u00e7lar\u0131<\/p><\/li><li class=\"\" data-start=\"1475\" data-end=\"1543\"><p class=\"\" data-start=\"1477\" data-end=\"1543\"><strong data-start=\"1477\" data-end=\"1503\">Selous\/Nyerere ve Ruaha<\/strong> \u2013 Uzak, vah\u015fi ve g\u00f6zden uzak<\/p><\/li><\/ul><p class=\"\" data-start=\"1545\" data-end=\"1660\">\ud83d\udc49 <em data-start=\"1548\" data-end=\"1553\">U\u00e7<\/em>: Kuzey Turu safarisi (Serengeti, Ngorongoro, Tarangire ve Manyara G\u00f6l\u00fc) ilk kez gelenler i\u00e7in idealdir.<\/p><hr class=\"\" data-start=\"1662\" data-end=\"1665\" \/><h2 class=\"\" data-start=\"1667\" data-end=\"1723\">3. <strong data-start=\"1673\" data-end=\"1723\">Gerekli A\u015f\u0131lar\u0131 ve Sa\u011fl\u0131k Haz\u0131rl\u0131klar\u0131n\u0131 Tamamlay\u0131n<\/strong><\/h2><p class=\"\" data-start=\"1725\" data-end=\"1843\">Seyahate \u00e7\u0131kmadan \u00f6nce a\u015f\u0131lar ve ila\u00e7lar konusunda doktorunuza dan\u0131\u015f\u0131n. Tanzanya i\u00e7in genel \u00f6neriler \u015funlard\u0131r:<\/p><ul data-start=\"1845\" data-end=\"1995\"><li class=\"\" data-start=\"1845\" data-end=\"1919\"><p class=\"\" data-start=\"1847\" data-end=\"1919\"><strong data-start=\"1847\" data-end=\"1863\">Sar\u0131humma<\/strong> (Sar\u0131 humma salg\u0131n\u0131n\u0131n ya\u015fand\u0131\u011f\u0131 ba\u015fka bir \u00fclkeden geliyorsan\u0131z zorunludur)<\/p><\/li><li class=\"\" data-start=\"1920\" data-end=\"1941\"><p class=\"\" data-start=\"1922\" data-end=\"1941\"><strong data-start=\"1922\" data-end=\"1941\">Hepatit A ve B<\/strong><\/p><\/li><li class=\"\" data-start=\"1942\" data-end=\"1955\"><p class=\"\" data-start=\"1944\" data-end=\"1955\"><strong data-start=\"1944\" data-end=\"1955\">Tifo<\/strong><\/p><\/li><li class=\"\" data-start=\"1956\" data-end=\"1969\"><p class=\"\" data-start=\"1958\" data-end=\"1969\"><strong data-start=\"1958\" data-end=\"1969\">Tetanos<\/strong><\/p><\/li><li class=\"\" data-start=\"1970\" data-end=\"1995\"><p class=\"\" data-start=\"1972\" data-end=\"1995\"><strong data-start=\"1972\" data-end=\"1995\">S\u0131tma profilaksisi<\/strong><\/p><\/li><\/ul><p class=\"\" data-start=\"1997\" data-end=\"2101\">\ud83d\udc49 <em data-start=\"2000\" data-end=\"2005\">U\u00e7<\/em>Yan\u0131n\u0131zda DEET i\u00e7eren b\u00f6cek kovucu bulundurun ve t\u0131bbi tahliyeyi kapsayan bir seyahat sigortas\u0131 yapt\u0131rmay\u0131 d\u00fc\u015f\u00fcn\u00fcn.<\/p><hr class=\"\" data-start=\"2103\" data-end=\"2106\" \/><h2 class=\"\" data-start=\"2108\" data-end=\"2154\">4. <strong data-start=\"2114\" data-end=\"2154\">Vizenizi ve belgelerinizi d\u00fczenleyin.<\/strong><\/h2><p class=\"\" data-start=\"2156\" data-end=\"2210\">\u00c7o\u011fu gezginin Tanzanya&#039;ya giri\u015f i\u00e7in vizeye ihtiyac\u0131 vard\u0131r. \u015eunlar\u0131 yapabilirsiniz:<\/p><ul data-start=\"2212\" data-end=\"2345\"><li class=\"\" data-start=\"2212\" data-end=\"2274\"><p class=\"\" data-start=\"2214\" data-end=\"2274\">Uygula <strong data-start=\"2220\" data-end=\"2239\">\u00e7evrimi\u00e7i (e-vize)<\/strong> Tanzanya&#039;n\u0131n g\u00f6\u00e7menlik web sitesi arac\u0131l\u0131\u011f\u0131yla<\/p><\/li><li class=\"\" data-start=\"2275\" data-end=\"2345\"><p class=\"\" data-start=\"2277\" data-end=\"2345\">Bir tane edinin <strong data-start=\"2283\" data-end=\"2302\">Var\u0131\u015fta vize<\/strong> b\u00fcy\u00fck havaalanlar\u0131nda (baz\u0131 uyruklar i\u00e7in)<\/p><\/li><\/ul><p class=\"\" data-start=\"2347\" data-end=\"2467\">Ayr\u0131ca, pasaportunuzun en az \u015fu tarihe kadar ge\u00e7erli oldu\u011fundan emin olun. <strong data-start=\"2396\" data-end=\"2408\">6 ay<\/strong> Giri\u015f tarihinden itibaren ve <strong data-start=\"2440\" data-end=\"2455\">bo\u015f sayfalar<\/strong> pullar i\u00e7in.<\/p><p class=\"\" data-start=\"2469\" data-end=\"2549\">\ud83d\udc49 <em data-start=\"2472\" data-end=\"2477\">U\u00e7<\/em>Yan\u0131n\u0131zda pasaportunuzun, vizenizin, seyahat plan\u0131n\u0131z\u0131n ve sigorta poli\u00e7enizin bas\u0131l\u0131 kopyalar\u0131n\u0131 bulundurun.<\/p><hr class=\"\" data-start=\"2551\" data-end=\"2554\" \/><h2 class=\"\" data-start=\"2556\" data-end=\"2603\">5. <strong data-start=\"2562\" data-end=\"2603\">Maliyetleri \u00f6\u011frenin ve buna g\u00f6re b\u00fct\u00e7e yap\u0131n.<\/strong><\/h2><p class=\"\" data-start=\"2605\" data-end=\"2686\">Tanzanya safarileri, seyahat tarz\u0131n\u0131za ba\u011fl\u0131 olarak l\u00fcks veya b\u00fct\u00e7e dostu olabilir:<\/p><ul data-start=\"2688\" data-end=\"2830\"><li class=\"\" data-start=\"2688\" data-end=\"2734\"><p class=\"\" data-start=\"2690\" data-end=\"2734\"><strong data-start=\"2690\" data-end=\"2700\">B\u00fct\u00e7e<\/strong>Kamp safarileri, payla\u015f\u0131ml\u0131 ara\u00e7lar<\/p><\/li><li class=\"\" data-start=\"2735\" data-end=\"2784\"><p class=\"\" data-start=\"2737\" data-end=\"2784\"><strong data-start=\"2737\" data-end=\"2750\">Orta s\u0131n\u0131f<\/strong>Konforlu konaklama birimleri, \u00f6zel 4x4 ara\u00e7lar<\/p><\/li><li class=\"\" data-start=\"2785\" data-end=\"2830\"><p class=\"\" data-start=\"2787\" data-end=\"2830\"><strong data-start=\"2787\" data-end=\"2797\">L\u00fcks<\/strong>L\u00fcks konaklama yerleri, u\u00e7akla ula\u015f\u0131labilen safariler<\/p><\/li><\/ul><p class=\"\" data-start=\"2832\" data-end=\"2902\">Fiyatlar grup b\u00fcy\u00fckl\u00fc\u011f\u00fcne, y\u0131l\u0131n zaman\u0131na ve g\u00fcn say\u0131s\u0131na g\u00f6re de\u011fi\u015fiklik g\u00f6sterir.<\/p><p class=\"\" data-start=\"2904\" data-end=\"2991\">\ud83d\udc49 <em data-start=\"2907\" data-end=\"2912\">U\u00e7<\/em>Park giri\u015f \u00fccretlerini, bah\u015fi\u015fleri, vize masraflar\u0131n\u0131 ve hediyelik e\u015fyalar\u0131 toplam b\u00fct\u00e7enize dahil edin.<\/p><hr class=\"\" data-start=\"2993\" data-end=\"2996\" \/><h2 class=\"\" data-start=\"2998\" data-end=\"3033\">6. <strong data-start=\"3004\" data-end=\"3033\">Safari i\u00e7in Ak\u0131ll\u0131ca Bavul Haz\u0131rlay\u0131n<\/strong><\/h2><p class=\"\" data-start=\"3035\" data-end=\"3076\">Hafif ama do\u011fru \u015fekilde bavul haz\u0131rlamak \u00e7ok \u00f6nemlidir.<\/p><p class=\"\" data-start=\"3078\" data-end=\"3101\"><strong data-start=\"3078\" data-end=\"3100\">Temel unsurlar \u015funlard\u0131r:<\/strong>:<\/p><ul data-start=\"3102\" data-end=\"3290\"><li class=\"\" data-start=\"3102\" data-end=\"3165\"><p class=\"\" data-start=\"3104\" data-end=\"3165\">Hafif, n\u00f6tr renkli giysiler (koyu mavi\/siyah renklerden ka\u00e7\u0131n\u0131n)<\/p><\/li><li class=\"\" data-start=\"3166\" data-end=\"3198\"><p class=\"\" data-start=\"3168\" data-end=\"3198\">Sabah\u0131n erken saatleri i\u00e7in s\u0131cak tutan bir ceket.<\/p><\/li><li class=\"\" data-start=\"3199\" data-end=\"3231\"><p class=\"\" data-start=\"3201\" data-end=\"3231\">\u015eapka, g\u00fcne\u015f g\u00f6zl\u00fc\u011f\u00fc ve g\u00fcne\u015f kremi<\/p><\/li><li class=\"\" data-start=\"3232\" data-end=\"3255\"><p class=\"\" data-start=\"3234\" data-end=\"3255\">D\u00fcrb\u00fcn ve kamera<\/p><\/li><li class=\"\" data-start=\"3256\" data-end=\"3290\"><p class=\"\" data-start=\"3258\" data-end=\"3290\">Power bank ve evrensel adapt\u00f6r<\/p><\/li><\/ul><p class=\"\" data-start=\"3292\" data-end=\"3376\">\ud83d\udc49 <em data-start=\"3295\" data-end=\"3300\">U\u00e7<\/em>Yumu\u015fak seyahat \u00e7antalar\u0131, k\u00fc\u00e7\u00fck safari ara\u00e7lar\u0131 ve k\u00fc\u00e7\u00fck u\u00e7ak yolculuklar\u0131 i\u00e7in tercih edilir.<\/p><hr class=\"\" data-start=\"3378\" data-end=\"3381\" \/><h2 class=\"\" data-start=\"3383\" data-end=\"3431\">7. <strong data-start=\"3389\" data-end=\"3431\">Safari g\u00f6rg\u00fc kurallar\u0131n\u0131 ve g\u00fcvenli\u011fini anlay\u0131n.<\/strong><\/h2><p class=\"\" data-start=\"3433\" data-end=\"3489\">Yaban hayat\u0131na ve rehberlerinize sayg\u0131 g\u00f6stermek i\u00e7in l\u00fctfen \u015fu kurallara uyun:<\/p><ul data-start=\"3491\" data-end=\"3695\"><li class=\"\" data-start=\"3491\" data-end=\"3538\"><p class=\"\" data-start=\"3493\" data-end=\"3538\">Aksi belirtilmedik\u00e7e ara\u00e7 i\u00e7inde kal\u0131n.<\/p><\/li><li class=\"\" data-start=\"3539\" data-end=\"3583\"><p class=\"\" data-start=\"3541\" data-end=\"3583\">Y\u00fcksek sesler \u00e7\u0131karmay\u0131n veya ani hareketler yapmay\u0131n.<\/p><\/li><li class=\"\" data-start=\"3584\" data-end=\"3625\"><p class=\"\" data-start=\"3586\" data-end=\"3625\">Hayvanlardan sayg\u0131l\u0131 bir mesafede durun.<\/p><\/li><li class=\"\" data-start=\"3626\" data-end=\"3647\"><p class=\"\" data-start=\"3628\" data-end=\"3647\">Yaban hayvanlar\u0131n\u0131 asla beslemeyin.<\/p><\/li><li class=\"\" data-start=\"3648\" data-end=\"3695\"><p class=\"\" data-start=\"3650\" data-end=\"3695\">L\u00fctfen her zaman rehberinizin talimatlar\u0131na uyun.<\/p><\/li><\/ul><p class=\"\" data-start=\"3697\" data-end=\"3776\">\ud83d\udc49 <em data-start=\"3700\" data-end=\"3705\">U\u00e7<\/em>Sayg\u0131l\u0131 bir tav\u0131r, \u00e7evreyi korumaya ve kendi g\u00fcvenli\u011finizi sa\u011flamaya yard\u0131mc\u0131 olur.<\/p><hr class=\"\" data-start=\"3778\" data-end=\"3781\" \/><h2 class=\"\" data-start=\"3783\" data-end=\"3831\">8. <strong data-start=\"3789\" data-end=\"3831\">K\u00fclt\u00fcrel Hassasiyet ve Yerel Gelenekler<\/strong><\/h2><p class=\"\" data-start=\"3833\" data-end=\"3913\">Tanzanya, 120&#039;den fazla etnik gruba ve g\u00fc\u00e7l\u00fc geleneklere sahip, \u00e7e\u015fitlilik g\u00f6steren bir \u00fclkedir.<\/p><ul data-start=\"3915\" data-end=\"4074\"><li class=\"\" data-start=\"3915\" data-end=\"3965\"><p class=\"\" data-start=\"3917\" data-end=\"3965\">\u00d6zellikle kasaba ve k\u00f6ylerde m\u00fctevaz\u0131 giyinmeye \u00f6zen g\u00f6sterin.<\/p><\/li><li class=\"\" data-start=\"3966\" data-end=\"4033\"><p class=\"\" data-start=\"3968\" data-end=\"4033\">Temel Svahili selamla\u015fmalar\u0131n\u0131 \u00f6\u011frenin (\u00f6rne\u011fin, <em data-start=\"4005\" data-end=\"4012\">Jambo<\/em>, <em data-start=\"4014\" data-end=\"4022\">Asante<\/em>, <em data-start=\"4024\" data-end=\"4032\">Karibu<\/em>)<\/p><\/li><li class=\"\" data-start=\"4034\" data-end=\"4074\"><p class=\"\" data-start=\"4036\" data-end=\"4074\">Yerlileri foto\u011fraflamadan \u00f6nce mutlaka izin isteyin.<\/p><\/li><\/ul><p class=\"\" data-start=\"4076\" data-end=\"4156\">\ud83d\udc49 <em data-start=\"4079\" data-end=\"4084\">U\u00e7<\/em>Bah\u015fi\u015f verilmesi beklenir; \u00f6zellikle rehberler, hamallar ve konaklama yeri personeli i\u00e7in.<\/p><hr class=\"\" data-start=\"4158\" data-end=\"4161\" \/><h2 class=\"\" data-start=\"4163\" data-end=\"4180\">Son D\u00fc\u015f\u00fcnceler<\/h2><p class=\"\" data-start=\"4182\" data-end=\"4427\">Tanzanya&#039;da safari, vah\u015fi ya\u015fam, macera ve do\u011fal g\u00fczelliklerle dolu, mutlaka ya\u015fanmas\u0131 gereken bir deneyimdir. \u00d6nceden haz\u0131rl\u0131k yaparak, do\u011fru zaman\u0131 ve yerleri se\u00e7erek, k\u00fclt\u00fcr\u00fc ve lojisti\u011fi anlayarak yolculu\u011funuzdan en iyi \u015fekilde yararlanabilirsiniz.<\/p><p class=\"\" data-start=\"4429\" data-end=\"4528\"><strong data-start=\"4429\" data-end=\"4445\">Gitmeye haz\u0131r m\u0131s\u0131n\u0131z?<\/strong> G\u00fcvenilir bir safari turu operat\u00f6r\u00fcyle rezervasyon yapt\u0131r\u0131n ve hayat\u0131n\u0131z\u0131n maceras\u0131na haz\u0131r olun!<\/p>\t\t\t\t\t\t\t\t<\/div>\n\t\t\t\t<\/div>\n\t\t\t\t\t<\/div>\n\t\t\t\t<\/div>\n\t\t\t\t\t<\/div>\n\t\t\t\t<\/div>\n\t\t\t\t<\/div>","protected":false},"excerpt":{"rendered":"<p>Anasayfa \/ Blog Tanzanya, Serengeti, Ngorongoro Krateri ve Tarangire gibi parklarda unutulmaz vah\u015fi ya\u015fam deneyimleri sunan, d\u00fcnyan\u0131n en iyi safari destinasyonlar\u0131ndan biridir. Ancak bavullar\u0131n\u0131z\u0131 toplamadan ve Afrika maceras\u0131na \u00e7\u0131kmadan \u00f6nce, akl\u0131n\u0131zda bulundurman\u0131z gereken birka\u00e7 \u00f6nemli \u015fey var. \u0130\u015fte \u00f6nemli noktalar\u0131n bir kontrol listesi [\u2026]<\/p>","protected":false},"author":1,"featured_media":0,"parent":0,"menu_order":0,"comment_status":"closed","ping_status":"closed","template":"elementor_canvas","meta":{"footnotes":""},"class_list":["post-10283","page","type-page","status-publish","hentry"],"yoast_head":"<!-- This site is optimized with the Yoast SEO plugin v25.7 - https:\/\/yoast.com\/wordpress\/plugins\/seo\/ -->\n<title>Things to consider before visiting Tanzania for safari - Nurtured Wildlife Safaris<\/title>\n<meta name=\"robots\" content=\"index, follow, max-snippet:-1, max-image-preview:large, max-video-preview:-1\" \/>\n<link rel=\"canonical\" href=\"https:\/\/nurturedwildlife.com\/tr\/tanzanyaya-safari-icin-gitmeden-once-dikkate-alinmasi-gerekenler\/\" \/>\n<meta property=\"og:locale\" content=\"tr_TR\" \/>\n<meta property=\"og:type\" content=\"article\" \/>\n<meta property=\"og:title\" content=\"Things to consider before visiting Tanzania for safari - Nurtured Wildlife Safaris\" \/>\n<meta property=\"og:description\" content=\"Home \/ Blog Tanzania is one of the top safari destinations in the world, offering unforgettable wildlife experiences in parks like the Serengeti, Ngorongoro Crater, and Tarangire. But before you pack your bags and head out on an African adventure, there are a few important things to keep in mind. Here&#8217;s a checklist of key [&hellip;]\" \/>\n<meta property=\"og:url\" content=\"https:\/\/nurturedwildlife.com\/tr\/tanzanyaya-safari-icin-gitmeden-once-dikkate-alinmasi-gerekenler\/\" \/>\n<meta property=\"og:site_name\" content=\"Nurtured Wildlife Safaris\" \/>\n<meta property=\"article:modified_time\" content=\"2025-05-17T14:36:31+00:00\" \/>\n<meta name=\"twitter:card\" content=\"summary_large_image\" \/>\n<meta name=\"twitter:label1\" content=\"Tahmini okuma s\u00fcresi\" \/>\n\t<meta name=\"twitter:data1\" content=\"5 dakika\" \/>\n<script type=\"application\/ld+json\" class=\"yoast-schema-graph\">{\"@context\":\"https:\/\/schema.org\",\"@graph\":[{\"@type\":\"WebPage\",\"@id\":\"https:\/\/nurturedwildlife.com\/things-to-consider-before-visiting-tanzania-for-safari\/\",\"url\":\"https:\/\/nurturedwildlife.com\/things-to-consider-before-visiting-tanzania-for-safari\/\",\"name\":\"Things to consider before visiting Tanzania for safari - Nurtured Wildlife Safaris\",\"isPartOf\":{\"@id\":\"https:\/\/nurturedwildlife.com\/#website\"},\"datePublished\":\"2025-05-17T14:35:09+00:00\",\"dateModified\":\"2025-05-17T14:36:31+00:00\",\"breadcrumb\":{\"@id\":\"https:\/\/nurturedwildlife.com\/things-to-consider-before-visiting-tanzania-for-safari\/#breadcrumb\"},\"inLanguage\":\"tr\",\"potentialAction\":[{\"@type\":\"ReadAction\",\"target\":[\"https:\/\/nurturedwildlife.com\/things-to-consider-before-visiting-tanzania-for-safari\/\"]}]},{\"@type\":\"BreadcrumbList\",\"@id\":\"https:\/\/nurturedwildlife.com\/things-to-consider-before-visiting-tanzania-for-safari\/#breadcrumb\",\"itemListElement\":[{\"@type\":\"ListItem\",\"position\":1,\"name\":\"Home\",\"item\":\"https:\/\/nurturedwildlife.com\/\"},{\"@type\":\"ListItem\",\"position\":2,\"name\":\"Things to consider before visiting Tanzania for safari\"}]},{\"@type\":\"WebSite\",\"@id\":\"https:\/\/nurturedwildlife.com\/#website\",\"url\":\"https:\/\/nurturedwildlife.com\/\",\"name\":\"Nurtured Wildlife Safaris\",\"description\":\"Tanzania Unforgettable\",\"publisher\":{\"@id\":\"https:\/\/nurturedwildlife.com\/#organization\"},\"potentialAction\":[{\"@type\":\"SearchAction\",\"target\":{\"@type\":\"EntryPoint\",\"urlTemplate\":\"https:\/\/nurturedwildlife.com\/?s={search_term_string}\"},\"query-input\":{\"@type\":\"PropertyValueSpecification\",\"valueRequired\":true,\"valueName\":\"search_term_string\"}}],\"inLanguage\":\"tr\"},{\"@type\":\"Organization\",\"@id\":\"https:\/\/nurturedwildlife.com\/#organization\",\"name\":\"Nurtured Wildlife Safaris\",\"url\":\"https:\/\/nurturedwildlife.com\/\",\"logo\":{\"@type\":\"ImageObject\",\"inLanguage\":\"tr\",\"@id\":\"https:\/\/nurturedwildlife.com\/#\/schema\/logo\/image\/\",\"url\":\"https:\/\/nurturedwildlife.com\/wp-content\/uploads\/2023\/12\/nurtured-png.png\",\"contentUrl\":\"https:\/\/nurturedwildlife.com\/wp-content\/uploads\/2023\/12\/nurtured-png.png\",\"width\":4641,\"height\":1704,\"caption\":\"Nurtured Wildlife Safaris\"},\"image\":{\"@id\":\"https:\/\/nurturedwildlife.com\/#\/schema\/logo\/image\/\"}}]}<\/script>\n<!-- \/ Yoast SEO plugin. -->","yoast_head_json":{"title":"Tanzanya&#039;ya safari i\u00e7in gitmeden \u00f6nce dikkate al\u0131nmas\u0131 gerekenler - Nurtured Wildlife Safaris","robots":{"index":"index","follow":"follow","max-snippet":"max-snippet:-1","max-image-preview":"max-image-preview:large","max-video-preview":"max-video-preview:-1"},"canonical":"https:\/\/nurturedwildlife.com\/tr\/tanzanyaya-safari-icin-gitmeden-once-dikkate-alinmasi-gerekenler\/","og_locale":"tr_TR","og_type":"article","og_title":"Things to consider before visiting Tanzania for safari - Nurtured Wildlife Safaris","og_description":"Home \/ Blog Tanzania is one of the top safari destinations in the world, offering unforgettable wildlife experiences in parks like the Serengeti, Ngorongoro Crater, and Tarangire. But before you pack your bags and head out on an African adventure, there are a few important things to keep in mind. Here&#8217;s a checklist of key [&hellip;]","og_url":"https:\/\/nurturedwildlife.com\/tr\/tanzanyaya-safari-icin-gitmeden-once-dikkate-alinmasi-gerekenler\/","og_site_name":"Nurtured Wildlife Safaris","article_modified_time":"2025-05-17T14:36:31+00:00","twitter_card":"summary_large_image","twitter_misc":{"Tahmini okuma s\u00fcresi":"5 dakika"},"schema":{"@context":"https:\/\/schema.org","@graph":[{"@type":"WebPage","@id":"https:\/\/nurturedwildlife.com\/things-to-consider-before-visiting-tanzania-for-safari\/","url":"https:\/\/nurturedwildlife.com\/things-to-consider-before-visiting-tanzania-for-safari\/","name":"Tanzanya&#039;ya safari i\u00e7in gitmeden \u00f6nce dikkate al\u0131nmas\u0131 gerekenler - Nurtured Wildlife Safaris","isPartOf":{"@id":"https:\/\/nurturedwildlife.com\/#website"},"datePublished":"2025-05-17T14:35:09+00:00","dateModified":"2025-05-17T14:36:31+00:00","breadcrumb":{"@id":"https:\/\/nurturedwildlife.com\/things-to-consider-before-visiting-tanzania-for-safari\/#breadcrumb"},"inLanguage":"tr","potentialAction":[{"@type":"ReadAction","target":["https:\/\/nurturedwildlife.com\/things-to-consider-before-visiting-tanzania-for-safari\/"]}]},{"@type":"BreadcrumbList","@id":"https:\/\/nurturedwildlife.com\/things-to-consider-before-visiting-tanzania-for-safari\/#breadcrumb","itemListElement":[{"@type":"ListItem","position":1,"name":"Home","item":"https:\/\/nurturedwildlife.com\/"},{"@type":"ListItem","position":2,"name":"Things to consider before visiting Tanzania for safari"}]},{"@type":"WebSite","@id":"https:\/\/nurturedwildlife.com\/#website","url":"https:\/\/nurturedwildlife.com\/","name":"Yeti\u015ftirilmi\u015f Vah\u015fi Ya\u015fam Safarileri","description":"Tanzanya Unutulmaz","publisher":{"@id":"https:\/\/nurturedwildlife.com\/#organization"},"potentialAction":[{"@type":"SearchAction","target":{"@type":"EntryPoint","urlTemplate":"https:\/\/nurturedwildlife.com\/?s={search_term_string}"},"query-input":{"@type":"PropertyValueSpecification","valueRequired":true,"valueName":"search_term_string"}}],"inLanguage":"tr"},{"@type":"Organization","@id":"https:\/\/nurturedwildlife.com\/#organization","name":"Yeti\u015ftirilmi\u015f Vah\u015fi Ya\u015fam Safarileri","url":"https:\/\/nurturedwildlife.com\/","logo":{"@type":"ImageObject","inLanguage":"tr","@id":"https:\/\/nurturedwildlife.com\/#\/schema\/logo\/image\/","url":"https:\/\/nurturedwildlife.com\/wp-content\/uploads\/2023\/12\/nurtured-png.png","contentUrl":"https:\/\/nurturedwildlife.com\/wp-content\/uploads\/2023\/12\/nurtured-png.png","width":4641,"height":1704,"caption":"Nurtured Wildlife Safaris"},"image":{"@id":"https:\/\/nurturedwildlife.com\/#\/schema\/logo\/image\/"}}]}},"_links":{"self":[{"href":"https:\/\/nurturedwildlife.com\/tr\/wp-json\/wp\/v2\/pages\/10283","targetHints":{"allow":["GET"]}}],"collection":[{"href":"https:\/\/nurturedwildlife.com\/tr\/wp-json\/wp\/v2\/pages"}],"about":[{"href":"https:\/\/nurturedwildlife.com\/tr\/wp-json\/wp\/v2\/types\/page"}],"author":[{"embeddable":true,"href":"https:\/\/nurturedwildlife.com\/tr\/wp-json\/wp\/v2\/users\/1"}],"replies":[{"embeddable":true,"href":"https:\/\/nurturedwildlife.com\/tr\/wp-json\/wp\/v2\/comments?post=10283"}],"version-history":[{"count":5,"href":"https:\/\/nurturedwildlife.com\/tr\/wp-json\/wp\/v2\/pages\/10283\/revisions"}],"predecessor-version":[{"id":10289,"href":"https:\/\/nurturedwildlife.com\/tr\/wp-json\/wp\/v2\/pages\/10283\/revisions\/10289"}],"wp:attachment":[{"href":"https:\/\/nurturedwildlife.com\/tr\/wp-json\/wp\/v2\/media?parent=10283"}],"curies":[{"name":"wp","href":"https:\/\/api.w.org\/{rel}","templated":true}]}}