{"id":10275,"date":"2025-05-17T14:24:42","date_gmt":"2025-05-17T14:24:42","guid":{"rendered":"https:\/\/nurturedwildlife.com\/?page_id=10275"},"modified":"2025-05-17T14:26:46","modified_gmt":"2025-05-17T14:26:46","slug":"kilimanjaro-tirmanisi-ipuclari","status":"publish","type":"page","link":"https:\/\/nurturedwildlife.com\/tr\/kilimanjaro-tirmanisi-ipuclari\/","title":{"rendered":"Kilimanjaro t\u0131rman\u0131\u015f\u0131 ipu\u00e7lar\u0131"},"content":{"rendered":"<div data-elementor-type=\"wp-page\" data-elementor-id=\"10275\" class=\"elementor elementor-10275\" data-elementor-post-type=\"page\">\n\t\t\t\t<div class=\"elementor-element elementor-element-e00a70f e-con-full e-flex e-con e-parent\" data-id=\"e00a70f\" data-element_type=\"container\" data-e-type=\"container\" data-settings=\"{&quot;background_background&quot;:&quot;classic&quot;}\">\n\t\t<div class=\"elementor-element elementor-element-4f28cb66 e-con-full e-flex e-con e-child\" data-id=\"4f28cb66\" data-element_type=\"container\" data-e-type=\"container\" data-settings=\"{&quot;background_background&quot;:&quot;classic&quot;}\">\n\t\t\t\t<div class=\"elementor-element elementor-element-770fe869 elementor-widget elementor-widget-text-editor\" data-id=\"770fe869\" data-element_type=\"widget\" data-e-type=\"widget\" data-widget_type=\"text-editor.default\">\n\t\t\t\t<div class=\"elementor-widget-container\">\n\t\t\t\t\t\t\t\t\t<p><a href=\"#\">Ev<\/a> \/ Blog<\/p>\t\t\t\t\t\t\t\t<\/div>\n\t\t\t\t<\/div>\n\t\t\t\t<\/div>\n\t\t\t\t<\/div>\n\t\t<div class=\"elementor-element elementor-element-3f9f40b e-flex e-con-boxed e-con e-parent\" data-id=\"3f9f40b\" data-element_type=\"container\" data-e-type=\"container\">\n\t\t\t\t\t<div class=\"e-con-inner\">\n\t\t<div class=\"elementor-element elementor-element-5a9f91e3 e-flex e-con-boxed e-con e-child\" data-id=\"5a9f91e3\" data-element_type=\"container\" data-e-type=\"container\" data-settings=\"{&quot;background_background&quot;:&quot;classic&quot;}\">\n\t\t\t\t\t<div class=\"e-con-inner\">\n\t\t\t\t<div class=\"elementor-element elementor-element-bdbea60 elementor-widget elementor-widget-text-editor\" data-id=\"bdbea60\" data-element_type=\"widget\" data-e-type=\"widget\" data-widget_type=\"text-editor.default\">\n\t\t\t\t<div class=\"elementor-widget-container\">\n\t\t\t\t\t\t\t\t\t<p class=\"\" data-start=\"237\" data-end=\"493\">T\u0131rmanma <strong data-start=\"246\" data-end=\"267\">Kilimanjaro Da\u011f\u0131<\/strong>, Afrika&#039;n\u0131n en y\u00fcksek zirvesi olan (5.895 m\/19.341 ft) da\u011fa t\u0131rmanmak, hayat\u0131n\u0131zda bir kez ya\u015fayabilece\u011finiz bir macera. \u0130ster ilk kez t\u0131rmanan biri olun ister deneyimli bir da\u011fc\u0131, do\u011fru haz\u0131rl\u0131k zirveye ula\u015fmak veya geri d\u00f6nmek aras\u0131ndaki fark\u0131 yaratabilir.<\/p><p class=\"\" data-start=\"495\" data-end=\"615\">&quot;Afrika&#039;n\u0131n \u00c7at\u0131s\u0131&quot;n\u0131 fethetmenize yard\u0131mc\u0131 olmak i\u00e7in i\u015fte baz\u0131 \u00f6neriler: <strong data-start=\"550\" data-end=\"583\">Kilimanjaro t\u0131rman\u0131\u015f\u0131 i\u00e7in en iyi ipu\u00e7lar\u0131<\/strong> Her da\u011fc\u0131n\u0131n bilmesi gerekenler.<\/p><hr class=\"\" data-start=\"617\" data-end=\"620\" \/><h2 class=\"\" data-start=\"622\" data-end=\"662\">1. <strong data-start=\"628\" data-end=\"662\">Size En Uygun Rotay\u0131 Se\u00e7in<\/strong><\/h2><p class=\"\" data-start=\"664\" data-end=\"770\">Zirveye ula\u015fmak i\u00e7in \u00e7e\u015fitli rotalar mevcut olup, her birinin manzaras\u0131, zorluk seviyesi ve ba\u015far\u0131 oran\u0131 farkl\u0131d\u0131r.<\/p><ul data-start=\"772\" data-end=\"1058\"><li class=\"\" data-start=\"772\" data-end=\"826\"><p class=\"\" data-start=\"774\" data-end=\"826\"><strong data-start=\"774\" data-end=\"800\">Machame Rotas\u0131 (7 g\u00fcn)<\/strong> \u2013 En pop\u00fcler ve manzaral\u0131<\/p><\/li><li class=\"\" data-start=\"827\" data-end=\"902\"><p class=\"\" data-start=\"829\" data-end=\"902\"><strong data-start=\"829\" data-end=\"855\">Lemosho Rotas\u0131 (8 g\u00fcn)<\/strong> \u2013 \u0130klimlendirme i\u00e7in harika ve muhte\u015fem manzaralar sunuyor.<\/p><\/li><li class=\"\" data-start=\"903\" data-end=\"980\"><p class=\"\" data-start=\"905\" data-end=\"980\"><strong data-start=\"905\" data-end=\"933\">Marangu Rotas\u0131 (5-6 g\u00fcn)<\/strong> \u2013 Kul\u00fcbe konaklamal\u0131 \u201cCoca-Cola\u201d rotas\u0131<\/p><\/li><li class=\"\" data-start=\"981\" data-end=\"1058\"><p class=\"\" data-start=\"983\" data-end=\"1058\"><strong data-start=\"983\" data-end=\"1010\">Rongai Rotas\u0131 (6-7 g\u00fcn)<\/strong> \u2013 Kuzeyden yakla\u015f\u0131rken daha sakin ve kuru bir hava hakim.<\/p><\/li><\/ul><p class=\"\" data-start=\"1060\" data-end=\"1145\">\ud83d\udc49 <em data-start=\"1063\" data-end=\"1068\">U\u00e7<\/em>Daha uzun rotalar daha iyi aklimatizasyon ve daha y\u00fcksek zirveye ula\u015fma oranlar\u0131 sunar.<\/p><hr class=\"\" data-start=\"1147\" data-end=\"1150\" \/><h2 class=\"\" data-start=\"1152\" data-end=\"1207\">2. <strong data-start=\"1158\" data-end=\"1207\">Y\u00fckseklik hastal\u0131\u011f\u0131ndan ka\u00e7\u0131nmak i\u00e7in yava\u015f yava\u015f al\u0131\u015f\u0131n.<\/strong><\/h2><p class=\"\" data-start=\"1209\" data-end=\"1312\">Kilimanjaro&#039;da en b\u00fcy\u00fck zorluk y\u00fckseklik hastal\u0131\u011f\u0131d\u0131r. Yava\u015f ilerlemek v\u00fccudunuza uyum sa\u011flamas\u0131 i\u00e7in zaman tan\u0131r.<\/p><ul data-start=\"1314\" data-end=\"1486\"><li class=\"\" data-start=\"1314\" data-end=\"1360\"><p class=\"\" data-start=\"1316\" data-end=\"1360\">Kurala uyun: <strong data-start=\"1333\" data-end=\"1360\">\u201cY\u00fckseklere \u00e7\u0131k, al\u00e7aklarda uyu\u201d<\/strong><\/p><\/li><li class=\"\" data-start=\"1361\" data-end=\"1405\"><p class=\"\" data-start=\"1363\" data-end=\"1405\">\u015eu t\u00fcr y\u00fcr\u00fcy\u00fc\u015f rotalar\u0131n\u0131 se\u00e7in: <strong data-start=\"1385\" data-end=\"1405\">7 g\u00fcn veya daha uzun<\/strong><\/p><\/li><li class=\"\" data-start=\"1406\" data-end=\"1486\"><p class=\"\" data-start=\"1408\" data-end=\"1486\">Belirtiler (ba\u015f a\u011fr\u0131s\u0131, mide bulant\u0131s\u0131, ba\u015f d\u00f6nmesi) hissederseniz rehberinizle ileti\u015fime ge\u00e7in.<\/p><\/li><\/ul><p class=\"\" data-start=\"1488\" data-end=\"1556\">\ud83d\udc49 <em data-start=\"1491\" data-end=\"1496\">U\u00e7<\/em>: \u201cPole pole\u201d (Svahili dilinde) h\u0131z\u0131nda y\u00fcr\u00fcy\u00fcn <em data-start=\"1533\" data-end=\"1549\">yava\u015f yava\u015f<\/em>) ad\u0131mlamak.<\/p><hr class=\"\" data-start=\"1558\" data-end=\"1561\" \/><h2 class=\"\" data-start=\"1563\" data-end=\"1592\">3. <strong data-start=\"1569\" data-end=\"1592\">T\u0131rman\u0131\u015f i\u00e7in antrenman yap\u0131n<\/strong><\/h2><p class=\"\" data-start=\"1594\" data-end=\"1682\">Kilimanjaro&#039;ya t\u0131rmanmak teknik bir t\u0131rman\u0131\u015f gerektirmese de, ciddi bir fiziksel meydan okumad\u0131r.<\/p><ul data-start=\"1684\" data-end=\"1846\"><li class=\"\" data-start=\"1684\" data-end=\"1726\"><p class=\"\" data-start=\"1686\" data-end=\"1726\"><strong data-start=\"1686\" data-end=\"1726\">E\u011fitime 2-3 ay \u00f6nceden ba\u015flay\u0131n.<\/strong><\/p><\/li><li class=\"\" data-start=\"1727\" data-end=\"1786\"><p class=\"\" data-start=\"1729\" data-end=\"1786\">Odaklan <strong data-start=\"1738\" data-end=\"1786\">kardiyo, kuvvet antrenman\u0131 ve s\u0131rt \u00e7antas\u0131yla y\u00fcr\u00fcy\u00fc\u015f<\/strong><\/p><\/li><li class=\"\" data-start=\"1787\" data-end=\"1846\"><p class=\"\" data-start=\"1789\" data-end=\"1846\">Pratik <strong data-start=\"1798\" data-end=\"1833\">y\u00fcksek rak\u0131mda uzun y\u00fcr\u00fcy\u00fc\u015fler veya do\u011fa y\u00fcr\u00fcy\u00fc\u015fleri<\/strong>, m\u00fcmk\u00fcnse<\/p><\/li><\/ul><p class=\"\" data-start=\"1848\" data-end=\"1949\">\ud83d\udc49 <em data-start=\"1851\" data-end=\"1856\">U\u00e7<\/em>Antrenmanlar\u0131n\u0131za merdiven \u00e7\u0131kmay\u0131, e\u011fimli ko\u015fu band\u0131nda y\u00fcr\u00fcmeyi ve dayan\u0131kl\u0131l\u0131k antrenmanlar\u0131n\u0131 dahil edin.<\/p><hr class=\"\" data-start=\"1951\" data-end=\"1954\" \/><h2 class=\"\" data-start=\"1956\" data-end=\"1985\">4. <strong data-start=\"1962\" data-end=\"1985\">Do\u011fru ekipman\u0131 yan\u0131n\u0131za al\u0131n.<\/strong><\/h2><p class=\"\" data-start=\"1987\" data-end=\"2107\">Uygun ekipman, deneyiminizi olumlu veya olumsuz y\u00f6nde etkileyebilir. Kilimanjaro&#039;daki hava, tropikal s\u0131caktan dondurucu so\u011fu\u011fa kadar de\u011fi\u015febilir.<\/p><p class=\"\" data-start=\"2109\" data-end=\"2124\"><strong data-start=\"2109\" data-end=\"2123\">Olmazsa olmazlar<\/strong>:<\/p><ul data-start=\"2125\" data-end=\"2348\"><li class=\"\" data-start=\"2125\" data-end=\"2201\"><p class=\"\" data-start=\"2127\" data-end=\"2201\">\u0130yi <strong data-start=\"2132\" data-end=\"2159\">katmanl\u0131 giyim sistemi<\/strong> (taban, yal\u0131t\u0131m ve su ge\u00e7irmez katmanlar)<\/p><\/li><li class=\"\" data-start=\"2202\" data-end=\"2251\"><p class=\"\" data-start=\"2204\" data-end=\"2251\">Il\u0131k <strong data-start=\"2209\" data-end=\"2225\">uyku tulumu<\/strong> (-10\u00b0C veya daha d\u00fc\u015f\u00fck s\u0131cakl\u0131\u011fa dayan\u0131kl\u0131)<\/p><\/li><li class=\"\" data-start=\"2252\" data-end=\"2287\"><p class=\"\" data-start=\"2254\" data-end=\"2287\"><strong data-start=\"2254\" data-end=\"2270\">Y\u00fcr\u00fcy\u00fc\u015f botlar\u0131<\/strong> (iyice kullan\u0131lm\u0131\u015f)<\/p><\/li><li class=\"\" data-start=\"2288\" data-end=\"2348\"><p class=\"\" data-start=\"2290\" data-end=\"2348\"><strong data-start=\"2290\" data-end=\"2302\">Far<\/strong>, <strong data-start=\"2304\" data-end=\"2322\">y\u00fcr\u00fcy\u00fc\u015f batonlar\u0131<\/strong>, Ve <strong data-start=\"2328\" data-end=\"2348\">hidrasyon sistemi<\/strong><\/p><\/li><\/ul><p class=\"\" data-start=\"2350\" data-end=\"2440\">\ud83d\udc49 <em data-start=\"2353\" data-end=\"2358\">U\u00e7<\/em>Fazla e\u015fya almay\u0131n, ama temel ihtiya\u00e7lardan da, \u00f6zellikle de s\u0131cak tutacak k\u0131yafetlerden, k\u0131smay\u0131n.<\/p><hr class=\"\" data-start=\"2442\" data-end=\"2445\" \/><h2 class=\"\" data-start=\"2447\" data-end=\"2483\">5. <strong data-start=\"2453\" data-end=\"2483\">Bol su i\u00e7erek ve iyi beslenerek v\u00fccudunuzun susuz kalmas\u0131n\u0131 \u00f6nleyin.<\/strong><\/h2><p class=\"\" data-start=\"2485\" data-end=\"2583\">Kilimanjaro t\u0131rman\u0131\u015flar\u0131 \u00e7ok fazla kalori yakar ve susuzluk y\u00fckseklik hastal\u0131\u011f\u0131 riskini art\u0131r\u0131r.<\/p><ul data-start=\"2585\" data-end=\"2744\"><li class=\"\" data-start=\"2585\" data-end=\"2631\"><p class=\"\" data-start=\"2587\" data-end=\"2631\">\u0130\u00e7mek <strong data-start=\"2593\" data-end=\"2631\">g\u00fcnde en az 3-4 litre su<\/strong><\/p><\/li><li class=\"\" data-start=\"2632\" data-end=\"2683\"><p class=\"\" data-start=\"2634\" data-end=\"2683\">Getirmek <strong data-start=\"2640\" data-end=\"2663\">elektrolit tabletleri<\/strong> ekstra nemlendirme i\u00e7in<\/p><\/li><li class=\"\" data-start=\"2684\" data-end=\"2744\"><p class=\"\" data-start=\"2686\" data-end=\"2744\">Y\u00fcksek rak\u0131mda a\u00e7 hissetmeseniz bile her \u00f6\u011f\u00fcn\u00fc yiyin.<\/p><\/li><\/ul><p class=\"\" data-start=\"2746\" data-end=\"2828\">\ud83d\udc49 <em data-start=\"2749\" data-end=\"2754\">U\u00e7<\/em>Yan\u0131n\u0131zda kuruyemi\u015f, granola bar veya \u00e7ikolata gibi en sevdi\u011finiz enerji at\u0131\u015ft\u0131rmal\u0131klar\u0131n\u0131 getirin.<\/p><hr class=\"\" data-start=\"2830\" data-end=\"2833\" \/><h2 class=\"\" data-start=\"2835\" data-end=\"2874\">6. <strong data-start=\"2841\" data-end=\"2874\">Rehberlerinize ve hamallar\u0131n\u0131za g\u00fcvenin.<\/strong><\/h2><p class=\"\" data-start=\"2876\" data-end=\"2958\">Da\u011f ekibiniz sizi desteklemek, sa\u011fl\u0131\u011f\u0131n\u0131z\u0131 takip etmek ve size moral vermek i\u00e7in orada bulunuyor.<\/p><ul data-start=\"2960\" data-end=\"3114\"><li class=\"\" data-start=\"2960\" data-end=\"3024\"><p class=\"\" data-start=\"2962\" data-end=\"3024\">Sorular sorun, onlar\u0131n temposuna ayak uydurun ve deneyimlerine sayg\u0131 g\u00f6sterin.<\/p><\/li><li class=\"\" data-start=\"3025\" data-end=\"3114\"><p class=\"\" data-start=\"3027\" data-end=\"3114\">Ekibinizle ileti\u015fim kurmak i\u00e7in baz\u0131 temel Svahili ifadelerini \u00f6\u011frenin (\u00f6rne\u011fin, <em data-start=\"3093\" data-end=\"3101\">Jambo!<\/em> &quot;Merhaba&quot; i\u00e7in)<\/p><\/li><\/ul><p class=\"\" data-start=\"3116\" data-end=\"3189\">\ud83d\udc49 <em data-start=\"3119\" data-end=\"3124\">U\u00e7<\/em>Bah\u015fi\u015f vermek adettendir; l\u00fctfen i\u015fletme sahibinizle g\u00f6r\u00fc\u015ferek kurallar\u0131 \u00f6\u011frenin.<\/p><hr class=\"\" data-start=\"3191\" data-end=\"3194\" \/><h2 class=\"\" data-start=\"3196\" data-end=\"3239\">7. <strong data-start=\"3202\" data-end=\"3239\">Pozitif ve zihinsel olarak g\u00fc\u00e7l\u00fc kal\u0131n.<\/strong><\/h2><p class=\"\" data-start=\"3241\" data-end=\"3365\">Zirveye t\u0131rman\u0131\u015f zorludur, \u00f6zellikle de gece t\u0131rman\u0131\u015f\u0131nda karanl\u0131kta yola \u00e7\u0131k\u0131p Uhuru Zirvesi&#039;ne ula\u015fmak i\u00e7in 6-8 saat y\u00fcr\u00fcy\u00fc\u015f yapman\u0131z gerekti\u011finde.<\/p><ul data-start=\"3367\" data-end=\"3506\"><li class=\"\" data-start=\"3367\" data-end=\"3403\"><p class=\"\" data-start=\"3369\" data-end=\"3403\">Meydan okumaya zihinsel olarak haz\u0131rlan\u0131n.<\/p><\/li><li class=\"\" data-start=\"3404\" data-end=\"3464\"><p class=\"\" data-start=\"3406\" data-end=\"3464\">Saklay\u0131n <strong data-start=\"3413\" data-end=\"3434\">olumlu tutum<\/strong>, ve onu al <strong data-start=\"3448\" data-end=\"3464\">ad\u0131m ad\u0131m<\/strong><\/p><\/li><li class=\"\" data-start=\"3465\" data-end=\"3506\"><p class=\"\" data-start=\"3467\" data-end=\"3506\">Yol boyunca her d\u00f6n\u00fcm noktas\u0131n\u0131 kutlay\u0131n.<\/p><\/li><\/ul><p class=\"\" data-start=\"3508\" data-end=\"3610\">\ud83d\udc49 <em data-start=\"3511\" data-end=\"3516\">U\u00e7<\/em>: \u201cNeden\u201dinizi hat\u0131rlay\u0131n \u2014 ister ki\u015fisel bir hedef, ister hayallerinizdeki bir \u015fey, isterse de bir yard\u0131m ama\u00e7l\u0131 t\u0131rman\u0131\u015f olsun.<\/p><hr class=\"\" data-start=\"3612\" data-end=\"3615\" \/><h2 class=\"\" data-start=\"3617\" data-end=\"3631\">Son S\u00f6zler<\/h2><p class=\"\" data-start=\"3633\" data-end=\"3871\">Kilimanjaro Da\u011f\u0131&#039;na t\u0131rmanmak, dayan\u0131kl\u0131l\u0131k, sab\u0131r ve azim gerektiren bir s\u0131navd\u0131r; ancak ayn\u0131 zamanda... <strong data-start=\"3716\" data-end=\"3730\">ula\u015f\u0131labilir<\/strong> Do\u011fru zihniyet ve haz\u0131rl\u0131kla. Uhuru Zirvesi&#039;nde durup Afrika \u00fczerinde g\u00fcne\u015fin do\u011fu\u015funu izledi\u011finiz an, asla unutamayaca\u011f\u0131n\u0131z bir an olacak.<\/p><p class=\"\" data-start=\"3873\" data-end=\"4015\"><strong data-start=\"3873\" data-end=\"3906\">\u0130lk ad\u0131m\u0131 atmaya haz\u0131r m\u0131s\u0131n\u0131z?<\/strong> E\u011fitime ba\u015flay\u0131n, g\u00fcvenilir bir tur operat\u00f6r\u00fc bulun ve hayat\u0131n\u0131z\u0131n en b\u00fcy\u00fck maceralar\u0131ndan birine haz\u0131rlan\u0131n.<\/p>\t\t\t\t\t\t\t\t<\/div>\n\t\t\t\t<\/div>\n\t\t\t\t\t<\/div>\n\t\t\t\t<\/div>\n\t\t\t\t\t<\/div>\n\t\t\t\t<\/div>\n\t\t\t\t<\/div>","protected":false},"excerpt":{"rendered":"<p>Anasayfa \/ Blog Afrika&#039;n\u0131n en y\u00fcksek zirvesi olan Kilimanjaro Da\u011f\u0131&#039;na (5.895 m\/19.341 ft) t\u0131rmanmak, hayatta bir kez ya\u015fanacak bir macerad\u0131r. \u0130ster ilk kez t\u0131rmanan biri olun ister deneyimli bir da\u011fc\u0131, do\u011fru haz\u0131rl\u0131k zirveye ula\u015fmak veya geri d\u00f6nmek aras\u0131nda fark yaratabilir. &quot;Afrika&#039;n\u0131n \u00c7at\u0131s\u0131&quot;n\u0131 fethetmenize yard\u0131mc\u0131 olmak i\u00e7in, her da\u011fc\u0131n\u0131n bilmesi gereken en \u00f6nemli Kilimanjaro t\u0131rmanma ipu\u00e7lar\u0131 \u015funlard\u0131r: [\u2026]<\/p>","protected":false},"author":1,"featured_media":0,"parent":0,"menu_order":0,"comment_status":"closed","ping_status":"closed","template":"elementor_canvas","meta":{"footnotes":""},"class_list":["post-10275","page","type-page","status-publish","hentry"],"yoast_head":"<!-- This site is optimized with the Yoast SEO plugin v25.7 - https:\/\/yoast.com\/wordpress\/plugins\/seo\/ -->\n<title>kilimanjaro climbing tips - Nurtured Wildlife Safaris<\/title>\n<meta name=\"robots\" content=\"index, follow, max-snippet:-1, max-image-preview:large, max-video-preview:-1\" \/>\n<link rel=\"canonical\" href=\"https:\/\/nurturedwildlife.com\/tr\/kilimanjaro-tirmanisi-ipuclari\/\" \/>\n<meta property=\"og:locale\" content=\"tr_TR\" \/>\n<meta property=\"og:type\" content=\"article\" \/>\n<meta property=\"og:title\" content=\"kilimanjaro climbing tips - Nurtured Wildlife Safaris\" \/>\n<meta property=\"og:description\" content=\"Home \/ Blog Climbing Mount Kilimanjaro, Africa\u2019s highest peak (5,895m\/19,341ft), is a once-in-a-lifetime adventure. Whether you\u2019re a first-time trekker or an experienced hiker, proper preparation can make the difference between reaching the summit or turning back. To help you conquer the &#8220;Roof of Africa,&#8221; here are the top Kilimanjaro climbing tips that every trekker should [&hellip;]\" \/>\n<meta property=\"og:url\" content=\"https:\/\/nurturedwildlife.com\/tr\/kilimanjaro-tirmanisi-ipuclari\/\" \/>\n<meta property=\"og:site_name\" content=\"Nurtured Wildlife Safaris\" \/>\n<meta property=\"article:modified_time\" content=\"2025-05-17T14:26:46+00:00\" \/>\n<meta name=\"twitter:card\" content=\"summary_large_image\" \/>\n<meta name=\"twitter:label1\" content=\"Tahmini okuma s\u00fcresi\" \/>\n\t<meta name=\"twitter:data1\" content=\"4 dakika\" \/>\n<script type=\"application\/ld+json\" class=\"yoast-schema-graph\">{\"@context\":\"https:\/\/schema.org\",\"@graph\":[{\"@type\":\"WebPage\",\"@id\":\"https:\/\/nurturedwildlife.com\/kilimanjaro-climbing-tips\/\",\"url\":\"https:\/\/nurturedwildlife.com\/kilimanjaro-climbing-tips\/\",\"name\":\"kilimanjaro climbing tips - Nurtured Wildlife Safaris\",\"isPartOf\":{\"@id\":\"https:\/\/nurturedwildlife.com\/#website\"},\"datePublished\":\"2025-05-17T14:24:42+00:00\",\"dateModified\":\"2025-05-17T14:26:46+00:00\",\"breadcrumb\":{\"@id\":\"https:\/\/nurturedwildlife.com\/kilimanjaro-climbing-tips\/#breadcrumb\"},\"inLanguage\":\"tr\",\"potentialAction\":[{\"@type\":\"ReadAction\",\"target\":[\"https:\/\/nurturedwildlife.com\/kilimanjaro-climbing-tips\/\"]}]},{\"@type\":\"BreadcrumbList\",\"@id\":\"https:\/\/nurturedwildlife.com\/kilimanjaro-climbing-tips\/#breadcrumb\",\"itemListElement\":[{\"@type\":\"ListItem\",\"position\":1,\"name\":\"Home\",\"item\":\"https:\/\/nurturedwildlife.com\/\"},{\"@type\":\"ListItem\",\"position\":2,\"name\":\"kilimanjaro climbing tips\"}]},{\"@type\":\"WebSite\",\"@id\":\"https:\/\/nurturedwildlife.com\/#website\",\"url\":\"https:\/\/nurturedwildlife.com\/\",\"name\":\"Nurtured Wildlife Safaris\",\"description\":\"Tanzania Unforgettable\",\"publisher\":{\"@id\":\"https:\/\/nurturedwildlife.com\/#organization\"},\"potentialAction\":[{\"@type\":\"SearchAction\",\"target\":{\"@type\":\"EntryPoint\",\"urlTemplate\":\"https:\/\/nurturedwildlife.com\/?s={search_term_string}\"},\"query-input\":{\"@type\":\"PropertyValueSpecification\",\"valueRequired\":true,\"valueName\":\"search_term_string\"}}],\"inLanguage\":\"tr\"},{\"@type\":\"Organization\",\"@id\":\"https:\/\/nurturedwildlife.com\/#organization\",\"name\":\"Nurtured Wildlife Safaris\",\"url\":\"https:\/\/nurturedwildlife.com\/\",\"logo\":{\"@type\":\"ImageObject\",\"inLanguage\":\"tr\",\"@id\":\"https:\/\/nurturedwildlife.com\/#\/schema\/logo\/image\/\",\"url\":\"https:\/\/nurturedwildlife.com\/wp-content\/uploads\/2023\/12\/nurtured-png.png\",\"contentUrl\":\"https:\/\/nurturedwildlife.com\/wp-content\/uploads\/2023\/12\/nurtured-png.png\",\"width\":4641,\"height\":1704,\"caption\":\"Nurtured Wildlife Safaris\"},\"image\":{\"@id\":\"https:\/\/nurturedwildlife.com\/#\/schema\/logo\/image\/\"}}]}<\/script>\n<!-- \/ Yoast SEO plugin. -->","yoast_head_json":{"title":"Kilimanjaro t\u0131rman\u0131\u015f\u0131 ipu\u00e7lar\u0131 - Nurtured Wildlife Safaris","robots":{"index":"index","follow":"follow","max-snippet":"max-snippet:-1","max-image-preview":"max-image-preview:large","max-video-preview":"max-video-preview:-1"},"canonical":"https:\/\/nurturedwildlife.com\/tr\/kilimanjaro-tirmanisi-ipuclari\/","og_locale":"tr_TR","og_type":"article","og_title":"kilimanjaro climbing tips - Nurtured Wildlife Safaris","og_description":"Home \/ Blog Climbing Mount Kilimanjaro, Africa\u2019s highest peak (5,895m\/19,341ft), is a once-in-a-lifetime adventure. Whether you\u2019re a first-time trekker or an experienced hiker, proper preparation can make the difference between reaching the summit or turning back. To help you conquer the &#8220;Roof of Africa,&#8221; here are the top Kilimanjaro climbing tips that every trekker should [&hellip;]","og_url":"https:\/\/nurturedwildlife.com\/tr\/kilimanjaro-tirmanisi-ipuclari\/","og_site_name":"Nurtured Wildlife Safaris","article_modified_time":"2025-05-17T14:26:46+00:00","twitter_card":"summary_large_image","twitter_misc":{"Tahmini okuma s\u00fcresi":"4 dakika"},"schema":{"@context":"https:\/\/schema.org","@graph":[{"@type":"WebPage","@id":"https:\/\/nurturedwildlife.com\/kilimanjaro-climbing-tips\/","url":"https:\/\/nurturedwildlife.com\/kilimanjaro-climbing-tips\/","name":"Kilimanjaro t\u0131rman\u0131\u015f\u0131 ipu\u00e7lar\u0131 - Nurtured Wildlife Safaris","isPartOf":{"@id":"https:\/\/nurturedwildlife.com\/#website"},"datePublished":"2025-05-17T14:24:42+00:00","dateModified":"2025-05-17T14:26:46+00:00","breadcrumb":{"@id":"https:\/\/nurturedwildlife.com\/kilimanjaro-climbing-tips\/#breadcrumb"},"inLanguage":"tr","potentialAction":[{"@type":"ReadAction","target":["https:\/\/nurturedwildlife.com\/kilimanjaro-climbing-tips\/"]}]},{"@type":"BreadcrumbList","@id":"https:\/\/nurturedwildlife.com\/kilimanjaro-climbing-tips\/#breadcrumb","itemListElement":[{"@type":"ListItem","position":1,"name":"Home","item":"https:\/\/nurturedwildlife.com\/"},{"@type":"ListItem","position":2,"name":"kilimanjaro climbing tips"}]},{"@type":"WebSite","@id":"https:\/\/nurturedwildlife.com\/#website","url":"https:\/\/nurturedwildlife.com\/","name":"Yeti\u015ftirilmi\u015f Vah\u015fi Ya\u015fam Safarileri","description":"Tanzanya Unutulmaz","publisher":{"@id":"https:\/\/nurturedwildlife.com\/#organization"},"potentialAction":[{"@type":"SearchAction","target":{"@type":"EntryPoint","urlTemplate":"https:\/\/nurturedwildlife.com\/?s={search_term_string}"},"query-input":{"@type":"PropertyValueSpecification","valueRequired":true,"valueName":"search_term_string"}}],"inLanguage":"tr"},{"@type":"Organization","@id":"https:\/\/nurturedwildlife.com\/#organization","name":"Yeti\u015ftirilmi\u015f Vah\u015fi Ya\u015fam Safarileri","url":"https:\/\/nurturedwildlife.com\/","logo":{"@type":"ImageObject","inLanguage":"tr","@id":"https:\/\/nurturedwildlife.com\/#\/schema\/logo\/image\/","url":"https:\/\/nurturedwildlife.com\/wp-content\/uploads\/2023\/12\/nurtured-png.png","contentUrl":"https:\/\/nurturedwildlife.com\/wp-content\/uploads\/2023\/12\/nurtured-png.png","width":4641,"height":1704,"caption":"Nurtured Wildlife Safaris"},"image":{"@id":"https:\/\/nurturedwildlife.com\/#\/schema\/logo\/image\/"}}]}},"_links":{"self":[{"href":"https:\/\/nurturedwildlife.com\/tr\/wp-json\/wp\/v2\/pages\/10275","targetHints":{"allow":["GET"]}}],"collection":[{"href":"https:\/\/nurturedwildlife.com\/tr\/wp-json\/wp\/v2\/pages"}],"about":[{"href":"https:\/\/nurturedwildlife.com\/tr\/wp-json\/wp\/v2\/types\/page"}],"author":[{"embeddable":true,"href":"https:\/\/nurturedwildlife.com\/tr\/wp-json\/wp\/v2\/users\/1"}],"replies":[{"embeddable":true,"href":"https:\/\/nurturedwildlife.com\/tr\/wp-json\/wp\/v2\/comments?post=10275"}],"version-history":[{"count":5,"href":"https:\/\/nurturedwildlife.com\/tr\/wp-json\/wp\/v2\/pages\/10275\/revisions"}],"predecessor-version":[{"id":10282,"href":"https:\/\/nurturedwildlife.com\/tr\/wp-json\/wp\/v2\/pages\/10275\/revisions\/10282"}],"wp:attachment":[{"href":"https:\/\/nurturedwildlife.com\/tr\/wp-json\/wp\/v2\/media?parent=10275"}],"curies":[{"name":"wp","href":"https:\/\/api.w.org\/{rel}","templated":true}]}}