{"id":10238,"date":"2025-05-17T13:54:46","date_gmt":"2025-05-17T13:54:46","guid":{"rendered":"https:\/\/nurturedwildlife.com\/?page_id=10238"},"modified":"2025-05-17T13:55:45","modified_gmt":"2025-05-17T13:55:45","slug":"mutlaka-ziyaret-edilmesi-gereken-yerler","status":"publish","type":"page","link":"https:\/\/nurturedwildlife.com\/tr\/mutlaka-ziyaret-edilmesi-gereken-yerler\/","title":{"rendered":"Mutlaka ziyaret edilmesi gereken yerler"},"content":{"rendered":"<div data-elementor-type=\"wp-page\" data-elementor-id=\"10238\" class=\"elementor elementor-10238\" data-elementor-post-type=\"page\">\n\t\t\t\t<div class=\"elementor-element elementor-element-3b3d63f7 e-con-full e-flex e-con e-parent\" data-id=\"3b3d63f7\" data-element_type=\"container\" data-e-type=\"container\" data-settings=\"{&quot;background_background&quot;:&quot;classic&quot;}\">\n\t\t<div class=\"elementor-element elementor-element-6a2347 e-con-full e-flex e-con e-child\" data-id=\"6a2347\" data-element_type=\"container\" data-e-type=\"container\" data-settings=\"{&quot;background_background&quot;:&quot;classic&quot;}\">\n\t\t\t\t<div class=\"elementor-element elementor-element-a10ee4c elementor-widget elementor-widget-text-editor\" data-id=\"a10ee4c\" data-element_type=\"widget\" data-e-type=\"widget\" data-widget_type=\"text-editor.default\">\n\t\t\t\t<div class=\"elementor-widget-container\">\n\t\t\t\t\t\t\t\t\t<p><a href=\"#\">Ev<\/a> \/ Blog<\/p>\t\t\t\t\t\t\t\t<\/div>\n\t\t\t\t<\/div>\n\t\t\t\t<\/div>\n\t\t\t\t<\/div>\n\t\t<div class=\"elementor-element elementor-element-16e11b13 e-flex e-con-boxed e-con e-parent\" data-id=\"16e11b13\" data-element_type=\"container\" data-e-type=\"container\">\n\t\t\t\t\t<div class=\"e-con-inner\">\n\t\t<div class=\"elementor-element elementor-element-2f3d3a50 e-flex e-con-boxed e-con e-child\" data-id=\"2f3d3a50\" data-element_type=\"container\" data-e-type=\"container\" data-settings=\"{&quot;background_background&quot;:&quot;classic&quot;}\">\n\t\t\t\t\t<div class=\"e-con-inner\">\n\t\t\t\t<div class=\"elementor-element elementor-element-2b971e19 elementor-widget elementor-widget-text-editor\" data-id=\"2b971e19\" data-element_type=\"widget\" data-e-type=\"widget\" data-widget_type=\"text-editor.default\">\n\t\t\t\t<div class=\"elementor-widget-container\">\n\t\t\t\t\t\t\t\t\t<p class=\"\" data-start=\"189\" data-end=\"423\">Tanzanya, nefes kesen g\u00fczellikleri, \u00e7e\u015fitli ekosistemleri ve d\u00fcnyan\u0131n en iyi vah\u015fi ya\u015fam g\u00f6zlem alanlar\u0131ndan baz\u0131lar\u0131na ev sahipli\u011fi yap\u0131yor. \u0130konik Serengeti ovalar\u0131ndan g\u00f6rkemli Ngorongoro Krateri&#039;ne kadar Tanzanya, e\u015fsiz bir safari deneyimi sunuyor.<\/p><p class=\"\" data-start=\"425\" data-end=\"554\">E\u011fer bir safari maceras\u0131 planl\u0131yorsan\u0131z, i\u015fte size baz\u0131 \u00f6neriler. <strong data-start=\"477\" data-end=\"518\">Tanzanya&#039;daki en iyi 5 safari destinasyonu<\/strong> Bu, yap\u0131lacaklar listenizde mutlaka yer almal\u0131.<\/p><hr class=\"\" data-start=\"556\" data-end=\"559\" \/><h2 class=\"\" data-start=\"561\" data-end=\"624\">1. <strong data-start=\"567\" data-end=\"594\">Serengeti Milli Park\u0131<\/strong> \u2013 B\u00fcy\u00fck G\u00f6\u00e7\u00fcn Anavatan\u0131<\/h2><p class=\"\" data-start=\"626\" data-end=\"791\"><strong data-start=\"626\" data-end=\"648\">Ziyaret i\u00e7in en uygun zaman<\/strong>Haziran-Ekim aylar\u0131 (nehir ge\u00e7i\u015fleri i\u00e7in) ve Ocak-Mart aylar\u0131 (do\u011fum mevsimi i\u00e7in)<br data-start=\"727\" data-end=\"730\" \/><strong data-start=\"730\" data-end=\"743\">Tan\u0131nm\u0131\u015f oldu\u011fu \u00f6zellikler<\/strong>B\u00fcy\u00fck Be\u015fli, antilop g\u00f6\u00e7\u00fc, u\u00e7suz bucaks\u0131z ovalar<\/p><p class=\"\" data-start=\"793\" data-end=\"1105\">Serengeti, Tanzanya&#039;n\u0131n en de\u011ferli m\u00fccevheridir. D\u00fcnyaca \u00fcnl\u00fcd\u00fcr... <strong data-start=\"860\" data-end=\"890\">B\u00fcy\u00fck Vah\u015fi S\u0131\u011f\u0131r G\u00f6\u00e7\u00fc<\/strong>, Burada 2 milyondan fazla antilop, zebra ve ceylan, \u00e7arp\u0131c\u0131 bir y\u0131ll\u0131k d\u00f6ng\u00fc i\u00e7inde hareket ediyor. Park ayr\u0131ca aslanlar, \u00e7italar ve leoparlar gibi y\u00fcksek yo\u011funlukta y\u0131rt\u0131c\u0131 hayvanlara ev sahipli\u011fi yaparak klasik vah\u015fi ya\u015fam g\u00f6zlemcili\u011fi i\u00e7in ideal bir yer haline geliyor.<\/p><p class=\"\" data-start=\"1107\" data-end=\"1122\"><strong data-start=\"1107\" data-end=\"1121\">\u00d6ne \u00e7\u0131kanlar<\/strong>:<\/p><ul data-start=\"1123\" data-end=\"1235\"><li class=\"\" data-start=\"1123\" data-end=\"1162\"><p class=\"\" data-start=\"1125\" data-end=\"1162\">Mara Nehri ge\u00e7i\u015fleri (Temmuz\u2013Eyl\u00fcl)<\/p><\/li><li class=\"\" data-start=\"1163\" data-end=\"1201\"><p class=\"\" data-start=\"1165\" data-end=\"1201\">Ndutu buza\u011f\u0131lama mevsimi (Ocak-Mart)<\/p><\/li><li class=\"\" data-start=\"1202\" data-end=\"1235\"><p class=\"\" data-start=\"1204\" data-end=\"1235\">Ovalar \u00fczerinde balon safarileri<\/p><\/li><\/ul><hr class=\"\" data-start=\"1237\" data-end=\"1240\" \/><h2 class=\"\" data-start=\"1242\" data-end=\"1306\">2. <strong data-start=\"1248\" data-end=\"1269\">Ngorongoro Krateri<\/strong> \u2013 D\u00fcnyan\u0131n En B\u00fcy\u00fck Bozulmam\u0131\u015f Kalderas\u0131<\/h2><p class=\"\" data-start=\"1308\" data-end=\"1416\"><strong data-start=\"1308\" data-end=\"1330\">Ziyaret i\u00e7in en uygun zaman<\/strong>: Y\u0131l boyu<br data-start=\"1342\" data-end=\"1345\" \/><strong data-start=\"1345\" data-end=\"1358\">Tan\u0131nm\u0131\u015f oldu\u011fu \u00f6zellikler<\/strong>B\u00fcy\u00fck Be\u015fli hayvan t\u00fcrleri, etkileyici manzaralar, yo\u011fun yaban hayat\u0131 pop\u00fclasyonu<\/p><p class=\"\" data-start=\"1418\" data-end=\"1668\">UNESCO D\u00fcnya Miras\u0131 Alan\u0131 olan <strong data-start=\"1452\" data-end=\"1473\">Ngorongoro Krateri<\/strong> S\u0131kl\u0131kla &quot;Afrika Cenneti&quot; olarak tan\u0131mlan\u0131r. Ye\u015fil otlaklar, batakl\u0131klar ve soda g\u00f6l\u00fcyle dolu, \u00e7\u00f6km\u00fc\u015f bir volkand\u0131r. Burada \u015funlar\u0131 bulacaks\u0131n\u0131z: <strong data-start=\"1606\" data-end=\"1630\">B\u00fcy\u00fck Be\u015fli hayvanlar\u0131n t\u00fcm\u00fc<\/strong> Burada, nadir bulunan siyah gergedan da dahil olmak \u00fczere bir\u00e7ok hayvan t\u00fcr\u00fc bulunmaktad\u0131r.<\/p><p class=\"\" data-start=\"1670\" data-end=\"1685\"><strong data-start=\"1670\" data-end=\"1684\">\u00d6ne \u00e7\u0131kanlar<\/strong>:<\/p><ul data-start=\"1686\" data-end=\"1799\"><li class=\"\" data-start=\"1686\" data-end=\"1712\"><p class=\"\" data-start=\"1688\" data-end=\"1712\">Krater taban\u0131 safari turlar\u0131<\/p><\/li><li class=\"\" data-start=\"1713\" data-end=\"1739\"><p class=\"\" data-start=\"1715\" data-end=\"1739\">Maasai k\u00f6ylerine ziyaret<\/p><\/li><li class=\"\" data-start=\"1740\" data-end=\"1799\"><p class=\"\" data-start=\"1742\" data-end=\"1799\">Vah\u015fi ya\u015fam\u0131 g\u00f6rme \u015fans\u0131n\u0131n y\u00fcksek oldu\u011fu inan\u0131lmaz manzaralar.<\/p><\/li><\/ul><hr class=\"\" data-start=\"1801\" data-end=\"1804\" \/><h2 class=\"\" data-start=\"1806\" data-end=\"1859\">3. <strong data-start=\"1812\" data-end=\"1839\">Tarangire Milli Park\u0131<\/strong> \u2013 Fil Cenneti<\/h2><p class=\"\" data-start=\"1861\" data-end=\"1962\"><strong data-start=\"1861\" data-end=\"1883\">Ziyaret i\u00e7in en uygun zaman<\/strong>Haziran - Ekim<br data-start=\"1900\" data-end=\"1903\" \/><strong data-start=\"1903\" data-end=\"1916\">Tan\u0131nm\u0131\u015f oldu\u011fu \u00f6zellikler<\/strong>B\u00fcy\u00fck fil s\u00fcr\u00fcleri, baobab a\u011fa\u00e7lar\u0131, ku\u015f t\u00fcrleri<\/p><p class=\"\" data-start=\"1964\" data-end=\"2183\">Genellikle g\u00f6z ard\u0131 edilen, <strong data-start=\"1982\" data-end=\"1995\">Tarangire<\/strong> e\u015fsiz bir safari deneyimi sunuyor. <strong data-start=\"2039\" data-end=\"2065\">devasa fil s\u00fcr\u00fcleri<\/strong>, \u00d6zellikle kurak mevsimde. Park, as\u0131rl\u0131k baobab a\u011fa\u00e7lar\u0131yla doludur ve 500&#039;den fazla ku\u015f t\u00fcr\u00fcne ev sahipli\u011fi yapmaktad\u0131r.<\/p><p class=\"\" data-start=\"2185\" data-end=\"2200\"><strong data-start=\"2185\" data-end=\"2199\">\u00d6ne \u00e7\u0131kanlar<\/strong>:<\/p><ul data-start=\"2201\" data-end=\"2322\"><li class=\"\" data-start=\"2201\" data-end=\"2242\"><p class=\"\" data-start=\"2203\" data-end=\"2242\">Tarangire Nehri yak\u0131nlar\u0131nda fil g\u00f6r\u00fcld\u00fc.<\/p><\/li><li class=\"\" data-start=\"2243\" data-end=\"2268\"><p class=\"\" data-start=\"2245\" data-end=\"2268\">M\u00fckemmel ku\u015f g\u00f6zlemi<\/p><\/li><li class=\"\" data-start=\"2269\" data-end=\"2322\"><p class=\"\" data-start=\"2271\" data-end=\"2322\">Y\u00fcr\u00fcy\u00fc\u015f safarileri ve al\u0131\u015f\u0131lmad\u0131k deneyimler<\/p><\/li><\/ul><hr class=\"\" data-start=\"2324\" data-end=\"2327\" \/><h2 class=\"\" data-start=\"2329\" data-end=\"2398\">4. <strong data-start=\"2335\" data-end=\"2365\">Manyara G\u00f6l\u00fc Milli Park\u0131<\/strong> \u2013 A\u011fa\u00e7lara T\u0131rmanan Aslanlar ve Ku\u015flar<\/h2><p class=\"\" data-start=\"2400\" data-end=\"2545\"><strong data-start=\"2400\" data-end=\"2422\">Ziyaret i\u00e7in en uygun zaman<\/strong>Haziran-Ekim ve Kas\u0131m-\u015eubat aylar\u0131 (ku\u015f g\u00f6zlemcili\u011fi i\u00e7in)<br data-start=\"2476\" data-end=\"2479\" \/><strong data-start=\"2479\" data-end=\"2492\">Tan\u0131nm\u0131\u015f oldu\u011fu \u00f6zellikler<\/strong>A\u011fa\u00e7lara t\u0131rmanan aslanlar, flamingolar, yer alt\u0131 suyu ormanlar\u0131<\/p><p class=\"\" data-start=\"2547\" data-end=\"2788\"><strong data-start=\"2547\" data-end=\"2563\">Manyara G\u00f6l\u00fc<\/strong> K\u00fc\u00e7\u00fck olabilir ama inan\u0131lmaz derecede \u00e7e\u015fitlidir. \u00d6zellikle \u015funlarla \u00fcnl\u00fcd\u00fcr: <strong data-start=\"2627\" data-end=\"2650\">a\u011faca t\u0131rmanan aslanlar<\/strong> Ve g\u00f6l\u00fc kaplayan mevsimlik flamingo s\u00fcr\u00fcleri. Park, yemye\u015fil ormanlar\u0131, a\u00e7\u0131k ovalar\u0131 ve sodal\u0131 bir g\u00f6l\u00fc tek bir kompakt alanda sunuyor.<\/p><p class=\"\" data-start=\"2790\" data-end=\"2805\"><strong data-start=\"2790\" data-end=\"2804\">\u00d6ne \u00e7\u0131kanlar<\/strong>:<\/p><ul data-start=\"2806\" data-end=\"2915\"><li class=\"\" data-start=\"2806\" data-end=\"2848\"><p class=\"\" data-start=\"2808\" data-end=\"2848\">Kano safarileri (su seviyesi izin verdi\u011finde)<\/p><\/li><li class=\"\" data-start=\"2849\" data-end=\"2877\"><p class=\"\" data-start=\"2851\" data-end=\"2877\">Orman ve g\u00f6l ekosistemleri<\/p><\/li><li class=\"\" data-start=\"2878\" data-end=\"2915\"><p class=\"\" data-start=\"2880\" data-end=\"2915\">Arusha&#039;ya yak\u0131n (kolay g\u00fcn\u00fcbirlik gezi)<\/p><\/li><\/ul><hr class=\"\" data-start=\"2917\" data-end=\"2920\" \/><h2 class=\"\" data-start=\"2922\" data-end=\"2975\">5. <strong data-start=\"2928\" data-end=\"2951\">Ruaha Milli Park\u0131<\/strong> \u2013 Tanzanya&#039;n\u0131n Gizli Hazinesi<\/h2><p class=\"\" data-start=\"2977\" data-end=\"3085\"><strong data-start=\"2977\" data-end=\"2999\">Ziyaret i\u00e7in en uygun zaman<\/strong>Haziran - Ekim<br data-start=\"3016\" data-end=\"3019\" \/><strong data-start=\"3019\" data-end=\"3032\">Tan\u0131nm\u0131\u015f oldu\u011fu \u00f6zellikler<\/strong>Uzak vah\u015fi do\u011fa, y\u0131rt\u0131c\u0131 hayvanlar, b\u00fcy\u00fck aslan s\u00fcr\u00fcleri<\/p><p class=\"\" data-start=\"3087\" data-end=\"3359\"><strong data-start=\"3087\" data-end=\"3096\">Ruaha<\/strong> Tanzanya&#039;n\u0131n en b\u00fcy\u00fck ve en \u00fccra milli parklar\u0131ndan biridir. Vah\u015fi ve kalabal\u0131k olmayan bir safari deneyimi sunar ve b\u00fcy\u00fck hayvan pop\u00fclasyonlar\u0131yla bilinir. <strong data-start=\"3249\" data-end=\"3283\">aslanlar, leoparlar ve filler<\/strong>. Maceraperest ve \u015fehir hayat\u0131ndan uzak bir safari deneyimi arayan gezginler i\u00e7in m\u00fckemmel.<\/p><p class=\"\" data-start=\"3361\" data-end=\"3376\"><strong data-start=\"3361\" data-end=\"3375\">\u00d6ne \u00e7\u0131kanlar<\/strong>:<\/p><ul data-start=\"3377\" data-end=\"3481\"><li class=\"\" data-start=\"3377\" data-end=\"3401\"><p class=\"\" data-start=\"3379\" data-end=\"3401\">Samimi safari konaklama yerleri<\/p><\/li><li class=\"\" data-start=\"3402\" data-end=\"3450\"><p class=\"\" data-start=\"3404\" data-end=\"3450\">Kayal\u0131k tepeler ve nehirlerle dolu \u00e7e\u015fitli manzaralar.<\/p><\/li><li class=\"\" data-start=\"3451\" data-end=\"3481\"><p class=\"\" data-start=\"3453\" data-end=\"3481\">M\u00fckemmel y\u0131rt\u0131c\u0131 hayvan g\u00f6zlemleri<\/p><\/li><\/ul><hr class=\"\" data-start=\"3483\" data-end=\"3486\" \/><h2 class=\"\" data-start=\"3488\" data-end=\"3505\">Son D\u00fc\u015f\u00fcnceler<\/h2><p class=\"\" data-start=\"3507\" data-end=\"3736\">\u0130ster ilk kez ziyaret eden biri olun ister deneyimli bir safari tutkunu, Tanzanya&#039;n\u0131n milli parklar\u0131 unutulmaz vah\u015fi ya\u015fam deneyimleri sunar. <strong data-start=\"3649\" data-end=\"3669\">ikonik Serengeti<\/strong> -e <strong data-start=\"3677\" data-end=\"3703\">Ruaha&#039;n\u0131n gizli g\u00fczelli\u011fi<\/strong>, Herkes i\u00e7in bir \u015feyler var.<\/p><p class=\"\" data-start=\"3738\" data-end=\"3857\">Yolculu\u011funuza ba\u015flamaya haz\u0131r m\u0131s\u0131n\u0131z? M\u00fckemmel Tanzanya safari program\u0131n\u0131z\u0131 olu\u015fturman\u0131za yard\u0131mc\u0131 olmas\u0131 i\u00e7in g\u00fcvenilir bir tur operat\u00f6r\u00fcyle ileti\u015fime ge\u00e7in.<\/p>\t\t\t\t\t\t\t\t<\/div>\n\t\t\t\t<\/div>\n\t\t\t\t\t<\/div>\n\t\t\t\t<\/div>\n\t\t\t\t\t<\/div>\n\t\t\t\t<\/div>\n\t\t\t\t<\/div>","protected":false},"excerpt":{"rendered":"<p>Anasayfa \/ Blog Tanzanya, nefes kesen g\u00fczellikleri, \u00e7e\u015fitli ekosistemleri ve gezegendeki en iyi vah\u015fi ya\u015fam g\u00f6zlemleme noktalar\u0131ndan baz\u0131lar\u0131na sahip bir \u00fclkedir. \u0130konik Serengeti ovalar\u0131ndan g\u00f6rkemli Ngorongoro Krateri&#039;ne kadar Tanzanya, e\u015fsiz bir safari deneyimi sunuyor. E\u011fer bir safari maceras\u0131 planl\u0131yorsan\u0131z, i\u015fte Tanzanya&#039;daki en iyi 5 safari destinasyonu [\u2026]<\/p>","protected":false},"author":1,"featured_media":0,"parent":0,"menu_order":0,"comment_status":"closed","ping_status":"closed","template":"elementor_canvas","meta":{"footnotes":""},"class_list":["post-10238","page","type-page","status-publish","hentry"],"yoast_head":"<!-- This site is optimized with the Yoast SEO plugin v25.7 - https:\/\/yoast.com\/wordpress\/plugins\/seo\/ -->\n<title>Must visit destinations - Nurtured Wildlife Safaris<\/title>\n<meta name=\"robots\" content=\"index, follow, max-snippet:-1, max-image-preview:large, max-video-preview:-1\" \/>\n<link rel=\"canonical\" href=\"https:\/\/nurturedwildlife.com\/tr\/mutlaka-ziyaret-edilmesi-gereken-yerler\/\" \/>\n<meta property=\"og:locale\" content=\"tr_TR\" \/>\n<meta property=\"og:type\" content=\"article\" \/>\n<meta property=\"og:title\" content=\"Must visit destinations - Nurtured Wildlife Safaris\" \/>\n<meta property=\"og:description\" content=\"Home \/ Blog Tanzania is a land of breathtaking beauty, diverse ecosystems, and some of the best wildlife viewing on the planet. From the iconic Serengeti plains to the majestic Ngorongoro Crater, Tanzania offers a safari experience like no other. If you\u2019re planning a safari adventure, here are the top 5 safari destinations in Tanzania [&hellip;]\" \/>\n<meta property=\"og:url\" content=\"https:\/\/nurturedwildlife.com\/tr\/mutlaka-ziyaret-edilmesi-gereken-yerler\/\" \/>\n<meta property=\"og:site_name\" content=\"Nurtured Wildlife Safaris\" \/>\n<meta property=\"article:modified_time\" content=\"2025-05-17T13:55:45+00:00\" \/>\n<meta name=\"twitter:card\" content=\"summary_large_image\" \/>\n<meta name=\"twitter:label1\" content=\"Tahmini okuma s\u00fcresi\" \/>\n\t<meta name=\"twitter:data1\" content=\"3 dakika\" \/>\n<script type=\"application\/ld+json\" class=\"yoast-schema-graph\">{\"@context\":\"https:\/\/schema.org\",\"@graph\":[{\"@type\":\"WebPage\",\"@id\":\"https:\/\/nurturedwildlife.com\/must-visit-destinations\/\",\"url\":\"https:\/\/nurturedwildlife.com\/must-visit-destinations\/\",\"name\":\"Must visit destinations - Nurtured Wildlife Safaris\",\"isPartOf\":{\"@id\":\"https:\/\/nurturedwildlife.com\/#website\"},\"datePublished\":\"2025-05-17T13:54:46+00:00\",\"dateModified\":\"2025-05-17T13:55:45+00:00\",\"breadcrumb\":{\"@id\":\"https:\/\/nurturedwildlife.com\/must-visit-destinations\/#breadcrumb\"},\"inLanguage\":\"tr\",\"potentialAction\":[{\"@type\":\"ReadAction\",\"target\":[\"https:\/\/nurturedwildlife.com\/must-visit-destinations\/\"]}]},{\"@type\":\"BreadcrumbList\",\"@id\":\"https:\/\/nurturedwildlife.com\/must-visit-destinations\/#breadcrumb\",\"itemListElement\":[{\"@type\":\"ListItem\",\"position\":1,\"name\":\"Home\",\"item\":\"https:\/\/nurturedwildlife.com\/\"},{\"@type\":\"ListItem\",\"position\":2,\"name\":\"Must visit destinations\"}]},{\"@type\":\"WebSite\",\"@id\":\"https:\/\/nurturedwildlife.com\/#website\",\"url\":\"https:\/\/nurturedwildlife.com\/\",\"name\":\"Nurtured Wildlife Safaris\",\"description\":\"Tanzania Unforgettable\",\"publisher\":{\"@id\":\"https:\/\/nurturedwildlife.com\/#organization\"},\"potentialAction\":[{\"@type\":\"SearchAction\",\"target\":{\"@type\":\"EntryPoint\",\"urlTemplate\":\"https:\/\/nurturedwildlife.com\/?s={search_term_string}\"},\"query-input\":{\"@type\":\"PropertyValueSpecification\",\"valueRequired\":true,\"valueName\":\"search_term_string\"}}],\"inLanguage\":\"tr\"},{\"@type\":\"Organization\",\"@id\":\"https:\/\/nurturedwildlife.com\/#organization\",\"name\":\"Nurtured Wildlife Safaris\",\"url\":\"https:\/\/nurturedwildlife.com\/\",\"logo\":{\"@type\":\"ImageObject\",\"inLanguage\":\"tr\",\"@id\":\"https:\/\/nurturedwildlife.com\/#\/schema\/logo\/image\/\",\"url\":\"https:\/\/nurturedwildlife.com\/wp-content\/uploads\/2023\/12\/nurtured-png.png\",\"contentUrl\":\"https:\/\/nurturedwildlife.com\/wp-content\/uploads\/2023\/12\/nurtured-png.png\",\"width\":4641,\"height\":1704,\"caption\":\"Nurtured Wildlife Safaris\"},\"image\":{\"@id\":\"https:\/\/nurturedwildlife.com\/#\/schema\/logo\/image\/\"}}]}<\/script>\n<!-- \/ Yoast SEO plugin. -->","yoast_head_json":{"title":"Mutlaka ziyaret edilmesi gereken yerler - Nurtured Wildlife Safaris","robots":{"index":"index","follow":"follow","max-snippet":"max-snippet:-1","max-image-preview":"max-image-preview:large","max-video-preview":"max-video-preview:-1"},"canonical":"https:\/\/nurturedwildlife.com\/tr\/mutlaka-ziyaret-edilmesi-gereken-yerler\/","og_locale":"tr_TR","og_type":"article","og_title":"Must visit destinations - Nurtured Wildlife Safaris","og_description":"Home \/ Blog Tanzania is a land of breathtaking beauty, diverse ecosystems, and some of the best wildlife viewing on the planet. From the iconic Serengeti plains to the majestic Ngorongoro Crater, Tanzania offers a safari experience like no other. If you\u2019re planning a safari adventure, here are the top 5 safari destinations in Tanzania [&hellip;]","og_url":"https:\/\/nurturedwildlife.com\/tr\/mutlaka-ziyaret-edilmesi-gereken-yerler\/","og_site_name":"Nurtured Wildlife Safaris","article_modified_time":"2025-05-17T13:55:45+00:00","twitter_card":"summary_large_image","twitter_misc":{"Tahmini okuma s\u00fcresi":"3 dakika"},"schema":{"@context":"https:\/\/schema.org","@graph":[{"@type":"WebPage","@id":"https:\/\/nurturedwildlife.com\/must-visit-destinations\/","url":"https:\/\/nurturedwildlife.com\/must-visit-destinations\/","name":"Mutlaka ziyaret edilmesi gereken yerler - Nurtured Wildlife Safaris","isPartOf":{"@id":"https:\/\/nurturedwildlife.com\/#website"},"datePublished":"2025-05-17T13:54:46+00:00","dateModified":"2025-05-17T13:55:45+00:00","breadcrumb":{"@id":"https:\/\/nurturedwildlife.com\/must-visit-destinations\/#breadcrumb"},"inLanguage":"tr","potentialAction":[{"@type":"ReadAction","target":["https:\/\/nurturedwildlife.com\/must-visit-destinations\/"]}]},{"@type":"BreadcrumbList","@id":"https:\/\/nurturedwildlife.com\/must-visit-destinations\/#breadcrumb","itemListElement":[{"@type":"ListItem","position":1,"name":"Home","item":"https:\/\/nurturedwildlife.com\/"},{"@type":"ListItem","position":2,"name":"Must visit destinations"}]},{"@type":"WebSite","@id":"https:\/\/nurturedwildlife.com\/#website","url":"https:\/\/nurturedwildlife.com\/","name":"Yeti\u015ftirilmi\u015f Vah\u015fi Ya\u015fam Safarileri","description":"Tanzanya Unutulmaz","publisher":{"@id":"https:\/\/nurturedwildlife.com\/#organization"},"potentialAction":[{"@type":"SearchAction","target":{"@type":"EntryPoint","urlTemplate":"https:\/\/nurturedwildlife.com\/?s={search_term_string}"},"query-input":{"@type":"PropertyValueSpecification","valueRequired":true,"valueName":"search_term_string"}}],"inLanguage":"tr"},{"@type":"Organization","@id":"https:\/\/nurturedwildlife.com\/#organization","name":"Yeti\u015ftirilmi\u015f Vah\u015fi Ya\u015fam Safarileri","url":"https:\/\/nurturedwildlife.com\/","logo":{"@type":"ImageObject","inLanguage":"tr","@id":"https:\/\/nurturedwildlife.com\/#\/schema\/logo\/image\/","url":"https:\/\/nurturedwildlife.com\/wp-content\/uploads\/2023\/12\/nurtured-png.png","contentUrl":"https:\/\/nurturedwildlife.com\/wp-content\/uploads\/2023\/12\/nurtured-png.png","width":4641,"height":1704,"caption":"Nurtured Wildlife Safaris"},"image":{"@id":"https:\/\/nurturedwildlife.com\/#\/schema\/logo\/image\/"}}]}},"_links":{"self":[{"href":"https:\/\/nurturedwildlife.com\/tr\/wp-json\/wp\/v2\/pages\/10238","targetHints":{"allow":["GET"]}}],"collection":[{"href":"https:\/\/nurturedwildlife.com\/tr\/wp-json\/wp\/v2\/pages"}],"about":[{"href":"https:\/\/nurturedwildlife.com\/tr\/wp-json\/wp\/v2\/types\/page"}],"author":[{"embeddable":true,"href":"https:\/\/nurturedwildlife.com\/tr\/wp-json\/wp\/v2\/users\/1"}],"replies":[{"embeddable":true,"href":"https:\/\/nurturedwildlife.com\/tr\/wp-json\/wp\/v2\/comments?post=10238"}],"version-history":[{"count":5,"href":"https:\/\/nurturedwildlife.com\/tr\/wp-json\/wp\/v2\/pages\/10238\/revisions"}],"predecessor-version":[{"id":10250,"href":"https:\/\/nurturedwildlife.com\/tr\/wp-json\/wp\/v2\/pages\/10238\/revisions\/10250"}],"wp:attachment":[{"href":"https:\/\/nurturedwildlife.com\/tr\/wp-json\/wp\/v2\/media?parent=10238"}],"curies":[{"name":"wp","href":"https:\/\/api.w.org\/{rel}","templated":true}]}}