{"id":10283,"date":"2025-05-17T14:35:09","date_gmt":"2025-05-17T14:35:09","guid":{"rendered":"https:\/\/nurturedwildlife.com\/?page_id=10283"},"modified":"2025-05-17T14:36:31","modified_gmt":"2025-05-17T14:36:31","slug":"lucruri-de-luat-in-considerare-inainte-de-a-vizita-tanzania-pentru-un-safari","status":"publish","type":"page","link":"https:\/\/nurturedwildlife.com\/ro\/lucruri-de-luat-in-considerare-inainte-de-a-vizita-tanzania-pentru-un-safari\/","title":{"rendered":"Lucruri de luat \u00een considerare \u00eenainte de a vizita Tanzania pentru un safari"},"content":{"rendered":"<div data-elementor-type=\"wp-page\" data-elementor-id=\"10283\" class=\"elementor elementor-10283\" data-elementor-post-type=\"page\">\n\t\t\t\t<div class=\"elementor-element elementor-element-75efc30b e-con-full e-flex e-con e-parent\" data-id=\"75efc30b\" data-element_type=\"container\" data-e-type=\"container\" data-settings=\"{&quot;background_background&quot;:&quot;classic&quot;}\">\n\t\t<div class=\"elementor-element elementor-element-219c352 e-con-full e-flex e-con e-child\" data-id=\"219c352\" data-element_type=\"container\" data-e-type=\"container\" data-settings=\"{&quot;background_background&quot;:&quot;classic&quot;}\">\n\t\t\t\t<div class=\"elementor-element elementor-element-3df4fd72 elementor-widget elementor-widget-text-editor\" data-id=\"3df4fd72\" data-element_type=\"widget\" data-e-type=\"widget\" data-widget_type=\"text-editor.default\">\n\t\t\t\t<div class=\"elementor-widget-container\">\n\t\t\t\t\t\t\t\t\t<p><a href=\"#\">Acas\u0103<\/a> \/ Blog<\/p>\t\t\t\t\t\t\t\t<\/div>\n\t\t\t\t<\/div>\n\t\t\t\t<\/div>\n\t\t\t\t<\/div>\n\t\t<div class=\"elementor-element elementor-element-18e7d629 e-flex e-con-boxed e-con e-parent\" data-id=\"18e7d629\" data-element_type=\"container\" data-e-type=\"container\">\n\t\t\t\t\t<div class=\"e-con-inner\">\n\t\t<div class=\"elementor-element elementor-element-66a1975d e-flex e-con-boxed e-con e-child\" data-id=\"66a1975d\" data-element_type=\"container\" data-e-type=\"container\" data-settings=\"{&quot;background_background&quot;:&quot;classic&quot;}\">\n\t\t\t\t\t<div class=\"e-con-inner\">\n\t\t\t\t<div class=\"elementor-element elementor-element-7fc17f94 elementor-widget elementor-widget-text-editor\" data-id=\"7fc17f94\" data-element_type=\"widget\" data-e-type=\"widget\" data-widget_type=\"text-editor.default\">\n\t\t\t\t<div class=\"elementor-widget-container\">\n\t\t\t\t\t\t\t\t\t<p class=\"\" data-start=\"211\" data-end=\"496\">Tanzania este una dintre destina\u021biile de top pentru safari din lume, oferind experien\u021be de neuitat cu fauna s\u0103lbatic\u0103 \u00een parcuri precum Serengeti, Craterul Ngorongoro \u0219i Tarangire. Dar \u00eenainte de a v\u0103 face bagajele \u0219i a porni \u00eentr-o aventur\u0103 african\u0103, exist\u0103 c\u00e2teva lucruri importante de re\u021binut.<\/p><p class=\"\" data-start=\"498\" data-end=\"641\">Iat\u0103 o list\u0103 de verificare a <strong data-start=\"520\" data-end=\"582\">Aspecte cheie de luat \u00een considerare \u00eenainte de a vizita Tanzania pentru un safari<\/strong>, pentru a v\u0103 asigura c\u0103 c\u0103l\u0103toria dumneavoastr\u0103 este lin\u0103, sigur\u0103 \u0219i cu adev\u0103rat memorabil\u0103.<\/p><hr class=\"\" data-start=\"643\" data-end=\"646\" \/><h2 class=\"\" data-start=\"648\" data-end=\"688\">1. <strong data-start=\"654\" data-end=\"688\">Alege momentul potrivit pentru a vizita<\/strong><\/h2><p class=\"\" data-start=\"690\" data-end=\"857\">Tanzania are dou\u0103 anotimpuri principale: secetos (iunie-octombrie) \u0219i ploios (martie-mai \u0219i ploi scurte \u00een noiembrie). Cel mai bun moment pentru un safari depinde, \u00een general, de ceea ce vrei s\u0103 vezi.<\/p><ul data-start=\"859\" data-end=\"1105\"><li class=\"\" data-start=\"859\" data-end=\"948\"><p class=\"\" data-start=\"861\" data-end=\"948\"><strong data-start=\"861\" data-end=\"880\">iunie p\u00e2n\u0103 \u00een octombrie<\/strong>Cel mai bun pentru observarea faunei s\u0103lbatice \u0219i traversarea r\u00e2urilor Great Migration.<\/p><\/li><li class=\"\" data-start=\"949\" data-end=\"1028\"><p class=\"\" data-start=\"951\" data-end=\"1028\"><strong data-start=\"951\" data-end=\"971\">Ianuarie - Martie<\/strong>Ideal pentru sezonul de f\u0103tare \u00een sudul Serengeti.<\/p><\/li><li class=\"\" data-start=\"1029\" data-end=\"1105\"><p class=\"\" data-start=\"1031\" data-end=\"1105\"><strong data-start=\"1031\" data-end=\"1047\">Martie-mai<\/strong>Sezon verde, mai pu\u021bini turi\u0219ti, dar unele cabane s-ar putea \u00eenchide.<\/p><\/li><\/ul><p class=\"\" data-start=\"1107\" data-end=\"1179\">\ud83d\udc49 <em data-start=\"1110\" data-end=\"1115\">Sfat<\/em>Evita\u021bi lunile de v\u00e2rf dac\u0103 prefera\u021bi mai pu\u021bine aglomera\u021bii \u0219i pre\u021buri mai mici.<\/p><hr class=\"\" data-start=\"1181\" data-end=\"1184\" \/><h2 class=\"\" data-start=\"1186\" data-end=\"1225\">2. <strong data-start=\"1192\" data-end=\"1225\">Selecta\u021bi parcurile de safari potrivite<\/strong><\/h2><p class=\"\" data-start=\"1227\" data-end=\"1319\">Tanzania are o gam\u0103 divers\u0103 de parcuri na\u021bionale \u0219i rezerva\u021bii, fiecare oferind ceva unic.<\/p><ul data-start=\"1321\" data-end=\"1543\"><li class=\"\" data-start=\"1321\" data-end=\"1367\"><p class=\"\" data-start=\"1323\" data-end=\"1367\"><strong data-start=\"1323\" data-end=\"1336\">Serengeti<\/strong> \u2013 Marea Migra\u021bie \u0219i Cinci Mari<\/p><\/li><li class=\"\" data-start=\"1368\" data-end=\"1429\"><p class=\"\" data-start=\"1370\" data-end=\"1429\"><strong data-start=\"1370\" data-end=\"1391\">Craterul Ngorongoro<\/strong> \u2013 Faun\u0103 s\u0103lbatic\u0103 dens\u0103 \u0219i peisaje uimitoare<\/p><\/li><li class=\"\" data-start=\"1430\" data-end=\"1474\"><p class=\"\" data-start=\"1432\" data-end=\"1474\"><strong data-start=\"1432\" data-end=\"1445\">Tarangire<\/strong> \u2013 Elefan\u021bi \u0219i baobabi<\/p><\/li><li class=\"\" data-start=\"1475\" data-end=\"1543\"><p class=\"\" data-start=\"1477\" data-end=\"1543\"><strong data-start=\"1477\" data-end=\"1503\">Selous\/Nyerere \u0219i Ruaha<\/strong> \u2013 Remot, s\u0103lbatic \u0219i departe de c\u0103ile b\u0103tute<\/p><\/li><\/ul><p class=\"\" data-start=\"1545\" data-end=\"1660\">\ud83d\udc49 <em data-start=\"1548\" data-end=\"1553\">Sfat<\/em>: Un safari pe circuitul nordic (Serengeti, Ngorongoro, Tarangire \u0219i Lacul Manyara) este ideal pentru cei care se \u00eencepi.<\/p><hr class=\"\" data-start=\"1662\" data-end=\"1665\" \/><h2 class=\"\" data-start=\"1667\" data-end=\"1723\">3. <strong data-start=\"1673\" data-end=\"1723\">Ob\u021bine\u021bi vaccinurile \u0219i preg\u0103tirea medical\u0103 necesare<\/strong><\/h2><p class=\"\" data-start=\"1725\" data-end=\"1843\">\u00cenainte de a c\u0103l\u0103tori, consulta\u021bi medicul dumneavoastr\u0103 despre vaccin\u0103ri \u0219i medicamente. Recomand\u0103rile comune pentru Tanzania includ:<\/p><ul data-start=\"1845\" data-end=\"1995\"><li class=\"\" data-start=\"1845\" data-end=\"1919\"><p class=\"\" data-start=\"1847\" data-end=\"1919\"><strong data-start=\"1847\" data-end=\"1863\">Febr\u0103 galben\u0103<\/strong> (obligatoriu dac\u0103 provin dintr-o alt\u0103 \u021bar\u0103 cu febr\u0103 galben\u0103)<\/p><\/li><li class=\"\" data-start=\"1920\" data-end=\"1941\"><p class=\"\" data-start=\"1922\" data-end=\"1941\"><strong data-start=\"1922\" data-end=\"1941\">Hepatita A \u0219i B<\/strong><\/p><\/li><li class=\"\" data-start=\"1942\" data-end=\"1955\"><p class=\"\" data-start=\"1944\" data-end=\"1955\"><strong data-start=\"1944\" data-end=\"1955\">Tifoid\u0103<\/strong><\/p><\/li><li class=\"\" data-start=\"1956\" data-end=\"1969\"><p class=\"\" data-start=\"1958\" data-end=\"1969\"><strong data-start=\"1958\" data-end=\"1969\">Tetanus<\/strong><\/p><\/li><li class=\"\" data-start=\"1970\" data-end=\"1995\"><p class=\"\" data-start=\"1972\" data-end=\"1995\"><strong data-start=\"1972\" data-end=\"1995\">Profilaxia malariei<\/strong><\/p><\/li><\/ul><p class=\"\" data-start=\"1997\" data-end=\"2101\">\ud83d\udc49 <em data-start=\"2000\" data-end=\"2005\">Sfat<\/em>Adu-\u021bi insecticid cu DEET \u0219i ia \u00een considerare o asigurare de c\u0103l\u0103torie care acoper\u0103 evacuarea medical\u0103.<\/p><hr class=\"\" data-start=\"2103\" data-end=\"2106\" \/><h2 class=\"\" data-start=\"2108\" data-end=\"2154\">4. <strong data-start=\"2114\" data-end=\"2154\">Pune-\u021bi viza \u0219i documentele \u00een ordine<\/strong><\/h2><p class=\"\" data-start=\"2156\" data-end=\"2210\">Majoritatea c\u0103l\u0103torilor au nevoie de viz\u0103 pentru a intra \u00een Tanzania. Pute\u021bi:<\/p><ul data-start=\"2212\" data-end=\"2345\"><li class=\"\" data-start=\"2212\" data-end=\"2274\"><p class=\"\" data-start=\"2214\" data-end=\"2274\">Aplic\u0103 <strong data-start=\"2220\" data-end=\"2239\">online (viz\u0103 electronic\u0103)<\/strong> prin intermediul site-ului web de imigrare din Tanzania<\/p><\/li><li class=\"\" data-start=\"2275\" data-end=\"2345\"><p class=\"\" data-start=\"2277\" data-end=\"2345\">Ob\u021bine\u021bi un <strong data-start=\"2283\" data-end=\"2302\">viz\u0103 la sosire<\/strong> pe aeroporturile importante (pentru unele na\u021bionalit\u0103\u021bi)<\/p><\/li><\/ul><p class=\"\" data-start=\"2347\" data-end=\"2467\">De asemenea, asigura\u021bi-v\u0103 c\u0103 pa\u0219aportul dumneavoastr\u0103 este valabil cel pu\u021bin <strong data-start=\"2396\" data-end=\"2408\">6 luni<\/strong> de la data intr\u0103rii \u0219i are <strong data-start=\"2440\" data-end=\"2455\">pagini goale<\/strong> pentru timbre.<\/p><p class=\"\" data-start=\"2469\" data-end=\"2549\">\ud83d\udc49 <em data-start=\"2472\" data-end=\"2477\">Sfat<\/em>Lua\u021bi cu voi copii tip\u0103rite ale pa\u0219aportului, vizei, itinerariului \u0219i asigur\u0103rii.<\/p><hr class=\"\" data-start=\"2551\" data-end=\"2554\" \/><h2 class=\"\" data-start=\"2556\" data-end=\"2603\">5. <strong data-start=\"2562\" data-end=\"2603\">Cunoa\u0219te\u021bi costurile \u0219i bugetul \u00een consecin\u021b\u0103<\/strong><\/h2><p class=\"\" data-start=\"2605\" data-end=\"2686\">Safariurile \u00een Tanzania pot fi luxoase sau accesibile, \u00een func\u021bie de modul \u00een care c\u0103l\u0103tori\u021bi:<\/p><ul data-start=\"2688\" data-end=\"2830\"><li class=\"\" data-start=\"2688\" data-end=\"2734\"><p class=\"\" data-start=\"2690\" data-end=\"2734\"><strong data-start=\"2690\" data-end=\"2700\">Buget<\/strong>Safari \u00een camping, vehicule partajate<\/p><\/li><li class=\"\" data-start=\"2735\" data-end=\"2784\"><p class=\"\" data-start=\"2737\" data-end=\"2784\"><strong data-start=\"2737\" data-end=\"2750\">Gam\u0103 medie<\/strong>Cabane confortabile, ma\u0219ini private 4x4<\/p><\/li><li class=\"\" data-start=\"2785\" data-end=\"2830\"><p class=\"\" data-start=\"2787\" data-end=\"2830\"><strong data-start=\"2787\" data-end=\"2797\">Lux<\/strong>Cabane de lux, safariuri cu zbor<\/p><\/li><\/ul><p class=\"\" data-start=\"2832\" data-end=\"2902\">Pre\u021burile variaz\u0103 \u00een func\u021bie de m\u0103rimea grupului, perioada anului \u0219i num\u0103rul de zile.<\/p><p class=\"\" data-start=\"2904\" data-end=\"2991\">\ud83d\udc49 <em data-start=\"2907\" data-end=\"2912\">Sfat<\/em>Lua\u021bi \u00een considerare \u00een bugetul total taxele de parc, bac\u0219i\u0219ul, costurile vizelor \u0219i suvenirurile.<\/p><hr class=\"\" data-start=\"2993\" data-end=\"2996\" \/><h2 class=\"\" data-start=\"2998\" data-end=\"3033\">6. <strong data-start=\"3004\" data-end=\"3033\">Pune-\u021bi inteligent bagajul pentru Safari<\/strong><\/h2><p class=\"\" data-start=\"3035\" data-end=\"3076\">\u00cempachetarea u\u0219oar\u0103 \u2014 dar corect\u0103 \u2014 este esen\u021bial\u0103.<\/p><p class=\"\" data-start=\"3078\" data-end=\"3101\"><strong data-start=\"3078\" data-end=\"3100\">Esen\u021bialele includ<\/strong>:<\/p><ul data-start=\"3102\" data-end=\"3290\"><li class=\"\" data-start=\"3102\" data-end=\"3165\"><p class=\"\" data-start=\"3104\" data-end=\"3165\">Haine u\u0219oare, \u00een culori neutre (evita\u021bi albastru \u00eenchis\/negru)<\/p><\/li><li class=\"\" data-start=\"3166\" data-end=\"3198\"><p class=\"\" data-start=\"3168\" data-end=\"3198\">Jachet\u0103 c\u0103lduroas\u0103 pentru dimine\u021bile devreme<\/p><\/li><li class=\"\" data-start=\"3199\" data-end=\"3231\"><p class=\"\" data-start=\"3201\" data-end=\"3231\">P\u0103l\u0103rie, ochelari de soare \u0219i crem\u0103 de protec\u021bie solar\u0103<\/p><\/li><li class=\"\" data-start=\"3232\" data-end=\"3255\"><p class=\"\" data-start=\"3234\" data-end=\"3255\">Binoclu \u0219i camer\u0103 foto<\/p><\/li><li class=\"\" data-start=\"3256\" data-end=\"3290\"><p class=\"\" data-start=\"3258\" data-end=\"3290\">Baterie extern\u0103 \u0219i adaptor universal<\/p><\/li><\/ul><p class=\"\" data-start=\"3292\" data-end=\"3376\">\ud83d\udc49 <em data-start=\"3295\" data-end=\"3300\">Sfat<\/em>Gen\u021bile de voiaj moi sunt preferate pentru vehiculele mici de safari \u0219i zborurile \u00een tufi\u0219.<\/p><hr class=\"\" data-start=\"3378\" data-end=\"3381\" \/><h2 class=\"\" data-start=\"3383\" data-end=\"3431\">7. <strong data-start=\"3389\" data-end=\"3431\">\u00cen\u021belegerea etichetei \u0219i siguran\u021bei \u00een safari<\/strong><\/h2><p class=\"\" data-start=\"3433\" data-end=\"3489\">Pentru a respecta fauna s\u0103lbatic\u0103 \u0219i ghizii, urma\u021bi aceste reguli:<\/p><ul data-start=\"3491\" data-end=\"3695\"><li class=\"\" data-start=\"3491\" data-end=\"3538\"><p class=\"\" data-start=\"3493\" data-end=\"3538\">R\u0103m\u00e2ne\u021bi \u00een interiorul vehiculului, cu excep\u021bia cazului \u00een care vi se spune altfel<\/p><\/li><li class=\"\" data-start=\"3539\" data-end=\"3583\"><p class=\"\" data-start=\"3541\" data-end=\"3583\">Nu face\u021bi zgomote puternice sau mi\u0219c\u0103ri bru\u0219te<\/p><\/li><li class=\"\" data-start=\"3584\" data-end=\"3625\"><p class=\"\" data-start=\"3586\" data-end=\"3625\">P\u0103stra\u021bi o distan\u021b\u0103 respectuoas\u0103 fa\u021b\u0103 de animale<\/p><\/li><li class=\"\" data-start=\"3626\" data-end=\"3647\"><p class=\"\" data-start=\"3628\" data-end=\"3647\">Nu hr\u0103ni\u021bi niciodat\u0103 animalele s\u0103lbatice<\/p><\/li><li class=\"\" data-start=\"3648\" data-end=\"3695\"><p class=\"\" data-start=\"3650\" data-end=\"3695\">Urma\u021bi instruc\u021biunile ghidului \u00een orice moment<\/p><\/li><\/ul><p class=\"\" data-start=\"3697\" data-end=\"3776\">\ud83d\udc49 <em data-start=\"3700\" data-end=\"3705\">Sfat<\/em>O atitudine respectuoas\u0103 ajut\u0103 la conservarea mediului \u0219i la siguran\u021ba dumneavoastr\u0103.<\/p><hr class=\"\" data-start=\"3778\" data-end=\"3781\" \/><h2 class=\"\" data-start=\"3783\" data-end=\"3831\">8. <strong data-start=\"3789\" data-end=\"3831\">Sensibilitate cultural\u0103 \u0219i obiceiuri locale<\/strong><\/h2><p class=\"\" data-start=\"3833\" data-end=\"3913\">Tanzania este o \u021bar\u0103 divers\u0103, cu peste 120 de grupuri etnice \u0219i tradi\u021bii puternice.<\/p><ul data-start=\"3915\" data-end=\"4074\"><li class=\"\" data-start=\"3915\" data-end=\"3965\"><p class=\"\" data-start=\"3917\" data-end=\"3965\">\u00cembrac\u0103-te modest, mai ales \u00een ora\u0219e \u0219i sate<\/p><\/li><li class=\"\" data-start=\"3966\" data-end=\"4033\"><p class=\"\" data-start=\"3968\" data-end=\"4033\">\u00cenva\u021b\u0103 saluturi swahili de baz\u0103 (de exemplu, <em data-start=\"4005\" data-end=\"4012\">Jambo<\/em>, <em data-start=\"4014\" data-end=\"4022\">Asante<\/em>, <em data-start=\"4024\" data-end=\"4032\">Karibu<\/em>)<\/p><\/li><li class=\"\" data-start=\"4034\" data-end=\"4074\"><p class=\"\" data-start=\"4036\" data-end=\"4074\">\u00centreab\u0103 \u00eentotdeauna \u00eenainte de a fotografia localnicii<\/p><\/li><\/ul><p class=\"\" data-start=\"4076\" data-end=\"4156\">\ud83d\udc49 <em data-start=\"4079\" data-end=\"4084\">Sfat<\/em>Bac\u0219i\u0219ul este a\u0219teptat \u2014 \u00een special pentru ghizi, portari \u0219i personalul cabanei.<\/p><hr class=\"\" data-start=\"4158\" data-end=\"4161\" \/><h2 class=\"\" data-start=\"4163\" data-end=\"4180\">G\u00e2nduri finale<\/h2><p class=\"\" data-start=\"4182\" data-end=\"4427\">Un safari \u00een Tanzania este o experien\u021b\u0103 de neratat, plin\u0103 de animale s\u0103lbatice, aventur\u0103 \u0219i frumuse\u021be natural\u0103. Preg\u0103tindu-te din timp, aleg\u00e2nd momentul \u0219i locurile potrivite \u0219i \u00een\u021beleg\u00e2nd cultura \u0219i logistica, vei profita la maximum de c\u0103l\u0103torie.<\/p><p class=\"\" data-start=\"4429\" data-end=\"4528\"><strong data-start=\"4429\" data-end=\"4445\">Gata de plecare?<\/strong> Rezerv\u0103 cu un operator de safari de \u00eencredere \u0219i preg\u0103te\u0219te-te pentru aventura vie\u021bii tale!<\/p>\t\t\t\t\t\t\t\t<\/div>\n\t\t\t\t<\/div>\n\t\t\t\t\t<\/div>\n\t\t\t\t<\/div>\n\t\t\t\t\t<\/div>\n\t\t\t\t<\/div>\n\t\t\t\t<\/div>","protected":false},"excerpt":{"rendered":"<p>Acas\u0103 \/ Blog Tanzania este una dintre destina\u021biile de top pentru safari din lume, oferind experien\u021be de neuitat cu fauna s\u0103lbatic\u0103 \u00een parcuri precum Serengeti, Craterul Ngorongoro \u0219i Tarangire. Dar \u00eenainte de a v\u0103 face bagajele \u0219i a porni \u00eentr-o aventur\u0103 african\u0103, exist\u0103 c\u00e2teva lucruri importante de re\u021binut. Iat\u0103 o list\u0103 de verificare a aspectelor cheie [\u2026]<\/p>","protected":false},"author":1,"featured_media":0,"parent":0,"menu_order":0,"comment_status":"closed","ping_status":"closed","template":"elementor_canvas","meta":{"footnotes":""},"class_list":["post-10283","page","type-page","status-publish","hentry"],"yoast_head":"<!-- This site is optimized with the Yoast SEO plugin v25.7 - https:\/\/yoast.com\/wordpress\/plugins\/seo\/ -->\n<title>Things to consider before visiting Tanzania for safari - Nurtured Wildlife Safaris<\/title>\n<meta name=\"robots\" content=\"index, follow, max-snippet:-1, max-image-preview:large, max-video-preview:-1\" \/>\n<link rel=\"canonical\" href=\"https:\/\/nurturedwildlife.com\/ro\/lucruri-de-luat-in-considerare-inainte-de-a-vizita-tanzania-pentru-un-safari\/\" \/>\n<meta property=\"og:locale\" content=\"ro_RO\" \/>\n<meta property=\"og:type\" content=\"article\" \/>\n<meta property=\"og:title\" content=\"Things to consider before visiting Tanzania for safari - Nurtured Wildlife Safaris\" \/>\n<meta property=\"og:description\" content=\"Home \/ Blog Tanzania is one of the top safari destinations in the world, offering unforgettable wildlife experiences in parks like the Serengeti, Ngorongoro Crater, and Tarangire. But before you pack your bags and head out on an African adventure, there are a few important things to keep in mind. Here&#8217;s a checklist of key [&hellip;]\" \/>\n<meta property=\"og:url\" content=\"https:\/\/nurturedwildlife.com\/ro\/lucruri-de-luat-in-considerare-inainte-de-a-vizita-tanzania-pentru-un-safari\/\" \/>\n<meta property=\"og:site_name\" content=\"Nurtured Wildlife Safaris\" \/>\n<meta property=\"article:modified_time\" content=\"2025-05-17T14:36:31+00:00\" \/>\n<meta name=\"twitter:card\" content=\"summary_large_image\" \/>\n<meta name=\"twitter:label1\" content=\"Timp estimat pentru citire\" \/>\n\t<meta name=\"twitter:data1\" content=\"5 minute\" \/>\n<script type=\"application\/ld+json\" class=\"yoast-schema-graph\">{\"@context\":\"https:\/\/schema.org\",\"@graph\":[{\"@type\":\"WebPage\",\"@id\":\"https:\/\/nurturedwildlife.com\/things-to-consider-before-visiting-tanzania-for-safari\/\",\"url\":\"https:\/\/nurturedwildlife.com\/things-to-consider-before-visiting-tanzania-for-safari\/\",\"name\":\"Things to consider before visiting Tanzania for safari - Nurtured Wildlife Safaris\",\"isPartOf\":{\"@id\":\"https:\/\/nurturedwildlife.com\/#website\"},\"datePublished\":\"2025-05-17T14:35:09+00:00\",\"dateModified\":\"2025-05-17T14:36:31+00:00\",\"breadcrumb\":{\"@id\":\"https:\/\/nurturedwildlife.com\/things-to-consider-before-visiting-tanzania-for-safari\/#breadcrumb\"},\"inLanguage\":\"ro-RO\",\"potentialAction\":[{\"@type\":\"ReadAction\",\"target\":[\"https:\/\/nurturedwildlife.com\/things-to-consider-before-visiting-tanzania-for-safari\/\"]}]},{\"@type\":\"BreadcrumbList\",\"@id\":\"https:\/\/nurturedwildlife.com\/things-to-consider-before-visiting-tanzania-for-safari\/#breadcrumb\",\"itemListElement\":[{\"@type\":\"ListItem\",\"position\":1,\"name\":\"Home\",\"item\":\"https:\/\/nurturedwildlife.com\/\"},{\"@type\":\"ListItem\",\"position\":2,\"name\":\"Things to consider before visiting Tanzania for safari\"}]},{\"@type\":\"WebSite\",\"@id\":\"https:\/\/nurturedwildlife.com\/#website\",\"url\":\"https:\/\/nurturedwildlife.com\/\",\"name\":\"Nurtured Wildlife Safaris\",\"description\":\"Tanzania Unforgettable\",\"publisher\":{\"@id\":\"https:\/\/nurturedwildlife.com\/#organization\"},\"potentialAction\":[{\"@type\":\"SearchAction\",\"target\":{\"@type\":\"EntryPoint\",\"urlTemplate\":\"https:\/\/nurturedwildlife.com\/?s={search_term_string}\"},\"query-input\":{\"@type\":\"PropertyValueSpecification\",\"valueRequired\":true,\"valueName\":\"search_term_string\"}}],\"inLanguage\":\"ro-RO\"},{\"@type\":\"Organization\",\"@id\":\"https:\/\/nurturedwildlife.com\/#organization\",\"name\":\"Nurtured Wildlife Safaris\",\"url\":\"https:\/\/nurturedwildlife.com\/\",\"logo\":{\"@type\":\"ImageObject\",\"inLanguage\":\"ro-RO\",\"@id\":\"https:\/\/nurturedwildlife.com\/#\/schema\/logo\/image\/\",\"url\":\"https:\/\/nurturedwildlife.com\/wp-content\/uploads\/2023\/12\/nurtured-png.png\",\"contentUrl\":\"https:\/\/nurturedwildlife.com\/wp-content\/uploads\/2023\/12\/nurtured-png.png\",\"width\":4641,\"height\":1704,\"caption\":\"Nurtured Wildlife Safaris\"},\"image\":{\"@id\":\"https:\/\/nurturedwildlife.com\/#\/schema\/logo\/image\/\"}}]}<\/script>\n<!-- \/ Yoast SEO plugin. -->","yoast_head_json":{"title":"Lucruri de luat \u00een considerare \u00eenainte de a vizita Tanzania pentru un safari - Nurtured Wildlife Safaris","robots":{"index":"index","follow":"follow","max-snippet":"max-snippet:-1","max-image-preview":"max-image-preview:large","max-video-preview":"max-video-preview:-1"},"canonical":"https:\/\/nurturedwildlife.com\/ro\/lucruri-de-luat-in-considerare-inainte-de-a-vizita-tanzania-pentru-un-safari\/","og_locale":"ro_RO","og_type":"article","og_title":"Things to consider before visiting Tanzania for safari - Nurtured Wildlife Safaris","og_description":"Home \/ Blog Tanzania is one of the top safari destinations in the world, offering unforgettable wildlife experiences in parks like the Serengeti, Ngorongoro Crater, and Tarangire. But before you pack your bags and head out on an African adventure, there are a few important things to keep in mind. Here&#8217;s a checklist of key [&hellip;]","og_url":"https:\/\/nurturedwildlife.com\/ro\/lucruri-de-luat-in-considerare-inainte-de-a-vizita-tanzania-pentru-un-safari\/","og_site_name":"Nurtured Wildlife Safaris","article_modified_time":"2025-05-17T14:36:31+00:00","twitter_card":"summary_large_image","twitter_misc":{"Timp estimat pentru citire":"5 minute"},"schema":{"@context":"https:\/\/schema.org","@graph":[{"@type":"WebPage","@id":"https:\/\/nurturedwildlife.com\/things-to-consider-before-visiting-tanzania-for-safari\/","url":"https:\/\/nurturedwildlife.com\/things-to-consider-before-visiting-tanzania-for-safari\/","name":"Lucruri de luat \u00een considerare \u00eenainte de a vizita Tanzania pentru un safari - Nurtured Wildlife Safaris","isPartOf":{"@id":"https:\/\/nurturedwildlife.com\/#website"},"datePublished":"2025-05-17T14:35:09+00:00","dateModified":"2025-05-17T14:36:31+00:00","breadcrumb":{"@id":"https:\/\/nurturedwildlife.com\/things-to-consider-before-visiting-tanzania-for-safari\/#breadcrumb"},"inLanguage":"ro-RO","potentialAction":[{"@type":"ReadAction","target":["https:\/\/nurturedwildlife.com\/things-to-consider-before-visiting-tanzania-for-safari\/"]}]},{"@type":"BreadcrumbList","@id":"https:\/\/nurturedwildlife.com\/things-to-consider-before-visiting-tanzania-for-safari\/#breadcrumb","itemListElement":[{"@type":"ListItem","position":1,"name":"Home","item":"https:\/\/nurturedwildlife.com\/"},{"@type":"ListItem","position":2,"name":"Things to consider before visiting Tanzania for safari"}]},{"@type":"WebSite","@id":"https:\/\/nurturedwildlife.com\/#website","url":"https:\/\/nurturedwildlife.com\/","name":"Safari cu animale s\u0103lbatice hr\u0103nite","description":"Tanzania de neuitat","publisher":{"@id":"https:\/\/nurturedwildlife.com\/#organization"},"potentialAction":[{"@type":"SearchAction","target":{"@type":"EntryPoint","urlTemplate":"https:\/\/nurturedwildlife.com\/?s={search_term_string}"},"query-input":{"@type":"PropertyValueSpecification","valueRequired":true,"valueName":"search_term_string"}}],"inLanguage":"ro-RO"},{"@type":"Organization","@id":"https:\/\/nurturedwildlife.com\/#organization","name":"Safari cu animale s\u0103lbatice hr\u0103nite","url":"https:\/\/nurturedwildlife.com\/","logo":{"@type":"ImageObject","inLanguage":"ro-RO","@id":"https:\/\/nurturedwildlife.com\/#\/schema\/logo\/image\/","url":"https:\/\/nurturedwildlife.com\/wp-content\/uploads\/2023\/12\/nurtured-png.png","contentUrl":"https:\/\/nurturedwildlife.com\/wp-content\/uploads\/2023\/12\/nurtured-png.png","width":4641,"height":1704,"caption":"Nurtured Wildlife Safaris"},"image":{"@id":"https:\/\/nurturedwildlife.com\/#\/schema\/logo\/image\/"}}]}},"_links":{"self":[{"href":"https:\/\/nurturedwildlife.com\/ro\/wp-json\/wp\/v2\/pages\/10283","targetHints":{"allow":["GET"]}}],"collection":[{"href":"https:\/\/nurturedwildlife.com\/ro\/wp-json\/wp\/v2\/pages"}],"about":[{"href":"https:\/\/nurturedwildlife.com\/ro\/wp-json\/wp\/v2\/types\/page"}],"author":[{"embeddable":true,"href":"https:\/\/nurturedwildlife.com\/ro\/wp-json\/wp\/v2\/users\/1"}],"replies":[{"embeddable":true,"href":"https:\/\/nurturedwildlife.com\/ro\/wp-json\/wp\/v2\/comments?post=10283"}],"version-history":[{"count":5,"href":"https:\/\/nurturedwildlife.com\/ro\/wp-json\/wp\/v2\/pages\/10283\/revisions"}],"predecessor-version":[{"id":10289,"href":"https:\/\/nurturedwildlife.com\/ro\/wp-json\/wp\/v2\/pages\/10283\/revisions\/10289"}],"wp:attachment":[{"href":"https:\/\/nurturedwildlife.com\/ro\/wp-json\/wp\/v2\/media?parent=10283"}],"curies":[{"name":"wp","href":"https:\/\/api.w.org\/{rel}","templated":true}]}}