{"id":10275,"date":"2025-05-17T14:24:42","date_gmt":"2025-05-17T14:24:42","guid":{"rendered":"https:\/\/nurturedwildlife.com\/?page_id=10275"},"modified":"2025-05-17T14:26:46","modified_gmt":"2025-05-17T14:26:46","slug":"sfaturi-pentru-escaladarea-kilimanjaro","status":"publish","type":"page","link":"https:\/\/nurturedwildlife.com\/ro\/sfaturi-pentru-escaladarea-kilimanjaro\/","title":{"rendered":"sfaturi pentru escaladarea Kilimanjaro"},"content":{"rendered":"<div data-elementor-type=\"wp-page\" data-elementor-id=\"10275\" class=\"elementor elementor-10275\" data-elementor-post-type=\"page\">\n\t\t\t\t<div class=\"elementor-element elementor-element-e00a70f e-con-full e-flex e-con e-parent\" data-id=\"e00a70f\" data-element_type=\"container\" data-e-type=\"container\" data-settings=\"{&quot;background_background&quot;:&quot;classic&quot;}\">\n\t\t<div class=\"elementor-element elementor-element-4f28cb66 e-con-full e-flex e-con e-child\" data-id=\"4f28cb66\" data-element_type=\"container\" data-e-type=\"container\" data-settings=\"{&quot;background_background&quot;:&quot;classic&quot;}\">\n\t\t\t\t<div class=\"elementor-element elementor-element-770fe869 elementor-widget elementor-widget-text-editor\" data-id=\"770fe869\" data-element_type=\"widget\" data-e-type=\"widget\" data-widget_type=\"text-editor.default\">\n\t\t\t\t<div class=\"elementor-widget-container\">\n\t\t\t\t\t\t\t\t\t<p><a href=\"#\">Acas\u0103<\/a> \/ Blog<\/p>\t\t\t\t\t\t\t\t<\/div>\n\t\t\t\t<\/div>\n\t\t\t\t<\/div>\n\t\t\t\t<\/div>\n\t\t<div class=\"elementor-element elementor-element-3f9f40b e-flex e-con-boxed e-con e-parent\" data-id=\"3f9f40b\" data-element_type=\"container\" data-e-type=\"container\">\n\t\t\t\t\t<div class=\"e-con-inner\">\n\t\t<div class=\"elementor-element elementor-element-5a9f91e3 e-flex e-con-boxed e-con e-child\" data-id=\"5a9f91e3\" data-element_type=\"container\" data-e-type=\"container\" data-settings=\"{&quot;background_background&quot;:&quot;classic&quot;}\">\n\t\t\t\t\t<div class=\"e-con-inner\">\n\t\t\t\t<div class=\"elementor-element elementor-element-bdbea60 elementor-widget elementor-widget-text-editor\" data-id=\"bdbea60\" data-element_type=\"widget\" data-e-type=\"widget\" data-widget_type=\"text-editor.default\">\n\t\t\t\t<div class=\"elementor-widget-container\">\n\t\t\t\t\t\t\t\t\t<p class=\"\" data-start=\"237\" data-end=\"493\">Alpinism <strong data-start=\"246\" data-end=\"267\">Muntele Kilimanjaro<\/strong>, cel mai \u00eenalt v\u00e2rf al Africii (5.895 m), este o aventur\u0103 unic\u0103 \u00een via\u021b\u0103. Indiferent dac\u0103 e\u0219ti un drume\u021b \u00eencep\u0103tor sau un excursionist experimentat, preg\u0103tirea adecvat\u0103 poate face diferen\u021ba \u00eentre a ajunge pe v\u00e2rf sau a te \u00eentoarce.<\/p><p class=\"\" data-start=\"495\" data-end=\"615\">Pentru a v\u0103 ajuta s\u0103 cuceri\u021bi \u201cAcoperi\u0219ul Africii\u201d, iat\u0103... <strong data-start=\"550\" data-end=\"583\">sfaturi de top pentru escaladarea Kilimanjaro<\/strong> pe care orice drume\u021b ar trebui s\u0103 le \u0219tie.<\/p><hr class=\"\" data-start=\"617\" data-end=\"620\" \/><h2 class=\"\" data-start=\"622\" data-end=\"662\">1. <strong data-start=\"628\" data-end=\"662\">Alege\u021bi ruta potrivit\u0103 pentru dvs.<\/strong><\/h2><p class=\"\" data-start=\"664\" data-end=\"770\">Exist\u0103 mai multe rute c\u0103tre v\u00e2rf, fiecare cu peisaje, niveluri de dificultate \u0219i rate de succes diferite.<\/p><ul data-start=\"772\" data-end=\"1058\"><li class=\"\" data-start=\"772\" data-end=\"826\"><p class=\"\" data-start=\"774\" data-end=\"826\"><strong data-start=\"774\" data-end=\"800\">Ruta Machame (7 zile)<\/strong> \u2013 Cele mai populare \u0219i pitore\u0219ti<\/p><\/li><li class=\"\" data-start=\"827\" data-end=\"902\"><p class=\"\" data-start=\"829\" data-end=\"902\"><strong data-start=\"829\" data-end=\"855\">Ruta Lemosho (8 zile)<\/strong> \u2013 Excelent pentru aclimatizare \u0219i priveli\u0219ti uimitoare<\/p><\/li><li class=\"\" data-start=\"903\" data-end=\"980\"><p class=\"\" data-start=\"905\" data-end=\"980\"><strong data-start=\"905\" data-end=\"933\">Ruta Marangu (5\u20136 zile)<\/strong> \u2013 Traseul \u201cCoca-Cola\u201d cu cazare la caban\u0103<\/p><\/li><li class=\"\" data-start=\"981\" data-end=\"1058\"><p class=\"\" data-start=\"983\" data-end=\"1058\"><strong data-start=\"983\" data-end=\"1010\">Ruta Rongai (6\u20137 zile)<\/strong> \u2013 Mai lini\u0219tit \u0219i mai uscat, apropiindu-se dinspre nord<\/p><\/li><\/ul><p class=\"\" data-start=\"1060\" data-end=\"1145\">\ud83d\udc49 <em data-start=\"1063\" data-end=\"1068\">Sfat<\/em>Traseele mai lungi ofer\u0103 o aclimatizare mai bun\u0103 \u0219i rate mai mari de succes la escaladarea v\u00e2rfurilor.<\/p><hr class=\"\" data-start=\"1147\" data-end=\"1150\" \/><h2 class=\"\" data-start=\"1152\" data-end=\"1207\">2. <strong data-start=\"1158\" data-end=\"1207\">Aclimatiza\u021bi-v\u0103 lent pentru a evita r\u0103ul de altitudine<\/strong><\/h2><p class=\"\" data-start=\"1209\" data-end=\"1312\">R\u0103ul de altitudine este cea mai mare provocare de pe Kilimanjaro. Mersul \u00eencet ofer\u0103 corpului t\u0103u timp s\u0103 se adapteze.<\/p><ul data-start=\"1314\" data-end=\"1486\"><li class=\"\" data-start=\"1314\" data-end=\"1360\"><p class=\"\" data-start=\"1316\" data-end=\"1360\">Urma\u021bi regula: <strong data-start=\"1333\" data-end=\"1360\">\u201cUrc\u0103 sus, dormi jos\u201d<\/strong><\/p><\/li><li class=\"\" data-start=\"1361\" data-end=\"1405\"><p class=\"\" data-start=\"1363\" data-end=\"1405\">Alege\u021bi drume\u021bii care sunt <strong data-start=\"1385\" data-end=\"1405\">7 zile sau mai mult<\/strong><\/p><\/li><li class=\"\" data-start=\"1406\" data-end=\"1486\"><p class=\"\" data-start=\"1408\" data-end=\"1486\">Comunica\u021bi cu ghidul dumneavoastr\u0103 dac\u0103 sim\u021bi\u021bi simptome (dureri de cap, grea\u021b\u0103, ame\u021beli)<\/p><\/li><\/ul><p class=\"\" data-start=\"1488\" data-end=\"1556\">\ud83d\udc49 <em data-start=\"1491\" data-end=\"1496\">Sfat<\/em>Merge\u021bi la un \u201cst\u00e2lp de st\u00e2lp\u201d (\u00een swahili se refer\u0103 la <em data-start=\"1533\" data-end=\"1549\">\u00eencet, \u00eencet<\/em>) ritm.<\/p><hr class=\"\" data-start=\"1558\" data-end=\"1561\" \/><h2 class=\"\" data-start=\"1563\" data-end=\"1592\">3. <strong data-start=\"1569\" data-end=\"1592\">Antreneaz\u0103-te pentru ascensiune<\/strong><\/h2><p class=\"\" data-start=\"1594\" data-end=\"1682\">De\u0219i Kilimanjaro nu necesit\u0103 alpinism tehnic, este o provocare fizic\u0103 serioas\u0103.<\/p><ul data-start=\"1684\" data-end=\"1846\"><li class=\"\" data-start=\"1684\" data-end=\"1726\"><p class=\"\" data-start=\"1686\" data-end=\"1726\"><strong data-start=\"1686\" data-end=\"1726\">\u00cencepe\u021bi antrenamentul cu 2-3 luni \u00eenainte<\/strong><\/p><\/li><li class=\"\" data-start=\"1727\" data-end=\"1786\"><p class=\"\" data-start=\"1729\" data-end=\"1786\">Se concentreze pe <strong data-start=\"1738\" data-end=\"1786\">cardio, exerci\u021bii de for\u021b\u0103 \u0219i drume\u021bii cu rucsacul \u00een spate<\/strong><\/p><\/li><li class=\"\" data-start=\"1787\" data-end=\"1846\"><p class=\"\" data-start=\"1789\" data-end=\"1846\">Practica <strong data-start=\"1798\" data-end=\"1833\">plimb\u0103ri lungi sau drume\u021bii la altitudine<\/strong>, dac\u0103 este posibil<\/p><\/li><\/ul><p class=\"\" data-start=\"1848\" data-end=\"1949\">\ud83d\udc49 <em data-start=\"1851\" data-end=\"1856\">Sfat<\/em>Include\u021bi urcatul sc\u0103rilor, mersul \u00eenclinat pe banda de alergare \u0219i antrenamentul de rezisten\u021b\u0103 \u00een antrenamentele dumneavoastr\u0103.<\/p><hr class=\"\" data-start=\"1951\" data-end=\"1954\" \/><h2 class=\"\" data-start=\"1956\" data-end=\"1985\">4. <strong data-start=\"1962\" data-end=\"1985\">\u00cempacheta\u021bi echipamentul potrivit<\/strong><\/h2><p class=\"\" data-start=\"1987\" data-end=\"2107\">Echipamentul potrivit poate face experien\u021ba ta s\u0103 fie una decisiv\u0103 sau una negativ\u0103. Vremea pe Kilimanjaro se poate schimba de la c\u0103ldur\u0103 tropical\u0103 la ger \u00eenghe\u021bat.<\/p><p class=\"\" data-start=\"2109\" data-end=\"2124\"><strong data-start=\"2109\" data-end=\"2123\">Articole esen\u021biale<\/strong>:<\/p><ul data-start=\"2125\" data-end=\"2348\"><li class=\"\" data-start=\"2125\" data-end=\"2201\"><p class=\"\" data-start=\"2127\" data-end=\"2201\">Bun <strong data-start=\"2132\" data-end=\"2159\">sistem de \u00eembr\u0103c\u0103minte stratificat<\/strong> (straturi de baz\u0103, izolatoare \u0219i impermeabile)<\/p><\/li><li class=\"\" data-start=\"2202\" data-end=\"2251\"><p class=\"\" data-start=\"2204\" data-end=\"2251\">Cald <strong data-start=\"2209\" data-end=\"2225\">sac de dormit<\/strong> (evaluat p\u00e2n\u0103 la -10\u00b0C sau mai pu\u021bin)<\/p><\/li><li class=\"\" data-start=\"2252\" data-end=\"2287\"><p class=\"\" data-start=\"2254\" data-end=\"2287\"><strong data-start=\"2254\" data-end=\"2270\">bocanci de drume\u021bie<\/strong> (bine rodat)<\/p><\/li><li class=\"\" data-start=\"2288\" data-end=\"2348\"><p class=\"\" data-start=\"2290\" data-end=\"2348\"><strong data-start=\"2290\" data-end=\"2302\">Lantern\u0103 frontal\u0103<\/strong>, <strong data-start=\"2304\" data-end=\"2322\">be\u021be de trekking<\/strong>, \u0219i <strong data-start=\"2328\" data-end=\"2348\">sistem de hidratare<\/strong><\/p><\/li><\/ul><p class=\"\" data-start=\"2350\" data-end=\"2440\">\ud83d\udc49 <em data-start=\"2353\" data-end=\"2358\">Sfat<\/em>Nu \u00eempacheta\u021bi prea mult, dar nu face\u021bi rabat nici la lucrurile esen\u021biale - \u00een special la hainele groase.<\/p><hr class=\"\" data-start=\"2442\" data-end=\"2445\" \/><h2 class=\"\" data-start=\"2447\" data-end=\"2483\">5. <strong data-start=\"2453\" data-end=\"2483\">Men\u021bine\u021bi-v\u0103 hidrata\u021bi \u0219i m\u00e2nca\u021bi s\u0103n\u0103tos<\/strong><\/h2><p class=\"\" data-start=\"2485\" data-end=\"2583\">Ascensiunile pe Kilimanjaro ard multe calorii, iar deshidratarea cre\u0219te riscul de r\u0103u de altitudine.<\/p><ul data-start=\"2585\" data-end=\"2744\"><li class=\"\" data-start=\"2585\" data-end=\"2631\"><p class=\"\" data-start=\"2587\" data-end=\"2631\">Bea <strong data-start=\"2593\" data-end=\"2631\">cel pu\u021bin 3-4 litri de ap\u0103 zilnic<\/strong><\/p><\/li><li class=\"\" data-start=\"2632\" data-end=\"2683\"><p class=\"\" data-start=\"2634\" data-end=\"2683\">Aduce <strong data-start=\"2640\" data-end=\"2663\">tablete de electroli\u021bi<\/strong> pentru hidratare suplimentar\u0103<\/p><\/li><li class=\"\" data-start=\"2684\" data-end=\"2744\"><p class=\"\" data-start=\"2686\" data-end=\"2744\">M\u0103n\u00e2nc\u0103 fiecare mas\u0103 \u2014 chiar dac\u0103 nu \u021bi se face foame la altitudine<\/p><\/li><\/ul><p class=\"\" data-start=\"2746\" data-end=\"2828\">\ud83d\udc49 <em data-start=\"2749\" data-end=\"2754\">Sfat<\/em>Adu gust\u0103rile tale energizante preferate, cum ar fi nuci, batoane granola sau ciocolat\u0103.<\/p><hr class=\"\" data-start=\"2830\" data-end=\"2833\" \/><h2 class=\"\" data-start=\"2835\" data-end=\"2874\">6. <strong data-start=\"2841\" data-end=\"2874\">Ai \u00eencredere \u00een ghizi \u0219i portari<\/strong><\/h2><p class=\"\" data-start=\"2876\" data-end=\"2958\">Echipa ta montan\u0103 este acolo pentru a te sprijini, a-\u021bi monitoriza s\u0103n\u0103tatea \u0219i a te \u00eencuraja.<\/p><ul data-start=\"2960\" data-end=\"3114\"><li class=\"\" data-start=\"2960\" data-end=\"3024\"><p class=\"\" data-start=\"2962\" data-end=\"3024\">Pune \u00eentreb\u0103ri, urmeaz\u0103 ritmul lor \u0219i respect\u0103 experien\u021ba lor<\/p><\/li><li class=\"\" data-start=\"3025\" data-end=\"3114\"><p class=\"\" data-start=\"3027\" data-end=\"3114\">\u00cenva\u021b\u0103 c\u00e2teva expresii swahili de baz\u0103 pentru a te conecta cu echipa ta (de exemplu, <em data-start=\"3093\" data-end=\"3101\">Jambo!<\/em> pentru \u201csalut\u201d)<\/p><\/li><\/ul><p class=\"\" data-start=\"3116\" data-end=\"3189\">\ud83d\udc49 <em data-start=\"3119\" data-end=\"3124\">Sfat<\/em>Bac\u0219i\u0219ul este obi\u0219nuit \u2014 verifica\u021bi instruc\u021biunile cu operatorul.<\/p><hr class=\"\" data-start=\"3191\" data-end=\"3194\" \/><h2 class=\"\" data-start=\"3196\" data-end=\"3239\">7. <strong data-start=\"3202\" data-end=\"3239\">R\u0103m\u00e2i pozitiv \u0219i puternic mental<\/strong><\/h2><p class=\"\" data-start=\"3241\" data-end=\"3365\">Urcarea pe v\u00e2rf este dificil\u0103 - mai ales noaptea, c\u00e2nd porne\u0219ti pe \u00eentuneric \u0219i mergi timp de 6-8 ore pentru a ajunge la V\u00e2rful Uhuru.<\/p><ul data-start=\"3367\" data-end=\"3506\"><li class=\"\" data-start=\"3367\" data-end=\"3403\"><p class=\"\" data-start=\"3369\" data-end=\"3403\">Preg\u0103te\u0219te-te mental pentru provocare<\/p><\/li><li class=\"\" data-start=\"3404\" data-end=\"3464\"><p class=\"\" data-start=\"3406\" data-end=\"3464\">P\u0103stra\u021bi o <strong data-start=\"3413\" data-end=\"3434\">atitudine pozitiv\u0103<\/strong>, \u0219i ia-l <strong data-start=\"3448\" data-end=\"3464\">pas cu pas<\/strong><\/p><\/li><li class=\"\" data-start=\"3465\" data-end=\"3506\"><p class=\"\" data-start=\"3467\" data-end=\"3506\">S\u0103rb\u0103tore\u0219te fiecare etap\u0103 important\u0103 de pe parcurs<\/p><\/li><\/ul><p class=\"\" data-start=\"3508\" data-end=\"3610\">\ud83d\udc49 <em data-start=\"3511\" data-end=\"3516\">Sfat<\/em>Aminte\u0219te-\u021bi \u201cde ce\u201d-ul t\u0103u - fie c\u0103 este vorba de un obiectiv personal, un vis de pe lista de dorin\u021be sau o ascensiune \u00eentr-un proiect caritabil.<\/p><hr class=\"\" data-start=\"3612\" data-end=\"3615\" \/><h2 class=\"\" data-start=\"3617\" data-end=\"3631\">Cuvinte finale<\/h2><p class=\"\" data-start=\"3633\" data-end=\"3871\">Urcarea pe Muntele Kilimanjaro este un test de rezisten\u021b\u0103, r\u0103bdare \u0219i spirit - dar este... <strong data-start=\"3716\" data-end=\"3730\">realizabil<\/strong> cu mentalitatea \u0219i preg\u0103tirea potrivite. Momentul \u00een care stai pe v\u00e2rful Uhuru, privind r\u0103s\u0103ritul soarelui peste Africa, este unul pe care nu-l vei uita niciodat\u0103.<\/p><p class=\"\" data-start=\"3873\" data-end=\"4015\"><strong data-start=\"3873\" data-end=\"3906\">Gata s\u0103 faci primul pas?<\/strong> \u00cencepe antrenamentul, g\u0103se\u0219te un tour operator reputat \u0219i preg\u0103te\u0219te-te pentru una dintre cele mai mari aventuri din via\u021ba ta.<\/p>\t\t\t\t\t\t\t\t<\/div>\n\t\t\t\t<\/div>\n\t\t\t\t\t<\/div>\n\t\t\t\t<\/div>\n\t\t\t\t\t<\/div>\n\t\t\t\t<\/div>\n\t\t\t\t<\/div>","protected":false},"excerpt":{"rendered":"<p>Acas\u0103 \/ Blog Ascensiunea pe Muntele Kilimanjaro, cel mai \u00eenalt v\u00e2rf al Africii (5.895 m), este o aventur\u0103 unic\u0103 \u00een via\u021b\u0103. Indiferent dac\u0103 e\u0219ti un drume\u021b \u00eencep\u0103tor sau un drume\u021b experimentat, o preg\u0103tire adecvat\u0103 poate face diferen\u021ba \u00eentre a ajunge pe v\u00e2rf sau a te \u00eentoarce. Pentru a te ajuta s\u0103 cucere\u0219ti \u201cAcoperi\u0219ul Africii\u201d, iat\u0103 sfaturile de top pentru escaladarea Kilimanjaro pe care fiecare drume\u021b ar trebui s\u0103 le [\u2026]<\/p>","protected":false},"author":1,"featured_media":0,"parent":0,"menu_order":0,"comment_status":"closed","ping_status":"closed","template":"elementor_canvas","meta":{"footnotes":""},"class_list":["post-10275","page","type-page","status-publish","hentry"],"yoast_head":"<!-- This site is optimized with the Yoast SEO plugin v25.7 - https:\/\/yoast.com\/wordpress\/plugins\/seo\/ -->\n<title>kilimanjaro climbing tips - Nurtured Wildlife Safaris<\/title>\n<meta name=\"robots\" content=\"index, follow, max-snippet:-1, max-image-preview:large, max-video-preview:-1\" \/>\n<link rel=\"canonical\" href=\"https:\/\/nurturedwildlife.com\/ro\/sfaturi-pentru-escaladarea-kilimanjaro\/\" \/>\n<meta property=\"og:locale\" content=\"ro_RO\" \/>\n<meta property=\"og:type\" content=\"article\" \/>\n<meta property=\"og:title\" content=\"kilimanjaro climbing tips - Nurtured Wildlife Safaris\" \/>\n<meta property=\"og:description\" content=\"Home \/ Blog Climbing Mount Kilimanjaro, Africa\u2019s highest peak (5,895m\/19,341ft), is a once-in-a-lifetime adventure. Whether you\u2019re a first-time trekker or an experienced hiker, proper preparation can make the difference between reaching the summit or turning back. To help you conquer the &#8220;Roof of Africa,&#8221; here are the top Kilimanjaro climbing tips that every trekker should [&hellip;]\" \/>\n<meta property=\"og:url\" content=\"https:\/\/nurturedwildlife.com\/ro\/sfaturi-pentru-escaladarea-kilimanjaro\/\" \/>\n<meta property=\"og:site_name\" content=\"Nurtured Wildlife Safaris\" \/>\n<meta property=\"article:modified_time\" content=\"2025-05-17T14:26:46+00:00\" \/>\n<meta name=\"twitter:card\" content=\"summary_large_image\" \/>\n<meta name=\"twitter:label1\" content=\"Timp estimat pentru citire\" \/>\n\t<meta name=\"twitter:data1\" content=\"4 minute\" \/>\n<script type=\"application\/ld+json\" class=\"yoast-schema-graph\">{\"@context\":\"https:\/\/schema.org\",\"@graph\":[{\"@type\":\"WebPage\",\"@id\":\"https:\/\/nurturedwildlife.com\/kilimanjaro-climbing-tips\/\",\"url\":\"https:\/\/nurturedwildlife.com\/kilimanjaro-climbing-tips\/\",\"name\":\"kilimanjaro climbing tips - Nurtured Wildlife Safaris\",\"isPartOf\":{\"@id\":\"https:\/\/nurturedwildlife.com\/#website\"},\"datePublished\":\"2025-05-17T14:24:42+00:00\",\"dateModified\":\"2025-05-17T14:26:46+00:00\",\"breadcrumb\":{\"@id\":\"https:\/\/nurturedwildlife.com\/kilimanjaro-climbing-tips\/#breadcrumb\"},\"inLanguage\":\"ro-RO\",\"potentialAction\":[{\"@type\":\"ReadAction\",\"target\":[\"https:\/\/nurturedwildlife.com\/kilimanjaro-climbing-tips\/\"]}]},{\"@type\":\"BreadcrumbList\",\"@id\":\"https:\/\/nurturedwildlife.com\/kilimanjaro-climbing-tips\/#breadcrumb\",\"itemListElement\":[{\"@type\":\"ListItem\",\"position\":1,\"name\":\"Home\",\"item\":\"https:\/\/nurturedwildlife.com\/\"},{\"@type\":\"ListItem\",\"position\":2,\"name\":\"kilimanjaro climbing tips\"}]},{\"@type\":\"WebSite\",\"@id\":\"https:\/\/nurturedwildlife.com\/#website\",\"url\":\"https:\/\/nurturedwildlife.com\/\",\"name\":\"Nurtured Wildlife Safaris\",\"description\":\"Tanzania Unforgettable\",\"publisher\":{\"@id\":\"https:\/\/nurturedwildlife.com\/#organization\"},\"potentialAction\":[{\"@type\":\"SearchAction\",\"target\":{\"@type\":\"EntryPoint\",\"urlTemplate\":\"https:\/\/nurturedwildlife.com\/?s={search_term_string}\"},\"query-input\":{\"@type\":\"PropertyValueSpecification\",\"valueRequired\":true,\"valueName\":\"search_term_string\"}}],\"inLanguage\":\"ro-RO\"},{\"@type\":\"Organization\",\"@id\":\"https:\/\/nurturedwildlife.com\/#organization\",\"name\":\"Nurtured Wildlife Safaris\",\"url\":\"https:\/\/nurturedwildlife.com\/\",\"logo\":{\"@type\":\"ImageObject\",\"inLanguage\":\"ro-RO\",\"@id\":\"https:\/\/nurturedwildlife.com\/#\/schema\/logo\/image\/\",\"url\":\"https:\/\/nurturedwildlife.com\/wp-content\/uploads\/2023\/12\/nurtured-png.png\",\"contentUrl\":\"https:\/\/nurturedwildlife.com\/wp-content\/uploads\/2023\/12\/nurtured-png.png\",\"width\":4641,\"height\":1704,\"caption\":\"Nurtured Wildlife Safaris\"},\"image\":{\"@id\":\"https:\/\/nurturedwildlife.com\/#\/schema\/logo\/image\/\"}}]}<\/script>\n<!-- \/ Yoast SEO plugin. -->","yoast_head_json":{"title":"sfaturi pentru escaladarea Kilimanjaro - Safari cu animale s\u0103lbatice hr\u0103nite","robots":{"index":"index","follow":"follow","max-snippet":"max-snippet:-1","max-image-preview":"max-image-preview:large","max-video-preview":"max-video-preview:-1"},"canonical":"https:\/\/nurturedwildlife.com\/ro\/sfaturi-pentru-escaladarea-kilimanjaro\/","og_locale":"ro_RO","og_type":"article","og_title":"kilimanjaro climbing tips - Nurtured Wildlife Safaris","og_description":"Home \/ Blog Climbing Mount Kilimanjaro, Africa\u2019s highest peak (5,895m\/19,341ft), is a once-in-a-lifetime adventure. Whether you\u2019re a first-time trekker or an experienced hiker, proper preparation can make the difference between reaching the summit or turning back. To help you conquer the &#8220;Roof of Africa,&#8221; here are the top Kilimanjaro climbing tips that every trekker should [&hellip;]","og_url":"https:\/\/nurturedwildlife.com\/ro\/sfaturi-pentru-escaladarea-kilimanjaro\/","og_site_name":"Nurtured Wildlife Safaris","article_modified_time":"2025-05-17T14:26:46+00:00","twitter_card":"summary_large_image","twitter_misc":{"Timp estimat pentru citire":"4 minute"},"schema":{"@context":"https:\/\/schema.org","@graph":[{"@type":"WebPage","@id":"https:\/\/nurturedwildlife.com\/kilimanjaro-climbing-tips\/","url":"https:\/\/nurturedwildlife.com\/kilimanjaro-climbing-tips\/","name":"sfaturi pentru escaladarea Kilimanjaro - Safari cu animale s\u0103lbatice hr\u0103nite","isPartOf":{"@id":"https:\/\/nurturedwildlife.com\/#website"},"datePublished":"2025-05-17T14:24:42+00:00","dateModified":"2025-05-17T14:26:46+00:00","breadcrumb":{"@id":"https:\/\/nurturedwildlife.com\/kilimanjaro-climbing-tips\/#breadcrumb"},"inLanguage":"ro-RO","potentialAction":[{"@type":"ReadAction","target":["https:\/\/nurturedwildlife.com\/kilimanjaro-climbing-tips\/"]}]},{"@type":"BreadcrumbList","@id":"https:\/\/nurturedwildlife.com\/kilimanjaro-climbing-tips\/#breadcrumb","itemListElement":[{"@type":"ListItem","position":1,"name":"Home","item":"https:\/\/nurturedwildlife.com\/"},{"@type":"ListItem","position":2,"name":"kilimanjaro climbing tips"}]},{"@type":"WebSite","@id":"https:\/\/nurturedwildlife.com\/#website","url":"https:\/\/nurturedwildlife.com\/","name":"Safari cu animale s\u0103lbatice hr\u0103nite","description":"Tanzania de neuitat","publisher":{"@id":"https:\/\/nurturedwildlife.com\/#organization"},"potentialAction":[{"@type":"SearchAction","target":{"@type":"EntryPoint","urlTemplate":"https:\/\/nurturedwildlife.com\/?s={search_term_string}"},"query-input":{"@type":"PropertyValueSpecification","valueRequired":true,"valueName":"search_term_string"}}],"inLanguage":"ro-RO"},{"@type":"Organization","@id":"https:\/\/nurturedwildlife.com\/#organization","name":"Safari cu animale s\u0103lbatice hr\u0103nite","url":"https:\/\/nurturedwildlife.com\/","logo":{"@type":"ImageObject","inLanguage":"ro-RO","@id":"https:\/\/nurturedwildlife.com\/#\/schema\/logo\/image\/","url":"https:\/\/nurturedwildlife.com\/wp-content\/uploads\/2023\/12\/nurtured-png.png","contentUrl":"https:\/\/nurturedwildlife.com\/wp-content\/uploads\/2023\/12\/nurtured-png.png","width":4641,"height":1704,"caption":"Nurtured Wildlife Safaris"},"image":{"@id":"https:\/\/nurturedwildlife.com\/#\/schema\/logo\/image\/"}}]}},"_links":{"self":[{"href":"https:\/\/nurturedwildlife.com\/ro\/wp-json\/wp\/v2\/pages\/10275","targetHints":{"allow":["GET"]}}],"collection":[{"href":"https:\/\/nurturedwildlife.com\/ro\/wp-json\/wp\/v2\/pages"}],"about":[{"href":"https:\/\/nurturedwildlife.com\/ro\/wp-json\/wp\/v2\/types\/page"}],"author":[{"embeddable":true,"href":"https:\/\/nurturedwildlife.com\/ro\/wp-json\/wp\/v2\/users\/1"}],"replies":[{"embeddable":true,"href":"https:\/\/nurturedwildlife.com\/ro\/wp-json\/wp\/v2\/comments?post=10275"}],"version-history":[{"count":5,"href":"https:\/\/nurturedwildlife.com\/ro\/wp-json\/wp\/v2\/pages\/10275\/revisions"}],"predecessor-version":[{"id":10282,"href":"https:\/\/nurturedwildlife.com\/ro\/wp-json\/wp\/v2\/pages\/10275\/revisions\/10282"}],"wp:attachment":[{"href":"https:\/\/nurturedwildlife.com\/ro\/wp-json\/wp\/v2\/media?parent=10275"}],"curies":[{"name":"wp","href":"https:\/\/api.w.org\/{rel}","templated":true}]}}