{"id":10238,"date":"2025-05-17T13:54:46","date_gmt":"2025-05-17T13:54:46","guid":{"rendered":"https:\/\/nurturedwildlife.com\/?page_id=10238"},"modified":"2025-05-17T13:55:45","modified_gmt":"2025-05-17T13:55:45","slug":"destinatii-obligatorii-de-vizitat","status":"publish","type":"page","link":"https:\/\/nurturedwildlife.com\/ro\/destinatii-obligatorii-de-vizitat\/","title":{"rendered":"Destina\u021bii obligatorii de vizitat"},"content":{"rendered":"<div data-elementor-type=\"wp-page\" data-elementor-id=\"10238\" class=\"elementor elementor-10238\" data-elementor-post-type=\"page\">\n\t\t\t\t<div class=\"elementor-element elementor-element-3b3d63f7 e-con-full e-flex e-con e-parent\" data-id=\"3b3d63f7\" data-element_type=\"container\" data-e-type=\"container\" data-settings=\"{&quot;background_background&quot;:&quot;classic&quot;}\">\n\t\t<div class=\"elementor-element elementor-element-6a2347 e-con-full e-flex e-con e-child\" data-id=\"6a2347\" data-element_type=\"container\" data-e-type=\"container\" data-settings=\"{&quot;background_background&quot;:&quot;classic&quot;}\">\n\t\t\t\t<div class=\"elementor-element elementor-element-a10ee4c elementor-widget elementor-widget-text-editor\" data-id=\"a10ee4c\" data-element_type=\"widget\" data-e-type=\"widget\" data-widget_type=\"text-editor.default\">\n\t\t\t\t<div class=\"elementor-widget-container\">\n\t\t\t\t\t\t\t\t\t<p><a href=\"#\">Acas\u0103<\/a> \/ Blog<\/p>\t\t\t\t\t\t\t\t<\/div>\n\t\t\t\t<\/div>\n\t\t\t\t<\/div>\n\t\t\t\t<\/div>\n\t\t<div class=\"elementor-element elementor-element-16e11b13 e-flex e-con-boxed e-con e-parent\" data-id=\"16e11b13\" data-element_type=\"container\" data-e-type=\"container\">\n\t\t\t\t\t<div class=\"e-con-inner\">\n\t\t<div class=\"elementor-element elementor-element-2f3d3a50 e-flex e-con-boxed e-con e-child\" data-id=\"2f3d3a50\" data-element_type=\"container\" data-e-type=\"container\" data-settings=\"{&quot;background_background&quot;:&quot;classic&quot;}\">\n\t\t\t\t\t<div class=\"e-con-inner\">\n\t\t\t\t<div class=\"elementor-element elementor-element-2b971e19 elementor-widget elementor-widget-text-editor\" data-id=\"2b971e19\" data-element_type=\"widget\" data-e-type=\"widget\" data-widget_type=\"text-editor.default\">\n\t\t\t\t<div class=\"elementor-widget-container\">\n\t\t\t\t\t\t\t\t\t<p class=\"\" data-start=\"189\" data-end=\"423\">Tanzania este un \u021binut de o frumuse\u021be uluitoare, ecosisteme diverse \u0219i unele dintre cele mai bune locuri pentru observarea vie\u021bii s\u0103lbatice de pe planet\u0103. De la emblematicul c\u00e2mpie Serengeti p\u00e2n\u0103 la maiestuosul crater Ngorongoro, Tanzania ofer\u0103 o experien\u021b\u0103 de safari unic\u0103.<\/p><p class=\"\" data-start=\"425\" data-end=\"554\">Dac\u0103 pl\u0103nui\u021bi o aventur\u0103 safari, iat\u0103... <strong data-start=\"477\" data-end=\"518\">Top 5 destina\u021bii de safari \u00een Tanzania<\/strong> asta ar trebui s\u0103 fie pe lista ta de dorin\u021be.<\/p><hr class=\"\" data-start=\"556\" data-end=\"559\" \/><h2 class=\"\" data-start=\"561\" data-end=\"624\">1. <strong data-start=\"567\" data-end=\"594\">Parcul Na\u021bional Serengeti<\/strong> \u2013 Casa Marii Migra\u021bii<\/h2><p class=\"\" data-start=\"626\" data-end=\"791\"><strong data-start=\"626\" data-end=\"648\">Cel mai bun moment pentru a vizita<\/strong>Iunie p\u00e2n\u0103 \u00een octombrie (pentru travers\u0103rile r\u00e2urilor) \u0219i ianuarie p\u00e2n\u0103 \u00een martie (pentru sezonul de f\u0103tare)<br data-start=\"727\" data-end=\"730\" \/><strong data-start=\"730\" data-end=\"743\">Cunoscut pentru<\/strong>Cinci Mari, migra\u021bia gnuilor, c\u00e2mpii nesf\u00e2r\u0219ite<\/p><p class=\"\" data-start=\"793\" data-end=\"1105\">Serengeti este bijuteria coroanei Tanzaniei. Este faimos \u00een \u00eentreaga lume pentru <strong data-start=\"860\" data-end=\"890\">Marea Migra\u021bie a Gnuilor<\/strong>, unde peste 2 milioane de gnu, zebre \u0219i gazele se deplaseaz\u0103 \u00eentr-un ciclu anual dramatic. Parcul se m\u00e2ndre\u0219te, de asemenea, cu o concentra\u021bie mare de pr\u0103d\u0103tori - lei, gheparzi, leoparzi - ceea ce \u00eel face ideal pentru observarea animalelor s\u0103lbatice clasice.<\/p><p class=\"\" data-start=\"1107\" data-end=\"1122\"><strong data-start=\"1107\" data-end=\"1121\">Repere<\/strong>:<\/p><ul data-start=\"1123\" data-end=\"1235\"><li class=\"\" data-start=\"1123\" data-end=\"1162\"><p class=\"\" data-start=\"1125\" data-end=\"1162\">Travers\u0103ri ale r\u00e2ului Mara (iulie-septembrie)<\/p><\/li><li class=\"\" data-start=\"1163\" data-end=\"1201\"><p class=\"\" data-start=\"1165\" data-end=\"1201\">Sezonul de f\u0103tare Ndutu (ianuarie-martie)<\/p><\/li><li class=\"\" data-start=\"1202\" data-end=\"1235\"><p class=\"\" data-start=\"1204\" data-end=\"1235\">Safari cu balonul deasupra c\u00e2mpiilor<\/p><\/li><\/ul><hr class=\"\" data-start=\"1237\" data-end=\"1240\" \/><h2 class=\"\" data-start=\"1242\" data-end=\"1306\">2. <strong data-start=\"1248\" data-end=\"1269\">Craterul Ngorongoro<\/strong> \u2013 Cea mai mare calder\u0103 intact\u0103 din lume<\/h2><p class=\"\" data-start=\"1308\" data-end=\"1416\"><strong data-start=\"1308\" data-end=\"1330\">Cel mai bun moment pentru a vizita<\/strong>Tot anul<br data-start=\"1342\" data-end=\"1345\" \/><strong data-start=\"1345\" data-end=\"1358\">Cunoscut pentru<\/strong>Cinci mari, peisaje dramatice, popula\u021bie dens\u0103 de animale s\u0103lbatice<\/p><p class=\"\" data-start=\"1418\" data-end=\"1668\">Un sit al Patrimoniului Mondial UNESCO, <strong data-start=\"1452\" data-end=\"1473\">Craterul Ngorongoro<\/strong> este adesea descris ca un \u201cEden african\u201d. Este un vulcan pr\u0103bu\u0219it, plin de paji\u0219ti luxuriante, mla\u0219tini \u0219i un lac cu ap\u0103 mineral\u0103. Ve\u021bi g\u0103si <strong data-start=\"1606\" data-end=\"1630\">toate cele cinci mari animale<\/strong> aici, inclusiv rarul rinocer negru.<\/p><p class=\"\" data-start=\"1670\" data-end=\"1685\"><strong data-start=\"1670\" data-end=\"1684\">Repere<\/strong>:<\/p><ul data-start=\"1686\" data-end=\"1799\"><li class=\"\" data-start=\"1686\" data-end=\"1712\"><p class=\"\" data-start=\"1688\" data-end=\"1712\">Safari pe fundul craterului<\/p><\/li><li class=\"\" data-start=\"1713\" data-end=\"1739\"><p class=\"\" data-start=\"1715\" data-end=\"1739\">Vizit\u0103 la satele Maasai<\/p><\/li><li class=\"\" data-start=\"1740\" data-end=\"1799\"><p class=\"\" data-start=\"1742\" data-end=\"1799\">Peisaje incredibile cu \u0219anse mari de a observa animale s\u0103lbatice<\/p><\/li><\/ul><hr class=\"\" data-start=\"1801\" data-end=\"1804\" \/><h2 class=\"\" data-start=\"1806\" data-end=\"1859\">3. <strong data-start=\"1812\" data-end=\"1839\">Parcul Na\u021bional Tarangire<\/strong> \u2013 Paradisul Elefan\u021bilor<\/h2><p class=\"\" data-start=\"1861\" data-end=\"1962\"><strong data-start=\"1861\" data-end=\"1883\">Cel mai bun moment pentru a vizita<\/strong>Iunie - Octombrie: Din iunie p\u00e2n\u0103 \u00een octombrie<br data-start=\"1900\" data-end=\"1903\" \/><strong data-start=\"1903\" data-end=\"1916\">Cunoscut pentru<\/strong>Turme mari de elefan\u021bi, baobabi, p\u0103s\u0103ri<\/p><p class=\"\" data-start=\"1964\" data-end=\"2183\">Adesea trecute cu vederea, <strong data-start=\"1982\" data-end=\"1995\">Tarangire<\/strong> ofer\u0103 o experien\u021b\u0103 unic\u0103 de safari cu <strong data-start=\"2039\" data-end=\"2065\">turme masive de elefan\u021bi<\/strong>, \u00een special \u00een timpul sezonului uscat. Parcul este pres\u0103rat cu baobaburi seculari \u0219i g\u0103zduie\u0219te peste 500 de specii de p\u0103s\u0103ri.<\/p><p class=\"\" data-start=\"2185\" data-end=\"2200\"><strong data-start=\"2185\" data-end=\"2199\">Repere<\/strong>:<\/p><ul data-start=\"2201\" data-end=\"2322\"><li class=\"\" data-start=\"2201\" data-end=\"2242\"><p class=\"\" data-start=\"2203\" data-end=\"2242\">Observarea elefan\u021bilor l\u00e2ng\u0103 r\u00e2ul Tarangire<\/p><\/li><li class=\"\" data-start=\"2243\" data-end=\"2268\"><p class=\"\" data-start=\"2245\" data-end=\"2268\">Observarea excelent\u0103 a p\u0103s\u0103rilor<\/p><\/li><li class=\"\" data-start=\"2269\" data-end=\"2322\"><p class=\"\" data-start=\"2271\" data-end=\"2322\">Safariuri pe jos \u0219i experien\u021be \u00een afara traseelor turistice obi\u0219nuite<\/p><\/li><\/ul><hr class=\"\" data-start=\"2324\" data-end=\"2327\" \/><h2 class=\"\" data-start=\"2329\" data-end=\"2398\">4. <strong data-start=\"2335\" data-end=\"2365\">Parcul Na\u021bional Lacul Manyara<\/strong> \u2013 Lei \u0219i p\u0103s\u0103ri care se c\u0103\u021b\u0103r\u0103 \u00een copaci<\/h2><p class=\"\" data-start=\"2400\" data-end=\"2545\"><strong data-start=\"2400\" data-end=\"2422\">Cel mai bun moment pentru a vizita<\/strong>Iunie p\u00e2n\u0103 \u00een octombrie \u0219i noiembrie p\u00e2n\u0103 \u00een februarie (pentru observarea p\u0103s\u0103rilor)<br data-start=\"2476\" data-end=\"2479\" \/><strong data-start=\"2479\" data-end=\"2492\">Cunoscut pentru<\/strong>Lei c\u0103\u021b\u0103r\u0103tori \u00een copaci, flamingi, p\u0103duri subterane<\/p><p class=\"\" data-start=\"2547\" data-end=\"2788\"><strong data-start=\"2547\" data-end=\"2563\">Lacul Manyara<\/strong> poate fi mic, dar este incredibil de divers. Este faimos pentru <strong data-start=\"2627\" data-end=\"2650\">lei c\u0103\u021b\u0103r\u0103tori \u00een copaci<\/strong> \u0219i stoluri sezoniere de flamingo care acoper\u0103 lacul. Parcul ofer\u0103 p\u0103duri luxuriante, c\u00e2mpii deschise \u0219i un lac cu b\u0103uturi r\u0103coritoare, toate \u00eentr-o singur\u0103 zon\u0103 compact\u0103.<\/p><p class=\"\" data-start=\"2790\" data-end=\"2805\"><strong data-start=\"2790\" data-end=\"2804\">Repere<\/strong>:<\/p><ul data-start=\"2806\" data-end=\"2915\"><li class=\"\" data-start=\"2806\" data-end=\"2848\"><p class=\"\" data-start=\"2808\" data-end=\"2848\">Safari cu canoe (c\u00e2nd nivelul apei permite)<\/p><\/li><li class=\"\" data-start=\"2849\" data-end=\"2877\"><p class=\"\" data-start=\"2851\" data-end=\"2877\">Ecosisteme forestiere \u0219i lacustre<\/p><\/li><li class=\"\" data-start=\"2878\" data-end=\"2915\"><p class=\"\" data-start=\"2880\" data-end=\"2915\">Proximitatea fa\u021b\u0103 de Arusha (excursie u\u0219oar\u0103 de o zi)<\/p><\/li><\/ul><hr class=\"\" data-start=\"2917\" data-end=\"2920\" \/><h2 class=\"\" data-start=\"2922\" data-end=\"2975\">5. <strong data-start=\"2928\" data-end=\"2951\">Parcul Na\u021bional Ruaha<\/strong> \u2013 Bijuteria ascuns\u0103 a Tanzaniei<\/h2><p class=\"\" data-start=\"2977\" data-end=\"3085\"><strong data-start=\"2977\" data-end=\"2999\">Cel mai bun moment pentru a vizita<\/strong>Iunie - Octombrie: Din iunie p\u00e2n\u0103 \u00een octombrie<br data-start=\"3016\" data-end=\"3019\" \/><strong data-start=\"3019\" data-end=\"3032\">Cunoscut pentru<\/strong>S\u0103lb\u0103ticie \u00eendep\u0103rtat\u0103, pr\u0103d\u0103tori, cete mari de lei<\/p><p class=\"\" data-start=\"3087\" data-end=\"3359\"><strong data-start=\"3087\" data-end=\"3096\">Ruaha<\/strong> este cel mai mare parc na\u021bional din Tanzania \u0219i unul dintre cele mai izolate. Ofer\u0103 o experien\u021b\u0103 de safari s\u0103lbatic\u0103 \u0219i lipsit\u0103 de aglomera\u021bie \u0219i este cunoscut pentru popula\u021biile sale mari de <strong data-start=\"3249\" data-end=\"3283\">lei, leoparzi \u0219i elefan\u021bi<\/strong>. Este perfect pentru c\u0103l\u0103torii aventuro\u0219i care caut\u0103 un safari mai \u00een afara re\u021belei.<\/p><p class=\"\" data-start=\"3361\" data-end=\"3376\"><strong data-start=\"3361\" data-end=\"3375\">Repere<\/strong>:<\/p><ul data-start=\"3377\" data-end=\"3481\"><li class=\"\" data-start=\"3377\" data-end=\"3401\"><p class=\"\" data-start=\"3379\" data-end=\"3401\">Cabane de safari intime<\/p><\/li><li class=\"\" data-start=\"3402\" data-end=\"3450\"><p class=\"\" data-start=\"3404\" data-end=\"3450\">Peisaje diverse cu dealuri st\u00e2ncoase \u0219i r\u00e2uri<\/p><\/li><li class=\"\" data-start=\"3451\" data-end=\"3481\"><p class=\"\" data-start=\"3453\" data-end=\"3481\">Observ\u0103ri excelente ale pr\u0103d\u0103torilor<\/p><\/li><\/ul><hr class=\"\" data-start=\"3483\" data-end=\"3486\" \/><h2 class=\"\" data-start=\"3488\" data-end=\"3505\">G\u00e2nduri finale<\/h2><p class=\"\" data-start=\"3507\" data-end=\"3736\">Indiferent dac\u0103 sunte\u021bi un vizitator pentru prima dat\u0103 sau un safariist experimentat, parcurile na\u021bionale din Tanzania ofer\u0103 experien\u021be de neuitat cu fauna s\u0103lbatic\u0103. De la <strong data-start=\"3649\" data-end=\"3669\">emblematicul Serengeti<\/strong> c\u0103tre <strong data-start=\"3677\" data-end=\"3703\">frumuse\u021bea ascuns\u0103 a Ruahei<\/strong>, exist\u0103 c\u00e2te ceva pentru fiecare.<\/p><p class=\"\" data-start=\"3738\" data-end=\"3857\">E\u0219ti gata s\u0103 \u00eencepi c\u0103l\u0103toria? Contacteaz\u0103 un tour operator de \u00eencredere pentru a te ajuta s\u0103 creezi itinerariul perfect de safari \u00een Tanzania.<\/p>\t\t\t\t\t\t\t\t<\/div>\n\t\t\t\t<\/div>\n\t\t\t\t\t<\/div>\n\t\t\t\t<\/div>\n\t\t\t\t\t<\/div>\n\t\t\t\t<\/div>\n\t\t\t\t<\/div>","protected":false},"excerpt":{"rendered":"<p>Acas\u0103 \/ Blog Tanzania este un \u021binut de o frumuse\u021be uluitoare, ecosisteme diverse \u0219i unele dintre cele mai bune locuri pentru observarea vie\u021bii s\u0103lbatice de pe planet\u0103. De la emblematicul c\u00e2mpie Serengeti p\u00e2n\u0103 la maiestuosul crater Ngorongoro, Tanzania ofer\u0103 o experien\u021b\u0103 de safari unic\u0103. Dac\u0103 pl\u0103nui\u021bi o aventur\u0103 de safari, iat\u0103 primele 5 destina\u021bii de safari din Tanzania [\u2026]<\/p>","protected":false},"author":1,"featured_media":0,"parent":0,"menu_order":0,"comment_status":"closed","ping_status":"closed","template":"elementor_canvas","meta":{"footnotes":""},"class_list":["post-10238","page","type-page","status-publish","hentry"],"yoast_head":"<!-- This site is optimized with the Yoast SEO plugin v25.7 - https:\/\/yoast.com\/wordpress\/plugins\/seo\/ -->\n<title>Must visit destinations - Nurtured Wildlife Safaris<\/title>\n<meta name=\"robots\" content=\"index, follow, max-snippet:-1, max-image-preview:large, max-video-preview:-1\" \/>\n<link rel=\"canonical\" href=\"https:\/\/nurturedwildlife.com\/ro\/destinatii-obligatorii-de-vizitat\/\" \/>\n<meta property=\"og:locale\" content=\"ro_RO\" \/>\n<meta property=\"og:type\" content=\"article\" \/>\n<meta property=\"og:title\" content=\"Must visit destinations - Nurtured Wildlife Safaris\" \/>\n<meta property=\"og:description\" content=\"Home \/ Blog Tanzania is a land of breathtaking beauty, diverse ecosystems, and some of the best wildlife viewing on the planet. From the iconic Serengeti plains to the majestic Ngorongoro Crater, Tanzania offers a safari experience like no other. If you\u2019re planning a safari adventure, here are the top 5 safari destinations in Tanzania [&hellip;]\" \/>\n<meta property=\"og:url\" content=\"https:\/\/nurturedwildlife.com\/ro\/destinatii-obligatorii-de-vizitat\/\" \/>\n<meta property=\"og:site_name\" content=\"Nurtured Wildlife Safaris\" \/>\n<meta property=\"article:modified_time\" content=\"2025-05-17T13:55:45+00:00\" \/>\n<meta name=\"twitter:card\" content=\"summary_large_image\" \/>\n<meta name=\"twitter:label1\" content=\"Timp estimat pentru citire\" \/>\n\t<meta name=\"twitter:data1\" content=\"3 minute\" \/>\n<script type=\"application\/ld+json\" class=\"yoast-schema-graph\">{\"@context\":\"https:\/\/schema.org\",\"@graph\":[{\"@type\":\"WebPage\",\"@id\":\"https:\/\/nurturedwildlife.com\/must-visit-destinations\/\",\"url\":\"https:\/\/nurturedwildlife.com\/must-visit-destinations\/\",\"name\":\"Must visit destinations - Nurtured Wildlife Safaris\",\"isPartOf\":{\"@id\":\"https:\/\/nurturedwildlife.com\/#website\"},\"datePublished\":\"2025-05-17T13:54:46+00:00\",\"dateModified\":\"2025-05-17T13:55:45+00:00\",\"breadcrumb\":{\"@id\":\"https:\/\/nurturedwildlife.com\/must-visit-destinations\/#breadcrumb\"},\"inLanguage\":\"ro-RO\",\"potentialAction\":[{\"@type\":\"ReadAction\",\"target\":[\"https:\/\/nurturedwildlife.com\/must-visit-destinations\/\"]}]},{\"@type\":\"BreadcrumbList\",\"@id\":\"https:\/\/nurturedwildlife.com\/must-visit-destinations\/#breadcrumb\",\"itemListElement\":[{\"@type\":\"ListItem\",\"position\":1,\"name\":\"Home\",\"item\":\"https:\/\/nurturedwildlife.com\/\"},{\"@type\":\"ListItem\",\"position\":2,\"name\":\"Must visit destinations\"}]},{\"@type\":\"WebSite\",\"@id\":\"https:\/\/nurturedwildlife.com\/#website\",\"url\":\"https:\/\/nurturedwildlife.com\/\",\"name\":\"Nurtured Wildlife Safaris\",\"description\":\"Tanzania Unforgettable\",\"publisher\":{\"@id\":\"https:\/\/nurturedwildlife.com\/#organization\"},\"potentialAction\":[{\"@type\":\"SearchAction\",\"target\":{\"@type\":\"EntryPoint\",\"urlTemplate\":\"https:\/\/nurturedwildlife.com\/?s={search_term_string}\"},\"query-input\":{\"@type\":\"PropertyValueSpecification\",\"valueRequired\":true,\"valueName\":\"search_term_string\"}}],\"inLanguage\":\"ro-RO\"},{\"@type\":\"Organization\",\"@id\":\"https:\/\/nurturedwildlife.com\/#organization\",\"name\":\"Nurtured Wildlife Safaris\",\"url\":\"https:\/\/nurturedwildlife.com\/\",\"logo\":{\"@type\":\"ImageObject\",\"inLanguage\":\"ro-RO\",\"@id\":\"https:\/\/nurturedwildlife.com\/#\/schema\/logo\/image\/\",\"url\":\"https:\/\/nurturedwildlife.com\/wp-content\/uploads\/2023\/12\/nurtured-png.png\",\"contentUrl\":\"https:\/\/nurturedwildlife.com\/wp-content\/uploads\/2023\/12\/nurtured-png.png\",\"width\":4641,\"height\":1704,\"caption\":\"Nurtured Wildlife Safaris\"},\"image\":{\"@id\":\"https:\/\/nurturedwildlife.com\/#\/schema\/logo\/image\/\"}}]}<\/script>\n<!-- \/ Yoast SEO plugin. -->","yoast_head_json":{"title":"Destina\u021bii obligatorii de vizitat - Safari cu animale s\u0103lbatice hr\u0103nite","robots":{"index":"index","follow":"follow","max-snippet":"max-snippet:-1","max-image-preview":"max-image-preview:large","max-video-preview":"max-video-preview:-1"},"canonical":"https:\/\/nurturedwildlife.com\/ro\/destinatii-obligatorii-de-vizitat\/","og_locale":"ro_RO","og_type":"article","og_title":"Must visit destinations - Nurtured Wildlife Safaris","og_description":"Home \/ Blog Tanzania is a land of breathtaking beauty, diverse ecosystems, and some of the best wildlife viewing on the planet. From the iconic Serengeti plains to the majestic Ngorongoro Crater, Tanzania offers a safari experience like no other. If you\u2019re planning a safari adventure, here are the top 5 safari destinations in Tanzania [&hellip;]","og_url":"https:\/\/nurturedwildlife.com\/ro\/destinatii-obligatorii-de-vizitat\/","og_site_name":"Nurtured Wildlife Safaris","article_modified_time":"2025-05-17T13:55:45+00:00","twitter_card":"summary_large_image","twitter_misc":{"Timp estimat pentru citire":"3 minute"},"schema":{"@context":"https:\/\/schema.org","@graph":[{"@type":"WebPage","@id":"https:\/\/nurturedwildlife.com\/must-visit-destinations\/","url":"https:\/\/nurturedwildlife.com\/must-visit-destinations\/","name":"Destina\u021bii obligatorii de vizitat - Safari cu animale s\u0103lbatice hr\u0103nite","isPartOf":{"@id":"https:\/\/nurturedwildlife.com\/#website"},"datePublished":"2025-05-17T13:54:46+00:00","dateModified":"2025-05-17T13:55:45+00:00","breadcrumb":{"@id":"https:\/\/nurturedwildlife.com\/must-visit-destinations\/#breadcrumb"},"inLanguage":"ro-RO","potentialAction":[{"@type":"ReadAction","target":["https:\/\/nurturedwildlife.com\/must-visit-destinations\/"]}]},{"@type":"BreadcrumbList","@id":"https:\/\/nurturedwildlife.com\/must-visit-destinations\/#breadcrumb","itemListElement":[{"@type":"ListItem","position":1,"name":"Home","item":"https:\/\/nurturedwildlife.com\/"},{"@type":"ListItem","position":2,"name":"Must visit destinations"}]},{"@type":"WebSite","@id":"https:\/\/nurturedwildlife.com\/#website","url":"https:\/\/nurturedwildlife.com\/","name":"Safari cu animale s\u0103lbatice hr\u0103nite","description":"Tanzania de neuitat","publisher":{"@id":"https:\/\/nurturedwildlife.com\/#organization"},"potentialAction":[{"@type":"SearchAction","target":{"@type":"EntryPoint","urlTemplate":"https:\/\/nurturedwildlife.com\/?s={search_term_string}"},"query-input":{"@type":"PropertyValueSpecification","valueRequired":true,"valueName":"search_term_string"}}],"inLanguage":"ro-RO"},{"@type":"Organization","@id":"https:\/\/nurturedwildlife.com\/#organization","name":"Safari cu animale s\u0103lbatice hr\u0103nite","url":"https:\/\/nurturedwildlife.com\/","logo":{"@type":"ImageObject","inLanguage":"ro-RO","@id":"https:\/\/nurturedwildlife.com\/#\/schema\/logo\/image\/","url":"https:\/\/nurturedwildlife.com\/wp-content\/uploads\/2023\/12\/nurtured-png.png","contentUrl":"https:\/\/nurturedwildlife.com\/wp-content\/uploads\/2023\/12\/nurtured-png.png","width":4641,"height":1704,"caption":"Nurtured Wildlife Safaris"},"image":{"@id":"https:\/\/nurturedwildlife.com\/#\/schema\/logo\/image\/"}}]}},"_links":{"self":[{"href":"https:\/\/nurturedwildlife.com\/ro\/wp-json\/wp\/v2\/pages\/10238","targetHints":{"allow":["GET"]}}],"collection":[{"href":"https:\/\/nurturedwildlife.com\/ro\/wp-json\/wp\/v2\/pages"}],"about":[{"href":"https:\/\/nurturedwildlife.com\/ro\/wp-json\/wp\/v2\/types\/page"}],"author":[{"embeddable":true,"href":"https:\/\/nurturedwildlife.com\/ro\/wp-json\/wp\/v2\/users\/1"}],"replies":[{"embeddable":true,"href":"https:\/\/nurturedwildlife.com\/ro\/wp-json\/wp\/v2\/comments?post=10238"}],"version-history":[{"count":5,"href":"https:\/\/nurturedwildlife.com\/ro\/wp-json\/wp\/v2\/pages\/10238\/revisions"}],"predecessor-version":[{"id":10250,"href":"https:\/\/nurturedwildlife.com\/ro\/wp-json\/wp\/v2\/pages\/10238\/revisions\/10250"}],"wp:attachment":[{"href":"https:\/\/nurturedwildlife.com\/ro\/wp-json\/wp\/v2\/media?parent=10238"}],"curies":[{"name":"wp","href":"https:\/\/api.w.org\/{rel}","templated":true}]}}