{"id":10283,"date":"2025-05-17T14:35:09","date_gmt":"2025-05-17T14:35:09","guid":{"rendered":"https:\/\/nurturedwildlife.com\/?page_id=10283"},"modified":"2025-05-17T14:36:31","modified_gmt":"2025-05-17T14:36:31","slug":"coisas-a-considerar-antes-de-visitar-a-tanzania-para-um-safari","status":"publish","type":"page","link":"https:\/\/nurturedwildlife.com\/pt\/coisas-a-considerar-antes-de-visitar-a-tanzania-para-um-safari\/","title":{"rendered":"Coisas a considerar antes de visitar a Tanz\u00e2nia para um saf\u00e1ri"},"content":{"rendered":"<div data-elementor-type=\"wp-page\" data-elementor-id=\"10283\" class=\"elementor elementor-10283\" data-elementor-post-type=\"page\">\n\t\t\t\t<div class=\"elementor-element elementor-element-75efc30b e-con-full e-flex e-con e-parent\" data-id=\"75efc30b\" data-element_type=\"container\" data-e-type=\"container\" data-settings=\"{&quot;background_background&quot;:&quot;classic&quot;}\">\n\t\t<div class=\"elementor-element elementor-element-219c352 e-con-full e-flex e-con e-child\" data-id=\"219c352\" data-element_type=\"container\" data-e-type=\"container\" data-settings=\"{&quot;background_background&quot;:&quot;classic&quot;}\">\n\t\t\t\t<div class=\"elementor-element elementor-element-3df4fd72 elementor-widget elementor-widget-text-editor\" data-id=\"3df4fd72\" data-element_type=\"widget\" data-e-type=\"widget\" data-widget_type=\"text-editor.default\">\n\t\t\t\t<div class=\"elementor-widget-container\">\n\t\t\t\t\t\t\t\t\t<p><a href=\"#\">Lar<\/a> Blog<\/p>\t\t\t\t\t\t\t\t<\/div>\n\t\t\t\t<\/div>\n\t\t\t\t<\/div>\n\t\t\t\t<\/div>\n\t\t<div class=\"elementor-element elementor-element-18e7d629 e-flex e-con-boxed e-con e-parent\" data-id=\"18e7d629\" data-element_type=\"container\" data-e-type=\"container\">\n\t\t\t\t\t<div class=\"e-con-inner\">\n\t\t<div class=\"elementor-element elementor-element-66a1975d e-flex e-con-boxed e-con e-child\" data-id=\"66a1975d\" data-element_type=\"container\" data-e-type=\"container\" data-settings=\"{&quot;background_background&quot;:&quot;classic&quot;}\">\n\t\t\t\t\t<div class=\"e-con-inner\">\n\t\t\t\t<div class=\"elementor-element elementor-element-7fc17f94 elementor-widget elementor-widget-text-editor\" data-id=\"7fc17f94\" data-element_type=\"widget\" data-e-type=\"widget\" data-widget_type=\"text-editor.default\">\n\t\t\t\t<div class=\"elementor-widget-container\">\n\t\t\t\t\t\t\t\t\t<p class=\"\" data-start=\"211\" data-end=\"496\">A Tanz\u00e2nia \u00e9 um dos principais destinos de saf\u00e1ri do mundo, oferecendo experi\u00eancias inesquec\u00edveis com a vida selvagem em parques como o Serengeti, a Cratera de Ngorongoro e o Tarangire. Mas antes de arrumar as malas e partir para uma aventura africana, h\u00e1 algumas coisas importantes a ter em mente.<\/p><p class=\"\" data-start=\"498\" data-end=\"641\">Aqui est\u00e1 uma lista de verifica\u00e7\u00e3o de <strong data-start=\"520\" data-end=\"582\">Pontos importantes a considerar antes de visitar a Tanz\u00e2nia para um saf\u00e1ri<\/strong>, Para garantir que sua viagem seja tranquila, segura e verdadeiramente memor\u00e1vel.<\/p><hr class=\"\" data-start=\"643\" data-end=\"646\" \/><h2 class=\"\" data-start=\"648\" data-end=\"688\">1. <strong data-start=\"654\" data-end=\"688\">Escolha a \u00e9poca certa para visitar.<\/strong><\/h2><p class=\"\" data-start=\"690\" data-end=\"857\">A Tanz\u00e2nia tem duas esta\u00e7\u00f5es principais: a seca (de junho a outubro) e a chuvosa (de mar\u00e7o a maio, com chuvas curtas em novembro). A melhor \u00e9poca para um saf\u00e1ri geralmente depende do que voc\u00ea deseja ver.<\/p><ul data-start=\"859\" data-end=\"1105\"><li class=\"\" data-start=\"859\" data-end=\"948\"><p class=\"\" data-start=\"861\" data-end=\"948\"><strong data-start=\"861\" data-end=\"880\">De junho a outubro<\/strong>Ideal para observa\u00e7\u00e3o da vida selvagem e para acompanhar a travessia dos rios durante a Grande Migra\u00e7\u00e3o.<\/p><\/li><li class=\"\" data-start=\"949\" data-end=\"1028\"><p class=\"\" data-start=\"951\" data-end=\"1028\"><strong data-start=\"951\" data-end=\"971\">de janeiro a mar\u00e7o<\/strong>Ideal para a \u00e9poca de pari\u00e7\u00e3o no sul do Serengeti.<\/p><\/li><li class=\"\" data-start=\"1029\" data-end=\"1105\"><p class=\"\" data-start=\"1031\" data-end=\"1105\"><strong data-start=\"1031\" data-end=\"1047\">de mar\u00e7o a maio<\/strong>Temporada verde, menos turistas, mas algumas hospedagens podem fechar.<\/p><\/li><\/ul><p class=\"\" data-start=\"1107\" data-end=\"1179\">\ud83d\udc49 <em data-start=\"1110\" data-end=\"1115\">Dica<\/em>Evite os meses de maior movimento se preferir menos gente e pre\u00e7os mais baixos.<\/p><hr class=\"\" data-start=\"1181\" data-end=\"1184\" \/><h2 class=\"\" data-start=\"1186\" data-end=\"1225\">2. <strong data-start=\"1192\" data-end=\"1225\">Selecione os parques de saf\u00e1ri certos<\/strong><\/h2><p class=\"\" data-start=\"1227\" data-end=\"1319\">A Tanz\u00e2nia possui uma gama diversificada de parques e reservas nacionais, cada um oferecendo algo \u00fanico.<\/p><ul data-start=\"1321\" data-end=\"1543\"><li class=\"\" data-start=\"1321\" data-end=\"1367\"><p class=\"\" data-start=\"1323\" data-end=\"1367\"><strong data-start=\"1323\" data-end=\"1336\">Serengeti<\/strong> \u2013 A Grande Migra\u00e7\u00e3o e os Cinco Grandes<\/p><\/li><li class=\"\" data-start=\"1368\" data-end=\"1429\"><p class=\"\" data-start=\"1370\" data-end=\"1429\"><strong data-start=\"1370\" data-end=\"1391\">Cratera de Ngorongoro<\/strong> \u2013 Vida selvagem abundante e paisagens deslumbrantes<\/p><\/li><li class=\"\" data-start=\"1430\" data-end=\"1474\"><p class=\"\" data-start=\"1432\" data-end=\"1474\"><strong data-start=\"1432\" data-end=\"1445\">Tarangire<\/strong> \u2013 Elefantes e baob\u00e1s<\/p><\/li><li class=\"\" data-start=\"1475\" data-end=\"1543\"><p class=\"\" data-start=\"1477\" data-end=\"1543\"><strong data-start=\"1477\" data-end=\"1503\">Selous\/Nyerere e Ruaha<\/strong> \u2013 Remoto, selvagem e fora dos roteiros tur\u00edsticos tradicionais<\/p><\/li><\/ul><p class=\"\" data-start=\"1545\" data-end=\"1660\">\ud83d\udc49 <em data-start=\"1548\" data-end=\"1553\">Dica<\/em>: Um saf\u00e1ri no Circuito Norte (Serengeti, Ngorongoro, Tarangire e Lago Manyara) \u00e9 ideal para iniciantes.<\/p><hr class=\"\" data-start=\"1662\" data-end=\"1665\" \/><h2 class=\"\" data-start=\"1667\" data-end=\"1723\">3. <strong data-start=\"1673\" data-end=\"1723\">Tome as vacinas necess\u00e1rias e prepare sua sa\u00fade.<\/strong><\/h2><p class=\"\" data-start=\"1725\" data-end=\"1843\">Antes de viajar, consulte seu m\u00e9dico sobre vacinas e medicamentos. Recomenda\u00e7\u00f5es comuns para a Tanz\u00e2nia incluem:<\/p><ul data-start=\"1845\" data-end=\"1995\"><li class=\"\" data-start=\"1845\" data-end=\"1919\"><p class=\"\" data-start=\"1847\" data-end=\"1919\"><strong data-start=\"1847\" data-end=\"1863\">Febre amarela<\/strong> (obrigat\u00f3rio para quem vem de outro pa\u00eds com risco de febre amarela)<\/p><\/li><li class=\"\" data-start=\"1920\" data-end=\"1941\"><p class=\"\" data-start=\"1922\" data-end=\"1941\"><strong data-start=\"1922\" data-end=\"1941\">Hepatite A e B<\/strong><\/p><\/li><li class=\"\" data-start=\"1942\" data-end=\"1955\"><p class=\"\" data-start=\"1944\" data-end=\"1955\"><strong data-start=\"1944\" data-end=\"1955\">Tif\u00f3ide<\/strong><\/p><\/li><li class=\"\" data-start=\"1956\" data-end=\"1969\"><p class=\"\" data-start=\"1958\" data-end=\"1969\"><strong data-start=\"1958\" data-end=\"1969\">T\u00e9tano<\/strong><\/p><\/li><li class=\"\" data-start=\"1970\" data-end=\"1995\"><p class=\"\" data-start=\"1972\" data-end=\"1995\"><strong data-start=\"1972\" data-end=\"1995\">profilaxia da mal\u00e1ria<\/strong><\/p><\/li><\/ul><p class=\"\" data-start=\"1997\" data-end=\"2101\">\ud83d\udc49 <em data-start=\"2000\" data-end=\"2005\">Dica<\/em>Leve repelente de insetos com DEET e considere contratar um seguro de viagem que cubra evacua\u00e7\u00e3o m\u00e9dica.<\/p><hr class=\"\" data-start=\"2103\" data-end=\"2106\" \/><h2 class=\"\" data-start=\"2108\" data-end=\"2154\">4. <strong data-start=\"2114\" data-end=\"2154\">Organize seu visto e seus documentos.<\/strong><\/h2><p class=\"\" data-start=\"2156\" data-end=\"2210\">A maioria dos viajantes precisa de visto para entrar na Tanz\u00e2nia. Voc\u00ea pode:<\/p><ul data-start=\"2212\" data-end=\"2345\"><li class=\"\" data-start=\"2212\" data-end=\"2274\"><p class=\"\" data-start=\"2214\" data-end=\"2274\">Aplicar <strong data-start=\"2220\" data-end=\"2239\">online (e-visto)<\/strong> atrav\u00e9s do site de imigra\u00e7\u00e3o da Tanz\u00e2nia<\/p><\/li><li class=\"\" data-start=\"2275\" data-end=\"2345\"><p class=\"\" data-start=\"2277\" data-end=\"2345\">Consiga um <strong data-start=\"2283\" data-end=\"2302\">visto na chegada<\/strong> nos principais aeroportos (para algumas nacionalidades)<\/p><\/li><\/ul><p class=\"\" data-start=\"2347\" data-end=\"2467\">Al\u00e9m disso, certifique-se de que seu passaporte seja v\u00e1lido por pelo menos [inserir per\u00edodo aqui]. <strong data-start=\"2396\" data-end=\"2408\">6 meses<\/strong> a partir da data de entrada e tem <strong data-start=\"2440\" data-end=\"2455\">p\u00e1ginas em branco<\/strong> para selos.<\/p><p class=\"\" data-start=\"2469\" data-end=\"2549\">\ud83d\udc49 <em data-start=\"2472\" data-end=\"2477\">Dica<\/em>Leve c\u00f3pias impressas do seu passaporte, visto, itiner\u00e1rio e seguro.<\/p><hr class=\"\" data-start=\"2551\" data-end=\"2554\" \/><h2 class=\"\" data-start=\"2556\" data-end=\"2603\">5. <strong data-start=\"2562\" data-end=\"2603\">Conhe\u00e7a os custos e fa\u00e7a seu or\u00e7amento de acordo.<\/strong><\/h2><p class=\"\" data-start=\"2605\" data-end=\"2686\">Os saf\u00e1ris na Tanz\u00e2nia podem ser luxuosos ou econ\u00f4micos, dependendo do seu estilo de viagem:<\/p><ul data-start=\"2688\" data-end=\"2830\"><li class=\"\" data-start=\"2688\" data-end=\"2734\"><p class=\"\" data-start=\"2690\" data-end=\"2734\"><strong data-start=\"2690\" data-end=\"2700\">Or\u00e7amento<\/strong>Saf\u00e1ris com acampamento, ve\u00edculos compartilhados<\/p><\/li><li class=\"\" data-start=\"2735\" data-end=\"2784\"><p class=\"\" data-start=\"2737\" data-end=\"2784\"><strong data-start=\"2737\" data-end=\"2750\">Gama m\u00e9dia<\/strong>Alojamentos confort\u00e1veis, ve\u00edculos 4x4 privados.<\/p><\/li><li class=\"\" data-start=\"2785\" data-end=\"2830\"><p class=\"\" data-start=\"2787\" data-end=\"2830\"><strong data-start=\"2787\" data-end=\"2797\">Luxo<\/strong>Alojamentos de luxo, saf\u00e1ris com acesso por avi\u00e3o.<\/p><\/li><\/ul><p class=\"\" data-start=\"2832\" data-end=\"2902\">Os pre\u00e7os variam de acordo com o tamanho do grupo, a \u00e9poca do ano e o n\u00famero de dias.<\/p><p class=\"\" data-start=\"2904\" data-end=\"2991\">\ud83d\udc49 <em data-start=\"2907\" data-end=\"2912\">Dica<\/em>Inclua no seu or\u00e7amento total os custos com taxas de entrada nos parques, gorjetas, vistos e lembrancinhas.<\/p><hr class=\"\" data-start=\"2993\" data-end=\"2996\" \/><h2 class=\"\" data-start=\"2998\" data-end=\"3033\">6. <strong data-start=\"3004\" data-end=\"3033\">Prepare-se de forma inteligente para o saf\u00e1ri.<\/strong><\/h2><p class=\"\" data-start=\"3035\" data-end=\"3076\">Viajar com pouca bagagem \u2014 mas da maneira certa \u2014 \u00e9 essencial.<\/p><p class=\"\" data-start=\"3078\" data-end=\"3101\"><strong data-start=\"3078\" data-end=\"3100\">Os itens essenciais incluem<\/strong>:<\/p><ul data-start=\"3102\" data-end=\"3290\"><li class=\"\" data-start=\"3102\" data-end=\"3165\"><p class=\"\" data-start=\"3104\" data-end=\"3165\">Roupas leves e de cores neutras (evite azul escuro\/preto)<\/p><\/li><li class=\"\" data-start=\"3166\" data-end=\"3198\"><p class=\"\" data-start=\"3168\" data-end=\"3198\">Casaco quente para as primeiras horas da manh\u00e3<\/p><\/li><li class=\"\" data-start=\"3199\" data-end=\"3231\"><p class=\"\" data-start=\"3201\" data-end=\"3231\">Chap\u00e9u, \u00f3culos de sol e protetor solar.<\/p><\/li><li class=\"\" data-start=\"3232\" data-end=\"3255\"><p class=\"\" data-start=\"3234\" data-end=\"3255\">Bin\u00f3culos e c\u00e2mera<\/p><\/li><li class=\"\" data-start=\"3256\" data-end=\"3290\"><p class=\"\" data-start=\"3258\" data-end=\"3290\">Carregador port\u00e1til e adaptador universal<\/p><\/li><\/ul><p class=\"\" data-start=\"3292\" data-end=\"3376\">\ud83d\udc49 <em data-start=\"3295\" data-end=\"3300\">Dica<\/em>Bolsas de lona flex\u00edveis s\u00e3o prefer\u00edveis para ve\u00edculos de saf\u00e1ri pequenos e voos sobre a mata.<\/p><hr class=\"\" data-start=\"3378\" data-end=\"3381\" \/><h2 class=\"\" data-start=\"3383\" data-end=\"3431\">7. <strong data-start=\"3389\" data-end=\"3431\">Entenda a etiqueta e a seguran\u00e7a em um saf\u00e1ri.<\/strong><\/h2><p class=\"\" data-start=\"3433\" data-end=\"3489\">Para respeitar a vida selvagem e seus guias, siga estas regras:<\/p><ul data-start=\"3491\" data-end=\"3695\"><li class=\"\" data-start=\"3491\" data-end=\"3538\"><p class=\"\" data-start=\"3493\" data-end=\"3538\">Permane\u00e7a dentro do ve\u00edculo, a menos que seja instru\u00eddo de outra forma.<\/p><\/li><li class=\"\" data-start=\"3539\" data-end=\"3583\"><p class=\"\" data-start=\"3541\" data-end=\"3583\">N\u00e3o fa\u00e7a barulhos altos nem movimentos bruscos.<\/p><\/li><li class=\"\" data-start=\"3584\" data-end=\"3625\"><p class=\"\" data-start=\"3586\" data-end=\"3625\">Mantenha uma dist\u00e2ncia respeitosa dos animais.<\/p><\/li><li class=\"\" data-start=\"3626\" data-end=\"3647\"><p class=\"\" data-start=\"3628\" data-end=\"3647\">Nunca alimente animais selvagens.<\/p><\/li><li class=\"\" data-start=\"3648\" data-end=\"3695\"><p class=\"\" data-start=\"3650\" data-end=\"3695\">Siga sempre as instru\u00e7\u00f5es do seu guia.<\/p><\/li><\/ul><p class=\"\" data-start=\"3697\" data-end=\"3776\">\ud83d\udc49 <em data-start=\"3700\" data-end=\"3705\">Dica<\/em>Uma atitude respeitosa ajuda a preservar o meio ambiente e a sua seguran\u00e7a.<\/p><hr class=\"\" data-start=\"3778\" data-end=\"3781\" \/><h2 class=\"\" data-start=\"3783\" data-end=\"3831\">8. <strong data-start=\"3789\" data-end=\"3831\">Sensibilidade cultural e costumes locais<\/strong><\/h2><p class=\"\" data-start=\"3833\" data-end=\"3913\">A Tanz\u00e2nia \u00e9 um pa\u00eds diverso com mais de 120 grupos \u00e9tnicos e fortes tradi\u00e7\u00f5es.<\/p><ul data-start=\"3915\" data-end=\"4074\"><li class=\"\" data-start=\"3915\" data-end=\"3965\"><p class=\"\" data-start=\"3917\" data-end=\"3965\">Vista-se com mod\u00e9stia, especialmente em cidades e vilas.<\/p><\/li><li class=\"\" data-start=\"3966\" data-end=\"4033\"><p class=\"\" data-start=\"3968\" data-end=\"4033\">Aprenda sauda\u00e7\u00f5es b\u00e1sicas em sua\u00edli (por exemplo, <em data-start=\"4005\" data-end=\"4012\">Jambo<\/em>, <em data-start=\"4014\" data-end=\"4022\">Asante<\/em>, <em data-start=\"4024\" data-end=\"4032\">Karibu<\/em>)<\/p><\/li><li class=\"\" data-start=\"4034\" data-end=\"4074\"><p class=\"\" data-start=\"4036\" data-end=\"4074\">Sempre pe\u00e7a permiss\u00e3o antes de fotografar moradores locais.<\/p><\/li><\/ul><p class=\"\" data-start=\"4076\" data-end=\"4156\">\ud83d\udc49 <em data-start=\"4079\" data-end=\"4084\">Dica<\/em>Dar gorjeta \u00e9 esperado, especialmente para guias, carregadores e funcion\u00e1rios da hospedagem.<\/p><hr class=\"\" data-start=\"4158\" data-end=\"4161\" \/><h2 class=\"\" data-start=\"4163\" data-end=\"4180\">Considera\u00e7\u00f5es finais<\/h2><p class=\"\" data-start=\"4182\" data-end=\"4427\">Um saf\u00e1ri na Tanz\u00e2nia \u00e9 uma experi\u00eancia inesquec\u00edvel, repleta de vida selvagem, aventura e beleza natural. Com planejamento pr\u00e9vio, escolha da \u00e9poca e dos locais certos, e compreens\u00e3o da cultura e da log\u00edstica, voc\u00ea aproveitar\u00e1 ao m\u00e1ximo sua viagem.<\/p><p class=\"\" data-start=\"4429\" data-end=\"4528\"><strong data-start=\"4429\" data-end=\"4445\">Pronto para come\u00e7ar?<\/strong> Reserve com um operador de saf\u00e1ris de confian\u00e7a e prepare-se para a aventura da sua vida!<\/p>\t\t\t\t\t\t\t\t<\/div>\n\t\t\t\t<\/div>\n\t\t\t\t\t<\/div>\n\t\t\t\t<\/div>\n\t\t\t\t\t<\/div>\n\t\t\t\t<\/div>\n\t\t\t\t<\/div>","protected":false},"excerpt":{"rendered":"<p>P\u00e1gina inicial \/ Blog A Tanz\u00e2nia \u00e9 um dos principais destinos de saf\u00e1ri do mundo, oferecendo experi\u00eancias inesquec\u00edveis com a vida selvagem em parques como o Serengeti, a Cratera de Ngorongoro e o Tarangire. Mas antes de arrumar as malas e partir para uma aventura africana, h\u00e1 algumas coisas importantes a ter em mente. Aqui est\u00e1 uma lista de verifica\u00e7\u00e3o com os principais pontos a considerar: [\u2026]<\/p>","protected":false},"author":1,"featured_media":0,"parent":0,"menu_order":0,"comment_status":"closed","ping_status":"closed","template":"elementor_canvas","meta":{"footnotes":""},"class_list":["post-10283","page","type-page","status-publish","hentry"],"yoast_head":"<!-- This site is optimized with the Yoast SEO plugin v25.7 - https:\/\/yoast.com\/wordpress\/plugins\/seo\/ -->\n<title>Things to consider before visiting Tanzania for safari - Nurtured Wildlife Safaris<\/title>\n<meta name=\"robots\" content=\"index, follow, max-snippet:-1, max-image-preview:large, max-video-preview:-1\" \/>\n<link rel=\"canonical\" href=\"https:\/\/nurturedwildlife.com\/pt\/coisas-a-considerar-antes-de-visitar-a-tanzania-para-um-safari\/\" \/>\n<meta property=\"og:locale\" content=\"pt_PT\" \/>\n<meta property=\"og:type\" content=\"article\" \/>\n<meta property=\"og:title\" content=\"Things to consider before visiting Tanzania for safari - Nurtured Wildlife Safaris\" \/>\n<meta property=\"og:description\" content=\"Home \/ Blog Tanzania is one of the top safari destinations in the world, offering unforgettable wildlife experiences in parks like the Serengeti, Ngorongoro Crater, and Tarangire. But before you pack your bags and head out on an African adventure, there are a few important things to keep in mind. Here&#8217;s a checklist of key [&hellip;]\" \/>\n<meta property=\"og:url\" content=\"https:\/\/nurturedwildlife.com\/pt\/coisas-a-considerar-antes-de-visitar-a-tanzania-para-um-safari\/\" \/>\n<meta property=\"og:site_name\" content=\"Nurtured Wildlife Safaris\" \/>\n<meta property=\"article:modified_time\" content=\"2025-05-17T14:36:31+00:00\" \/>\n<meta name=\"twitter:card\" content=\"summary_large_image\" \/>\n<meta name=\"twitter:label1\" content=\"Tempo estimado de leitura\" \/>\n\t<meta name=\"twitter:data1\" content=\"5 minutos\" \/>\n<script type=\"application\/ld+json\" class=\"yoast-schema-graph\">{\"@context\":\"https:\/\/schema.org\",\"@graph\":[{\"@type\":\"WebPage\",\"@id\":\"https:\/\/nurturedwildlife.com\/things-to-consider-before-visiting-tanzania-for-safari\/\",\"url\":\"https:\/\/nurturedwildlife.com\/things-to-consider-before-visiting-tanzania-for-safari\/\",\"name\":\"Things to consider before visiting Tanzania for safari - Nurtured Wildlife Safaris\",\"isPartOf\":{\"@id\":\"https:\/\/nurturedwildlife.com\/#website\"},\"datePublished\":\"2025-05-17T14:35:09+00:00\",\"dateModified\":\"2025-05-17T14:36:31+00:00\",\"breadcrumb\":{\"@id\":\"https:\/\/nurturedwildlife.com\/things-to-consider-before-visiting-tanzania-for-safari\/#breadcrumb\"},\"inLanguage\":\"pt-PT\",\"potentialAction\":[{\"@type\":\"ReadAction\",\"target\":[\"https:\/\/nurturedwildlife.com\/things-to-consider-before-visiting-tanzania-for-safari\/\"]}]},{\"@type\":\"BreadcrumbList\",\"@id\":\"https:\/\/nurturedwildlife.com\/things-to-consider-before-visiting-tanzania-for-safari\/#breadcrumb\",\"itemListElement\":[{\"@type\":\"ListItem\",\"position\":1,\"name\":\"Home\",\"item\":\"https:\/\/nurturedwildlife.com\/\"},{\"@type\":\"ListItem\",\"position\":2,\"name\":\"Things to consider before visiting Tanzania for safari\"}]},{\"@type\":\"WebSite\",\"@id\":\"https:\/\/nurturedwildlife.com\/#website\",\"url\":\"https:\/\/nurturedwildlife.com\/\",\"name\":\"Nurtured Wildlife Safaris\",\"description\":\"Tanzania Unforgettable\",\"publisher\":{\"@id\":\"https:\/\/nurturedwildlife.com\/#organization\"},\"potentialAction\":[{\"@type\":\"SearchAction\",\"target\":{\"@type\":\"EntryPoint\",\"urlTemplate\":\"https:\/\/nurturedwildlife.com\/?s={search_term_string}\"},\"query-input\":{\"@type\":\"PropertyValueSpecification\",\"valueRequired\":true,\"valueName\":\"search_term_string\"}}],\"inLanguage\":\"pt-PT\"},{\"@type\":\"Organization\",\"@id\":\"https:\/\/nurturedwildlife.com\/#organization\",\"name\":\"Nurtured Wildlife Safaris\",\"url\":\"https:\/\/nurturedwildlife.com\/\",\"logo\":{\"@type\":\"ImageObject\",\"inLanguage\":\"pt-PT\",\"@id\":\"https:\/\/nurturedwildlife.com\/#\/schema\/logo\/image\/\",\"url\":\"https:\/\/nurturedwildlife.com\/wp-content\/uploads\/2023\/12\/nurtured-png.png\",\"contentUrl\":\"https:\/\/nurturedwildlife.com\/wp-content\/uploads\/2023\/12\/nurtured-png.png\",\"width\":4641,\"height\":1704,\"caption\":\"Nurtured Wildlife Safaris\"},\"image\":{\"@id\":\"https:\/\/nurturedwildlife.com\/#\/schema\/logo\/image\/\"}}]}<\/script>\n<!-- \/ Yoast SEO plugin. -->","yoast_head_json":{"title":"Coisas a considerar antes de visitar a Tanz\u00e2nia para um saf\u00e1ri - Nurtured Wildlife Safaris","robots":{"index":"index","follow":"follow","max-snippet":"max-snippet:-1","max-image-preview":"max-image-preview:large","max-video-preview":"max-video-preview:-1"},"canonical":"https:\/\/nurturedwildlife.com\/pt\/coisas-a-considerar-antes-de-visitar-a-tanzania-para-um-safari\/","og_locale":"pt_PT","og_type":"article","og_title":"Things to consider before visiting Tanzania for safari - Nurtured Wildlife Safaris","og_description":"Home \/ Blog Tanzania is one of the top safari destinations in the world, offering unforgettable wildlife experiences in parks like the Serengeti, Ngorongoro Crater, and Tarangire. But before you pack your bags and head out on an African adventure, there are a few important things to keep in mind. Here&#8217;s a checklist of key [&hellip;]","og_url":"https:\/\/nurturedwildlife.com\/pt\/coisas-a-considerar-antes-de-visitar-a-tanzania-para-um-safari\/","og_site_name":"Nurtured Wildlife Safaris","article_modified_time":"2025-05-17T14:36:31+00:00","twitter_card":"summary_large_image","twitter_misc":{"Tempo estimado de leitura":"5 minutos"},"schema":{"@context":"https:\/\/schema.org","@graph":[{"@type":"WebPage","@id":"https:\/\/nurturedwildlife.com\/things-to-consider-before-visiting-tanzania-for-safari\/","url":"https:\/\/nurturedwildlife.com\/things-to-consider-before-visiting-tanzania-for-safari\/","name":"Coisas a considerar antes de visitar a Tanz\u00e2nia para um saf\u00e1ri - Nurtured Wildlife Safaris","isPartOf":{"@id":"https:\/\/nurturedwildlife.com\/#website"},"datePublished":"2025-05-17T14:35:09+00:00","dateModified":"2025-05-17T14:36:31+00:00","breadcrumb":{"@id":"https:\/\/nurturedwildlife.com\/things-to-consider-before-visiting-tanzania-for-safari\/#breadcrumb"},"inLanguage":"pt-PT","potentialAction":[{"@type":"ReadAction","target":["https:\/\/nurturedwildlife.com\/things-to-consider-before-visiting-tanzania-for-safari\/"]}]},{"@type":"BreadcrumbList","@id":"https:\/\/nurturedwildlife.com\/things-to-consider-before-visiting-tanzania-for-safari\/#breadcrumb","itemListElement":[{"@type":"ListItem","position":1,"name":"Home","item":"https:\/\/nurturedwildlife.com\/"},{"@type":"ListItem","position":2,"name":"Things to consider before visiting Tanzania for safari"}]},{"@type":"WebSite","@id":"https:\/\/nurturedwildlife.com\/#website","url":"https:\/\/nurturedwildlife.com\/","name":"Saf\u00e1ris com foco na vida selvagem","description":"Tanz\u00e2nia Inesquec\u00edvel","publisher":{"@id":"https:\/\/nurturedwildlife.com\/#organization"},"potentialAction":[{"@type":"SearchAction","target":{"@type":"EntryPoint","urlTemplate":"https:\/\/nurturedwildlife.com\/?s={search_term_string}"},"query-input":{"@type":"PropertyValueSpecification","valueRequired":true,"valueName":"search_term_string"}}],"inLanguage":"pt-PT"},{"@type":"Organization","@id":"https:\/\/nurturedwildlife.com\/#organization","name":"Saf\u00e1ris com foco na vida selvagem","url":"https:\/\/nurturedwildlife.com\/","logo":{"@type":"ImageObject","inLanguage":"pt-PT","@id":"https:\/\/nurturedwildlife.com\/#\/schema\/logo\/image\/","url":"https:\/\/nurturedwildlife.com\/wp-content\/uploads\/2023\/12\/nurtured-png.png","contentUrl":"https:\/\/nurturedwildlife.com\/wp-content\/uploads\/2023\/12\/nurtured-png.png","width":4641,"height":1704,"caption":"Nurtured Wildlife Safaris"},"image":{"@id":"https:\/\/nurturedwildlife.com\/#\/schema\/logo\/image\/"}}]}},"_links":{"self":[{"href":"https:\/\/nurturedwildlife.com\/pt\/wp-json\/wp\/v2\/pages\/10283","targetHints":{"allow":["GET"]}}],"collection":[{"href":"https:\/\/nurturedwildlife.com\/pt\/wp-json\/wp\/v2\/pages"}],"about":[{"href":"https:\/\/nurturedwildlife.com\/pt\/wp-json\/wp\/v2\/types\/page"}],"author":[{"embeddable":true,"href":"https:\/\/nurturedwildlife.com\/pt\/wp-json\/wp\/v2\/users\/1"}],"replies":[{"embeddable":true,"href":"https:\/\/nurturedwildlife.com\/pt\/wp-json\/wp\/v2\/comments?post=10283"}],"version-history":[{"count":5,"href":"https:\/\/nurturedwildlife.com\/pt\/wp-json\/wp\/v2\/pages\/10283\/revisions"}],"predecessor-version":[{"id":10289,"href":"https:\/\/nurturedwildlife.com\/pt\/wp-json\/wp\/v2\/pages\/10283\/revisions\/10289"}],"wp:attachment":[{"href":"https:\/\/nurturedwildlife.com\/pt\/wp-json\/wp\/v2\/media?parent=10283"}],"curies":[{"name":"wp","href":"https:\/\/api.w.org\/{rel}","templated":true}]}}