{"id":10238,"date":"2025-05-17T13:54:46","date_gmt":"2025-05-17T13:54:46","guid":{"rendered":"https:\/\/nurturedwildlife.com\/?page_id=10238"},"modified":"2025-05-17T13:55:45","modified_gmt":"2025-05-17T13:55:45","slug":"destinos-imperdiveis","status":"publish","type":"page","link":"https:\/\/nurturedwildlife.com\/pt\/destinos-imperdiveis\/","title":{"rendered":"Destinos imperd\u00edveis"},"content":{"rendered":"<div data-elementor-type=\"wp-page\" data-elementor-id=\"10238\" class=\"elementor elementor-10238\" data-elementor-post-type=\"page\">\n\t\t\t\t<div class=\"elementor-element elementor-element-3b3d63f7 e-con-full e-flex e-con e-parent\" data-id=\"3b3d63f7\" data-element_type=\"container\" data-e-type=\"container\" data-settings=\"{&quot;background_background&quot;:&quot;classic&quot;}\">\n\t\t<div class=\"elementor-element elementor-element-6a2347 e-con-full e-flex e-con e-child\" data-id=\"6a2347\" data-element_type=\"container\" data-e-type=\"container\" data-settings=\"{&quot;background_background&quot;:&quot;classic&quot;}\">\n\t\t\t\t<div class=\"elementor-element elementor-element-a10ee4c elementor-widget elementor-widget-text-editor\" data-id=\"a10ee4c\" data-element_type=\"widget\" data-e-type=\"widget\" data-widget_type=\"text-editor.default\">\n\t\t\t\t<div class=\"elementor-widget-container\">\n\t\t\t\t\t\t\t\t\t<p><a href=\"#\">Lar<\/a> Blog<\/p>\t\t\t\t\t\t\t\t<\/div>\n\t\t\t\t<\/div>\n\t\t\t\t<\/div>\n\t\t\t\t<\/div>\n\t\t<div class=\"elementor-element elementor-element-16e11b13 e-flex e-con-boxed e-con e-parent\" data-id=\"16e11b13\" data-element_type=\"container\" data-e-type=\"container\">\n\t\t\t\t\t<div class=\"e-con-inner\">\n\t\t<div class=\"elementor-element elementor-element-2f3d3a50 e-flex e-con-boxed e-con e-child\" data-id=\"2f3d3a50\" data-element_type=\"container\" data-e-type=\"container\" data-settings=\"{&quot;background_background&quot;:&quot;classic&quot;}\">\n\t\t\t\t\t<div class=\"e-con-inner\">\n\t\t\t\t<div class=\"elementor-element elementor-element-2b971e19 elementor-widget elementor-widget-text-editor\" data-id=\"2b971e19\" data-element_type=\"widget\" data-e-type=\"widget\" data-widget_type=\"text-editor.default\">\n\t\t\t\t<div class=\"elementor-widget-container\">\n\t\t\t\t\t\t\t\t\t<p class=\"\" data-start=\"189\" data-end=\"423\">A Tanz\u00e2nia \u00e9 uma terra de beleza estonteante, ecossistemas diversos e alguns dos melhores locais do planeta para observa\u00e7\u00e3o da vida selvagem. Das ic\u00f4nicas plan\u00edcies do Serengeti \u00e0 majestosa Cratera de Ngorongoro, a Tanz\u00e2nia oferece uma experi\u00eancia de saf\u00e1ri incompar\u00e1vel.<\/p><p class=\"\" data-start=\"425\" data-end=\"554\">Se voc\u00ea est\u00e1 planejando uma aventura de saf\u00e1ri, aqui est\u00e3o algumas dicas. <strong data-start=\"477\" data-end=\"518\">Os 5 melhores destinos de saf\u00e1ri na Tanz\u00e2nia<\/strong> Isso deveria estar na sua lista de desejos.<\/p><hr class=\"\" data-start=\"556\" data-end=\"559\" \/><h2 class=\"\" data-start=\"561\" data-end=\"624\">1. <strong data-start=\"567\" data-end=\"594\">Parque Nacional do Serengeti<\/strong> \u2013 Terra natal da Grande Migra\u00e7\u00e3o<\/h2><p class=\"\" data-start=\"626\" data-end=\"791\"><strong data-start=\"626\" data-end=\"648\">Melhor \u00e9poca para visitar<\/strong>De junho a outubro (para travessias de rios) e de janeiro a mar\u00e7o (para a \u00e9poca de nascimento dos bezerros).<br data-start=\"727\" data-end=\"730\" \/><strong data-start=\"730\" data-end=\"743\">Conhecido por<\/strong>Os Cinco Grandes, migra\u00e7\u00e3o dos gnus, plan\u00edcies infinitas<\/p><p class=\"\" data-start=\"793\" data-end=\"1105\">O Serengeti \u00e9 a joia da coroa da Tanz\u00e2nia. \u00c9 mundialmente famoso por... <strong data-start=\"860\" data-end=\"890\">Grande Migra\u00e7\u00e3o dos Gnus<\/strong>, Onde mais de 2 milh\u00f5es de gnus, zebras e gazelas se deslocam em um ciclo anual impressionante. O parque tamb\u00e9m possui uma alta concentra\u00e7\u00e3o de predadores \u2014 le\u00f5es, guepardos, leopardos \u2014 tornando-o ideal para observa\u00e7\u00e3o de animais selvagens.<\/p><p class=\"\" data-start=\"1107\" data-end=\"1122\"><strong data-start=\"1107\" data-end=\"1121\">Destaques<\/strong>:<\/p><ul data-start=\"1123\" data-end=\"1235\"><li class=\"\" data-start=\"1123\" data-end=\"1162\"><p class=\"\" data-start=\"1125\" data-end=\"1162\">Travessias do rio Mara (julho a setembro)<\/p><\/li><li class=\"\" data-start=\"1163\" data-end=\"1201\"><p class=\"\" data-start=\"1165\" data-end=\"1201\">Temporada de partos em Ndutu (janeiro a mar\u00e7o)<\/p><\/li><li class=\"\" data-start=\"1202\" data-end=\"1235\"><p class=\"\" data-start=\"1204\" data-end=\"1235\">Saf\u00e1ris de bal\u00e3o sobre as plan\u00edcies<\/p><\/li><\/ul><hr class=\"\" data-start=\"1237\" data-end=\"1240\" \/><h2 class=\"\" data-start=\"1242\" data-end=\"1306\">2. <strong data-start=\"1248\" data-end=\"1269\">Cratera de Ngorongoro<\/strong> \u2013 A maior caldeira intacta do mundo<\/h2><p class=\"\" data-start=\"1308\" data-end=\"1416\"><strong data-start=\"1308\" data-end=\"1330\">Melhor \u00e9poca para visitar<\/strong>: Durante todo o ano<br data-start=\"1342\" data-end=\"1345\" \/><strong data-start=\"1345\" data-end=\"1358\">Conhecido por<\/strong>Cinco Grandes, paisagens dram\u00e1ticas, densa popula\u00e7\u00e3o de animais selvagens<\/p><p class=\"\" data-start=\"1418\" data-end=\"1668\">Patrim\u00f4nio Mundial da UNESCO, o <strong data-start=\"1452\" data-end=\"1473\">Cratera de Ngorongoro<\/strong> \u00c9 frequentemente descrito como um \u201c\u00c9den africano\u201d. Trata-se de um vulc\u00e3o extinto repleto de pastagens exuberantes, p\u00e2ntanos e um lago de soda. Voc\u00ea encontrar\u00e1 <strong data-start=\"1606\" data-end=\"1630\">todos os animais do Big Five<\/strong> aqui, incluindo o raro rinoceronte negro.<\/p><p class=\"\" data-start=\"1670\" data-end=\"1685\"><strong data-start=\"1670\" data-end=\"1684\">Destaques<\/strong>:<\/p><ul data-start=\"1686\" data-end=\"1799\"><li class=\"\" data-start=\"1686\" data-end=\"1712\"><p class=\"\" data-start=\"1688\" data-end=\"1712\">saf\u00e1ris fotogr\u00e1ficos no fundo da cratera<\/p><\/li><li class=\"\" data-start=\"1713\" data-end=\"1739\"><p class=\"\" data-start=\"1715\" data-end=\"1739\">Visita \u00e0s aldeias Maasai<\/p><\/li><li class=\"\" data-start=\"1740\" data-end=\"1799\"><p class=\"\" data-start=\"1742\" data-end=\"1799\">Paisagens incr\u00edveis com grandes chances de avistar animais selvagens.<\/p><\/li><\/ul><hr class=\"\" data-start=\"1801\" data-end=\"1804\" \/><h2 class=\"\" data-start=\"1806\" data-end=\"1859\">3. <strong data-start=\"1812\" data-end=\"1839\">Parque Nacional de Tarangire<\/strong> \u2013 Para\u00edso dos Elefantes<\/h2><p class=\"\" data-start=\"1861\" data-end=\"1962\"><strong data-start=\"1861\" data-end=\"1883\">Melhor \u00e9poca para visitar<\/strong>: Junho a outubro<br data-start=\"1900\" data-end=\"1903\" \/><strong data-start=\"1903\" data-end=\"1916\">Conhecido por<\/strong>Grandes manadas de elefantes, baob\u00e1s, avifauna<\/p><p class=\"\" data-start=\"1964\" data-end=\"2183\">Frequentemente negligenciado, <strong data-start=\"1982\" data-end=\"1995\">Tarangire<\/strong> oferece uma experi\u00eancia de saf\u00e1ri \u00fanica com seu <strong data-start=\"2039\" data-end=\"2065\">enormes manadas de elefantes<\/strong>, especialmente durante a esta\u00e7\u00e3o seca. O parque \u00e9 repleto de baob\u00e1s centen\u00e1rios e abriga mais de 500 esp\u00e9cies de aves.<\/p><p class=\"\" data-start=\"2185\" data-end=\"2200\"><strong data-start=\"2185\" data-end=\"2199\">Destaques<\/strong>:<\/p><ul data-start=\"2201\" data-end=\"2322\"><li class=\"\" data-start=\"2201\" data-end=\"2242\"><p class=\"\" data-start=\"2203\" data-end=\"2242\">Avistamentos de elefantes perto do rio Tarangire<\/p><\/li><li class=\"\" data-start=\"2243\" data-end=\"2268\"><p class=\"\" data-start=\"2245\" data-end=\"2268\">Excelente observa\u00e7\u00e3o de aves<\/p><\/li><li class=\"\" data-start=\"2269\" data-end=\"2322\"><p class=\"\" data-start=\"2271\" data-end=\"2322\">Saf\u00e1ris a p\u00e9 e experi\u00eancias fora dos roteiros tur\u00edsticos tradicionais.<\/p><\/li><\/ul><hr class=\"\" data-start=\"2324\" data-end=\"2327\" \/><h2 class=\"\" data-start=\"2329\" data-end=\"2398\">4. <strong data-start=\"2335\" data-end=\"2365\">Parque Nacional do Lago Manyara<\/strong> \u2013 Le\u00f5es que sobem em \u00e1rvores e vida das aves<\/h2><p class=\"\" data-start=\"2400\" data-end=\"2545\"><strong data-start=\"2400\" data-end=\"2422\">Melhor \u00e9poca para visitar<\/strong>De junho a outubro e de novembro a fevereiro (para observa\u00e7\u00e3o de aves)<br data-start=\"2476\" data-end=\"2479\" \/><strong data-start=\"2479\" data-end=\"2492\">Conhecido por<\/strong>Le\u00f5es que sobem em \u00e1rvores, flamingos, florestas de \u00e1gua subterr\u00e2nea<\/p><p class=\"\" data-start=\"2547\" data-end=\"2788\"><strong data-start=\"2547\" data-end=\"2563\">Lago Manyara<\/strong> Pode ser pequeno, mas \u00e9 incrivelmente diverso. \u00c9 famoso por sua <strong data-start=\"2627\" data-end=\"2650\">le\u00f5es que sobem em \u00e1rvores<\/strong> e bandos sazonais de flamingos que cobrem o lago. O parque oferece florestas exuberantes, plan\u00edcies abertas e um lago de \u00e1gua salgada, tudo em uma \u00e1rea compacta.<\/p><p class=\"\" data-start=\"2790\" data-end=\"2805\"><strong data-start=\"2790\" data-end=\"2804\">Destaques<\/strong>:<\/p><ul data-start=\"2806\" data-end=\"2915\"><li class=\"\" data-start=\"2806\" data-end=\"2848\"><p class=\"\" data-start=\"2808\" data-end=\"2848\">Saf\u00e1ris de canoa (quando o n\u00edvel da \u00e1gua permitir)<\/p><\/li><li class=\"\" data-start=\"2849\" data-end=\"2877\"><p class=\"\" data-start=\"2851\" data-end=\"2877\">Ecossistemas florestais e lacustres<\/p><\/li><li class=\"\" data-start=\"2878\" data-end=\"2915\"><p class=\"\" data-start=\"2880\" data-end=\"2915\">Proximidade de Arusha (viagem de um dia f\u00e1cil)<\/p><\/li><\/ul><hr class=\"\" data-start=\"2917\" data-end=\"2920\" \/><h2 class=\"\" data-start=\"2922\" data-end=\"2975\">5. <strong data-start=\"2928\" data-end=\"2951\">Parque Nacional de Ruaha<\/strong> \u2013 A joia escondida da Tanz\u00e2nia<\/h2><p class=\"\" data-start=\"2977\" data-end=\"3085\"><strong data-start=\"2977\" data-end=\"2999\">Melhor \u00e9poca para visitar<\/strong>: Junho a outubro<br data-start=\"3016\" data-end=\"3019\" \/><strong data-start=\"3019\" data-end=\"3032\">Conhecido por<\/strong>Regi\u00f5es selvagens remotas, predadores, grandes grupos de le\u00f5es.<\/p><p class=\"\" data-start=\"3087\" data-end=\"3359\"><strong data-start=\"3087\" data-end=\"3096\">Ruaha<\/strong> \u00c9 o maior parque nacional da Tanz\u00e2nia e um dos mais remotos. Oferece uma experi\u00eancia de saf\u00e1ri selvagem e sem aglomera\u00e7\u00f5es, sendo conhecido por suas grandes popula\u00e7\u00f5es de... <strong data-start=\"3249\" data-end=\"3283\">le\u00f5es, leopardos e elefantes<\/strong>. \u00c9 perfeito para viajantes aventureiros que buscam um saf\u00e1ri mais isolado.<\/p><p class=\"\" data-start=\"3361\" data-end=\"3376\"><strong data-start=\"3361\" data-end=\"3375\">Destaques<\/strong>:<\/p><ul data-start=\"3377\" data-end=\"3481\"><li class=\"\" data-start=\"3377\" data-end=\"3401\"><p class=\"\" data-start=\"3379\" data-end=\"3401\">Alojamentos de saf\u00e1ri intimistas<\/p><\/li><li class=\"\" data-start=\"3402\" data-end=\"3450\"><p class=\"\" data-start=\"3404\" data-end=\"3450\">Paisagens diversas com colinas rochosas e rios.<\/p><\/li><li class=\"\" data-start=\"3451\" data-end=\"3481\"><p class=\"\" data-start=\"3453\" data-end=\"3481\">Excelente avistamento de predadores<\/p><\/li><\/ul><hr class=\"\" data-start=\"3483\" data-end=\"3486\" \/><h2 class=\"\" data-start=\"3488\" data-end=\"3505\">Considera\u00e7\u00f5es finais<\/h2><p class=\"\" data-start=\"3507\" data-end=\"3736\">Seja voc\u00ea um visitante de primeira viagem ou um experiente frequentador de saf\u00e1ris, os parques nacionais da Tanz\u00e2nia proporcionam experi\u00eancias inesquec\u00edveis com a vida selvagem. Desde... <strong data-start=\"3649\" data-end=\"3669\">ic\u00f4nico Serengeti<\/strong> para o <strong data-start=\"3677\" data-end=\"3703\">beleza escondida de Ruaha<\/strong>, H\u00e1 op\u00e7\u00f5es para todos os gostos.<\/p><p class=\"\" data-start=\"3738\" data-end=\"3857\">Pronto para come\u00e7ar sua jornada? Entre em contato com uma operadora de turismo confi\u00e1vel para ajud\u00e1-lo a criar o roteiro de saf\u00e1ri perfeito na Tanz\u00e2nia.<\/p>\t\t\t\t\t\t\t\t<\/div>\n\t\t\t\t<\/div>\n\t\t\t\t\t<\/div>\n\t\t\t\t<\/div>\n\t\t\t\t\t<\/div>\n\t\t\t\t<\/div>\n\t\t\t\t<\/div>","protected":false},"excerpt":{"rendered":"<p>P\u00e1gina inicial \/ Blog A Tanz\u00e2nia \u00e9 uma terra de beleza estonteante, ecossistemas diversos e alguns dos melhores locais do planeta para observa\u00e7\u00e3o da vida selvagem. Das ic\u00f4nicas plan\u00edcies do Serengeti \u00e0 majestosa Cratera de Ngorongoro, a Tanz\u00e2nia oferece uma experi\u00eancia de saf\u00e1ri incompar\u00e1vel. Se voc\u00ea est\u00e1 planejando uma aventura de saf\u00e1ri, aqui est\u00e3o os 5 principais destinos de saf\u00e1ri na Tanz\u00e2nia [\u2026]<\/p>","protected":false},"author":1,"featured_media":0,"parent":0,"menu_order":0,"comment_status":"closed","ping_status":"closed","template":"elementor_canvas","meta":{"footnotes":""},"class_list":["post-10238","page","type-page","status-publish","hentry"],"yoast_head":"<!-- This site is optimized with the Yoast SEO plugin v25.7 - https:\/\/yoast.com\/wordpress\/plugins\/seo\/ -->\n<title>Must visit destinations - Nurtured Wildlife Safaris<\/title>\n<meta name=\"robots\" content=\"index, follow, max-snippet:-1, max-image-preview:large, max-video-preview:-1\" \/>\n<link rel=\"canonical\" href=\"https:\/\/nurturedwildlife.com\/pt\/destinos-imperdiveis\/\" \/>\n<meta property=\"og:locale\" content=\"pt_PT\" \/>\n<meta property=\"og:type\" content=\"article\" \/>\n<meta property=\"og:title\" content=\"Must visit destinations - Nurtured Wildlife Safaris\" \/>\n<meta property=\"og:description\" content=\"Home \/ Blog Tanzania is a land of breathtaking beauty, diverse ecosystems, and some of the best wildlife viewing on the planet. From the iconic Serengeti plains to the majestic Ngorongoro Crater, Tanzania offers a safari experience like no other. If you\u2019re planning a safari adventure, here are the top 5 safari destinations in Tanzania [&hellip;]\" \/>\n<meta property=\"og:url\" content=\"https:\/\/nurturedwildlife.com\/pt\/destinos-imperdiveis\/\" \/>\n<meta property=\"og:site_name\" content=\"Nurtured Wildlife Safaris\" \/>\n<meta property=\"article:modified_time\" content=\"2025-05-17T13:55:45+00:00\" \/>\n<meta name=\"twitter:card\" content=\"summary_large_image\" \/>\n<meta name=\"twitter:label1\" content=\"Tempo estimado de leitura\" \/>\n\t<meta name=\"twitter:data1\" content=\"3 minutos\" \/>\n<script type=\"application\/ld+json\" class=\"yoast-schema-graph\">{\"@context\":\"https:\/\/schema.org\",\"@graph\":[{\"@type\":\"WebPage\",\"@id\":\"https:\/\/nurturedwildlife.com\/must-visit-destinations\/\",\"url\":\"https:\/\/nurturedwildlife.com\/must-visit-destinations\/\",\"name\":\"Must visit destinations - Nurtured Wildlife Safaris\",\"isPartOf\":{\"@id\":\"https:\/\/nurturedwildlife.com\/#website\"},\"datePublished\":\"2025-05-17T13:54:46+00:00\",\"dateModified\":\"2025-05-17T13:55:45+00:00\",\"breadcrumb\":{\"@id\":\"https:\/\/nurturedwildlife.com\/must-visit-destinations\/#breadcrumb\"},\"inLanguage\":\"pt-PT\",\"potentialAction\":[{\"@type\":\"ReadAction\",\"target\":[\"https:\/\/nurturedwildlife.com\/must-visit-destinations\/\"]}]},{\"@type\":\"BreadcrumbList\",\"@id\":\"https:\/\/nurturedwildlife.com\/must-visit-destinations\/#breadcrumb\",\"itemListElement\":[{\"@type\":\"ListItem\",\"position\":1,\"name\":\"Home\",\"item\":\"https:\/\/nurturedwildlife.com\/\"},{\"@type\":\"ListItem\",\"position\":2,\"name\":\"Must visit destinations\"}]},{\"@type\":\"WebSite\",\"@id\":\"https:\/\/nurturedwildlife.com\/#website\",\"url\":\"https:\/\/nurturedwildlife.com\/\",\"name\":\"Nurtured Wildlife Safaris\",\"description\":\"Tanzania Unforgettable\",\"publisher\":{\"@id\":\"https:\/\/nurturedwildlife.com\/#organization\"},\"potentialAction\":[{\"@type\":\"SearchAction\",\"target\":{\"@type\":\"EntryPoint\",\"urlTemplate\":\"https:\/\/nurturedwildlife.com\/?s={search_term_string}\"},\"query-input\":{\"@type\":\"PropertyValueSpecification\",\"valueRequired\":true,\"valueName\":\"search_term_string\"}}],\"inLanguage\":\"pt-PT\"},{\"@type\":\"Organization\",\"@id\":\"https:\/\/nurturedwildlife.com\/#organization\",\"name\":\"Nurtured Wildlife Safaris\",\"url\":\"https:\/\/nurturedwildlife.com\/\",\"logo\":{\"@type\":\"ImageObject\",\"inLanguage\":\"pt-PT\",\"@id\":\"https:\/\/nurturedwildlife.com\/#\/schema\/logo\/image\/\",\"url\":\"https:\/\/nurturedwildlife.com\/wp-content\/uploads\/2023\/12\/nurtured-png.png\",\"contentUrl\":\"https:\/\/nurturedwildlife.com\/wp-content\/uploads\/2023\/12\/nurtured-png.png\",\"width\":4641,\"height\":1704,\"caption\":\"Nurtured Wildlife Safaris\"},\"image\":{\"@id\":\"https:\/\/nurturedwildlife.com\/#\/schema\/logo\/image\/\"}}]}<\/script>\n<!-- \/ Yoast SEO plugin. -->","yoast_head_json":{"title":"Destinos imperd\u00edveis - Saf\u00e1ris com vida selvagem preservada","robots":{"index":"index","follow":"follow","max-snippet":"max-snippet:-1","max-image-preview":"max-image-preview:large","max-video-preview":"max-video-preview:-1"},"canonical":"https:\/\/nurturedwildlife.com\/pt\/destinos-imperdiveis\/","og_locale":"pt_PT","og_type":"article","og_title":"Must visit destinations - Nurtured Wildlife Safaris","og_description":"Home \/ Blog Tanzania is a land of breathtaking beauty, diverse ecosystems, and some of the best wildlife viewing on the planet. From the iconic Serengeti plains to the majestic Ngorongoro Crater, Tanzania offers a safari experience like no other. If you\u2019re planning a safari adventure, here are the top 5 safari destinations in Tanzania [&hellip;]","og_url":"https:\/\/nurturedwildlife.com\/pt\/destinos-imperdiveis\/","og_site_name":"Nurtured Wildlife Safaris","article_modified_time":"2025-05-17T13:55:45+00:00","twitter_card":"summary_large_image","twitter_misc":{"Tempo estimado de leitura":"3 minutos"},"schema":{"@context":"https:\/\/schema.org","@graph":[{"@type":"WebPage","@id":"https:\/\/nurturedwildlife.com\/must-visit-destinations\/","url":"https:\/\/nurturedwildlife.com\/must-visit-destinations\/","name":"Destinos imperd\u00edveis - Saf\u00e1ris com vida selvagem preservada","isPartOf":{"@id":"https:\/\/nurturedwildlife.com\/#website"},"datePublished":"2025-05-17T13:54:46+00:00","dateModified":"2025-05-17T13:55:45+00:00","breadcrumb":{"@id":"https:\/\/nurturedwildlife.com\/must-visit-destinations\/#breadcrumb"},"inLanguage":"pt-PT","potentialAction":[{"@type":"ReadAction","target":["https:\/\/nurturedwildlife.com\/must-visit-destinations\/"]}]},{"@type":"BreadcrumbList","@id":"https:\/\/nurturedwildlife.com\/must-visit-destinations\/#breadcrumb","itemListElement":[{"@type":"ListItem","position":1,"name":"Home","item":"https:\/\/nurturedwildlife.com\/"},{"@type":"ListItem","position":2,"name":"Must visit destinations"}]},{"@type":"WebSite","@id":"https:\/\/nurturedwildlife.com\/#website","url":"https:\/\/nurturedwildlife.com\/","name":"Saf\u00e1ris com foco na vida selvagem","description":"Tanz\u00e2nia Inesquec\u00edvel","publisher":{"@id":"https:\/\/nurturedwildlife.com\/#organization"},"potentialAction":[{"@type":"SearchAction","target":{"@type":"EntryPoint","urlTemplate":"https:\/\/nurturedwildlife.com\/?s={search_term_string}"},"query-input":{"@type":"PropertyValueSpecification","valueRequired":true,"valueName":"search_term_string"}}],"inLanguage":"pt-PT"},{"@type":"Organization","@id":"https:\/\/nurturedwildlife.com\/#organization","name":"Saf\u00e1ris com foco na vida selvagem","url":"https:\/\/nurturedwildlife.com\/","logo":{"@type":"ImageObject","inLanguage":"pt-PT","@id":"https:\/\/nurturedwildlife.com\/#\/schema\/logo\/image\/","url":"https:\/\/nurturedwildlife.com\/wp-content\/uploads\/2023\/12\/nurtured-png.png","contentUrl":"https:\/\/nurturedwildlife.com\/wp-content\/uploads\/2023\/12\/nurtured-png.png","width":4641,"height":1704,"caption":"Nurtured Wildlife Safaris"},"image":{"@id":"https:\/\/nurturedwildlife.com\/#\/schema\/logo\/image\/"}}]}},"_links":{"self":[{"href":"https:\/\/nurturedwildlife.com\/pt\/wp-json\/wp\/v2\/pages\/10238","targetHints":{"allow":["GET"]}}],"collection":[{"href":"https:\/\/nurturedwildlife.com\/pt\/wp-json\/wp\/v2\/pages"}],"about":[{"href":"https:\/\/nurturedwildlife.com\/pt\/wp-json\/wp\/v2\/types\/page"}],"author":[{"embeddable":true,"href":"https:\/\/nurturedwildlife.com\/pt\/wp-json\/wp\/v2\/users\/1"}],"replies":[{"embeddable":true,"href":"https:\/\/nurturedwildlife.com\/pt\/wp-json\/wp\/v2\/comments?post=10238"}],"version-history":[{"count":5,"href":"https:\/\/nurturedwildlife.com\/pt\/wp-json\/wp\/v2\/pages\/10238\/revisions"}],"predecessor-version":[{"id":10250,"href":"https:\/\/nurturedwildlife.com\/pt\/wp-json\/wp\/v2\/pages\/10238\/revisions\/10250"}],"wp:attachment":[{"href":"https:\/\/nurturedwildlife.com\/pt\/wp-json\/wp\/v2\/media?parent=10238"}],"curies":[{"name":"wp","href":"https:\/\/api.w.org\/{rel}","templated":true}]}}