{"id":10226,"date":"2025-05-17T13:40:56","date_gmt":"2025-05-17T13:40:56","guid":{"rendered":"https:\/\/nurturedwildlife.com\/?page_id=10226"},"modified":"2025-05-17T13:54:21","modified_gmt":"2025-05-17T13:54:21","slug":"melhor-epoca-para-visitar-a-tanzania","status":"publish","type":"page","link":"https:\/\/nurturedwildlife.com\/pt\/melhor-epoca-para-visitar-a-tanzania\/","title":{"rendered":"Melhor \u00e9poca para visitar a Tanz\u00e2nia"},"content":{"rendered":"<div data-elementor-type=\"wp-page\" data-elementor-id=\"10226\" class=\"elementor elementor-10226\" data-elementor-post-type=\"page\">\n\t\t\t\t<div class=\"elementor-element elementor-element-7285a343 e-con-full e-flex e-con e-parent\" data-id=\"7285a343\" data-element_type=\"container\" data-e-type=\"container\" data-settings=\"{&quot;background_background&quot;:&quot;classic&quot;}\">\n\t\t<div class=\"elementor-element elementor-element-44a70e12 e-con-full e-flex e-con e-child\" data-id=\"44a70e12\" data-element_type=\"container\" data-e-type=\"container\" data-settings=\"{&quot;background_background&quot;:&quot;classic&quot;}\">\n\t\t\t\t<div class=\"elementor-element elementor-element-11d31f42 elementor-widget elementor-widget-text-editor\" data-id=\"11d31f42\" data-element_type=\"widget\" data-e-type=\"widget\" data-widget_type=\"text-editor.default\">\n\t\t\t\t<div class=\"elementor-widget-container\">\n\t\t\t\t\t\t\t\t\t<p><a href=\"#\">Lar<\/a> Blog<\/p>\t\t\t\t\t\t\t\t<\/div>\n\t\t\t\t<\/div>\n\t\t\t\t<\/div>\n\t\t\t\t<\/div>\n\t\t<div class=\"elementor-element elementor-element-6d2a0933 e-flex e-con-boxed e-con e-parent\" data-id=\"6d2a0933\" data-element_type=\"container\" data-e-type=\"container\">\n\t\t\t\t\t<div class=\"e-con-inner\">\n\t\t<div class=\"elementor-element elementor-element-12301c2a e-flex e-con-boxed e-con e-child\" data-id=\"12301c2a\" data-element_type=\"container\" data-e-type=\"container\" data-settings=\"{&quot;background_background&quot;:&quot;classic&quot;}\">\n\t\t\t\t\t<div class=\"e-con-inner\">\n\t\t\t\t<div class=\"elementor-element elementor-element-fccb848 elementor-widget elementor-widget-text-editor\" data-id=\"fccb848\" data-element_type=\"widget\" data-e-type=\"widget\" data-widget_type=\"text-editor.default\">\n\t\t\t\t<div class=\"elementor-widget-container\">\n\t\t\t\t\t\t\t\t\t<h1 class=\"\" data-start=\"194\" data-end=\"258\">Melhor \u00e9poca para visitar a Tanz\u00e2nia para um saf\u00e1ri: um guia m\u00eas a m\u00eas.<\/h1><p class=\"\" data-start=\"260\" data-end=\"495\">A Tanz\u00e2nia \u00e9 um dos principais destinos de saf\u00e1ri da \u00c1frica, lar do ic\u00f4nico Parque Nacional do Serengeti, da Cratera de Ngorongoro, do Parque Nacional de Tarangire e da vasta regi\u00e3o selvagem do Circuito Sul. Mas qual \u00e9 a melhor \u00e9poca para visitar a Tanz\u00e2nia para um saf\u00e1ri?<\/p><p class=\"\" data-start=\"497\" data-end=\"714\">A verdade \u00e9 que n\u00e3o h\u00e1 <em data-start=\"522\" data-end=\"527\">ruim<\/em> tempo \u2014 mas o <strong data-start=\"543\" data-end=\"603\">A experi\u00eancia muda significativamente dependendo da esta\u00e7\u00e3o do ano.<\/strong>. Este guia detalha a experi\u00eancia de saf\u00e1ri m\u00eas a m\u00eas, ajudando voc\u00ea a planejar a aventura perfeita em meio \u00e0 vida selvagem.<\/p><hr class=\"\" data-start=\"716\" data-end=\"719\" \/><h2 class=\"\" data-start=\"721\" data-end=\"738\">Vis\u00e3o geral r\u00e1pida<\/h2><div class=\"_tableContainer_16hzy_1\"><div class=\"_tableWrapper_16hzy_14 group flex w-fit flex-col-reverse\" tabindex=\"-1\"><table class=\"w-fit min-w-(--thread-content-width)\" data-start=\"740\" data-end=\"1201\"><thead data-start=\"740\" data-end=\"816\"><tr data-start=\"740\" data-end=\"816\"><th data-start=\"740\" data-end=\"755\" data-col-size=\"sm\">M\u00eas<\/th><th data-start=\"755\" data-end=\"772\" data-col-size=\"sm\">Temporada<\/th><th data-start=\"772\" data-end=\"816\" data-col-size=\"sm\">Destaques do Safari<\/th><\/tr><\/thead><tbody data-start=\"894\" data-end=\"1201\"><tr data-start=\"894\" data-end=\"970\"><td data-start=\"894\" data-end=\"909\" data-col-size=\"sm\">Jan \u2013 Mar<\/td><td data-col-size=\"sm\" data-start=\"909\" data-end=\"926\">Esta\u00e7\u00e3o Verde<\/td><td data-col-size=\"sm\" data-start=\"926\" data-end=\"970\">Parto no Serengeti, paisagens exuberantes<\/td><\/tr><tr data-start=\"971\" data-end=\"1047\"><td data-start=\"971\" data-end=\"986\" data-col-size=\"sm\">Abril \u2013 Maio<\/td><td data-start=\"986\" data-end=\"1003\" data-col-size=\"sm\">Esta\u00e7\u00e3o chuvosa<\/td><td data-col-size=\"sm\" data-start=\"1003\" data-end=\"1047\">Menos gente, pre\u00e7os mais baixos.<\/td><\/tr><tr data-start=\"1048\" data-end=\"1124\"><td data-start=\"1048\" data-end=\"1063\" data-col-size=\"sm\">Junho \u2013 Outubro<\/td><td data-col-size=\"sm\" data-start=\"1063\" data-end=\"1080\">Esta\u00e7\u00e3o seca<\/td><td data-col-size=\"sm\" data-start=\"1080\" data-end=\"1124\">Observa\u00e7\u00e3o da vida selvagem em seu auge, Grande Migra\u00e7\u00e3o<\/td><\/tr><tr data-start=\"1125\" data-end=\"1201\"><td data-start=\"1125\" data-end=\"1140\" data-col-size=\"sm\">Nov \u2013 Dez<\/td><td data-col-size=\"sm\" data-start=\"1140\" data-end=\"1157\">Chuvas curtas<\/td><td data-col-size=\"sm\" data-start=\"1157\" data-end=\"1201\">Observa\u00e7\u00e3o de aves, migra\u00e7\u00e3o retorna ao sul<\/td><\/tr><\/tbody><\/table><div class=\"sticky end-(--thread-content-margin) h-0 self-end select-none\"><div class=\"absolute end-0 flex items-end\">\u00a0<\/div><\/div><\/div><\/div><hr class=\"\" data-start=\"1203\" data-end=\"1206\" \/><h2 class=\"\" data-start=\"1208\" data-end=\"1259\">Janeiro a mar\u00e7o \u2013 \u00c9poca de pari\u00e7\u00e3o (\u00c9poca verde)<\/h2><ul data-start=\"1261\" data-end=\"1420\"><li class=\"\" data-start=\"1261\" data-end=\"1354\"><p class=\"\" data-start=\"1263\" data-end=\"1354\"><strong data-start=\"1263\" data-end=\"1275\">Ideal para<\/strong>\u00c9poca de partos em Ndutu (sul do Serengeti), a\u00e7\u00e3o de predadores, paisagens exuberantes.<\/p><\/li><li class=\"\" data-start=\"1355\" data-end=\"1420\"><p class=\"\" data-start=\"1357\" data-end=\"1420\"><strong data-start=\"1357\" data-end=\"1367\">Esperar<\/strong>Chuvas da tarde, paisagens vibrantes, filhotes de animais<\/p><\/li><\/ul><p class=\"\" data-start=\"1422\" data-end=\"1722\">Este \u00e9 um momento espetacular para testemunhar o <strong data-start=\"1464\" data-end=\"1511\">\u00c9poca de pari\u00e7\u00e3o da Grande Migra\u00e7\u00e3o dos Gnus<\/strong> Na regi\u00e3o sul do Serengeti e em Ndutu, mais de 500.000 gnus d\u00e3o \u00e0 luz em um curto per\u00edodo, atraindo predadores como le\u00f5es, guepardos e hienas. A vegeta\u00e7\u00e3o est\u00e1 exuberante e as paisagens s\u00e3o deslumbrantes para fotografar.<\/p><hr class=\"\" data-start=\"1724\" data-end=\"1727\" \/><h2 class=\"\" data-start=\"1729\" data-end=\"1770\">Abril a maio \u2013 Per\u00edodo de chuvas prolongadas (baixa temporada)<\/h2><ul data-start=\"1772\" data-end=\"1882\"><li class=\"\" data-start=\"1772\" data-end=\"1820\"><p class=\"\" data-start=\"1774\" data-end=\"1820\"><strong data-start=\"1774\" data-end=\"1786\">Ideal para<\/strong>Saf\u00e1ris econ\u00f4micos, menos turistas.<\/p><\/li><li class=\"\" data-start=\"1821\" data-end=\"1882\"><p class=\"\" data-start=\"1823\" data-end=\"1882\"><strong data-start=\"1823\" data-end=\"1833\">Esperar<\/strong>Chuvas fortes, trilhas lamacentas, mas um \u00f3timo custo-benef\u00edcio.<\/p><\/li><\/ul><p class=\"\" data-start=\"1884\" data-end=\"2128\">Estes s\u00e3o os meses mais chuvosos da Tanz\u00e2nia. Muitas hospedagens fecham temporariamente, especialmente em \u00e1reas remotas. No entanto, se voc\u00ea n\u00e3o se importa com a chuva, esta \u00e9 uma boa \u00e9poca para uma viagem. <strong data-start=\"2039\" data-end=\"2077\">Safari mais tranquilo e acess\u00edvel<\/strong>, especialmente na cratera Serengeti ou Ngorongoro.<\/p><hr class=\"\" data-start=\"2130\" data-end=\"2133\" \/><h2 class=\"\" data-start=\"2135\" data-end=\"2187\">De junho a outubro \u2013 Esta\u00e7\u00e3o seca (alta temporada de saf\u00e1ris)<\/h2><ul data-start=\"2189\" data-end=\"2371\"><li class=\"\" data-start=\"2189\" data-end=\"2280\"><p class=\"\" data-start=\"2191\" data-end=\"2280\"><strong data-start=\"2191\" data-end=\"2203\">Ideal para<\/strong>Saf\u00e1ri cl\u00e1ssico dos Big Five, travessias de rios durante a Grande Migra\u00e7\u00e3o, saf\u00e1ris a p\u00e9.<\/p><\/li><li class=\"\" data-start=\"2281\" data-end=\"2371\"><p class=\"\" data-start=\"2283\" data-end=\"2371\"><strong data-start=\"2283\" data-end=\"2293\">Esperar<\/strong>C\u00e9u limpo, manh\u00e3s mais frescas, alta concentra\u00e7\u00e3o de vida selvagem perto de fontes de \u00e1gua.<\/p><\/li><\/ul><p class=\"\" data-start=\"2373\" data-end=\"2698\">Este \u00e9 o <strong data-start=\"2385\" data-end=\"2429\">Qual a melhor \u00e9poca para visitar a Tanz\u00e2nia para um saf\u00e1ri?<\/strong>. A vida selvagem se re\u00fane ao redor de rios e po\u00e7os d&#039;\u00e1gua, tornando-a f\u00e1cil de avistar. Junho marca o in\u00edcio da esta\u00e7\u00e3o seca, enquanto <strong data-start=\"2541\" data-end=\"2562\">De julho a setembro<\/strong> \u00e9 famosa por seu drama <strong data-start=\"2586\" data-end=\"2610\">travessias do rio Mara<\/strong> na regi\u00e3o norte do Serengeti. Os parques est\u00e3o em seu per\u00edodo de maior movimento, portanto, reservas antecipadas s\u00e3o essenciais.<\/p><hr class=\"\" data-start=\"2700\" data-end=\"2703\" \/><h2 class=\"\" data-start=\"2705\" data-end=\"2759\">De novembro a dezembro \u2013 Temporada de chuvas curtas e observa\u00e7\u00e3o de aves.<\/h2><ul data-start=\"2761\" data-end=\"2901\"><li class=\"\" data-start=\"2761\" data-end=\"2823\"><p class=\"\" data-start=\"2763\" data-end=\"2823\"><strong data-start=\"2763\" data-end=\"2775\">Ideal para<\/strong>Aves migrat\u00f3rias, tarifas mais baixas, menos turistas<\/p><\/li><li class=\"\" data-start=\"2824\" data-end=\"2901\"><p class=\"\" data-start=\"2826\" data-end=\"2901\"><strong data-start=\"2826\" data-end=\"2836\">Esperar<\/strong>Chuvas curtas, paisagens verdejantes, in\u00edcio da migra\u00e7\u00e3o para o sul.<\/p><\/li><\/ul><p class=\"\" data-start=\"2903\" data-end=\"3152\">As chuvas curtas revitalizam a terra. A vida selvagem continua abundante, e esta \u00e9poca \u00e9 ideal para... <strong data-start=\"3009\" data-end=\"3026\">observadores de p\u00e1ssaros<\/strong>, \u00e0 medida que as esp\u00e9cies migrat\u00f3rias retornam. O <strong data-start=\"3061\" data-end=\"3106\">A Grande Migra\u00e7\u00e3o come\u00e7a a retornar para o sul.<\/strong>, preparando-se mais uma vez para a \u00e9poca de partos.<\/p><hr class=\"\" data-start=\"3154\" data-end=\"3157\" \/><h2 class=\"\" data-start=\"3159\" data-end=\"3185\">Ent\u00e3o, quando voc\u00ea deve ir?<\/h2><p class=\"\" data-start=\"3187\" data-end=\"3203\"><strong data-start=\"3187\" data-end=\"3203\">Se voc\u00ea quiser:<\/strong><\/p><ul data-start=\"3204\" data-end=\"3403\"><li class=\"\" data-start=\"3204\" data-end=\"3245\"><p class=\"\" data-start=\"3206\" data-end=\"3245\"><strong data-start=\"3206\" data-end=\"3229\">Grandes felinos e partos:<\/strong> Janeiro \u2013 Mar\u00e7o<\/p><\/li><li class=\"\" data-start=\"3246\" data-end=\"3288\"><p class=\"\" data-start=\"3248\" data-end=\"3288\"><strong data-start=\"3248\" data-end=\"3276\">Saf\u00e1ris econ\u00f4micos:<\/strong> Abril \u2013 Maio<\/p><\/li><li class=\"\" data-start=\"3289\" data-end=\"3353\"><p class=\"\" data-start=\"3291\" data-end=\"3353\"><strong data-start=\"3291\" data-end=\"3338\">Observa\u00e7\u00e3o de animais cl\u00e1ssicos e travessias migrat\u00f3rias:<\/strong> Junho \u2013 Outubro<\/p><\/li><li class=\"\" data-start=\"3354\" data-end=\"3403\"><p class=\"\" data-start=\"3356\" data-end=\"3403\"><strong data-start=\"3356\" data-end=\"3383\">Observa\u00e7\u00e3o de p\u00e1ssaros e menos aglomera\u00e7\u00e3o:<\/strong> Novembro \u2013 Dezembro<\/p><\/li><\/ul><hr class=\"\" data-start=\"3405\" data-end=\"3408\" \/><h2 class=\"\" data-start=\"3410\" data-end=\"3439\">Dicas finais antes de reservar<\/h2><ul data-start=\"3441\" data-end=\"3686\"><li class=\"\" data-start=\"3441\" data-end=\"3500\"><p class=\"\" data-start=\"3443\" data-end=\"3500\">Reserve pelo menos <strong data-start=\"3457\" data-end=\"3483\">6 a 12 meses de anteced\u00eancia<\/strong> para a alta temporada.<\/p><\/li><li class=\"\" data-start=\"3501\" data-end=\"3607\"><p class=\"\" data-start=\"3503\" data-end=\"3607\">Combine parques para uma experi\u00eancia mais completa: Serengeti + Ngorongoro, ou misture Tarangire e Selous (Nyerere).<\/p><\/li><li class=\"\" data-start=\"3608\" data-end=\"3686\"><p class=\"\" data-start=\"3610\" data-end=\"3686\">N\u00e3o se esque\u00e7a de levar roupas em camadas \u2014 <strong data-start=\"3640\" data-end=\"3666\">As manh\u00e3s podem ser frias.<\/strong> mesmo na esta\u00e7\u00e3o seca.<\/p><\/li><\/ul><hr class=\"\" data-start=\"3688\" data-end=\"3691\" \/><p class=\"\" data-start=\"3693\" data-end=\"3931\"><strong data-start=\"3693\" data-end=\"3740\">A Tanz\u00e2nia \u00e9 um destino de saf\u00e1ri para o ano todo.<\/strong>, Cada esta\u00e7\u00e3o oferece algo \u00fanico. Seja para acompanhar a emo\u00e7\u00e3o da Grande Migra\u00e7\u00e3o ou para desfrutar de uma experi\u00eancia serena e intimista com a vida selvagem, h\u00e1 um momento perfeito esperando por voc\u00ea.<\/p><p class=\"\" data-start=\"3933\" data-end=\"4061\"><strong data-start=\"3933\" data-end=\"3973\">Pronto para planejar sua aventura de saf\u00e1ri?<\/strong> Entre em contato com um operador tur\u00edstico local de confian\u00e7a para come\u00e7ar a elaborar o roteiro dos seus sonhos.<\/p>\t\t\t\t\t\t\t\t<\/div>\n\t\t\t\t<\/div>\n\t\t\t\t\t<\/div>\n\t\t\t\t<\/div>\n\t\t\t\t\t<\/div>\n\t\t\t\t<\/div>\n\t\t\t\t<\/div>","protected":false},"excerpt":{"rendered":"<p>P\u00e1gina inicial \/ Blog Melhor \u00e9poca para visitar a Tanz\u00e2nia para um saf\u00e1ri: um guia m\u00eas a m\u00eas A Tanz\u00e2nia \u00e9 um dos principais destinos de saf\u00e1ri da \u00c1frica, lar do ic\u00f4nico Parque Nacional do Serengeti, da Cratera de Ngorongoro, do Parque Nacional de Tarangire e da vasta regi\u00e3o selvagem do Circuito Sul. Mas qual \u00e9 a melhor \u00e9poca para visitar a Tanz\u00e2nia para um saf\u00e1ri? A verdade \u00e9 que n\u00e3o existe uma \u00e9poca ideal para isso.<\/p>","protected":false},"author":1,"featured_media":0,"parent":0,"menu_order":0,"comment_status":"closed","ping_status":"closed","template":"elementor_canvas","meta":{"footnotes":""},"class_list":["post-10226","page","type-page","status-publish","hentry"],"yoast_head":"<!-- This site is optimized with the Yoast SEO plugin v25.7 - https:\/\/yoast.com\/wordpress\/plugins\/seo\/ -->\n<title>Best time to visit Tanzania - Nurtured Wildlife Safaris<\/title>\n<meta name=\"robots\" content=\"index, follow, max-snippet:-1, max-image-preview:large, max-video-preview:-1\" \/>\n<link rel=\"canonical\" href=\"https:\/\/nurturedwildlife.com\/pt\/melhor-epoca-para-visitar-a-tanzania\/\" \/>\n<meta property=\"og:locale\" content=\"pt_PT\" \/>\n<meta property=\"og:type\" content=\"article\" \/>\n<meta property=\"og:title\" content=\"Best time to visit Tanzania - Nurtured Wildlife Safaris\" \/>\n<meta property=\"og:description\" content=\"Home \/ Blog Best Time to Visit Tanzania for Safari: A Month-by-Month Guide Tanzania is one of Africa\u2019s premier safari destinations, home to the iconic Serengeti National Park, Ngorongoro Crater, Tarangire, and the vast wilderness of the Southern Circuit. But when is the best time to visit Tanzania for safari? The truth is, there\u2019s no [&hellip;]\" \/>\n<meta property=\"og:url\" content=\"https:\/\/nurturedwildlife.com\/pt\/melhor-epoca-para-visitar-a-tanzania\/\" \/>\n<meta property=\"og:site_name\" content=\"Nurtured Wildlife Safaris\" \/>\n<meta property=\"article:modified_time\" content=\"2025-05-17T13:54:21+00:00\" \/>\n<meta name=\"twitter:card\" content=\"summary_large_image\" \/>\n<meta name=\"twitter:label1\" content=\"Tempo estimado de leitura\" \/>\n\t<meta name=\"twitter:data1\" content=\"3 minutos\" \/>\n<script type=\"application\/ld+json\" class=\"yoast-schema-graph\">{\"@context\":\"https:\/\/schema.org\",\"@graph\":[{\"@type\":\"WebPage\",\"@id\":\"https:\/\/nurturedwildlife.com\/best-time-to-visit-tanzania\/\",\"url\":\"https:\/\/nurturedwildlife.com\/best-time-to-visit-tanzania\/\",\"name\":\"Best time to visit Tanzania - Nurtured Wildlife Safaris\",\"isPartOf\":{\"@id\":\"https:\/\/nurturedwildlife.com\/#website\"},\"datePublished\":\"2025-05-17T13:40:56+00:00\",\"dateModified\":\"2025-05-17T13:54:21+00:00\",\"breadcrumb\":{\"@id\":\"https:\/\/nurturedwildlife.com\/best-time-to-visit-tanzania\/#breadcrumb\"},\"inLanguage\":\"pt-PT\",\"potentialAction\":[{\"@type\":\"ReadAction\",\"target\":[\"https:\/\/nurturedwildlife.com\/best-time-to-visit-tanzania\/\"]}]},{\"@type\":\"BreadcrumbList\",\"@id\":\"https:\/\/nurturedwildlife.com\/best-time-to-visit-tanzania\/#breadcrumb\",\"itemListElement\":[{\"@type\":\"ListItem\",\"position\":1,\"name\":\"Home\",\"item\":\"https:\/\/nurturedwildlife.com\/\"},{\"@type\":\"ListItem\",\"position\":2,\"name\":\"Best time to visit Tanzania\"}]},{\"@type\":\"WebSite\",\"@id\":\"https:\/\/nurturedwildlife.com\/#website\",\"url\":\"https:\/\/nurturedwildlife.com\/\",\"name\":\"Nurtured Wildlife Safaris\",\"description\":\"Tanzania Unforgettable\",\"publisher\":{\"@id\":\"https:\/\/nurturedwildlife.com\/#organization\"},\"potentialAction\":[{\"@type\":\"SearchAction\",\"target\":{\"@type\":\"EntryPoint\",\"urlTemplate\":\"https:\/\/nurturedwildlife.com\/?s={search_term_string}\"},\"query-input\":{\"@type\":\"PropertyValueSpecification\",\"valueRequired\":true,\"valueName\":\"search_term_string\"}}],\"inLanguage\":\"pt-PT\"},{\"@type\":\"Organization\",\"@id\":\"https:\/\/nurturedwildlife.com\/#organization\",\"name\":\"Nurtured Wildlife Safaris\",\"url\":\"https:\/\/nurturedwildlife.com\/\",\"logo\":{\"@type\":\"ImageObject\",\"inLanguage\":\"pt-PT\",\"@id\":\"https:\/\/nurturedwildlife.com\/#\/schema\/logo\/image\/\",\"url\":\"https:\/\/nurturedwildlife.com\/wp-content\/uploads\/2023\/12\/nurtured-png.png\",\"contentUrl\":\"https:\/\/nurturedwildlife.com\/wp-content\/uploads\/2023\/12\/nurtured-png.png\",\"width\":4641,\"height\":1704,\"caption\":\"Nurtured Wildlife Safaris\"},\"image\":{\"@id\":\"https:\/\/nurturedwildlife.com\/#\/schema\/logo\/image\/\"}}]}<\/script>\n<!-- \/ Yoast SEO plugin. -->","yoast_head_json":{"title":"Melhor \u00e9poca para visitar a Tanz\u00e2nia - Saf\u00e1ris com foco na vida selvagem","robots":{"index":"index","follow":"follow","max-snippet":"max-snippet:-1","max-image-preview":"max-image-preview:large","max-video-preview":"max-video-preview:-1"},"canonical":"https:\/\/nurturedwildlife.com\/pt\/melhor-epoca-para-visitar-a-tanzania\/","og_locale":"pt_PT","og_type":"article","og_title":"Best time to visit Tanzania - Nurtured Wildlife Safaris","og_description":"Home \/ Blog Best Time to Visit Tanzania for Safari: A Month-by-Month Guide Tanzania is one of Africa\u2019s premier safari destinations, home to the iconic Serengeti National Park, Ngorongoro Crater, Tarangire, and the vast wilderness of the Southern Circuit. But when is the best time to visit Tanzania for safari? The truth is, there\u2019s no [&hellip;]","og_url":"https:\/\/nurturedwildlife.com\/pt\/melhor-epoca-para-visitar-a-tanzania\/","og_site_name":"Nurtured Wildlife Safaris","article_modified_time":"2025-05-17T13:54:21+00:00","twitter_card":"summary_large_image","twitter_misc":{"Tempo estimado de leitura":"3 minutos"},"schema":{"@context":"https:\/\/schema.org","@graph":[{"@type":"WebPage","@id":"https:\/\/nurturedwildlife.com\/best-time-to-visit-tanzania\/","url":"https:\/\/nurturedwildlife.com\/best-time-to-visit-tanzania\/","name":"Melhor \u00e9poca para visitar a Tanz\u00e2nia - Saf\u00e1ris com foco na vida selvagem","isPartOf":{"@id":"https:\/\/nurturedwildlife.com\/#website"},"datePublished":"2025-05-17T13:40:56+00:00","dateModified":"2025-05-17T13:54:21+00:00","breadcrumb":{"@id":"https:\/\/nurturedwildlife.com\/best-time-to-visit-tanzania\/#breadcrumb"},"inLanguage":"pt-PT","potentialAction":[{"@type":"ReadAction","target":["https:\/\/nurturedwildlife.com\/best-time-to-visit-tanzania\/"]}]},{"@type":"BreadcrumbList","@id":"https:\/\/nurturedwildlife.com\/best-time-to-visit-tanzania\/#breadcrumb","itemListElement":[{"@type":"ListItem","position":1,"name":"Home","item":"https:\/\/nurturedwildlife.com\/"},{"@type":"ListItem","position":2,"name":"Best time to visit Tanzania"}]},{"@type":"WebSite","@id":"https:\/\/nurturedwildlife.com\/#website","url":"https:\/\/nurturedwildlife.com\/","name":"Saf\u00e1ris com foco na vida selvagem","description":"Tanz\u00e2nia Inesquec\u00edvel","publisher":{"@id":"https:\/\/nurturedwildlife.com\/#organization"},"potentialAction":[{"@type":"SearchAction","target":{"@type":"EntryPoint","urlTemplate":"https:\/\/nurturedwildlife.com\/?s={search_term_string}"},"query-input":{"@type":"PropertyValueSpecification","valueRequired":true,"valueName":"search_term_string"}}],"inLanguage":"pt-PT"},{"@type":"Organization","@id":"https:\/\/nurturedwildlife.com\/#organization","name":"Saf\u00e1ris com foco na vida selvagem","url":"https:\/\/nurturedwildlife.com\/","logo":{"@type":"ImageObject","inLanguage":"pt-PT","@id":"https:\/\/nurturedwildlife.com\/#\/schema\/logo\/image\/","url":"https:\/\/nurturedwildlife.com\/wp-content\/uploads\/2023\/12\/nurtured-png.png","contentUrl":"https:\/\/nurturedwildlife.com\/wp-content\/uploads\/2023\/12\/nurtured-png.png","width":4641,"height":1704,"caption":"Nurtured Wildlife Safaris"},"image":{"@id":"https:\/\/nurturedwildlife.com\/#\/schema\/logo\/image\/"}}]}},"_links":{"self":[{"href":"https:\/\/nurturedwildlife.com\/pt\/wp-json\/wp\/v2\/pages\/10226","targetHints":{"allow":["GET"]}}],"collection":[{"href":"https:\/\/nurturedwildlife.com\/pt\/wp-json\/wp\/v2\/pages"}],"about":[{"href":"https:\/\/nurturedwildlife.com\/pt\/wp-json\/wp\/v2\/types\/page"}],"author":[{"embeddable":true,"href":"https:\/\/nurturedwildlife.com\/pt\/wp-json\/wp\/v2\/users\/1"}],"replies":[{"embeddable":true,"href":"https:\/\/nurturedwildlife.com\/pt\/wp-json\/wp\/v2\/comments?post=10226"}],"version-history":[{"count":5,"href":"https:\/\/nurturedwildlife.com\/pt\/wp-json\/wp\/v2\/pages\/10226\/revisions"}],"predecessor-version":[{"id":10244,"href":"https:\/\/nurturedwildlife.com\/pt\/wp-json\/wp\/v2\/pages\/10226\/revisions\/10244"}],"wp:attachment":[{"href":"https:\/\/nurturedwildlife.com\/pt\/wp-json\/wp\/v2\/media?parent=10226"}],"curies":[{"name":"wp","href":"https:\/\/api.w.org\/{rel}","templated":true}]}}