{"id":10283,"date":"2025-05-17T14:35:09","date_gmt":"2025-05-17T14:35:09","guid":{"rendered":"https:\/\/nurturedwildlife.com\/?page_id=10283"},"modified":"2025-05-17T14:36:31","modified_gmt":"2025-05-17T14:36:31","slug":"rzeczy-do-rozwazenia-przed-wizyta-w-tanzanii-na-safari","status":"publish","type":"page","link":"https:\/\/nurturedwildlife.com\/pl\/rzeczy-do-rozwazenia-przed-wizyta-w-tanzanii-na-safari\/","title":{"rendered":"Rzeczy, kt\u00f3re nale\u017cy wzi\u0105\u0107 pod uwag\u0119 przed wyjazdem na safari do Tanzanii"},"content":{"rendered":"<div data-elementor-type=\"wp-page\" data-elementor-id=\"10283\" class=\"elementor elementor-10283\" data-elementor-post-type=\"page\">\n\t\t\t\t<div class=\"elementor-element elementor-element-75efc30b e-con-full e-flex e-con e-parent\" data-id=\"75efc30b\" data-element_type=\"container\" data-e-type=\"container\" data-settings=\"{&quot;background_background&quot;:&quot;classic&quot;}\">\n\t\t<div class=\"elementor-element elementor-element-219c352 e-con-full e-flex e-con e-child\" data-id=\"219c352\" data-element_type=\"container\" data-e-type=\"container\" data-settings=\"{&quot;background_background&quot;:&quot;classic&quot;}\">\n\t\t\t\t<div class=\"elementor-element elementor-element-3df4fd72 elementor-widget elementor-widget-text-editor\" data-id=\"3df4fd72\" data-element_type=\"widget\" data-e-type=\"widget\" data-widget_type=\"text-editor.default\">\n\t\t\t\t<div class=\"elementor-widget-container\">\n\t\t\t\t\t\t\t\t\t<p><a href=\"#\">Dom<\/a> \/ Blog<\/p>\t\t\t\t\t\t\t\t<\/div>\n\t\t\t\t<\/div>\n\t\t\t\t<\/div>\n\t\t\t\t<\/div>\n\t\t<div class=\"elementor-element elementor-element-18e7d629 e-flex e-con-boxed e-con e-parent\" data-id=\"18e7d629\" data-element_type=\"container\" data-e-type=\"container\">\n\t\t\t\t\t<div class=\"e-con-inner\">\n\t\t<div class=\"elementor-element elementor-element-66a1975d e-flex e-con-boxed e-con e-child\" data-id=\"66a1975d\" data-element_type=\"container\" data-e-type=\"container\" data-settings=\"{&quot;background_background&quot;:&quot;classic&quot;}\">\n\t\t\t\t\t<div class=\"e-con-inner\">\n\t\t\t\t<div class=\"elementor-element elementor-element-7fc17f94 elementor-widget elementor-widget-text-editor\" data-id=\"7fc17f94\" data-element_type=\"widget\" data-e-type=\"widget\" data-widget_type=\"text-editor.default\">\n\t\t\t\t<div class=\"elementor-widget-container\">\n\t\t\t\t\t\t\t\t\t<p class=\"\" data-start=\"211\" data-end=\"496\">Tanzania to jeden z najpopularniejszych kierunk\u00f3w safari na \u015bwiecie, oferuj\u0105cy niezapomniane prze\u017cycia z dzik\u0105 przyrod\u0105 w parkach takich jak Serengeti, Krater Ngorongoro i Tarangire. Zanim jednak spakujesz walizki i wyruszysz na afryka\u0144sk\u0105 przygod\u0119, pami\u0119taj o kilku wa\u017cnych kwestiach.<\/p><p class=\"\" data-start=\"498\" data-end=\"641\">Oto lista kontrolna <strong data-start=\"520\" data-end=\"582\">najwa\u017cniejsze rzeczy do rozwa\u017cenia przed wyjazdem do Tanzanii na safari<\/strong>, aby mie\u0107 pewno\u015b\u0107, \u017ce Twoja podr\u00f3\u017c przebiegnie g\u0142adko, bezpiecznie i b\u0119dzie niezapomniana.<\/p><hr class=\"\" data-start=\"643\" data-end=\"646\" \/><h2 class=\"\" data-start=\"648\" data-end=\"688\">1. <strong data-start=\"654\" data-end=\"688\">Wybierz odpowiedni czas na wizyt\u0119<\/strong><\/h2><p class=\"\" data-start=\"690\" data-end=\"857\">W Tanzanii wyst\u0119puj\u0105 dwie g\u0142\u00f3wne pory roku: sucha (czerwiec\u2013pa\u017adziernik) i deszczowa (marzec\u2013maj, z kr\u00f3tkimi opadami deszczu w listopadzie). Najlepszy czas na safari zale\u017cy zazwyczaj od tego, co chcesz zobaczy\u0107.<\/p><ul data-start=\"859\" data-end=\"1105\"><li class=\"\" data-start=\"859\" data-end=\"948\"><p class=\"\" data-start=\"861\" data-end=\"948\"><strong data-start=\"861\" data-end=\"880\">Czerwiec do pa\u017adziernika<\/strong>:Najlepsze miejsce do obserwacji dzikiej przyrody i przepraw przez rzek\u0119 Great Migration.<\/p><\/li><li class=\"\" data-start=\"949\" data-end=\"1028\"><p class=\"\" data-start=\"951\" data-end=\"1028\"><strong data-start=\"951\" data-end=\"971\">Stycze\u0144 do marca<\/strong>:Idealny na sezon wyciele\u0144 w po\u0142udniowej cz\u0119\u015bci Serengeti.<\/p><\/li><li class=\"\" data-start=\"1029\" data-end=\"1105\"><p class=\"\" data-start=\"1031\" data-end=\"1105\"><strong data-start=\"1031\" data-end=\"1047\">Od marca do maja<\/strong>:Sezon zielony, mniej turyst\u00f3w, ale niekt\u00f3re schroniska mog\u0105 by\u0107 zamkni\u0119te.<\/p><\/li><\/ul><p class=\"\" data-start=\"1107\" data-end=\"1179\">\ud83d\udc49 <em data-start=\"1110\" data-end=\"1115\">Wskaz\u00f3wka<\/em>:Je\u015bli zale\u017cy Ci na mniejszych t\u0142umach i ni\u017cszych cenach, unikaj miesi\u0119cy szczytowych.<\/p><hr class=\"\" data-start=\"1181\" data-end=\"1184\" \/><h2 class=\"\" data-start=\"1186\" data-end=\"1225\">2. <strong data-start=\"1192\" data-end=\"1225\">Wybierz odpowiednie parki safari<\/strong><\/h2><p class=\"\" data-start=\"1227\" data-end=\"1319\">Tanzania ma wiele zr\u00f3\u017cnicowanych park\u00f3w narodowych i rezerwat\u00f3w, a ka\u017cdy z nich oferuje co\u015b wyj\u0105tkowego.<\/p><ul data-start=\"1321\" data-end=\"1543\"><li class=\"\" data-start=\"1321\" data-end=\"1367\"><p class=\"\" data-start=\"1323\" data-end=\"1367\"><strong data-start=\"1323\" data-end=\"1336\">Serengeti<\/strong> \u2013 Wielka Migracja i Wielka Pi\u0105tka<\/p><\/li><li class=\"\" data-start=\"1368\" data-end=\"1429\"><p class=\"\" data-start=\"1370\" data-end=\"1429\"><strong data-start=\"1370\" data-end=\"1391\">Krater Ngorongoro<\/strong> \u2013 G\u0119sta przyroda i zachwycaj\u0105ce krajobrazy<\/p><\/li><li class=\"\" data-start=\"1430\" data-end=\"1474\"><p class=\"\" data-start=\"1432\" data-end=\"1474\"><strong data-start=\"1432\" data-end=\"1445\">Tarangire<\/strong> \u2013 S\u0142onie i baobaby<\/p><\/li><li class=\"\" data-start=\"1475\" data-end=\"1543\"><p class=\"\" data-start=\"1477\" data-end=\"1543\"><strong data-start=\"1477\" data-end=\"1503\">Selous\/Nyerere i Ruaha<\/strong> \u2013 Odleg\u0142e, dzikie i niedost\u0119pne<\/p><\/li><\/ul><p class=\"\" data-start=\"1545\" data-end=\"1660\">\ud83d\udc49 <em data-start=\"1548\" data-end=\"1553\">Wskaz\u00f3wka<\/em>: Safari po P\u00f3\u0142nocnej Obwodzie (Serengeti, Ngorongoro, Tarangire i jezioro Manyara) jest idealne dla pocz\u0105tkuj\u0105cych.<\/p><hr class=\"\" data-start=\"1662\" data-end=\"1665\" \/><h2 class=\"\" data-start=\"1667\" data-end=\"1723\">3. <strong data-start=\"1673\" data-end=\"1723\">Wykonaj niezb\u0119dne szczepienia i zadbaj o swoje zdrowie<\/strong><\/h2><p class=\"\" data-start=\"1725\" data-end=\"1843\">Przed podr\u00f3\u017c\u0105 skonsultuj si\u0119 z lekarzem w sprawie szczepie\u0144 i lek\u00f3w. Typowe zalecenia dla Tanzanii obejmuj\u0105:<\/p><ul data-start=\"1845\" data-end=\"1995\"><li class=\"\" data-start=\"1845\" data-end=\"1919\"><p class=\"\" data-start=\"1847\" data-end=\"1919\"><strong data-start=\"1847\" data-end=\"1863\">\u017b\u00f3\u0142ta febra<\/strong> (obowi\u0105zkowe w przypadku przyjazdu z innego kraju, w kt\u00f3rym wyst\u0119puje \u017c\u00f3\u0142ta febra)<\/p><\/li><li class=\"\" data-start=\"1920\" data-end=\"1941\"><p class=\"\" data-start=\"1922\" data-end=\"1941\"><strong data-start=\"1922\" data-end=\"1941\">Wirusowe zapalenie w\u0105troby typu A i B<\/strong><\/p><\/li><li class=\"\" data-start=\"1942\" data-end=\"1955\"><p class=\"\" data-start=\"1944\" data-end=\"1955\"><strong data-start=\"1944\" data-end=\"1955\">Dur brzuszny<\/strong><\/p><\/li><li class=\"\" data-start=\"1956\" data-end=\"1969\"><p class=\"\" data-start=\"1958\" data-end=\"1969\"><strong data-start=\"1958\" data-end=\"1969\">T\u0119\u017cec<\/strong><\/p><\/li><li class=\"\" data-start=\"1970\" data-end=\"1995\"><p class=\"\" data-start=\"1972\" data-end=\"1995\"><strong data-start=\"1972\" data-end=\"1995\">Profilaktyka malarii<\/strong><\/p><\/li><\/ul><p class=\"\" data-start=\"1997\" data-end=\"2101\">\ud83d\udc49 <em data-start=\"2000\" data-end=\"2005\">Wskaz\u00f3wka<\/em>:Zabierz ze sob\u0105 \u015brodek odstraszaj\u0105cy owady z DEET i rozwa\u017c ubezpieczenie podr\u00f3\u017cne obejmuj\u0105ce ewakuacj\u0119 medyczn\u0105.<\/p><hr class=\"\" data-start=\"2103\" data-end=\"2106\" \/><h2 class=\"\" data-start=\"2108\" data-end=\"2154\">4. <strong data-start=\"2114\" data-end=\"2154\">Doprowad\u017a swoj\u0105 wiz\u0119 i dokumenty do porz\u0105dku<\/strong><\/h2><p class=\"\" data-start=\"2156\" data-end=\"2210\">Wi\u0119kszo\u015b\u0107 podr\u00f3\u017cnych potrzebuje wizy, aby wjecha\u0107 do Tanzanii. Mo\u017cesz:<\/p><ul data-start=\"2212\" data-end=\"2345\"><li class=\"\" data-start=\"2212\" data-end=\"2274\"><p class=\"\" data-start=\"2214\" data-end=\"2274\">Stosowa\u0107 <strong data-start=\"2220\" data-end=\"2239\">online (e-wiza)<\/strong> za po\u015brednictwem strony internetowej imigracyjnej Tanzanii<\/p><\/li><li class=\"\" data-start=\"2275\" data-end=\"2345\"><p class=\"\" data-start=\"2277\" data-end=\"2345\">Zdob\u0105d\u017a <strong data-start=\"2283\" data-end=\"2302\">wiza po przyje\u017adzie<\/strong> na g\u0142\u00f3wnych lotniskach (dla niekt\u00f3rych narodowo\u015bci)<\/p><\/li><\/ul><p class=\"\" data-start=\"2347\" data-end=\"2467\">Upewnij si\u0119 r\u00f3wnie\u017c, \u017ce Tw\u00f3j paszport jest wa\u017cny co najmniej <strong data-start=\"2396\" data-end=\"2408\">6 miesi\u0119cy<\/strong> od daty wej\u015bcia i ma <strong data-start=\"2440\" data-end=\"2455\">puste strony<\/strong> na znaczki.<\/p><p class=\"\" data-start=\"2469\" data-end=\"2549\">\ud83d\udc49 <em data-start=\"2472\" data-end=\"2477\">Wskaz\u00f3wka<\/em>:Zabierz ze sob\u0105 wydrukowane kopie paszportu, wizy, planu podr\u00f3\u017cy i ubezpieczenia.<\/p><hr class=\"\" data-start=\"2551\" data-end=\"2554\" \/><h2 class=\"\" data-start=\"2556\" data-end=\"2603\">5. <strong data-start=\"2562\" data-end=\"2603\">Poznaj koszty i odpowiednio zaplanuj bud\u017cet<\/strong><\/h2><p class=\"\" data-start=\"2605\" data-end=\"2686\">Safari w Tanzanii mo\u017ce by\u0107 luksusowe lub tanie, w zale\u017cno\u015bci od sposobu podr\u00f3\u017cowania:<\/p><ul data-start=\"2688\" data-end=\"2830\"><li class=\"\" data-start=\"2688\" data-end=\"2734\"><p class=\"\" data-start=\"2690\" data-end=\"2734\"><strong data-start=\"2690\" data-end=\"2700\">Bud\u017cet<\/strong>: Safari kempingowe, wsp\u00f3lne pojazdy<\/p><\/li><li class=\"\" data-start=\"2735\" data-end=\"2784\"><p class=\"\" data-start=\"2737\" data-end=\"2784\"><strong data-start=\"2737\" data-end=\"2750\">\u015arednia p\u00f3\u0142ka<\/strong>:Komfortowe domki, prywatne samochody terenowe<\/p><\/li><li class=\"\" data-start=\"2785\" data-end=\"2830\"><p class=\"\" data-start=\"2787\" data-end=\"2830\"><strong data-start=\"2787\" data-end=\"2797\">Luksus<\/strong>:Ekskluzywne domki, safari z przelotem<\/p><\/li><\/ul><p class=\"\" data-start=\"2832\" data-end=\"2902\">Ceny zale\u017c\u0105 od wielko\u015bci grupy, pory roku i liczby dni.<\/p><p class=\"\" data-start=\"2904\" data-end=\"2991\">\ud83d\udc49 <em data-start=\"2907\" data-end=\"2912\">Wskaz\u00f3wka<\/em>:Uwzgl\u0119dnij w swoim bud\u017cecie op\u0142aty za parkowanie, napiwki, koszty wiz i pami\u0105tki.<\/p><hr class=\"\" data-start=\"2993\" data-end=\"2996\" \/><h2 class=\"\" data-start=\"2998\" data-end=\"3033\">6. <strong data-start=\"3004\" data-end=\"3033\">Spakuj si\u0119 m\u0105drze na Safari<\/strong><\/h2><p class=\"\" data-start=\"3035\" data-end=\"3076\">Najwa\u017cniejsze jest, aby spakowa\u0107 si\u0119 lekko, ale rozs\u0105dnie.<\/p><p class=\"\" data-start=\"3078\" data-end=\"3101\"><strong data-start=\"3078\" data-end=\"3100\">Podstawowe elementy obejmuj\u0105<\/strong>:<\/p><ul data-start=\"3102\" data-end=\"3290\"><li class=\"\" data-start=\"3102\" data-end=\"3165\"><p class=\"\" data-start=\"3104\" data-end=\"3165\">Lekkie ubrania w neutralnych kolorach (unikaj ciemnoniebieskiego\/czarnego)<\/p><\/li><li class=\"\" data-start=\"3166\" data-end=\"3198\"><p class=\"\" data-start=\"3168\" data-end=\"3198\">Ciep\u0142a kurtka na wczesne poranki<\/p><\/li><li class=\"\" data-start=\"3199\" data-end=\"3231\"><p class=\"\" data-start=\"3201\" data-end=\"3231\">Kapelusz, okulary przeciws\u0142oneczne i krem z filtrem przeciws\u0142onecznym<\/p><\/li><li class=\"\" data-start=\"3232\" data-end=\"3255\"><p class=\"\" data-start=\"3234\" data-end=\"3255\">Lornetka i aparat fotograficzny<\/p><\/li><li class=\"\" data-start=\"3256\" data-end=\"3290\"><p class=\"\" data-start=\"3258\" data-end=\"3290\">Power bank i uniwersalny adapter<\/p><\/li><\/ul><p class=\"\" data-start=\"3292\" data-end=\"3376\">\ud83d\udc49 <em data-start=\"3295\" data-end=\"3300\">Wskaz\u00f3wka<\/em>:W przypadku ma\u0142ych pojazd\u00f3w safari i lot\u00f3w buszu najlepiej sprawdzaj\u0105 si\u0119 mi\u0119kkie torby podr\u00f3\u017cne.<\/p><hr class=\"\" data-start=\"3378\" data-end=\"3381\" \/><h2 class=\"\" data-start=\"3383\" data-end=\"3431\">7. <strong data-start=\"3389\" data-end=\"3431\">Poznaj zasady etykiety i bezpiecze\u0144stwa podczas safari<\/strong><\/h2><p class=\"\" data-start=\"3433\" data-end=\"3489\">Aby szanowa\u0107 przyrod\u0119 i swoich przewodnik\u00f3w, post\u0119puj zgodnie z poni\u017cszymi zasadami:<\/p><ul data-start=\"3491\" data-end=\"3695\"><li class=\"\" data-start=\"3491\" data-end=\"3538\"><p class=\"\" data-start=\"3493\" data-end=\"3538\">Pozosta\u0144 w poje\u017adzie, chyba \u017ce zostaniesz poproszony inaczej.<\/p><\/li><li class=\"\" data-start=\"3539\" data-end=\"3583\"><p class=\"\" data-start=\"3541\" data-end=\"3583\">Nie wydawaj g\u0142o\u015bnych d\u017awi\u0119k\u00f3w ani nie wykonuj gwa\u0142townych ruch\u00f3w<\/p><\/li><li class=\"\" data-start=\"3584\" data-end=\"3625\"><p class=\"\" data-start=\"3586\" data-end=\"3625\">Zachowaj odpowiedni\u0105 odleg\u0142o\u015b\u0107 od zwierz\u0105t<\/p><\/li><li class=\"\" data-start=\"3626\" data-end=\"3647\"><p class=\"\" data-start=\"3628\" data-end=\"3647\">Nigdy nie karm dzikich zwierz\u0105t<\/p><\/li><li class=\"\" data-start=\"3648\" data-end=\"3695\"><p class=\"\" data-start=\"3650\" data-end=\"3695\">Zawsze post\u0119puj zgodnie z instrukcjami swojego przewodnika<\/p><\/li><\/ul><p class=\"\" data-start=\"3697\" data-end=\"3776\">\ud83d\udc49 <em data-start=\"3700\" data-end=\"3705\">Wskaz\u00f3wka<\/em>:Szanuj\u0105ca postawa pomaga chroni\u0107 \u015brodowisko i zapewnia\u0107 bezpiecze\u0144stwo.<\/p><hr class=\"\" data-start=\"3778\" data-end=\"3781\" \/><h2 class=\"\" data-start=\"3783\" data-end=\"3831\">8. <strong data-start=\"3789\" data-end=\"3831\">Wra\u017cliwo\u015b\u0107 kulturowa i lokalne zwyczaje<\/strong><\/h2><p class=\"\" data-start=\"3833\" data-end=\"3913\">Tanzania to zr\u00f3\u017cnicowany kraj, zamieszkiwany przez ponad 120 grup etnicznych i maj\u0105cy silne tradycje.<\/p><ul data-start=\"3915\" data-end=\"4074\"><li class=\"\" data-start=\"3915\" data-end=\"3965\"><p class=\"\" data-start=\"3917\" data-end=\"3965\">Ubieraj si\u0119 skromnie, szczeg\u00f3lnie w miastach i na wsiach<\/p><\/li><li class=\"\" data-start=\"3966\" data-end=\"4033\"><p class=\"\" data-start=\"3968\" data-end=\"4033\">Naucz si\u0119 podstawowych powita\u0144 w j\u0119zyku suahili (np., <em data-start=\"4005\" data-end=\"4012\">Jambo<\/em>, <em data-start=\"4014\" data-end=\"4022\">Asante<\/em>, <em data-start=\"4024\" data-end=\"4032\">Karibu<\/em>)<\/p><\/li><li class=\"\" data-start=\"4034\" data-end=\"4074\"><p class=\"\" data-start=\"4036\" data-end=\"4074\">Zawsze pytaj przed fotografowaniem miejscowych<\/p><\/li><\/ul><p class=\"\" data-start=\"4076\" data-end=\"4156\">\ud83d\udc49 <em data-start=\"4079\" data-end=\"4084\">Wskaz\u00f3wka<\/em>:Oczekuje si\u0119 napiwk\u00f3w \u2014 zw\u0142aszcza od przewodnik\u00f3w, tragarzy i personelu o\u015brodka.<\/p><hr class=\"\" data-start=\"4158\" data-end=\"4161\" \/><h2 class=\"\" data-start=\"4163\" data-end=\"4180\">Ostatnie my\u015bli<\/h2><p class=\"\" data-start=\"4182\" data-end=\"4427\">Safari w Tanzanii to niezapomniane prze\u017cycie pe\u0142ne dzikiej przyrody, przyg\u00f3d i naturalnego pi\u0119kna. Przygotuj si\u0119 z wyprzedzeniem, wybierz odpowiedni czas i miejsce oraz poznaj kultur\u0119 i logistyk\u0119, aby w pe\u0142ni wykorzysta\u0107 swoj\u0105 podr\u00f3\u017c.<\/p><p class=\"\" data-start=\"4429\" data-end=\"4528\"><strong data-start=\"4429\" data-end=\"4445\">Gotowy do drogi?<\/strong> Zarezerwuj wycieczk\u0119 u zaufanego organizatora safari i przygotuj si\u0119 na przygod\u0119 \u017cycia!<\/p>\t\t\t\t\t\t\t\t<\/div>\n\t\t\t\t<\/div>\n\t\t\t\t\t<\/div>\n\t\t\t\t<\/div>\n\t\t\t\t\t<\/div>\n\t\t\t\t<\/div>\n\t\t\t\t<\/div>","protected":false},"excerpt":{"rendered":"<p>Strona g\u0142\u00f3wna \/ Blog Tanzania to jeden z najpopularniejszych kierunk\u00f3w safari na \u015bwiecie, oferuj\u0105cy niezapomniane prze\u017cycia z dzik\u0105 przyrod\u0105 w parkach takich jak Serengeti, Krater Ngorongoro i Tarangire. Zanim jednak spakujesz walizki i wyruszysz na afryka\u0144sk\u0105 przygod\u0119, warto pami\u0119ta\u0107 o kilku wa\u017cnych kwestiach. Oto lista kontrolna najwa\u017cniejszych [\u2026]<\/p>","protected":false},"author":1,"featured_media":0,"parent":0,"menu_order":0,"comment_status":"closed","ping_status":"closed","template":"elementor_canvas","meta":{"footnotes":""},"class_list":["post-10283","page","type-page","status-publish","hentry"],"yoast_head":"<!-- This site is optimized with the Yoast SEO plugin v25.7 - https:\/\/yoast.com\/wordpress\/plugins\/seo\/ -->\n<title>Things to consider before visiting Tanzania for safari - Nurtured Wildlife Safaris<\/title>\n<meta name=\"robots\" content=\"index, follow, max-snippet:-1, max-image-preview:large, max-video-preview:-1\" \/>\n<link rel=\"canonical\" href=\"https:\/\/nurturedwildlife.com\/pl\/rzeczy-do-rozwazenia-przed-wizyta-w-tanzanii-na-safari\/\" \/>\n<meta property=\"og:locale\" content=\"pl_PL\" \/>\n<meta property=\"og:type\" content=\"article\" \/>\n<meta property=\"og:title\" content=\"Things to consider before visiting Tanzania for safari - Nurtured Wildlife Safaris\" \/>\n<meta property=\"og:description\" content=\"Home \/ Blog Tanzania is one of the top safari destinations in the world, offering unforgettable wildlife experiences in parks like the Serengeti, Ngorongoro Crater, and Tarangire. But before you pack your bags and head out on an African adventure, there are a few important things to keep in mind. Here&#8217;s a checklist of key [&hellip;]\" \/>\n<meta property=\"og:url\" content=\"https:\/\/nurturedwildlife.com\/pl\/rzeczy-do-rozwazenia-przed-wizyta-w-tanzanii-na-safari\/\" \/>\n<meta property=\"og:site_name\" content=\"Nurtured Wildlife Safaris\" \/>\n<meta property=\"article:modified_time\" content=\"2025-05-17T14:36:31+00:00\" \/>\n<meta name=\"twitter:card\" content=\"summary_large_image\" \/>\n<meta name=\"twitter:label1\" content=\"Szacowany czas czytania\" \/>\n\t<meta name=\"twitter:data1\" content=\"5 minut\" \/>\n<script type=\"application\/ld+json\" class=\"yoast-schema-graph\">{\"@context\":\"https:\/\/schema.org\",\"@graph\":[{\"@type\":\"WebPage\",\"@id\":\"https:\/\/nurturedwildlife.com\/things-to-consider-before-visiting-tanzania-for-safari\/\",\"url\":\"https:\/\/nurturedwildlife.com\/things-to-consider-before-visiting-tanzania-for-safari\/\",\"name\":\"Things to consider before visiting Tanzania for safari - Nurtured Wildlife Safaris\",\"isPartOf\":{\"@id\":\"https:\/\/nurturedwildlife.com\/#website\"},\"datePublished\":\"2025-05-17T14:35:09+00:00\",\"dateModified\":\"2025-05-17T14:36:31+00:00\",\"breadcrumb\":{\"@id\":\"https:\/\/nurturedwildlife.com\/things-to-consider-before-visiting-tanzania-for-safari\/#breadcrumb\"},\"inLanguage\":\"pl-PL\",\"potentialAction\":[{\"@type\":\"ReadAction\",\"target\":[\"https:\/\/nurturedwildlife.com\/things-to-consider-before-visiting-tanzania-for-safari\/\"]}]},{\"@type\":\"BreadcrumbList\",\"@id\":\"https:\/\/nurturedwildlife.com\/things-to-consider-before-visiting-tanzania-for-safari\/#breadcrumb\",\"itemListElement\":[{\"@type\":\"ListItem\",\"position\":1,\"name\":\"Home\",\"item\":\"https:\/\/nurturedwildlife.com\/\"},{\"@type\":\"ListItem\",\"position\":2,\"name\":\"Things to consider before visiting Tanzania for safari\"}]},{\"@type\":\"WebSite\",\"@id\":\"https:\/\/nurturedwildlife.com\/#website\",\"url\":\"https:\/\/nurturedwildlife.com\/\",\"name\":\"Nurtured Wildlife Safaris\",\"description\":\"Tanzania Unforgettable\",\"publisher\":{\"@id\":\"https:\/\/nurturedwildlife.com\/#organization\"},\"potentialAction\":[{\"@type\":\"SearchAction\",\"target\":{\"@type\":\"EntryPoint\",\"urlTemplate\":\"https:\/\/nurturedwildlife.com\/?s={search_term_string}\"},\"query-input\":{\"@type\":\"PropertyValueSpecification\",\"valueRequired\":true,\"valueName\":\"search_term_string\"}}],\"inLanguage\":\"pl-PL\"},{\"@type\":\"Organization\",\"@id\":\"https:\/\/nurturedwildlife.com\/#organization\",\"name\":\"Nurtured Wildlife Safaris\",\"url\":\"https:\/\/nurturedwildlife.com\/\",\"logo\":{\"@type\":\"ImageObject\",\"inLanguage\":\"pl-PL\",\"@id\":\"https:\/\/nurturedwildlife.com\/#\/schema\/logo\/image\/\",\"url\":\"https:\/\/nurturedwildlife.com\/wp-content\/uploads\/2023\/12\/nurtured-png.png\",\"contentUrl\":\"https:\/\/nurturedwildlife.com\/wp-content\/uploads\/2023\/12\/nurtured-png.png\",\"width\":4641,\"height\":1704,\"caption\":\"Nurtured Wildlife Safaris\"},\"image\":{\"@id\":\"https:\/\/nurturedwildlife.com\/#\/schema\/logo\/image\/\"}}]}<\/script>\n<!-- \/ Yoast SEO plugin. -->","yoast_head_json":{"title":"Rzeczy, kt\u00f3re warto rozwa\u017cy\u0107 przed wyjazdem na safari do Tanzanii - Nurtured Wildlife Safaris","robots":{"index":"index","follow":"follow","max-snippet":"max-snippet:-1","max-image-preview":"max-image-preview:large","max-video-preview":"max-video-preview:-1"},"canonical":"https:\/\/nurturedwildlife.com\/pl\/rzeczy-do-rozwazenia-przed-wizyta-w-tanzanii-na-safari\/","og_locale":"pl_PL","og_type":"article","og_title":"Things to consider before visiting Tanzania for safari - Nurtured Wildlife Safaris","og_description":"Home \/ Blog Tanzania is one of the top safari destinations in the world, offering unforgettable wildlife experiences in parks like the Serengeti, Ngorongoro Crater, and Tarangire. But before you pack your bags and head out on an African adventure, there are a few important things to keep in mind. Here&#8217;s a checklist of key [&hellip;]","og_url":"https:\/\/nurturedwildlife.com\/pl\/rzeczy-do-rozwazenia-przed-wizyta-w-tanzanii-na-safari\/","og_site_name":"Nurtured Wildlife Safaris","article_modified_time":"2025-05-17T14:36:31+00:00","twitter_card":"summary_large_image","twitter_misc":{"Szacowany czas czytania":"5 minut"},"schema":{"@context":"https:\/\/schema.org","@graph":[{"@type":"WebPage","@id":"https:\/\/nurturedwildlife.com\/things-to-consider-before-visiting-tanzania-for-safari\/","url":"https:\/\/nurturedwildlife.com\/things-to-consider-before-visiting-tanzania-for-safari\/","name":"Rzeczy, kt\u00f3re warto rozwa\u017cy\u0107 przed wyjazdem na safari do Tanzanii - Nurtured Wildlife Safaris","isPartOf":{"@id":"https:\/\/nurturedwildlife.com\/#website"},"datePublished":"2025-05-17T14:35:09+00:00","dateModified":"2025-05-17T14:36:31+00:00","breadcrumb":{"@id":"https:\/\/nurturedwildlife.com\/things-to-consider-before-visiting-tanzania-for-safari\/#breadcrumb"},"inLanguage":"pl-PL","potentialAction":[{"@type":"ReadAction","target":["https:\/\/nurturedwildlife.com\/things-to-consider-before-visiting-tanzania-for-safari\/"]}]},{"@type":"BreadcrumbList","@id":"https:\/\/nurturedwildlife.com\/things-to-consider-before-visiting-tanzania-for-safari\/#breadcrumb","itemListElement":[{"@type":"ListItem","position":1,"name":"Home","item":"https:\/\/nurturedwildlife.com\/"},{"@type":"ListItem","position":2,"name":"Things to consider before visiting Tanzania for safari"}]},{"@type":"WebSite","@id":"https:\/\/nurturedwildlife.com\/#website","url":"https:\/\/nurturedwildlife.com\/","name":"Safari z troskliw\u0105 opiek\u0105 nad dzik\u0105 przyrod\u0105","description":"Tanzania Niezapomniana","publisher":{"@id":"https:\/\/nurturedwildlife.com\/#organization"},"potentialAction":[{"@type":"SearchAction","target":{"@type":"EntryPoint","urlTemplate":"https:\/\/nurturedwildlife.com\/?s={search_term_string}"},"query-input":{"@type":"PropertyValueSpecification","valueRequired":true,"valueName":"search_term_string"}}],"inLanguage":"pl-PL"},{"@type":"Organization","@id":"https:\/\/nurturedwildlife.com\/#organization","name":"Safari z troskliw\u0105 opiek\u0105 nad dzik\u0105 przyrod\u0105","url":"https:\/\/nurturedwildlife.com\/","logo":{"@type":"ImageObject","inLanguage":"pl-PL","@id":"https:\/\/nurturedwildlife.com\/#\/schema\/logo\/image\/","url":"https:\/\/nurturedwildlife.com\/wp-content\/uploads\/2023\/12\/nurtured-png.png","contentUrl":"https:\/\/nurturedwildlife.com\/wp-content\/uploads\/2023\/12\/nurtured-png.png","width":4641,"height":1704,"caption":"Nurtured Wildlife Safaris"},"image":{"@id":"https:\/\/nurturedwildlife.com\/#\/schema\/logo\/image\/"}}]}},"_links":{"self":[{"href":"https:\/\/nurturedwildlife.com\/pl\/wp-json\/wp\/v2\/pages\/10283","targetHints":{"allow":["GET"]}}],"collection":[{"href":"https:\/\/nurturedwildlife.com\/pl\/wp-json\/wp\/v2\/pages"}],"about":[{"href":"https:\/\/nurturedwildlife.com\/pl\/wp-json\/wp\/v2\/types\/page"}],"author":[{"embeddable":true,"href":"https:\/\/nurturedwildlife.com\/pl\/wp-json\/wp\/v2\/users\/1"}],"replies":[{"embeddable":true,"href":"https:\/\/nurturedwildlife.com\/pl\/wp-json\/wp\/v2\/comments?post=10283"}],"version-history":[{"count":5,"href":"https:\/\/nurturedwildlife.com\/pl\/wp-json\/wp\/v2\/pages\/10283\/revisions"}],"predecessor-version":[{"id":10289,"href":"https:\/\/nurturedwildlife.com\/pl\/wp-json\/wp\/v2\/pages\/10283\/revisions\/10289"}],"wp:attachment":[{"href":"https:\/\/nurturedwildlife.com\/pl\/wp-json\/wp\/v2\/media?parent=10283"}],"curies":[{"name":"wp","href":"https:\/\/api.w.org\/{rel}","templated":true}]}}