{"id":10275,"date":"2025-05-17T14:24:42","date_gmt":"2025-05-17T14:24:42","guid":{"rendered":"https:\/\/nurturedwildlife.com\/?page_id=10275"},"modified":"2025-05-17T14:26:46","modified_gmt":"2025-05-17T14:26:46","slug":"wskazowki-dotyczace-wspinaczki-na-kilimandzaro","status":"publish","type":"page","link":"https:\/\/nurturedwildlife.com\/pl\/wskazowki-dotyczace-wspinaczki-na-kilimandzaro\/","title":{"rendered":"wskaz\u00f3wki dotycz\u0105ce wspinaczki na Kilimand\u017caro"},"content":{"rendered":"<div data-elementor-type=\"wp-page\" data-elementor-id=\"10275\" class=\"elementor elementor-10275\" data-elementor-post-type=\"page\">\n\t\t\t\t<div class=\"elementor-element elementor-element-e00a70f e-con-full e-flex e-con e-parent\" data-id=\"e00a70f\" data-element_type=\"container\" data-e-type=\"container\" data-settings=\"{&quot;background_background&quot;:&quot;classic&quot;}\">\n\t\t<div class=\"elementor-element elementor-element-4f28cb66 e-con-full e-flex e-con e-child\" data-id=\"4f28cb66\" data-element_type=\"container\" data-e-type=\"container\" data-settings=\"{&quot;background_background&quot;:&quot;classic&quot;}\">\n\t\t\t\t<div class=\"elementor-element elementor-element-770fe869 elementor-widget elementor-widget-text-editor\" data-id=\"770fe869\" data-element_type=\"widget\" data-e-type=\"widget\" data-widget_type=\"text-editor.default\">\n\t\t\t\t<div class=\"elementor-widget-container\">\n\t\t\t\t\t\t\t\t\t<p><a href=\"#\">Dom<\/a> \/ Blog<\/p>\t\t\t\t\t\t\t\t<\/div>\n\t\t\t\t<\/div>\n\t\t\t\t<\/div>\n\t\t\t\t<\/div>\n\t\t<div class=\"elementor-element elementor-element-3f9f40b e-flex e-con-boxed e-con e-parent\" data-id=\"3f9f40b\" data-element_type=\"container\" data-e-type=\"container\">\n\t\t\t\t\t<div class=\"e-con-inner\">\n\t\t<div class=\"elementor-element elementor-element-5a9f91e3 e-flex e-con-boxed e-con e-child\" data-id=\"5a9f91e3\" data-element_type=\"container\" data-e-type=\"container\" data-settings=\"{&quot;background_background&quot;:&quot;classic&quot;}\">\n\t\t\t\t\t<div class=\"e-con-inner\">\n\t\t\t\t<div class=\"elementor-element elementor-element-bdbea60 elementor-widget elementor-widget-text-editor\" data-id=\"bdbea60\" data-element_type=\"widget\" data-e-type=\"widget\" data-widget_type=\"text-editor.default\">\n\t\t\t\t<div class=\"elementor-widget-container\">\n\t\t\t\t\t\t\t\t\t<p class=\"\" data-start=\"237\" data-end=\"493\">Wspinaczka <strong data-start=\"246\" data-end=\"267\">G\u00f3ra Kilimand\u017caro<\/strong>, najwy\u017cszy szczyt Afryki (5895 m n.p.m.\/19341 st\u00f3p), to przygoda \u017cycia. Niezale\u017cnie od tego, czy jeste\u015b pocz\u0105tkuj\u0105cym, czy do\u015bwiadczonym piechurem, odpowiednie przygotowanie mo\u017ce zadecydowa\u0107 o tym, czy zdob\u0119dziesz szczyt, czy zawr\u00f3cisz.<\/p><p class=\"\" data-start=\"495\" data-end=\"615\">Aby pom\u00f3c Ci zdoby\u0107 \u201cDach Afryki\u201d, oto <strong data-start=\"550\" data-end=\"583\">najlepsze wskaz\u00f3wki dotycz\u0105ce wspinaczki na Kilimand\u017caro<\/strong> kt\u00f3re ka\u017cdy trekker powinien zna\u0107.<\/p><hr class=\"\" data-start=\"617\" data-end=\"620\" \/><h2 class=\"\" data-start=\"622\" data-end=\"662\">1. <strong data-start=\"628\" data-end=\"662\">Wybierz w\u0142a\u015bciw\u0105 tras\u0119 dla siebie<\/strong><\/h2><p class=\"\" data-start=\"664\" data-end=\"770\">Na szczyt prowadzi kilka tras, ka\u017cda z nich charakteryzuje si\u0119 innymi krajobrazami, poziomem trudno\u015bci i szans\u0105 na sukces.<\/p><ul data-start=\"772\" data-end=\"1058\"><li class=\"\" data-start=\"772\" data-end=\"826\"><p class=\"\" data-start=\"774\" data-end=\"826\"><strong data-start=\"774\" data-end=\"800\">Trasa Machame (7 dni)<\/strong> \u2013 Najpopularniejsze i najbardziej malownicze<\/p><\/li><li class=\"\" data-start=\"827\" data-end=\"902\"><p class=\"\" data-start=\"829\" data-end=\"902\"><strong data-start=\"829\" data-end=\"855\">Trasa Lemosho (8 dni)<\/strong> \u2013 \u015awietne miejsce na aklimatyzacj\u0119 i wspania\u0142e widoki<\/p><\/li><li class=\"\" data-start=\"903\" data-end=\"980\"><p class=\"\" data-start=\"905\" data-end=\"980\"><strong data-start=\"905\" data-end=\"933\">Trasa Marangu (5\u20136 dni)<\/strong> \u2013 Trasa \u201cCoca-Cola\u201d z noclegami w schroniskach<\/p><\/li><li class=\"\" data-start=\"981\" data-end=\"1058\"><p class=\"\" data-start=\"983\" data-end=\"1058\"><strong data-start=\"983\" data-end=\"1010\">Trasa Rongai (6\u20137 dni)<\/strong> \u2013 Ciszej i suchiej, nadchodz\u0105c od p\u00f3\u0142nocy<\/p><\/li><\/ul><p class=\"\" data-start=\"1060\" data-end=\"1145\">\ud83d\udc49 <em data-start=\"1063\" data-end=\"1068\">Wskaz\u00f3wka<\/em>:D\u0142u\u017csze trasy oferuj\u0105 lepsz\u0105 aklimatyzacj\u0119 i wi\u0119ksze szanse na zdobycie szczytu.<\/p><hr class=\"\" data-start=\"1147\" data-end=\"1150\" \/><h2 class=\"\" data-start=\"1152\" data-end=\"1207\">2. <strong data-start=\"1158\" data-end=\"1207\">Aklimatyzuj si\u0119 powoli, aby unikn\u0105\u0107 choroby wysoko\u015bciowej<\/strong><\/h2><p class=\"\" data-start=\"1209\" data-end=\"1312\">Choroba wysoko\u015bciowa to najwi\u0119ksze wyzwanie na Kilimand\u017caro. Powolne poruszanie si\u0119 daje organizmowi czas na przystosowanie si\u0119.<\/p><ul data-start=\"1314\" data-end=\"1486\"><li class=\"\" data-start=\"1314\" data-end=\"1360\"><p class=\"\" data-start=\"1316\" data-end=\"1360\">Post\u0119puj zgodnie z zasad\u0105: <strong data-start=\"1333\" data-end=\"1360\">\u201cWspinaj si\u0119 wysoko, \u015bpij nisko\u201d<\/strong><\/p><\/li><li class=\"\" data-start=\"1361\" data-end=\"1405\"><p class=\"\" data-start=\"1363\" data-end=\"1405\">Wybierz w\u0119dr\u00f3wki, kt\u00f3re s\u0105 <strong data-start=\"1385\" data-end=\"1405\">7 dni lub d\u0142u\u017cej<\/strong><\/p><\/li><li class=\"\" data-start=\"1406\" data-end=\"1486\"><p class=\"\" data-start=\"1408\" data-end=\"1486\">Skontaktuj si\u0119 ze swoim przewodnikiem, je\u015bli odczuwasz objawy (b\u00f3l g\u0142owy, nudno\u015bci, zawroty g\u0142owy)<\/p><\/li><\/ul><p class=\"\" data-start=\"1488\" data-end=\"1556\">\ud83d\udc49 <em data-start=\"1491\" data-end=\"1496\">Wskaz\u00f3wka<\/em>:Spacerowa\u0107 przy \u201cs\u0142upie\u201d (suahili oznacza <em data-start=\"1533\" data-end=\"1549\">powoli, powoli<\/em>) tempo.<\/p><hr class=\"\" data-start=\"1558\" data-end=\"1561\" \/><h2 class=\"\" data-start=\"1563\" data-end=\"1592\">3. <strong data-start=\"1569\" data-end=\"1592\">Poci\u0105g do wspinaczki<\/strong><\/h2><p class=\"\" data-start=\"1594\" data-end=\"1682\">Cho\u0107 wspinaczka na Kilimand\u017caro nie wymaga u\u017cycia specjalistycznych narz\u0119dzi, stanowi ona powa\u017cne wyzwanie fizyczne.<\/p><ul data-start=\"1684\" data-end=\"1846\"><li class=\"\" data-start=\"1684\" data-end=\"1726\"><p class=\"\" data-start=\"1686\" data-end=\"1726\"><strong data-start=\"1686\" data-end=\"1726\">Rozpocznij trening 2\u20133 miesi\u0105ce wcze\u015bniej<\/strong><\/p><\/li><li class=\"\" data-start=\"1727\" data-end=\"1786\"><p class=\"\" data-start=\"1729\" data-end=\"1786\">Skup si\u0119 na <strong data-start=\"1738\" data-end=\"1786\">cardio, si\u0142a i piesze w\u0119dr\u00f3wki z plecakiem<\/strong><\/p><\/li><li class=\"\" data-start=\"1787\" data-end=\"1846\"><p class=\"\" data-start=\"1789\" data-end=\"1846\">Praktyka <strong data-start=\"1798\" data-end=\"1833\">d\u0142ugie spacery lub w\u0119dr\u00f3wki na du\u017cych wysoko\u015bciach<\/strong>, je\u015bli to mo\u017cliwe<\/p><\/li><\/ul><p class=\"\" data-start=\"1848\" data-end=\"1949\">\ud83d\udc49 <em data-start=\"1851\" data-end=\"1856\">Wskaz\u00f3wka<\/em>:W\u0142\u0105cz do swoich trening\u00f3w wchodzenie po schodach, chodzenie po pochy\u0142o\u015bci na bie\u017cni i \u0107wiczenia wytrzyma\u0142o\u015bciowe.<\/p><hr class=\"\" data-start=\"1951\" data-end=\"1954\" \/><h2 class=\"\" data-start=\"1956\" data-end=\"1985\">4. <strong data-start=\"1962\" data-end=\"1985\">Zabierz odpowiedni sprz\u0119t<\/strong><\/h2><p class=\"\" data-start=\"1987\" data-end=\"2107\">Odpowiedni sprz\u0119t mo\u017ce zadecydowa\u0107 o sukcesie lub pora\u017cce. Pogoda na Kilimand\u017caro mo\u017ce zmienia\u0107 si\u0119 od tropikalnego upa\u0142u po mro\u017ane zimno.<\/p><p class=\"\" data-start=\"2109\" data-end=\"2124\"><strong data-start=\"2109\" data-end=\"2123\">Must-have<\/strong>:<\/p><ul data-start=\"2125\" data-end=\"2348\"><li class=\"\" data-start=\"2125\" data-end=\"2201\"><p class=\"\" data-start=\"2127\" data-end=\"2201\">Dobry <strong data-start=\"2132\" data-end=\"2159\">system odzie\u017cy warstwowej<\/strong> (warstwy bazowe, izolacyjne i wodoodporne)<\/p><\/li><li class=\"\" data-start=\"2202\" data-end=\"2251\"><p class=\"\" data-start=\"2204\" data-end=\"2251\">Ciep\u0142y <strong data-start=\"2209\" data-end=\"2225\">\u015bpiw\u00f3r<\/strong> (do -10\u00b0C lub ni\u017cej)<\/p><\/li><li class=\"\" data-start=\"2252\" data-end=\"2287\"><p class=\"\" data-start=\"2254\" data-end=\"2287\"><strong data-start=\"2254\" data-end=\"2270\">Buty trekkingowe<\/strong> (dobrze wyeksploatowany)<\/p><\/li><li class=\"\" data-start=\"2288\" data-end=\"2348\"><p class=\"\" data-start=\"2290\" data-end=\"2348\"><strong data-start=\"2290\" data-end=\"2302\">Reflektor<\/strong>, <strong data-start=\"2304\" data-end=\"2322\">kije trekkingowe<\/strong>, I <strong data-start=\"2328\" data-end=\"2348\">system nawadniania<\/strong><\/p><\/li><\/ul><p class=\"\" data-start=\"2350\" data-end=\"2440\">\ud83d\udc49 <em data-start=\"2353\" data-end=\"2358\">Wskaz\u00f3wka<\/em>:Nie zabieraj ze sob\u0105 zbyt wielu rzeczy, ale nie oszcz\u0119dzaj te\u017c na tym, co najwa\u017cniejsze \u2014 szczeg\u00f3lnie na ciep\u0142ych ubraniach.<\/p><hr class=\"\" data-start=\"2442\" data-end=\"2445\" \/><h2 class=\"\" data-start=\"2447\" data-end=\"2483\">5. <strong data-start=\"2453\" data-end=\"2483\">Pij du\u017co p\u0142yn\u00f3w i jedz zdrowo<\/strong><\/h2><p class=\"\" data-start=\"2485\" data-end=\"2583\">Wspinaczka na Kilimand\u017caro wi\u0105\u017ce si\u0119 ze spalaniem du\u017cej ilo\u015bci kalorii, a odwodnienie zwi\u0119ksza ryzyko choroby wysoko\u015bciowej.<\/p><ul data-start=\"2585\" data-end=\"2744\"><li class=\"\" data-start=\"2585\" data-end=\"2631\"><p class=\"\" data-start=\"2587\" data-end=\"2631\">Drink <strong data-start=\"2593\" data-end=\"2631\">co najmniej 3\u20134 litry wody dziennie<\/strong><\/p><\/li><li class=\"\" data-start=\"2632\" data-end=\"2683\"><p class=\"\" data-start=\"2634\" data-end=\"2683\">Przynie\u015b\u0107 <strong data-start=\"2640\" data-end=\"2663\">tabletki elektrolitowe<\/strong> dla dodatkowego nawil\u017cenia<\/p><\/li><li class=\"\" data-start=\"2684\" data-end=\"2744\"><p class=\"\" data-start=\"2686\" data-end=\"2744\">Jedz ka\u017cdy posi\u0142ek \u2013 nawet je\u015bli na wysoko\u015bci nie czujesz g\u0142odu<\/p><\/li><\/ul><p class=\"\" data-start=\"2746\" data-end=\"2828\">\ud83d\udc49 <em data-start=\"2749\" data-end=\"2754\">Wskaz\u00f3wka<\/em>:Zabierz ze sob\u0105 swoje ulubione przek\u0105ski energetyczne, np. orzechy, batony zbo\u017cowe lub czekolad\u0119.<\/p><hr class=\"\" data-start=\"2830\" data-end=\"2833\" \/><h2 class=\"\" data-start=\"2835\" data-end=\"2874\">6. <strong data-start=\"2841\" data-end=\"2874\">Zaufaj swoim przewodnikom i tragarzom<\/strong><\/h2><p class=\"\" data-start=\"2876\" data-end=\"2958\">Twoja ekipa g\u00f3rska jest po to, aby Ci\u0119 wspiera\u0107, monitorowa\u0107 Tw\u00f3j stan zdrowia i dopingowa\u0107.<\/p><ul data-start=\"2960\" data-end=\"3114\"><li class=\"\" data-start=\"2960\" data-end=\"3024\"><p class=\"\" data-start=\"2962\" data-end=\"3024\">Zadawaj pytania, pod\u0105\u017caj za ich tempem i szanuj ich do\u015bwiadczenie<\/p><\/li><li class=\"\" data-start=\"3025\" data-end=\"3114\"><p class=\"\" data-start=\"3027\" data-end=\"3114\">Naucz si\u0119 kilku podstawowych zwrot\u00f3w w j\u0119zyku suahili, aby nawi\u0105za\u0107 kontakt ze swoim zespo\u0142em (np., <em data-start=\"3093\" data-end=\"3101\">Jambo!<\/em> \u201ccze\u015b\u0107\u201d)<\/p><\/li><\/ul><p class=\"\" data-start=\"3116\" data-end=\"3189\">\ud83d\udc49 <em data-start=\"3119\" data-end=\"3124\">Wskaz\u00f3wka<\/em>:Napiwki s\u0105 zwyczajowe \u2014 sprawd\u017a wytyczne u swojego operatora.<\/p><hr class=\"\" data-start=\"3191\" data-end=\"3194\" \/><h2 class=\"\" data-start=\"3196\" data-end=\"3239\">7. <strong data-start=\"3202\" data-end=\"3239\">Zachowaj pozytywne nastawienie i si\u0142\u0119 psychiczn\u0105<\/strong><\/h2><p class=\"\" data-start=\"3241\" data-end=\"3365\">Atak szczytowy jest trudny \u2014 szczeg\u00f3lnie noc\u0105, kiedy wyrusza si\u0119 po ciemku i w\u0119druje si\u0119 przez 6\u20138 godzin, aby dotrze\u0107 do szczytu Uhuru.<\/p><ul data-start=\"3367\" data-end=\"3506\"><li class=\"\" data-start=\"3367\" data-end=\"3403\"><p class=\"\" data-start=\"3369\" data-end=\"3403\">Przygotuj si\u0119 psychicznie na wyzwanie<\/p><\/li><li class=\"\" data-start=\"3404\" data-end=\"3464\"><p class=\"\" data-start=\"3406\" data-end=\"3464\">Zachowaj <strong data-start=\"3413\" data-end=\"3434\">pozytywne nastawienie<\/strong>, i we\u017a to <strong data-start=\"3448\" data-end=\"3464\">krok po kroku<\/strong><\/p><\/li><li class=\"\" data-start=\"3465\" data-end=\"3506\"><p class=\"\" data-start=\"3467\" data-end=\"3506\">\u015awi\u0119tuj ka\u017cdy kamie\u0144 milowy na drodze<\/p><\/li><\/ul><p class=\"\" data-start=\"3508\" data-end=\"3610\">\ud83d\udc49 <em data-start=\"3511\" data-end=\"3516\">Wskaz\u00f3wka<\/em>: Pami\u0119taj o swoim \u201cdlaczego\u201d \u2014 mo\u017ce to by\u0107 cel osobisty, marzenie z listy rzeczy do zrobienia lub wspinaczka charytatywna.<\/p><hr class=\"\" data-start=\"3612\" data-end=\"3615\" \/><h2 class=\"\" data-start=\"3617\" data-end=\"3631\">Ostatnie s\u0142owa<\/h2><p class=\"\" data-start=\"3633\" data-end=\"3871\">Wspinaczka na Kilimand\u017caro to test wytrzyma\u0142o\u015bci, cierpliwo\u015bci i ducha \u2014 ale to <strong data-start=\"3716\" data-end=\"3730\">osi\u0105galny<\/strong> Z odpowiednim nastawieniem i przygotowaniem. Chwila, w kt\u00f3rej staniesz na szczycie Uhuru Peak i b\u0119dziesz ogl\u0105da\u0107 wsch\u00f3d s\u0142o\u0144ca nad Afryk\u0105, to chwila, kt\u00f3rej nigdy nie zapomnisz.<\/p><p class=\"\" data-start=\"3873\" data-end=\"4015\"><strong data-start=\"3873\" data-end=\"3906\">Gotowy na pierwszy krok?<\/strong> Rozpocznij szkolenie, znajd\u017a renomowanego organizatora wycieczek i przygotuj si\u0119 na jedn\u0105 z najwi\u0119kszych przyg\u00f3d swojego \u017cycia.<\/p>\t\t\t\t\t\t\t\t<\/div>\n\t\t\t\t<\/div>\n\t\t\t\t\t<\/div>\n\t\t\t\t<\/div>\n\t\t\t\t\t<\/div>\n\t\t\t\t<\/div>\n\t\t\t\t<\/div>","protected":false},"excerpt":{"rendered":"<p>Strona g\u0142\u00f3wna \/ Blog Wspinaczka na Kilimand\u017caro, najwy\u017cszy szczyt Afryki (5895 m n.p.m.\/19 341 st\u00f3p), to przygoda \u017cycia. Niezale\u017cnie od tego, czy jeste\u015b pocz\u0105tkuj\u0105cym, czy do\u015bwiadczonym piechurem, odpowiednie przygotowanie mo\u017ce zadecydowa\u0107 o tym, czy zdob\u0119dziesz szczyt, czy zawr\u00f3cisz. Aby pom\u00f3c Ci zdoby\u0107 \u201cDach Afryki\u201d, oto najwa\u017cniejsze wskaz\u00f3wki dotycz\u0105ce wspinaczki na Kilimand\u017caro, kt\u00f3re powinien zna\u0107 ka\u017cdy trekker [\u2026]<\/p>","protected":false},"author":1,"featured_media":0,"parent":0,"menu_order":0,"comment_status":"closed","ping_status":"closed","template":"elementor_canvas","meta":{"footnotes":""},"class_list":["post-10275","page","type-page","status-publish","hentry"],"yoast_head":"<!-- This site is optimized with the Yoast SEO plugin v25.7 - https:\/\/yoast.com\/wordpress\/plugins\/seo\/ -->\n<title>kilimanjaro climbing tips - Nurtured Wildlife Safaris<\/title>\n<meta name=\"robots\" content=\"index, follow, max-snippet:-1, max-image-preview:large, max-video-preview:-1\" \/>\n<link rel=\"canonical\" href=\"https:\/\/nurturedwildlife.com\/pl\/wskazowki-dotyczace-wspinaczki-na-kilimandzaro\/\" \/>\n<meta property=\"og:locale\" content=\"pl_PL\" \/>\n<meta property=\"og:type\" content=\"article\" \/>\n<meta property=\"og:title\" content=\"kilimanjaro climbing tips - Nurtured Wildlife Safaris\" \/>\n<meta property=\"og:description\" content=\"Home \/ Blog Climbing Mount Kilimanjaro, Africa\u2019s highest peak (5,895m\/19,341ft), is a once-in-a-lifetime adventure. Whether you\u2019re a first-time trekker or an experienced hiker, proper preparation can make the difference between reaching the summit or turning back. To help you conquer the &#8220;Roof of Africa,&#8221; here are the top Kilimanjaro climbing tips that every trekker should [&hellip;]\" \/>\n<meta property=\"og:url\" content=\"https:\/\/nurturedwildlife.com\/pl\/wskazowki-dotyczace-wspinaczki-na-kilimandzaro\/\" \/>\n<meta property=\"og:site_name\" content=\"Nurtured Wildlife Safaris\" \/>\n<meta property=\"article:modified_time\" content=\"2025-05-17T14:26:46+00:00\" \/>\n<meta name=\"twitter:card\" content=\"summary_large_image\" \/>\n<meta name=\"twitter:label1\" content=\"Szacowany czas czytania\" \/>\n\t<meta name=\"twitter:data1\" content=\"4 minuty\" \/>\n<script type=\"application\/ld+json\" class=\"yoast-schema-graph\">{\"@context\":\"https:\/\/schema.org\",\"@graph\":[{\"@type\":\"WebPage\",\"@id\":\"https:\/\/nurturedwildlife.com\/kilimanjaro-climbing-tips\/\",\"url\":\"https:\/\/nurturedwildlife.com\/kilimanjaro-climbing-tips\/\",\"name\":\"kilimanjaro climbing tips - Nurtured Wildlife Safaris\",\"isPartOf\":{\"@id\":\"https:\/\/nurturedwildlife.com\/#website\"},\"datePublished\":\"2025-05-17T14:24:42+00:00\",\"dateModified\":\"2025-05-17T14:26:46+00:00\",\"breadcrumb\":{\"@id\":\"https:\/\/nurturedwildlife.com\/kilimanjaro-climbing-tips\/#breadcrumb\"},\"inLanguage\":\"pl-PL\",\"potentialAction\":[{\"@type\":\"ReadAction\",\"target\":[\"https:\/\/nurturedwildlife.com\/kilimanjaro-climbing-tips\/\"]}]},{\"@type\":\"BreadcrumbList\",\"@id\":\"https:\/\/nurturedwildlife.com\/kilimanjaro-climbing-tips\/#breadcrumb\",\"itemListElement\":[{\"@type\":\"ListItem\",\"position\":1,\"name\":\"Home\",\"item\":\"https:\/\/nurturedwildlife.com\/\"},{\"@type\":\"ListItem\",\"position\":2,\"name\":\"kilimanjaro climbing tips\"}]},{\"@type\":\"WebSite\",\"@id\":\"https:\/\/nurturedwildlife.com\/#website\",\"url\":\"https:\/\/nurturedwildlife.com\/\",\"name\":\"Nurtured Wildlife Safaris\",\"description\":\"Tanzania Unforgettable\",\"publisher\":{\"@id\":\"https:\/\/nurturedwildlife.com\/#organization\"},\"potentialAction\":[{\"@type\":\"SearchAction\",\"target\":{\"@type\":\"EntryPoint\",\"urlTemplate\":\"https:\/\/nurturedwildlife.com\/?s={search_term_string}\"},\"query-input\":{\"@type\":\"PropertyValueSpecification\",\"valueRequired\":true,\"valueName\":\"search_term_string\"}}],\"inLanguage\":\"pl-PL\"},{\"@type\":\"Organization\",\"@id\":\"https:\/\/nurturedwildlife.com\/#organization\",\"name\":\"Nurtured Wildlife Safaris\",\"url\":\"https:\/\/nurturedwildlife.com\/\",\"logo\":{\"@type\":\"ImageObject\",\"inLanguage\":\"pl-PL\",\"@id\":\"https:\/\/nurturedwildlife.com\/#\/schema\/logo\/image\/\",\"url\":\"https:\/\/nurturedwildlife.com\/wp-content\/uploads\/2023\/12\/nurtured-png.png\",\"contentUrl\":\"https:\/\/nurturedwildlife.com\/wp-content\/uploads\/2023\/12\/nurtured-png.png\",\"width\":4641,\"height\":1704,\"caption\":\"Nurtured Wildlife Safaris\"},\"image\":{\"@id\":\"https:\/\/nurturedwildlife.com\/#\/schema\/logo\/image\/\"}}]}<\/script>\n<!-- \/ Yoast SEO plugin. -->","yoast_head_json":{"title":"Wskaz\u00f3wki dotycz\u0105ce wspinaczki na Kilimand\u017caro - Nurtured Wildlife Safaris","robots":{"index":"index","follow":"follow","max-snippet":"max-snippet:-1","max-image-preview":"max-image-preview:large","max-video-preview":"max-video-preview:-1"},"canonical":"https:\/\/nurturedwildlife.com\/pl\/wskazowki-dotyczace-wspinaczki-na-kilimandzaro\/","og_locale":"pl_PL","og_type":"article","og_title":"kilimanjaro climbing tips - Nurtured Wildlife Safaris","og_description":"Home \/ Blog Climbing Mount Kilimanjaro, Africa\u2019s highest peak (5,895m\/19,341ft), is a once-in-a-lifetime adventure. Whether you\u2019re a first-time trekker or an experienced hiker, proper preparation can make the difference between reaching the summit or turning back. To help you conquer the &#8220;Roof of Africa,&#8221; here are the top Kilimanjaro climbing tips that every trekker should [&hellip;]","og_url":"https:\/\/nurturedwildlife.com\/pl\/wskazowki-dotyczace-wspinaczki-na-kilimandzaro\/","og_site_name":"Nurtured Wildlife Safaris","article_modified_time":"2025-05-17T14:26:46+00:00","twitter_card":"summary_large_image","twitter_misc":{"Szacowany czas czytania":"4 minuty"},"schema":{"@context":"https:\/\/schema.org","@graph":[{"@type":"WebPage","@id":"https:\/\/nurturedwildlife.com\/kilimanjaro-climbing-tips\/","url":"https:\/\/nurturedwildlife.com\/kilimanjaro-climbing-tips\/","name":"Wskaz\u00f3wki dotycz\u0105ce wspinaczki na Kilimand\u017caro - Nurtured Wildlife Safaris","isPartOf":{"@id":"https:\/\/nurturedwildlife.com\/#website"},"datePublished":"2025-05-17T14:24:42+00:00","dateModified":"2025-05-17T14:26:46+00:00","breadcrumb":{"@id":"https:\/\/nurturedwildlife.com\/kilimanjaro-climbing-tips\/#breadcrumb"},"inLanguage":"pl-PL","potentialAction":[{"@type":"ReadAction","target":["https:\/\/nurturedwildlife.com\/kilimanjaro-climbing-tips\/"]}]},{"@type":"BreadcrumbList","@id":"https:\/\/nurturedwildlife.com\/kilimanjaro-climbing-tips\/#breadcrumb","itemListElement":[{"@type":"ListItem","position":1,"name":"Home","item":"https:\/\/nurturedwildlife.com\/"},{"@type":"ListItem","position":2,"name":"kilimanjaro climbing tips"}]},{"@type":"WebSite","@id":"https:\/\/nurturedwildlife.com\/#website","url":"https:\/\/nurturedwildlife.com\/","name":"Safari z troskliw\u0105 opiek\u0105 nad dzik\u0105 przyrod\u0105","description":"Tanzania Niezapomniana","publisher":{"@id":"https:\/\/nurturedwildlife.com\/#organization"},"potentialAction":[{"@type":"SearchAction","target":{"@type":"EntryPoint","urlTemplate":"https:\/\/nurturedwildlife.com\/?s={search_term_string}"},"query-input":{"@type":"PropertyValueSpecification","valueRequired":true,"valueName":"search_term_string"}}],"inLanguage":"pl-PL"},{"@type":"Organization","@id":"https:\/\/nurturedwildlife.com\/#organization","name":"Safari z troskliw\u0105 opiek\u0105 nad dzik\u0105 przyrod\u0105","url":"https:\/\/nurturedwildlife.com\/","logo":{"@type":"ImageObject","inLanguage":"pl-PL","@id":"https:\/\/nurturedwildlife.com\/#\/schema\/logo\/image\/","url":"https:\/\/nurturedwildlife.com\/wp-content\/uploads\/2023\/12\/nurtured-png.png","contentUrl":"https:\/\/nurturedwildlife.com\/wp-content\/uploads\/2023\/12\/nurtured-png.png","width":4641,"height":1704,"caption":"Nurtured Wildlife Safaris"},"image":{"@id":"https:\/\/nurturedwildlife.com\/#\/schema\/logo\/image\/"}}]}},"_links":{"self":[{"href":"https:\/\/nurturedwildlife.com\/pl\/wp-json\/wp\/v2\/pages\/10275","targetHints":{"allow":["GET"]}}],"collection":[{"href":"https:\/\/nurturedwildlife.com\/pl\/wp-json\/wp\/v2\/pages"}],"about":[{"href":"https:\/\/nurturedwildlife.com\/pl\/wp-json\/wp\/v2\/types\/page"}],"author":[{"embeddable":true,"href":"https:\/\/nurturedwildlife.com\/pl\/wp-json\/wp\/v2\/users\/1"}],"replies":[{"embeddable":true,"href":"https:\/\/nurturedwildlife.com\/pl\/wp-json\/wp\/v2\/comments?post=10275"}],"version-history":[{"count":5,"href":"https:\/\/nurturedwildlife.com\/pl\/wp-json\/wp\/v2\/pages\/10275\/revisions"}],"predecessor-version":[{"id":10282,"href":"https:\/\/nurturedwildlife.com\/pl\/wp-json\/wp\/v2\/pages\/10275\/revisions\/10282"}],"wp:attachment":[{"href":"https:\/\/nurturedwildlife.com\/pl\/wp-json\/wp\/v2\/media?parent=10275"}],"curies":[{"name":"wp","href":"https:\/\/api.w.org\/{rel}","templated":true}]}}