{"id":10238,"date":"2025-05-17T13:54:46","date_gmt":"2025-05-17T13:54:46","guid":{"rendered":"https:\/\/nurturedwildlife.com\/?page_id=10238"},"modified":"2025-05-17T13:55:45","modified_gmt":"2025-05-17T13:55:45","slug":"miejsca-ktore-musisz-odwiedzic","status":"publish","type":"page","link":"https:\/\/nurturedwildlife.com\/pl\/miejsca-ktore-musisz-odwiedzic\/","title":{"rendered":"Miejsca, kt\u00f3re trzeba odwiedzi\u0107"},"content":{"rendered":"<div data-elementor-type=\"wp-page\" data-elementor-id=\"10238\" class=\"elementor elementor-10238\" data-elementor-post-type=\"page\">\n\t\t\t\t<div class=\"elementor-element elementor-element-3b3d63f7 e-con-full e-flex e-con e-parent\" data-id=\"3b3d63f7\" data-element_type=\"container\" data-e-type=\"container\" data-settings=\"{&quot;background_background&quot;:&quot;classic&quot;}\">\n\t\t<div class=\"elementor-element elementor-element-6a2347 e-con-full e-flex e-con e-child\" data-id=\"6a2347\" data-element_type=\"container\" data-e-type=\"container\" data-settings=\"{&quot;background_background&quot;:&quot;classic&quot;}\">\n\t\t\t\t<div class=\"elementor-element elementor-element-a10ee4c elementor-widget elementor-widget-text-editor\" data-id=\"a10ee4c\" data-element_type=\"widget\" data-e-type=\"widget\" data-widget_type=\"text-editor.default\">\n\t\t\t\t<div class=\"elementor-widget-container\">\n\t\t\t\t\t\t\t\t\t<p><a href=\"#\">Dom<\/a> \/ Blog<\/p>\t\t\t\t\t\t\t\t<\/div>\n\t\t\t\t<\/div>\n\t\t\t\t<\/div>\n\t\t\t\t<\/div>\n\t\t<div class=\"elementor-element elementor-element-16e11b13 e-flex e-con-boxed e-con e-parent\" data-id=\"16e11b13\" data-element_type=\"container\" data-e-type=\"container\">\n\t\t\t\t\t<div class=\"e-con-inner\">\n\t\t<div class=\"elementor-element elementor-element-2f3d3a50 e-flex e-con-boxed e-con e-child\" data-id=\"2f3d3a50\" data-element_type=\"container\" data-e-type=\"container\" data-settings=\"{&quot;background_background&quot;:&quot;classic&quot;}\">\n\t\t\t\t\t<div class=\"e-con-inner\">\n\t\t\t\t<div class=\"elementor-element elementor-element-2b971e19 elementor-widget elementor-widget-text-editor\" data-id=\"2b971e19\" data-element_type=\"widget\" data-e-type=\"widget\" data-widget_type=\"text-editor.default\">\n\t\t\t\t<div class=\"elementor-widget-container\">\n\t\t\t\t\t\t\t\t\t<p class=\"\" data-start=\"189\" data-end=\"423\">Tanzania to kraina zapieraj\u0105cego dech w piersiach pi\u0119kna, zr\u00f3\u017cnicowanych ekosystem\u00f3w i jednych z najlepszych miejsc do obserwacji dzikiej przyrody na \u015bwiecie. Od kultowych r\u00f3wnin Serengeti po majestatyczny krater Ngorongoro, Tanzania oferuje niezapomniane safari.<\/p><p class=\"\" data-start=\"425\" data-end=\"554\">Je\u015bli planujesz przygod\u0119 safari, oto <strong data-start=\"477\" data-end=\"518\">5 najlepszych miejsc na safari w Tanzanii<\/strong> to powinno znale\u017a\u0107 si\u0119 na Twojej li\u015bcie rzeczy do zrobienia przed \u015bmierci\u0105.<\/p><hr class=\"\" data-start=\"556\" data-end=\"559\" \/><h2 class=\"\" data-start=\"561\" data-end=\"624\">1. <strong data-start=\"567\" data-end=\"594\">Park Narodowy Serengeti<\/strong> \u2013 Dom Wielkiej Migracji<\/h2><p class=\"\" data-start=\"626\" data-end=\"791\"><strong data-start=\"626\" data-end=\"648\">Najlepszy czas na wizyt\u0119<\/strong>:Od czerwca do pa\u017adziernika (w przypadku przepraw przez rzeki) i od stycznia do marca (w okresie wyciele\u0144)<br data-start=\"727\" data-end=\"730\" \/><strong data-start=\"730\" data-end=\"743\">Znany z<\/strong>:Wielka Pi\u0105tka, migracja gnu, bezkresne r\u00f3wniny<\/p><p class=\"\" data-start=\"793\" data-end=\"1105\">Serengeti to klejnot w koronie Tanzanii. Jest znany na ca\u0142ym \u015bwiecie z <strong data-start=\"860\" data-end=\"890\">Wielka migracja gnu<\/strong>, gdzie ponad 2 miliony gnu, zebr i gazeli przemieszcza si\u0119 w dramatycznym, rocznym cyklu. Park mo\u017ce si\u0119 r\u00f3wnie\u017c pochwali\u0107 du\u017c\u0105 koncentracj\u0105 drapie\u017cnik\u00f3w \u2013 lw\u00f3w, gepard\u00f3w i lampart\u00f3w \u2013 co czyni go idealnym miejscem do obserwacji klasycznej zwierzyny.<\/p><p class=\"\" data-start=\"1107\" data-end=\"1122\"><strong data-start=\"1107\" data-end=\"1121\">Przegl\u0105d najwa\u017cniejszych wydarze\u0144<\/strong>:<\/p><ul data-start=\"1123\" data-end=\"1235\"><li class=\"\" data-start=\"1123\" data-end=\"1162\"><p class=\"\" data-start=\"1125\" data-end=\"1162\">Przeprawy przez rzek\u0119 Mara (lipiec\u2013wrzesie\u0144)<\/p><\/li><li class=\"\" data-start=\"1163\" data-end=\"1201\"><p class=\"\" data-start=\"1165\" data-end=\"1201\">Sezon wyciele\u0144 w Ndutu (stycze\u0144\u2013marzec)<\/p><\/li><li class=\"\" data-start=\"1202\" data-end=\"1235\"><p class=\"\" data-start=\"1204\" data-end=\"1235\">Safari balonowe nad r\u00f3wninami<\/p><\/li><\/ul><hr class=\"\" data-start=\"1237\" data-end=\"1240\" \/><h2 class=\"\" data-start=\"1242\" data-end=\"1306\">2. <strong data-start=\"1248\" data-end=\"1269\">Krater Ngorongoro<\/strong> \u2013 Najwi\u0119ksza na \u015bwiecie nienaruszona kaldera<\/h2><p class=\"\" data-start=\"1308\" data-end=\"1416\"><strong data-start=\"1308\" data-end=\"1330\">Najlepszy czas na wizyt\u0119<\/strong>:Ca\u0142y rok<br data-start=\"1342\" data-end=\"1345\" \/><strong data-start=\"1345\" data-end=\"1358\">Znany z<\/strong>:Wielka Pi\u0105tka, dramatyczne krajobrazy, du\u017ca populacja dzikich zwierz\u0105t<\/p><p class=\"\" data-start=\"1418\" data-end=\"1668\">Obiekt wpisany na list\u0119 \u015bwiatowego dziedzictwa UNESCO <strong data-start=\"1452\" data-end=\"1473\">Krater Ngorongoro<\/strong> jest cz\u0119sto okre\u015blany jako \u201cafryka\u0144ski Eden\u201d. To zapadni\u0119ty wulkan pe\u0142en bujnych \u0142\u0105k, bagien i jeziora sodowego. Znajdziesz tu <strong data-start=\"1606\" data-end=\"1630\">wszystkie zwierz\u0119ta Wielkiej Pi\u0105tki<\/strong> tutaj, w tym rzadki czarny nosoro\u017cec.<\/p><p class=\"\" data-start=\"1670\" data-end=\"1685\"><strong data-start=\"1670\" data-end=\"1684\">Przegl\u0105d najwa\u017cniejszych wydarze\u0144<\/strong>:<\/p><ul data-start=\"1686\" data-end=\"1799\"><li class=\"\" data-start=\"1686\" data-end=\"1712\"><p class=\"\" data-start=\"1688\" data-end=\"1712\">Przeja\u017cd\u017cki po dnie krateru<\/p><\/li><li class=\"\" data-start=\"1713\" data-end=\"1739\"><p class=\"\" data-start=\"1715\" data-end=\"1739\">Wizyta w wioskach Masaj\u00f3w<\/p><\/li><li class=\"\" data-start=\"1740\" data-end=\"1799\"><p class=\"\" data-start=\"1742\" data-end=\"1799\">Niesamowite krajobrazy z du\u017c\u0105 szans\u0105 na zobaczenie dzikich zwierz\u0105t<\/p><\/li><\/ul><hr class=\"\" data-start=\"1801\" data-end=\"1804\" \/><h2 class=\"\" data-start=\"1806\" data-end=\"1859\">3. <strong data-start=\"1812\" data-end=\"1839\">Park Narodowy Tarangire<\/strong> \u2013 Raj S\u0142oni<\/h2><p class=\"\" data-start=\"1861\" data-end=\"1962\"><strong data-start=\"1861\" data-end=\"1883\">Najlepszy czas na wizyt\u0119<\/strong>:Od czerwca do pa\u017adziernika<br data-start=\"1900\" data-end=\"1903\" \/><strong data-start=\"1903\" data-end=\"1916\">Znany z<\/strong>:Du\u017ce stada s\u0142oni, baobaby, ptactwo<\/p><p class=\"\" data-start=\"1964\" data-end=\"2183\">Cz\u0119sto pomijane, <strong data-start=\"1982\" data-end=\"1995\">Tarangire<\/strong> oferuje wyj\u0105tkowe wra\u017cenia safari dzi\u0119ki <strong data-start=\"2039\" data-end=\"2065\">ogromne stada s\u0142oni<\/strong>, szczeg\u00f3lnie w porze suchej. Park jest usiany starymi baobabami i jest domem dla ponad 500 gatunk\u00f3w ptak\u00f3w.<\/p><p class=\"\" data-start=\"2185\" data-end=\"2200\"><strong data-start=\"2185\" data-end=\"2199\">Przegl\u0105d najwa\u017cniejszych wydarze\u0144<\/strong>:<\/p><ul data-start=\"2201\" data-end=\"2322\"><li class=\"\" data-start=\"2201\" data-end=\"2242\"><p class=\"\" data-start=\"2203\" data-end=\"2242\">Obserwacje s\u0142oni w pobli\u017cu rzeki Tarangire<\/p><\/li><li class=\"\" data-start=\"2243\" data-end=\"2268\"><p class=\"\" data-start=\"2245\" data-end=\"2268\">Doskona\u0142e miejsce do obserwacji ptak\u00f3w<\/p><\/li><li class=\"\" data-start=\"2269\" data-end=\"2322\"><p class=\"\" data-start=\"2271\" data-end=\"2322\">Safari piesze i prze\u017cycia poza utartymi szlakami<\/p><\/li><\/ul><hr class=\"\" data-start=\"2324\" data-end=\"2327\" \/><h2 class=\"\" data-start=\"2329\" data-end=\"2398\">4. <strong data-start=\"2335\" data-end=\"2365\">Park Narodowy Jeziora Manyara<\/strong> \u2013 Lwy i ptaki wspinaj\u0105ce si\u0119 na drzewa<\/h2><p class=\"\" data-start=\"2400\" data-end=\"2545\"><strong data-start=\"2400\" data-end=\"2422\">Najlepszy czas na wizyt\u0119<\/strong>:Od czerwca do pa\u017adziernika i od listopada do lutego (do obserwacji ptak\u00f3w)<br data-start=\"2476\" data-end=\"2479\" \/><strong data-start=\"2479\" data-end=\"2492\">Znany z<\/strong>:Lwy wspinaj\u0105ce si\u0119 na drzewa, flamingi, lasy w\u00f3d gruntowych<\/p><p class=\"\" data-start=\"2547\" data-end=\"2788\"><strong data-start=\"2547\" data-end=\"2563\">Jezioro Manyara<\/strong> mo\u017ce by\u0107 ma\u0142y, ale niesamowicie r\u00f3\u017cnorodny. S\u0142ynie z <strong data-start=\"2627\" data-end=\"2650\">lwy wspinaj\u0105ce si\u0119 na drzewa<\/strong> i sezonowe stada flaming\u00f3w, kt\u00f3re pokrywaj\u0105 jezioro. Park oferuje bujne lasy, otwarte r\u00f3wniny i jezioro sodowe, wszystko na jednym niewielkim obszarze.<\/p><p class=\"\" data-start=\"2790\" data-end=\"2805\"><strong data-start=\"2790\" data-end=\"2804\">Przegl\u0105d najwa\u017cniejszych wydarze\u0144<\/strong>:<\/p><ul data-start=\"2806\" data-end=\"2915\"><li class=\"\" data-start=\"2806\" data-end=\"2848\"><p class=\"\" data-start=\"2808\" data-end=\"2848\">Safari kajakowe (je\u015bli pozwala na to poziom wody)<\/p><\/li><li class=\"\" data-start=\"2849\" data-end=\"2877\"><p class=\"\" data-start=\"2851\" data-end=\"2877\">Ekosystemy le\u015bne i jeziorne<\/p><\/li><li class=\"\" data-start=\"2878\" data-end=\"2915\"><p class=\"\" data-start=\"2880\" data-end=\"2915\">Blisko\u015b\u0107 Arushy (\u0142atwa jednodniowa wycieczka)<\/p><\/li><\/ul><hr class=\"\" data-start=\"2917\" data-end=\"2920\" \/><h2 class=\"\" data-start=\"2922\" data-end=\"2975\">5. <strong data-start=\"2928\" data-end=\"2951\">Park Narodowy Ruaha<\/strong> \u2013 Ukryty klejnot Tanzanii<\/h2><p class=\"\" data-start=\"2977\" data-end=\"3085\"><strong data-start=\"2977\" data-end=\"2999\">Najlepszy czas na wizyt\u0119<\/strong>:Od czerwca do pa\u017adziernika<br data-start=\"3016\" data-end=\"3019\" \/><strong data-start=\"3019\" data-end=\"3032\">Znany z<\/strong>:Odleg\u0142a dzicz, drapie\u017cniki, du\u017ce stada lw\u00f3w<\/p><p class=\"\" data-start=\"3087\" data-end=\"3359\"><strong data-start=\"3087\" data-end=\"3096\">Ruaha<\/strong> To najwi\u0119kszy park narodowy Tanzanii i jeden z najbardziej oddalonych. Oferuje dzikie, bezt\u0142oczne safari i s\u0142ynie z du\u017cej populacji <strong data-start=\"3249\" data-end=\"3283\">lwy, lamparty i s\u0142onie<\/strong>. To idealne miejsce dla podr\u00f3\u017cnik\u00f3w lubi\u0105cych przygody i poszukuj\u0105cych safari poza utartymi szlakami.<\/p><p class=\"\" data-start=\"3361\" data-end=\"3376\"><strong data-start=\"3361\" data-end=\"3375\">Przegl\u0105d najwa\u017cniejszych wydarze\u0144<\/strong>:<\/p><ul data-start=\"3377\" data-end=\"3481\"><li class=\"\" data-start=\"3377\" data-end=\"3401\"><p class=\"\" data-start=\"3379\" data-end=\"3401\">Kameralne domki safari<\/p><\/li><li class=\"\" data-start=\"3402\" data-end=\"3450\"><p class=\"\" data-start=\"3404\" data-end=\"3450\">R\u00f3\u017cnorodne krajobrazy ze skalistymi wzg\u00f3rzami i rzekami<\/p><\/li><li class=\"\" data-start=\"3451\" data-end=\"3481\"><p class=\"\" data-start=\"3453\" data-end=\"3481\">Doskona\u0142e obserwacje drapie\u017cnik\u00f3w<\/p><\/li><\/ul><hr class=\"\" data-start=\"3483\" data-end=\"3486\" \/><h2 class=\"\" data-start=\"3488\" data-end=\"3505\">Ostatnie my\u015bli<\/h2><p class=\"\" data-start=\"3507\" data-end=\"3736\">Niezale\u017cnie od tego, czy jeste\u015b tu po raz pierwszy, czy do\u015bwiadczonym safari, parki narodowe Tanzanii oferuj\u0105 niezapomniane prze\u017cycia zwi\u0105zane z dzik\u0105 przyrod\u0105. <strong data-start=\"3649\" data-end=\"3669\">kultowe Serengeti<\/strong> do <strong data-start=\"3677\" data-end=\"3703\">ukryte pi\u0119kno Ruaha<\/strong>, ka\u017cdy znajdzie co\u015b dla siebie.<\/p><p class=\"\" data-start=\"3738\" data-end=\"3857\">Gotowy na rozpocz\u0119cie podr\u00f3\u017cy? Skontaktuj si\u0119 z zaufanym organizatorem wycieczek, kt\u00f3ry pomo\u017ce Ci stworzy\u0107 idealny plan safari w Tanzanii.<\/p>\t\t\t\t\t\t\t\t<\/div>\n\t\t\t\t<\/div>\n\t\t\t\t\t<\/div>\n\t\t\t\t<\/div>\n\t\t\t\t\t<\/div>\n\t\t\t\t<\/div>\n\t\t\t\t<\/div>","protected":false},"excerpt":{"rendered":"<p>Strona g\u0142\u00f3wna \/ Blog Tanzania to kraina zapieraj\u0105cego dech w piersiach pi\u0119kna, zr\u00f3\u017cnicowanych ekosystem\u00f3w i jednych z najlepszych miejsc do obserwacji dzikiej przyrody na \u015bwiecie. Od kultowych r\u00f3wnin Serengeti po majestatyczny krater Ngorongoro, Tanzania oferuje niezapomniane safari. Je\u015bli planujesz przygod\u0119 safari, oto 5 najlepszych miejsc na safari w Tanzanii [\u2026]<\/p>","protected":false},"author":1,"featured_media":0,"parent":0,"menu_order":0,"comment_status":"closed","ping_status":"closed","template":"elementor_canvas","meta":{"footnotes":""},"class_list":["post-10238","page","type-page","status-publish","hentry"],"yoast_head":"<!-- This site is optimized with the Yoast SEO plugin v25.7 - https:\/\/yoast.com\/wordpress\/plugins\/seo\/ -->\n<title>Must visit destinations - Nurtured Wildlife Safaris<\/title>\n<meta name=\"robots\" content=\"index, follow, max-snippet:-1, max-image-preview:large, max-video-preview:-1\" \/>\n<link rel=\"canonical\" href=\"https:\/\/nurturedwildlife.com\/pl\/miejsca-ktore-musisz-odwiedzic\/\" \/>\n<meta property=\"og:locale\" content=\"pl_PL\" \/>\n<meta property=\"og:type\" content=\"article\" \/>\n<meta property=\"og:title\" content=\"Must visit destinations - Nurtured Wildlife Safaris\" \/>\n<meta property=\"og:description\" content=\"Home \/ Blog Tanzania is a land of breathtaking beauty, diverse ecosystems, and some of the best wildlife viewing on the planet. From the iconic Serengeti plains to the majestic Ngorongoro Crater, Tanzania offers a safari experience like no other. If you\u2019re planning a safari adventure, here are the top 5 safari destinations in Tanzania [&hellip;]\" \/>\n<meta property=\"og:url\" content=\"https:\/\/nurturedwildlife.com\/pl\/miejsca-ktore-musisz-odwiedzic\/\" \/>\n<meta property=\"og:site_name\" content=\"Nurtured Wildlife Safaris\" \/>\n<meta property=\"article:modified_time\" content=\"2025-05-17T13:55:45+00:00\" \/>\n<meta name=\"twitter:card\" content=\"summary_large_image\" \/>\n<meta name=\"twitter:label1\" content=\"Szacowany czas czytania\" \/>\n\t<meta name=\"twitter:data1\" content=\"3 minuty\" \/>\n<script type=\"application\/ld+json\" class=\"yoast-schema-graph\">{\"@context\":\"https:\/\/schema.org\",\"@graph\":[{\"@type\":\"WebPage\",\"@id\":\"https:\/\/nurturedwildlife.com\/must-visit-destinations\/\",\"url\":\"https:\/\/nurturedwildlife.com\/must-visit-destinations\/\",\"name\":\"Must visit destinations - Nurtured Wildlife Safaris\",\"isPartOf\":{\"@id\":\"https:\/\/nurturedwildlife.com\/#website\"},\"datePublished\":\"2025-05-17T13:54:46+00:00\",\"dateModified\":\"2025-05-17T13:55:45+00:00\",\"breadcrumb\":{\"@id\":\"https:\/\/nurturedwildlife.com\/must-visit-destinations\/#breadcrumb\"},\"inLanguage\":\"pl-PL\",\"potentialAction\":[{\"@type\":\"ReadAction\",\"target\":[\"https:\/\/nurturedwildlife.com\/must-visit-destinations\/\"]}]},{\"@type\":\"BreadcrumbList\",\"@id\":\"https:\/\/nurturedwildlife.com\/must-visit-destinations\/#breadcrumb\",\"itemListElement\":[{\"@type\":\"ListItem\",\"position\":1,\"name\":\"Home\",\"item\":\"https:\/\/nurturedwildlife.com\/\"},{\"@type\":\"ListItem\",\"position\":2,\"name\":\"Must visit destinations\"}]},{\"@type\":\"WebSite\",\"@id\":\"https:\/\/nurturedwildlife.com\/#website\",\"url\":\"https:\/\/nurturedwildlife.com\/\",\"name\":\"Nurtured Wildlife Safaris\",\"description\":\"Tanzania Unforgettable\",\"publisher\":{\"@id\":\"https:\/\/nurturedwildlife.com\/#organization\"},\"potentialAction\":[{\"@type\":\"SearchAction\",\"target\":{\"@type\":\"EntryPoint\",\"urlTemplate\":\"https:\/\/nurturedwildlife.com\/?s={search_term_string}\"},\"query-input\":{\"@type\":\"PropertyValueSpecification\",\"valueRequired\":true,\"valueName\":\"search_term_string\"}}],\"inLanguage\":\"pl-PL\"},{\"@type\":\"Organization\",\"@id\":\"https:\/\/nurturedwildlife.com\/#organization\",\"name\":\"Nurtured Wildlife Safaris\",\"url\":\"https:\/\/nurturedwildlife.com\/\",\"logo\":{\"@type\":\"ImageObject\",\"inLanguage\":\"pl-PL\",\"@id\":\"https:\/\/nurturedwildlife.com\/#\/schema\/logo\/image\/\",\"url\":\"https:\/\/nurturedwildlife.com\/wp-content\/uploads\/2023\/12\/nurtured-png.png\",\"contentUrl\":\"https:\/\/nurturedwildlife.com\/wp-content\/uploads\/2023\/12\/nurtured-png.png\",\"width\":4641,\"height\":1704,\"caption\":\"Nurtured Wildlife Safaris\"},\"image\":{\"@id\":\"https:\/\/nurturedwildlife.com\/#\/schema\/logo\/image\/\"}}]}<\/script>\n<!-- \/ Yoast SEO plugin. -->","yoast_head_json":{"title":"Miejsca, kt\u00f3re musisz odwiedzi\u0107 - Nurtured Wildlife Safaris","robots":{"index":"index","follow":"follow","max-snippet":"max-snippet:-1","max-image-preview":"max-image-preview:large","max-video-preview":"max-video-preview:-1"},"canonical":"https:\/\/nurturedwildlife.com\/pl\/miejsca-ktore-musisz-odwiedzic\/","og_locale":"pl_PL","og_type":"article","og_title":"Must visit destinations - Nurtured Wildlife Safaris","og_description":"Home \/ Blog Tanzania is a land of breathtaking beauty, diverse ecosystems, and some of the best wildlife viewing on the planet. From the iconic Serengeti plains to the majestic Ngorongoro Crater, Tanzania offers a safari experience like no other. If you\u2019re planning a safari adventure, here are the top 5 safari destinations in Tanzania [&hellip;]","og_url":"https:\/\/nurturedwildlife.com\/pl\/miejsca-ktore-musisz-odwiedzic\/","og_site_name":"Nurtured Wildlife Safaris","article_modified_time":"2025-05-17T13:55:45+00:00","twitter_card":"summary_large_image","twitter_misc":{"Szacowany czas czytania":"3 minuty"},"schema":{"@context":"https:\/\/schema.org","@graph":[{"@type":"WebPage","@id":"https:\/\/nurturedwildlife.com\/must-visit-destinations\/","url":"https:\/\/nurturedwildlife.com\/must-visit-destinations\/","name":"Miejsca, kt\u00f3re musisz odwiedzi\u0107 - Nurtured Wildlife Safaris","isPartOf":{"@id":"https:\/\/nurturedwildlife.com\/#website"},"datePublished":"2025-05-17T13:54:46+00:00","dateModified":"2025-05-17T13:55:45+00:00","breadcrumb":{"@id":"https:\/\/nurturedwildlife.com\/must-visit-destinations\/#breadcrumb"},"inLanguage":"pl-PL","potentialAction":[{"@type":"ReadAction","target":["https:\/\/nurturedwildlife.com\/must-visit-destinations\/"]}]},{"@type":"BreadcrumbList","@id":"https:\/\/nurturedwildlife.com\/must-visit-destinations\/#breadcrumb","itemListElement":[{"@type":"ListItem","position":1,"name":"Home","item":"https:\/\/nurturedwildlife.com\/"},{"@type":"ListItem","position":2,"name":"Must visit destinations"}]},{"@type":"WebSite","@id":"https:\/\/nurturedwildlife.com\/#website","url":"https:\/\/nurturedwildlife.com\/","name":"Safari z troskliw\u0105 opiek\u0105 nad dzik\u0105 przyrod\u0105","description":"Tanzania Niezapomniana","publisher":{"@id":"https:\/\/nurturedwildlife.com\/#organization"},"potentialAction":[{"@type":"SearchAction","target":{"@type":"EntryPoint","urlTemplate":"https:\/\/nurturedwildlife.com\/?s={search_term_string}"},"query-input":{"@type":"PropertyValueSpecification","valueRequired":true,"valueName":"search_term_string"}}],"inLanguage":"pl-PL"},{"@type":"Organization","@id":"https:\/\/nurturedwildlife.com\/#organization","name":"Safari z troskliw\u0105 opiek\u0105 nad dzik\u0105 przyrod\u0105","url":"https:\/\/nurturedwildlife.com\/","logo":{"@type":"ImageObject","inLanguage":"pl-PL","@id":"https:\/\/nurturedwildlife.com\/#\/schema\/logo\/image\/","url":"https:\/\/nurturedwildlife.com\/wp-content\/uploads\/2023\/12\/nurtured-png.png","contentUrl":"https:\/\/nurturedwildlife.com\/wp-content\/uploads\/2023\/12\/nurtured-png.png","width":4641,"height":1704,"caption":"Nurtured Wildlife Safaris"},"image":{"@id":"https:\/\/nurturedwildlife.com\/#\/schema\/logo\/image\/"}}]}},"_links":{"self":[{"href":"https:\/\/nurturedwildlife.com\/pl\/wp-json\/wp\/v2\/pages\/10238","targetHints":{"allow":["GET"]}}],"collection":[{"href":"https:\/\/nurturedwildlife.com\/pl\/wp-json\/wp\/v2\/pages"}],"about":[{"href":"https:\/\/nurturedwildlife.com\/pl\/wp-json\/wp\/v2\/types\/page"}],"author":[{"embeddable":true,"href":"https:\/\/nurturedwildlife.com\/pl\/wp-json\/wp\/v2\/users\/1"}],"replies":[{"embeddable":true,"href":"https:\/\/nurturedwildlife.com\/pl\/wp-json\/wp\/v2\/comments?post=10238"}],"version-history":[{"count":5,"href":"https:\/\/nurturedwildlife.com\/pl\/wp-json\/wp\/v2\/pages\/10238\/revisions"}],"predecessor-version":[{"id":10250,"href":"https:\/\/nurturedwildlife.com\/pl\/wp-json\/wp\/v2\/pages\/10238\/revisions\/10250"}],"wp:attachment":[{"href":"https:\/\/nurturedwildlife.com\/pl\/wp-json\/wp\/v2\/media?parent=10238"}],"curies":[{"name":"wp","href":"https:\/\/api.w.org\/{rel}","templated":true}]}}