{"id":10275,"date":"2025-05-17T14:24:42","date_gmt":"2025-05-17T14:24:42","guid":{"rendered":"https:\/\/nurturedwildlife.com\/?page_id=10275"},"modified":"2025-05-17T14:26:46","modified_gmt":"2025-05-17T14:26:46","slug":"tips-for-klatring-pa-kilimanjaro","status":"publish","type":"page","link":"https:\/\/nurturedwildlife.com\/nb\/tips-for-klatring-pa-kilimanjaro\/","title":{"rendered":"tips for klatring p\u00e5 kilimanjaro"},"content":{"rendered":"<div data-elementor-type=\"wp-page\" data-elementor-id=\"10275\" class=\"elementor elementor-10275\" data-elementor-post-type=\"page\">\n\t\t\t\t<div class=\"elementor-element elementor-element-e00a70f e-con-full e-flex e-con e-parent\" data-id=\"e00a70f\" data-element_type=\"container\" data-e-type=\"container\" data-settings=\"{&quot;background_background&quot;:&quot;classic&quot;}\">\n\t\t<div class=\"elementor-element elementor-element-4f28cb66 e-con-full e-flex e-con e-child\" data-id=\"4f28cb66\" data-element_type=\"container\" data-e-type=\"container\" data-settings=\"{&quot;background_background&quot;:&quot;classic&quot;}\">\n\t\t\t\t<div class=\"elementor-element elementor-element-770fe869 elementor-widget elementor-widget-text-editor\" data-id=\"770fe869\" data-element_type=\"widget\" data-e-type=\"widget\" data-widget_type=\"text-editor.default\">\n\t\t\t\t<div class=\"elementor-widget-container\">\n\t\t\t\t\t\t\t\t\t<p><a href=\"#\">Hjem<\/a> \/ Blogg<\/p>\t\t\t\t\t\t\t\t<\/div>\n\t\t\t\t<\/div>\n\t\t\t\t<\/div>\n\t\t\t\t<\/div>\n\t\t<div class=\"elementor-element elementor-element-3f9f40b e-flex e-con-boxed e-con e-parent\" data-id=\"3f9f40b\" data-element_type=\"container\" data-e-type=\"container\">\n\t\t\t\t\t<div class=\"e-con-inner\">\n\t\t<div class=\"elementor-element elementor-element-5a9f91e3 e-flex e-con-boxed e-con e-child\" data-id=\"5a9f91e3\" data-element_type=\"container\" data-e-type=\"container\" data-settings=\"{&quot;background_background&quot;:&quot;classic&quot;}\">\n\t\t\t\t\t<div class=\"e-con-inner\">\n\t\t\t\t<div class=\"elementor-element elementor-element-bdbea60 elementor-widget elementor-widget-text-editor\" data-id=\"bdbea60\" data-element_type=\"widget\" data-e-type=\"widget\" data-widget_type=\"text-editor.default\">\n\t\t\t\t<div class=\"elementor-widget-container\">\n\t\t\t\t\t\t\t\t\t<p class=\"\" data-start=\"237\" data-end=\"493\">Klatring <strong data-start=\"246\" data-end=\"267\">Kilimanjaro-fjellet<\/strong>, Afrikas h\u00f8yeste topp (5895 m), er et eventyr du bare f\u00e5r \u00e9n gang i livet. Enten du er f\u00f8rstegangsvandrer eller en erfaren turg\u00e5er, kan riktig forberedelse utgj\u00f8re forskjellen mellom \u00e5 n\u00e5 toppen eller snu.<\/p><p class=\"\" data-start=\"495\" data-end=\"615\">For \u00e5 hjelpe deg med \u00e5 erobre \u201cAfrikas tak\u201d, er her <strong data-start=\"550\" data-end=\"583\">De beste tipsene for klatring i Kilimanjaro<\/strong> som enhver turg\u00e5er burde vite.<\/p><hr class=\"\" data-start=\"617\" data-end=\"620\" \/><h2 class=\"\" data-start=\"622\" data-end=\"662\">1. <strong data-start=\"628\" data-end=\"662\">Velg riktig rute for deg<\/strong><\/h2><p class=\"\" data-start=\"664\" data-end=\"770\">Det er flere ruter til toppen, hver med ulikt landskap, vanskelighetsgrader og suksessrater.<\/p><ul data-start=\"772\" data-end=\"1058\"><li class=\"\" data-start=\"772\" data-end=\"826\"><p class=\"\" data-start=\"774\" data-end=\"826\"><strong data-start=\"774\" data-end=\"800\">Machame-ruten (7 dager)<\/strong> \u2013 Mest popul\u00e6r og naturskj\u00f8nn<\/p><\/li><li class=\"\" data-start=\"827\" data-end=\"902\"><p class=\"\" data-start=\"829\" data-end=\"902\"><strong data-start=\"829\" data-end=\"855\">Lemosho-ruten (8 dager)<\/strong> \u2013 Flott for akklimatisering og fantastisk utsikt<\/p><\/li><li class=\"\" data-start=\"903\" data-end=\"980\"><p class=\"\" data-start=\"905\" data-end=\"980\"><strong data-start=\"905\" data-end=\"933\">Marangu-ruten (5\u20136 dager)<\/strong> \u2013 \u201cCoca-Cola\u201d-ruten med hytteovernatting<\/p><\/li><li class=\"\" data-start=\"981\" data-end=\"1058\"><p class=\"\" data-start=\"983\" data-end=\"1058\"><strong data-start=\"983\" data-end=\"1010\">Rongai-ruten (6\u20137 dager)<\/strong> \u2013 Roligere og t\u00f8rrere, n\u00e6rmer seg fra nord<\/p><\/li><\/ul><p class=\"\" data-start=\"1060\" data-end=\"1145\">\ud83d\udc49 <em data-start=\"1063\" data-end=\"1068\">Tupp<\/em>Lengre ruter gir bedre akklimatisering og h\u00f8yere suksessrate p\u00e5 toppene.<\/p><hr class=\"\" data-start=\"1147\" data-end=\"1150\" \/><h2 class=\"\" data-start=\"1152\" data-end=\"1207\">2. <strong data-start=\"1158\" data-end=\"1207\">Akklimatiser sakte for \u00e5 unng\u00e5 h\u00f8ydesyke<\/strong><\/h2><p class=\"\" data-start=\"1209\" data-end=\"1312\">H\u00f8ydesyke er den st\u00f8rste utfordringen p\u00e5 Kilimanjaro. \u00c5 g\u00e5 sakte gir kroppen tid til \u00e5 tilpasse seg.<\/p><ul data-start=\"1314\" data-end=\"1486\"><li class=\"\" data-start=\"1314\" data-end=\"1360\"><p class=\"\" data-start=\"1316\" data-end=\"1360\">F\u00f8lg regelen: <strong data-start=\"1333\" data-end=\"1360\">\u201cKlatre h\u00f8yt, sov lavt\u201d<\/strong><\/p><\/li><li class=\"\" data-start=\"1361\" data-end=\"1405\"><p class=\"\" data-start=\"1363\" data-end=\"1405\">Velg turer som er <strong data-start=\"1385\" data-end=\"1405\">7 dager eller lenger<\/strong><\/p><\/li><li class=\"\" data-start=\"1406\" data-end=\"1486\"><p class=\"\" data-start=\"1408\" data-end=\"1486\">Snakk med guiden din hvis du f\u00f8ler symptomer (hodepine, kvalme, svimmelhet)<\/p><\/li><\/ul><p class=\"\" data-start=\"1488\" data-end=\"1556\">\ud83d\udc49 <em data-start=\"1491\" data-end=\"1496\">Tupp<\/em>G\u00e5 ved en \u201cstangstang\u201d (swahili for <em data-start=\"1533\" data-end=\"1549\">sakte, sakte<\/em>) tempo.<\/p><hr class=\"\" data-start=\"1558\" data-end=\"1561\" \/><h2 class=\"\" data-start=\"1563\" data-end=\"1592\">3. <strong data-start=\"1569\" data-end=\"1592\">Tren for klatringen<\/strong><\/h2><p class=\"\" data-start=\"1594\" data-end=\"1682\">Selv om Kilimanjaro ikke krever teknisk klatring, er det en alvorlig fysisk utfordring.<\/p><ul data-start=\"1684\" data-end=\"1846\"><li class=\"\" data-start=\"1684\" data-end=\"1726\"><p class=\"\" data-start=\"1686\" data-end=\"1726\"><strong data-start=\"1686\" data-end=\"1726\">Start treningen 2\u20133 m\u00e5neder i forveien<\/strong><\/p><\/li><li class=\"\" data-start=\"1727\" data-end=\"1786\"><p class=\"\" data-start=\"1729\" data-end=\"1786\">Fokuser p\u00e5 <strong data-start=\"1738\" data-end=\"1786\">kondisjonstrening, styrketrening og fotturer med ryggsekk<\/strong><\/p><\/li><li class=\"\" data-start=\"1787\" data-end=\"1846\"><p class=\"\" data-start=\"1789\" data-end=\"1846\">\u00d8velse <strong data-start=\"1798\" data-end=\"1833\">lange turer eller fotturer i h\u00f8yden<\/strong>, hvis mulig<\/p><\/li><\/ul><p class=\"\" data-start=\"1848\" data-end=\"1949\">\ud83d\udc49 <em data-start=\"1851\" data-end=\"1856\">Tupp<\/em>Inkluder trappeklatring, gange p\u00e5 tredem\u00f8lle med stigning og utholdenhetstrening i trenings\u00f8ktene dine.<\/p><hr class=\"\" data-start=\"1951\" data-end=\"1954\" \/><h2 class=\"\" data-start=\"1956\" data-end=\"1985\">4. <strong data-start=\"1962\" data-end=\"1985\">Pakk riktig utstyr<\/strong><\/h2><p class=\"\" data-start=\"1987\" data-end=\"2107\">Riktig utstyr kan avgj\u00f8re om opplevelsen din er god eller d\u00e5rlig. V\u00e6ret p\u00e5 Kilimanjaro kan skifte fra tropisk varme til iskaldt.<\/p><p class=\"\" data-start=\"2109\" data-end=\"2124\"><strong data-start=\"2109\" data-end=\"2123\">M\u00e5-ha<\/strong>:<\/p><ul data-start=\"2125\" data-end=\"2348\"><li class=\"\" data-start=\"2125\" data-end=\"2201\"><p class=\"\" data-start=\"2127\" data-end=\"2201\">God <strong data-start=\"2132\" data-end=\"2159\">lagdelt klessystem<\/strong> (grunnlag, isolerende lag og vanntette lag)<\/p><\/li><li class=\"\" data-start=\"2202\" data-end=\"2251\"><p class=\"\" data-start=\"2204\" data-end=\"2251\">Varm <strong data-start=\"2209\" data-end=\"2225\">sovepose<\/strong> (klassifisert til -10 \u00b0C eller lavere)<\/p><\/li><li class=\"\" data-start=\"2252\" data-end=\"2287\"><p class=\"\" data-start=\"2254\" data-end=\"2287\"><strong data-start=\"2254\" data-end=\"2270\">Turst\u00f8vler<\/strong> (godt innkj\u00f8rt)<\/p><\/li><li class=\"\" data-start=\"2288\" data-end=\"2348\"><p class=\"\" data-start=\"2290\" data-end=\"2348\"><strong data-start=\"2290\" data-end=\"2302\">Hodelykt<\/strong>, <strong data-start=\"2304\" data-end=\"2322\">turstaver<\/strong>, og <strong data-start=\"2328\" data-end=\"2348\">hydreringssystem<\/strong><\/p><\/li><\/ul><p class=\"\" data-start=\"2350\" data-end=\"2440\">\ud83d\udc49 <em data-start=\"2353\" data-end=\"2358\">Tupp<\/em>Ikke pakk for mye, men spar heller ikke p\u00e5 det viktigste \u2013 spesielt ikke varme kl\u00e6r.<\/p><hr class=\"\" data-start=\"2442\" data-end=\"2445\" \/><h2 class=\"\" data-start=\"2447\" data-end=\"2483\">5. <strong data-start=\"2453\" data-end=\"2483\">Hold deg hydrert og spis godt<\/strong><\/h2><p class=\"\" data-start=\"2485\" data-end=\"2583\">Kilimanjaro-klatringer forbrenner mange kalorier, og dehydrering \u00f8ker risikoen for h\u00f8ydesyke.<\/p><ul data-start=\"2585\" data-end=\"2744\"><li class=\"\" data-start=\"2585\" data-end=\"2631\"><p class=\"\" data-start=\"2587\" data-end=\"2631\">Drikke <strong data-start=\"2593\" data-end=\"2631\">minst 3\u20134 liter vann daglig<\/strong><\/p><\/li><li class=\"\" data-start=\"2632\" data-end=\"2683\"><p class=\"\" data-start=\"2634\" data-end=\"2683\">Bringe <strong data-start=\"2640\" data-end=\"2663\">elektrolytttabletter<\/strong> for ekstra hydrering<\/p><\/li><li class=\"\" data-start=\"2684\" data-end=\"2744\"><p class=\"\" data-start=\"2686\" data-end=\"2744\">Spis hvert m\u00e5ltid \u2013 selv om du ikke f\u00f8ler deg sulten i h\u00f8yden<\/p><\/li><\/ul><p class=\"\" data-start=\"2746\" data-end=\"2828\">\ud83d\udc49 <em data-start=\"2749\" data-end=\"2754\">Tupp<\/em>Ta med dine favoritt-energisnacks som n\u00f8tter, granolabarer eller sjokolade.<\/p><hr class=\"\" data-start=\"2830\" data-end=\"2833\" \/><h2 class=\"\" data-start=\"2835\" data-end=\"2874\">6. <strong data-start=\"2841\" data-end=\"2874\">Stol p\u00e5 guidene og b\u00e6rerne dine<\/strong><\/h2><p class=\"\" data-start=\"2876\" data-end=\"2958\">Fjellmannskapet ditt er der for \u00e5 st\u00f8tte deg, overv\u00e5ke helsen din og heie deg frem.<\/p><ul data-start=\"2960\" data-end=\"3114\"><li class=\"\" data-start=\"2960\" data-end=\"3024\"><p class=\"\" data-start=\"2962\" data-end=\"3024\">Still sp\u00f8rsm\u00e5l, f\u00f8lg tempoet deres og respekter opplevelsen deres<\/p><\/li><li class=\"\" data-start=\"3025\" data-end=\"3114\"><p class=\"\" data-start=\"3027\" data-end=\"3114\">L\u00e6r noen grunnleggende swahili-fraser for \u00e5 f\u00e5 kontakt med teamet ditt (f.eks., <em data-start=\"3093\" data-end=\"3101\">Jambo!<\/em> for \u201chei\u201d)<\/p><\/li><\/ul><p class=\"\" data-start=\"3116\" data-end=\"3189\">\ud83d\udc49 <em data-start=\"3119\" data-end=\"3124\">Tupp<\/em>Tipsing er vanlig \u2013 sjekk med operat\u00f8ren din for retningslinjer.<\/p><hr class=\"\" data-start=\"3191\" data-end=\"3194\" \/><h2 class=\"\" data-start=\"3196\" data-end=\"3239\">7. <strong data-start=\"3202\" data-end=\"3239\">Hold deg positiv og mentalt sterk<\/strong><\/h2><p class=\"\" data-start=\"3241\" data-end=\"3365\">Toppturen er t\u00f8ff \u2013 spesielt om kvelden n\u00e5r du starter i m\u00f8rket og vandrer i 6\u20138 timer for \u00e5 n\u00e5 Uhuru-toppen.<\/p><ul data-start=\"3367\" data-end=\"3506\"><li class=\"\" data-start=\"3367\" data-end=\"3403\"><p class=\"\" data-start=\"3369\" data-end=\"3403\">Forbered deg mentalt p\u00e5 utfordringen<\/p><\/li><li class=\"\" data-start=\"3404\" data-end=\"3464\"><p class=\"\" data-start=\"3406\" data-end=\"3464\">Hold en <strong data-start=\"3413\" data-end=\"3434\">positiv holdning<\/strong>, og ta den <strong data-start=\"3448\" data-end=\"3464\">steg for steg<\/strong><\/p><\/li><li class=\"\" data-start=\"3465\" data-end=\"3506\"><p class=\"\" data-start=\"3467\" data-end=\"3506\">Feir hver milep\u00e6l underveis<\/p><\/li><\/ul><p class=\"\" data-start=\"3508\" data-end=\"3610\">\ud83d\udc49 <em data-start=\"3511\" data-end=\"3516\">Tupp<\/em>Husk din \u201chvorfor\u201d \u2013 enten det er et personlig m\u00e5l, en dr\u00f8m p\u00e5 en bucketliste eller en veldedighetsklatring.<\/p><hr class=\"\" data-start=\"3612\" data-end=\"3615\" \/><h2 class=\"\" data-start=\"3617\" data-end=\"3631\">Siste ord<\/h2><p class=\"\" data-start=\"3633\" data-end=\"3871\">\u00c5 bestige Kilimanjaro er en test av utholdenhet, t\u00e5lmodighet og mot \u2013 men det er <strong data-start=\"3716\" data-end=\"3730\">oppn\u00e5elig<\/strong> med riktig tankesett og forberedelse. \u00d8yeblikket du st\u00e5r p\u00e5 toppen av Uhuru Peak og ser solen st\u00e5 opp over Afrika, er et du aldri vil glemme.<\/p><p class=\"\" data-start=\"3873\" data-end=\"4015\"><strong data-start=\"3873\" data-end=\"3906\">Klar til \u00e5 ta det f\u00f8rste steget?<\/strong> Start treningen, finn en anerkjent turoperat\u00f8r og gj\u00f8r deg klar for et av livets st\u00f8rste eventyr.<\/p>\t\t\t\t\t\t\t\t<\/div>\n\t\t\t\t<\/div>\n\t\t\t\t\t<\/div>\n\t\t\t\t<\/div>\n\t\t\t\t\t<\/div>\n\t\t\t\t<\/div>\n\t\t\t\t<\/div>","protected":false},"excerpt":{"rendered":"<p>Hjem \/ Blogg \u00c5 bestige Kilimanjaro, Afrikas h\u00f8yeste topp (5 895 m), er et eventyr du bare f\u00e5r \u00e9n gang i livet. Enten du er f\u00f8rstegangsvandrer eller en erfaren turg\u00e5er, kan riktig forberedelse utgj\u00f8re forskjellen mellom \u00e5 n\u00e5 toppen eller snu. For \u00e5 hjelpe deg med \u00e5 erobre \u201cAfrikas tak\u201d, er her de beste Kilimanjaro-klatringstipsene som alle turg\u00e5ere b\u00f8r [\u2026]<\/p>","protected":false},"author":1,"featured_media":0,"parent":0,"menu_order":0,"comment_status":"closed","ping_status":"closed","template":"elementor_canvas","meta":{"footnotes":""},"class_list":["post-10275","page","type-page","status-publish","hentry"],"yoast_head":"<!-- This site is optimized with the Yoast SEO plugin v25.7 - https:\/\/yoast.com\/wordpress\/plugins\/seo\/ -->\n<title>kilimanjaro climbing tips - Nurtured Wildlife Safaris<\/title>\n<meta name=\"robots\" content=\"index, follow, max-snippet:-1, max-image-preview:large, max-video-preview:-1\" \/>\n<link rel=\"canonical\" href=\"https:\/\/nurturedwildlife.com\/nb\/tips-for-klatring-pa-kilimanjaro\/\" \/>\n<meta property=\"og:locale\" content=\"nb_NO\" \/>\n<meta property=\"og:type\" content=\"article\" \/>\n<meta property=\"og:title\" content=\"kilimanjaro climbing tips - Nurtured Wildlife Safaris\" \/>\n<meta property=\"og:description\" content=\"Home \/ Blog Climbing Mount Kilimanjaro, Africa\u2019s highest peak (5,895m\/19,341ft), is a once-in-a-lifetime adventure. Whether you\u2019re a first-time trekker or an experienced hiker, proper preparation can make the difference between reaching the summit or turning back. To help you conquer the &#8220;Roof of Africa,&#8221; here are the top Kilimanjaro climbing tips that every trekker should [&hellip;]\" \/>\n<meta property=\"og:url\" content=\"https:\/\/nurturedwildlife.com\/nb\/tips-for-klatring-pa-kilimanjaro\/\" \/>\n<meta property=\"og:site_name\" content=\"Nurtured Wildlife Safaris\" \/>\n<meta property=\"article:modified_time\" content=\"2025-05-17T14:26:46+00:00\" \/>\n<meta name=\"twitter:card\" content=\"summary_large_image\" \/>\n<meta name=\"twitter:label1\" content=\"Ansl. lesetid\" \/>\n\t<meta name=\"twitter:data1\" content=\"4 minutter\" \/>\n<script type=\"application\/ld+json\" class=\"yoast-schema-graph\">{\"@context\":\"https:\/\/schema.org\",\"@graph\":[{\"@type\":\"WebPage\",\"@id\":\"https:\/\/nurturedwildlife.com\/kilimanjaro-climbing-tips\/\",\"url\":\"https:\/\/nurturedwildlife.com\/kilimanjaro-climbing-tips\/\",\"name\":\"kilimanjaro climbing tips - Nurtured Wildlife Safaris\",\"isPartOf\":{\"@id\":\"https:\/\/nurturedwildlife.com\/#website\"},\"datePublished\":\"2025-05-17T14:24:42+00:00\",\"dateModified\":\"2025-05-17T14:26:46+00:00\",\"breadcrumb\":{\"@id\":\"https:\/\/nurturedwildlife.com\/kilimanjaro-climbing-tips\/#breadcrumb\"},\"inLanguage\":\"nb-NO\",\"potentialAction\":[{\"@type\":\"ReadAction\",\"target\":[\"https:\/\/nurturedwildlife.com\/kilimanjaro-climbing-tips\/\"]}]},{\"@type\":\"BreadcrumbList\",\"@id\":\"https:\/\/nurturedwildlife.com\/kilimanjaro-climbing-tips\/#breadcrumb\",\"itemListElement\":[{\"@type\":\"ListItem\",\"position\":1,\"name\":\"Home\",\"item\":\"https:\/\/nurturedwildlife.com\/\"},{\"@type\":\"ListItem\",\"position\":2,\"name\":\"kilimanjaro climbing tips\"}]},{\"@type\":\"WebSite\",\"@id\":\"https:\/\/nurturedwildlife.com\/#website\",\"url\":\"https:\/\/nurturedwildlife.com\/\",\"name\":\"Nurtured Wildlife Safaris\",\"description\":\"Tanzania Unforgettable\",\"publisher\":{\"@id\":\"https:\/\/nurturedwildlife.com\/#organization\"},\"potentialAction\":[{\"@type\":\"SearchAction\",\"target\":{\"@type\":\"EntryPoint\",\"urlTemplate\":\"https:\/\/nurturedwildlife.com\/?s={search_term_string}\"},\"query-input\":{\"@type\":\"PropertyValueSpecification\",\"valueRequired\":true,\"valueName\":\"search_term_string\"}}],\"inLanguage\":\"nb-NO\"},{\"@type\":\"Organization\",\"@id\":\"https:\/\/nurturedwildlife.com\/#organization\",\"name\":\"Nurtured Wildlife Safaris\",\"url\":\"https:\/\/nurturedwildlife.com\/\",\"logo\":{\"@type\":\"ImageObject\",\"inLanguage\":\"nb-NO\",\"@id\":\"https:\/\/nurturedwildlife.com\/#\/schema\/logo\/image\/\",\"url\":\"https:\/\/nurturedwildlife.com\/wp-content\/uploads\/2023\/12\/nurtured-png.png\",\"contentUrl\":\"https:\/\/nurturedwildlife.com\/wp-content\/uploads\/2023\/12\/nurtured-png.png\",\"width\":4641,\"height\":1704,\"caption\":\"Nurtured Wildlife Safaris\"},\"image\":{\"@id\":\"https:\/\/nurturedwildlife.com\/#\/schema\/logo\/image\/\"}}]}<\/script>\n<!-- \/ Yoast SEO plugin. -->","yoast_head_json":{"title":"Tips for klatring p\u00e5 Kilimanjaro \u2013 Nurtured Wildlife Safaris","robots":{"index":"index","follow":"follow","max-snippet":"max-snippet:-1","max-image-preview":"max-image-preview:large","max-video-preview":"max-video-preview:-1"},"canonical":"https:\/\/nurturedwildlife.com\/nb\/tips-for-klatring-pa-kilimanjaro\/","og_locale":"nb_NO","og_type":"article","og_title":"kilimanjaro climbing tips - Nurtured Wildlife Safaris","og_description":"Home \/ Blog Climbing Mount Kilimanjaro, Africa\u2019s highest peak (5,895m\/19,341ft), is a once-in-a-lifetime adventure. Whether you\u2019re a first-time trekker or an experienced hiker, proper preparation can make the difference between reaching the summit or turning back. To help you conquer the &#8220;Roof of Africa,&#8221; here are the top Kilimanjaro climbing tips that every trekker should [&hellip;]","og_url":"https:\/\/nurturedwildlife.com\/nb\/tips-for-klatring-pa-kilimanjaro\/","og_site_name":"Nurtured Wildlife Safaris","article_modified_time":"2025-05-17T14:26:46+00:00","twitter_card":"summary_large_image","twitter_misc":{"Ansl. lesetid":"4 minutter"},"schema":{"@context":"https:\/\/schema.org","@graph":[{"@type":"WebPage","@id":"https:\/\/nurturedwildlife.com\/kilimanjaro-climbing-tips\/","url":"https:\/\/nurturedwildlife.com\/kilimanjaro-climbing-tips\/","name":"Tips for klatring p\u00e5 Kilimanjaro \u2013 Nurtured Wildlife Safaris","isPartOf":{"@id":"https:\/\/nurturedwildlife.com\/#website"},"datePublished":"2025-05-17T14:24:42+00:00","dateModified":"2025-05-17T14:26:46+00:00","breadcrumb":{"@id":"https:\/\/nurturedwildlife.com\/kilimanjaro-climbing-tips\/#breadcrumb"},"inLanguage":"nb-NO","potentialAction":[{"@type":"ReadAction","target":["https:\/\/nurturedwildlife.com\/kilimanjaro-climbing-tips\/"]}]},{"@type":"BreadcrumbList","@id":"https:\/\/nurturedwildlife.com\/kilimanjaro-climbing-tips\/#breadcrumb","itemListElement":[{"@type":"ListItem","position":1,"name":"Home","item":"https:\/\/nurturedwildlife.com\/"},{"@type":"ListItem","position":2,"name":"kilimanjaro climbing tips"}]},{"@type":"WebSite","@id":"https:\/\/nurturedwildlife.com\/#website","url":"https:\/\/nurturedwildlife.com\/","name":"Safarier med oppfostret dyreliv","description":"Tanzania uforglemmelig","publisher":{"@id":"https:\/\/nurturedwildlife.com\/#organization"},"potentialAction":[{"@type":"SearchAction","target":{"@type":"EntryPoint","urlTemplate":"https:\/\/nurturedwildlife.com\/?s={search_term_string}"},"query-input":{"@type":"PropertyValueSpecification","valueRequired":true,"valueName":"search_term_string"}}],"inLanguage":"nb-NO"},{"@type":"Organization","@id":"https:\/\/nurturedwildlife.com\/#organization","name":"Safarier med oppfostret dyreliv","url":"https:\/\/nurturedwildlife.com\/","logo":{"@type":"ImageObject","inLanguage":"nb-NO","@id":"https:\/\/nurturedwildlife.com\/#\/schema\/logo\/image\/","url":"https:\/\/nurturedwildlife.com\/wp-content\/uploads\/2023\/12\/nurtured-png.png","contentUrl":"https:\/\/nurturedwildlife.com\/wp-content\/uploads\/2023\/12\/nurtured-png.png","width":4641,"height":1704,"caption":"Nurtured Wildlife Safaris"},"image":{"@id":"https:\/\/nurturedwildlife.com\/#\/schema\/logo\/image\/"}}]}},"_links":{"self":[{"href":"https:\/\/nurturedwildlife.com\/nb\/wp-json\/wp\/v2\/pages\/10275","targetHints":{"allow":["GET"]}}],"collection":[{"href":"https:\/\/nurturedwildlife.com\/nb\/wp-json\/wp\/v2\/pages"}],"about":[{"href":"https:\/\/nurturedwildlife.com\/nb\/wp-json\/wp\/v2\/types\/page"}],"author":[{"embeddable":true,"href":"https:\/\/nurturedwildlife.com\/nb\/wp-json\/wp\/v2\/users\/1"}],"replies":[{"embeddable":true,"href":"https:\/\/nurturedwildlife.com\/nb\/wp-json\/wp\/v2\/comments?post=10275"}],"version-history":[{"count":5,"href":"https:\/\/nurturedwildlife.com\/nb\/wp-json\/wp\/v2\/pages\/10275\/revisions"}],"predecessor-version":[{"id":10282,"href":"https:\/\/nurturedwildlife.com\/nb\/wp-json\/wp\/v2\/pages\/10275\/revisions\/10282"}],"wp:attachment":[{"href":"https:\/\/nurturedwildlife.com\/nb\/wp-json\/wp\/v2\/media?parent=10275"}],"curies":[{"name":"wp","href":"https:\/\/api.w.org\/{rel}","templated":true}]}}