{"id":10238,"date":"2025-05-17T13:54:46","date_gmt":"2025-05-17T13:54:46","guid":{"rendered":"https:\/\/nurturedwildlife.com\/?page_id=10238"},"modified":"2025-05-17T13:55:45","modified_gmt":"2025-05-17T13:55:45","slug":"destinazioni-da-visitare-assolutamente","status":"publish","type":"page","link":"https:\/\/nurturedwildlife.com\/it\/destinazioni-da-visitare-assolutamente\/","title":{"rendered":"Destinazioni da visitare assolutamente"},"content":{"rendered":"<div data-elementor-type=\"wp-page\" data-elementor-id=\"10238\" class=\"elementor elementor-10238\" data-elementor-post-type=\"page\">\n\t\t\t\t<div class=\"elementor-element elementor-element-3b3d63f7 e-con-full e-flex e-con e-parent\" data-id=\"3b3d63f7\" data-element_type=\"container\" data-e-type=\"container\" data-settings=\"{&quot;background_background&quot;:&quot;classic&quot;}\">\n\t\t<div class=\"elementor-element elementor-element-6a2347 e-con-full e-flex e-con e-child\" data-id=\"6a2347\" data-element_type=\"container\" data-e-type=\"container\" data-settings=\"{&quot;background_background&quot;:&quot;classic&quot;}\">\n\t\t\t\t<div class=\"elementor-element elementor-element-a10ee4c elementor-widget elementor-widget-text-editor\" data-id=\"a10ee4c\" data-element_type=\"widget\" data-e-type=\"widget\" data-widget_type=\"text-editor.default\">\n\t\t\t\t<div class=\"elementor-widget-container\">\n\t\t\t\t\t\t\t\t\t<p><a href=\"#\">Casa<\/a> \/ Blog<\/p>\t\t\t\t\t\t\t\t<\/div>\n\t\t\t\t<\/div>\n\t\t\t\t<\/div>\n\t\t\t\t<\/div>\n\t\t<div class=\"elementor-element elementor-element-16e11b13 e-flex e-con-boxed e-con e-parent\" data-id=\"16e11b13\" data-element_type=\"container\" data-e-type=\"container\">\n\t\t\t\t\t<div class=\"e-con-inner\">\n\t\t<div class=\"elementor-element elementor-element-2f3d3a50 e-flex e-con-boxed e-con e-child\" data-id=\"2f3d3a50\" data-element_type=\"container\" data-e-type=\"container\" data-settings=\"{&quot;background_background&quot;:&quot;classic&quot;}\">\n\t\t\t\t\t<div class=\"e-con-inner\">\n\t\t\t\t<div class=\"elementor-element elementor-element-2b971e19 elementor-widget elementor-widget-text-editor\" data-id=\"2b971e19\" data-element_type=\"widget\" data-e-type=\"widget\" data-widget_type=\"text-editor.default\">\n\t\t\t\t<div class=\"elementor-widget-container\">\n\t\t\t\t\t\t\t\t\t<p class=\"\" data-start=\"189\" data-end=\"423\">La Tanzania \u00e8 una terra di una bellezza mozzafiato, con ecosistemi diversificati e alcuni dei migliori luoghi per l&#039;osservazione della fauna selvatica del pianeta. Dalle iconiche pianure del Serengeti al maestoso cratere di Ngorongoro, la Tanzania offre un&#039;esperienza di safari senza pari.<\/p><p class=\"\" data-start=\"425\" data-end=\"554\">Se stai pianificando un&#039;avventura safari, ecco i <strong data-start=\"477\" data-end=\"518\">le 5 migliori destinazioni per safari in Tanzania<\/strong> dovrebbe essere nella tua lista dei desideri.<\/p><hr class=\"\" data-start=\"556\" data-end=\"559\" \/><h2 class=\"\" data-start=\"561\" data-end=\"624\">1. <strong data-start=\"567\" data-end=\"594\">Parco nazionale del Serengeti<\/strong> \u2013 Patria della Grande Migrazione<\/h2><p class=\"\" data-start=\"626\" data-end=\"791\"><strong data-start=\"626\" data-end=\"648\">Periodo migliore per visitare<\/strong>: da giugno a ottobre (per gli attraversamenti dei fiumi) e da gennaio a marzo (per la stagione dei parti)<br data-start=\"727\" data-end=\"730\" \/><strong data-start=\"730\" data-end=\"743\">Noto per<\/strong>: Big Five, migrazione degli gnu, pianure infinite<\/p><p class=\"\" data-start=\"793\" data-end=\"1105\">Il Serengeti \u00e8 il gioiello della Tanzania. \u00c8 famoso in tutto il mondo per la <strong data-start=\"860\" data-end=\"890\">Grande migrazione degli gnu<\/strong>, dove oltre 2 milioni di gnu, zebre e gazzelle si muovono in un suggestivo ciclo annuale. Il parco vanta anche un&#039;alta concentrazione di predatori - leoni, ghepardi e leopardi - che lo rendono ideale per il classico avvistamento di animali selvatici.<\/p><p class=\"\" data-start=\"1107\" data-end=\"1122\"><strong data-start=\"1107\" data-end=\"1121\">Punti salienti<\/strong>:<\/p><ul data-start=\"1123\" data-end=\"1235\"><li class=\"\" data-start=\"1123\" data-end=\"1162\"><p class=\"\" data-start=\"1125\" data-end=\"1162\">Attraversamenti del fiume Mara (luglio-settembre)<\/p><\/li><li class=\"\" data-start=\"1163\" data-end=\"1201\"><p class=\"\" data-start=\"1165\" data-end=\"1201\">Stagione del parto di Ndutu (gennaio-marzo)<\/p><\/li><li class=\"\" data-start=\"1202\" data-end=\"1235\"><p class=\"\" data-start=\"1204\" data-end=\"1235\">Safari in mongolfiera sulle pianure<\/p><\/li><\/ul><hr class=\"\" data-start=\"1237\" data-end=\"1240\" \/><h2 class=\"\" data-start=\"1242\" data-end=\"1306\">2. <strong data-start=\"1248\" data-end=\"1269\">Cratere di Ngorongoro<\/strong> \u2013 La caldera intatta pi\u00f9 grande del mondo<\/h2><p class=\"\" data-start=\"1308\" data-end=\"1416\"><strong data-start=\"1308\" data-end=\"1330\">Periodo migliore per visitare<\/strong>: Tutto l&#039;anno<br data-start=\"1342\" data-end=\"1345\" \/><strong data-start=\"1345\" data-end=\"1358\">Noto per<\/strong>: Big Five, paesaggi spettacolari, densa popolazione di animali selvatici<\/p><p class=\"\" data-start=\"1418\" data-end=\"1668\">Patrimonio mondiale dell&#039;UNESCO, il <strong data-start=\"1452\" data-end=\"1473\">Cratere di Ngorongoro<\/strong> \u00e8 spesso descritto come un &quot;Eden africano&quot;. \u00c8 un vulcano crollato pieno di praterie lussureggianti, paludi e un lago di soda. Troverai <strong data-start=\"1606\" data-end=\"1630\">tutti i cinque grandi animali<\/strong> qui, compreso il raro rinoceronte nero.<\/p><p class=\"\" data-start=\"1670\" data-end=\"1685\"><strong data-start=\"1670\" data-end=\"1684\">Punti salienti<\/strong>:<\/p><ul data-start=\"1686\" data-end=\"1799\"><li class=\"\" data-start=\"1686\" data-end=\"1712\"><p class=\"\" data-start=\"1688\" data-end=\"1712\">Safari sul fondo del cratere<\/p><\/li><li class=\"\" data-start=\"1713\" data-end=\"1739\"><p class=\"\" data-start=\"1715\" data-end=\"1739\">Visita ai villaggi Masai<\/p><\/li><li class=\"\" data-start=\"1740\" data-end=\"1799\"><p class=\"\" data-start=\"1742\" data-end=\"1799\">Paesaggi incredibili con alte probabilit\u00e0 di avvistare animali selvatici<\/p><\/li><\/ul><hr class=\"\" data-start=\"1801\" data-end=\"1804\" \/><h2 class=\"\" data-start=\"1806\" data-end=\"1859\">3. <strong data-start=\"1812\" data-end=\"1839\">Parco nazionale del Tarangire<\/strong> \u2013 Paradiso degli elefanti<\/h2><p class=\"\" data-start=\"1861\" data-end=\"1962\"><strong data-start=\"1861\" data-end=\"1883\">Periodo migliore per visitare<\/strong>: da giugno a ottobre<br data-start=\"1900\" data-end=\"1903\" \/><strong data-start=\"1903\" data-end=\"1916\">Noto per<\/strong>: Grandi mandrie di elefanti, alberi di baobab, uccelli<\/p><p class=\"\" data-start=\"1964\" data-end=\"2183\">Spesso trascurato, <strong data-start=\"1982\" data-end=\"1995\">Tarangire<\/strong> offre un&#039;esperienza di safari unica con il suo <strong data-start=\"2039\" data-end=\"2065\">enormi mandrie di elefanti<\/strong>, soprattutto durante la stagione secca. Il parco \u00e8 punteggiato da antichi baobab e ospita oltre 500 specie di uccelli.<\/p><p class=\"\" data-start=\"2185\" data-end=\"2200\"><strong data-start=\"2185\" data-end=\"2199\">Punti salienti<\/strong>:<\/p><ul data-start=\"2201\" data-end=\"2322\"><li class=\"\" data-start=\"2201\" data-end=\"2242\"><p class=\"\" data-start=\"2203\" data-end=\"2242\">Avvistamenti di elefanti vicino al fiume Tarangire<\/p><\/li><li class=\"\" data-start=\"2243\" data-end=\"2268\"><p class=\"\" data-start=\"2245\" data-end=\"2268\">Ottimo birdwatching<\/p><\/li><li class=\"\" data-start=\"2269\" data-end=\"2322\"><p class=\"\" data-start=\"2271\" data-end=\"2322\">Safari a piedi ed esperienze fuori dai sentieri battuti<\/p><\/li><\/ul><hr class=\"\" data-start=\"2324\" data-end=\"2327\" \/><h2 class=\"\" data-start=\"2329\" data-end=\"2398\">4. <strong data-start=\"2335\" data-end=\"2365\">Parco nazionale del lago Manyara<\/strong> \u2013 Leoni e uccelli che si arrampicano sugli alberi<\/h2><p class=\"\" data-start=\"2400\" data-end=\"2545\"><strong data-start=\"2400\" data-end=\"2422\">Periodo migliore per visitare<\/strong>: da giugno a ottobre e da novembre a febbraio (per il birdwatching)<br data-start=\"2476\" data-end=\"2479\" \/><strong data-start=\"2479\" data-end=\"2492\">Noto per<\/strong>: Leoni che si arrampicano sugli alberi, fenicotteri, foreste sotterranee<\/p><p class=\"\" data-start=\"2547\" data-end=\"2788\"><strong data-start=\"2547\" data-end=\"2563\">Lago Manyara<\/strong> pu\u00f2 essere piccolo, ma \u00e8 incredibilmente vario. \u00c8 famoso per il suo <strong data-start=\"2627\" data-end=\"2650\">leoni che si arrampicano sugli alberi<\/strong> e stormi stagionali di fenicotteri che ricoprono il lago. Il parco offre foreste lussureggianti, pianure aperte e un lago di soda, il tutto in un&#039;unica area compatta.<\/p><p class=\"\" data-start=\"2790\" data-end=\"2805\"><strong data-start=\"2790\" data-end=\"2804\">Punti salienti<\/strong>:<\/p><ul data-start=\"2806\" data-end=\"2915\"><li class=\"\" data-start=\"2806\" data-end=\"2848\"><p class=\"\" data-start=\"2808\" data-end=\"2848\">Safari in canoa (quando il livello dell&#039;acqua lo consente)<\/p><\/li><li class=\"\" data-start=\"2849\" data-end=\"2877\"><p class=\"\" data-start=\"2851\" data-end=\"2877\">Ecosistemi forestali e lacustri<\/p><\/li><li class=\"\" data-start=\"2878\" data-end=\"2915\"><p class=\"\" data-start=\"2880\" data-end=\"2915\">Vicinanza ad Arusha (facile gita di un giorno)<\/p><\/li><\/ul><hr class=\"\" data-start=\"2917\" data-end=\"2920\" \/><h2 class=\"\" data-start=\"2922\" data-end=\"2975\">5. <strong data-start=\"2928\" data-end=\"2951\">Parco nazionale di Ruaha<\/strong> \u2013 La gemma nascosta della Tanzania<\/h2><p class=\"\" data-start=\"2977\" data-end=\"3085\"><strong data-start=\"2977\" data-end=\"2999\">Periodo migliore per visitare<\/strong>: da giugno a ottobre<br data-start=\"3016\" data-end=\"3019\" \/><strong data-start=\"3019\" data-end=\"3032\">Noto per<\/strong>: Natura selvaggia e remota, predatori, grandi branchi di leoni<\/p><p class=\"\" data-start=\"3087\" data-end=\"3359\"><strong data-start=\"3087\" data-end=\"3096\">Ruaha<\/strong> \u00e8 il parco nazionale pi\u00f9 grande della Tanzania e uno dei pi\u00f9 remoti. Offre un&#039;esperienza di safari selvaggia e poco affollata ed \u00e8 noto per le sue grandi popolazioni di <strong data-start=\"3249\" data-end=\"3283\">leoni, leopardi ed elefanti<\/strong>. \u00c8 perfetto per i viaggiatori avventurosi che cercano un safari pi\u00f9 lontano dai circuiti tradizionali.<\/p><p class=\"\" data-start=\"3361\" data-end=\"3376\"><strong data-start=\"3361\" data-end=\"3375\">Punti salienti<\/strong>:<\/p><ul data-start=\"3377\" data-end=\"3481\"><li class=\"\" data-start=\"3377\" data-end=\"3401\"><p class=\"\" data-start=\"3379\" data-end=\"3401\">Lodge safari intimi<\/p><\/li><li class=\"\" data-start=\"3402\" data-end=\"3450\"><p class=\"\" data-start=\"3404\" data-end=\"3450\">Paesaggi diversificati con colline rocciose e fiumi<\/p><\/li><li class=\"\" data-start=\"3451\" data-end=\"3481\"><p class=\"\" data-start=\"3453\" data-end=\"3481\">Eccellenti avvistamenti di predatori<\/p><\/li><\/ul><hr class=\"\" data-start=\"3483\" data-end=\"3486\" \/><h2 class=\"\" data-start=\"3488\" data-end=\"3505\">Considerazioni finali<\/h2><p class=\"\" data-start=\"3507\" data-end=\"3736\">Che tu sia un visitatore alle prime armi o un esperto appassionato di safari, i parchi nazionali della Tanzania offrono esperienze indimenticabili con la fauna selvatica. <strong data-start=\"3649\" data-end=\"3669\">l&#039;iconico Serengeti<\/strong> al <strong data-start=\"3677\" data-end=\"3703\">la bellezza nascosta di Ruaha<\/strong>, ce n&#039;\u00e8 per tutti i gusti.<\/p><p class=\"\" data-start=\"3738\" data-end=\"3857\">Pronti a partire per il vostro viaggio? Contattate un tour operator di fiducia per aiutarvi a creare l&#039;itinerario perfetto per il vostro safari in Tanzania.<\/p>\t\t\t\t\t\t\t\t<\/div>\n\t\t\t\t<\/div>\n\t\t\t\t\t<\/div>\n\t\t\t\t<\/div>\n\t\t\t\t\t<\/div>\n\t\t\t\t<\/div>\n\t\t\t\t<\/div>","protected":false},"excerpt":{"rendered":"<p>Home \/ Blog La Tanzania \u00e8 una terra di una bellezza mozzafiato, con ecosistemi diversificati e alcuni dei migliori luoghi per l&#039;osservazione della fauna selvatica del pianeta. Dalle iconiche pianure del Serengeti al maestoso cratere di Ngorongoro, la Tanzania offre un&#039;esperienza di safari senza pari. Se state pianificando un&#039;avventura safari, ecco le 5 migliori destinazioni in Tanzania [\u2026]<\/p>","protected":false},"author":1,"featured_media":0,"parent":0,"menu_order":0,"comment_status":"closed","ping_status":"closed","template":"elementor_canvas","meta":{"footnotes":""},"class_list":["post-10238","page","type-page","status-publish","hentry"],"yoast_head":"<!-- This site is optimized with the Yoast SEO plugin v25.7 - https:\/\/yoast.com\/wordpress\/plugins\/seo\/ -->\n<title>Must visit destinations - Nurtured Wildlife Safaris<\/title>\n<meta name=\"robots\" content=\"index, follow, max-snippet:-1, max-image-preview:large, max-video-preview:-1\" \/>\n<link rel=\"canonical\" href=\"https:\/\/nurturedwildlife.com\/it\/destinazioni-da-visitare-assolutamente\/\" \/>\n<meta property=\"og:locale\" content=\"it_IT\" \/>\n<meta property=\"og:type\" content=\"article\" \/>\n<meta property=\"og:title\" content=\"Must visit destinations - Nurtured Wildlife Safaris\" \/>\n<meta property=\"og:description\" content=\"Home \/ Blog Tanzania is a land of breathtaking beauty, diverse ecosystems, and some of the best wildlife viewing on the planet. From the iconic Serengeti plains to the majestic Ngorongoro Crater, Tanzania offers a safari experience like no other. If you\u2019re planning a safari adventure, here are the top 5 safari destinations in Tanzania [&hellip;]\" \/>\n<meta property=\"og:url\" content=\"https:\/\/nurturedwildlife.com\/it\/destinazioni-da-visitare-assolutamente\/\" \/>\n<meta property=\"og:site_name\" content=\"Nurtured Wildlife Safaris\" \/>\n<meta property=\"article:modified_time\" content=\"2025-05-17T13:55:45+00:00\" \/>\n<meta name=\"twitter:card\" content=\"summary_large_image\" \/>\n<meta name=\"twitter:label1\" content=\"Tempo di lettura stimato\" \/>\n\t<meta name=\"twitter:data1\" content=\"3 minuti\" \/>\n<script type=\"application\/ld+json\" class=\"yoast-schema-graph\">{\"@context\":\"https:\/\/schema.org\",\"@graph\":[{\"@type\":\"WebPage\",\"@id\":\"https:\/\/nurturedwildlife.com\/must-visit-destinations\/\",\"url\":\"https:\/\/nurturedwildlife.com\/must-visit-destinations\/\",\"name\":\"Must visit destinations - Nurtured Wildlife Safaris\",\"isPartOf\":{\"@id\":\"https:\/\/nurturedwildlife.com\/#website\"},\"datePublished\":\"2025-05-17T13:54:46+00:00\",\"dateModified\":\"2025-05-17T13:55:45+00:00\",\"breadcrumb\":{\"@id\":\"https:\/\/nurturedwildlife.com\/must-visit-destinations\/#breadcrumb\"},\"inLanguage\":\"it-IT\",\"potentialAction\":[{\"@type\":\"ReadAction\",\"target\":[\"https:\/\/nurturedwildlife.com\/must-visit-destinations\/\"]}]},{\"@type\":\"BreadcrumbList\",\"@id\":\"https:\/\/nurturedwildlife.com\/must-visit-destinations\/#breadcrumb\",\"itemListElement\":[{\"@type\":\"ListItem\",\"position\":1,\"name\":\"Home\",\"item\":\"https:\/\/nurturedwildlife.com\/\"},{\"@type\":\"ListItem\",\"position\":2,\"name\":\"Must visit destinations\"}]},{\"@type\":\"WebSite\",\"@id\":\"https:\/\/nurturedwildlife.com\/#website\",\"url\":\"https:\/\/nurturedwildlife.com\/\",\"name\":\"Nurtured Wildlife Safaris\",\"description\":\"Tanzania Unforgettable\",\"publisher\":{\"@id\":\"https:\/\/nurturedwildlife.com\/#organization\"},\"potentialAction\":[{\"@type\":\"SearchAction\",\"target\":{\"@type\":\"EntryPoint\",\"urlTemplate\":\"https:\/\/nurturedwildlife.com\/?s={search_term_string}\"},\"query-input\":{\"@type\":\"PropertyValueSpecification\",\"valueRequired\":true,\"valueName\":\"search_term_string\"}}],\"inLanguage\":\"it-IT\"},{\"@type\":\"Organization\",\"@id\":\"https:\/\/nurturedwildlife.com\/#organization\",\"name\":\"Nurtured Wildlife Safaris\",\"url\":\"https:\/\/nurturedwildlife.com\/\",\"logo\":{\"@type\":\"ImageObject\",\"inLanguage\":\"it-IT\",\"@id\":\"https:\/\/nurturedwildlife.com\/#\/schema\/logo\/image\/\",\"url\":\"https:\/\/nurturedwildlife.com\/wp-content\/uploads\/2023\/12\/nurtured-png.png\",\"contentUrl\":\"https:\/\/nurturedwildlife.com\/wp-content\/uploads\/2023\/12\/nurtured-png.png\",\"width\":4641,\"height\":1704,\"caption\":\"Nurtured Wildlife Safaris\"},\"image\":{\"@id\":\"https:\/\/nurturedwildlife.com\/#\/schema\/logo\/image\/\"}}]}<\/script>\n<!-- \/ Yoast SEO plugin. -->","yoast_head_json":{"title":"Destinazioni da non perdere - Nurtured Wildlife Safaris","robots":{"index":"index","follow":"follow","max-snippet":"max-snippet:-1","max-image-preview":"max-image-preview:large","max-video-preview":"max-video-preview:-1"},"canonical":"https:\/\/nurturedwildlife.com\/it\/destinazioni-da-visitare-assolutamente\/","og_locale":"it_IT","og_type":"article","og_title":"Must visit destinations - Nurtured Wildlife Safaris","og_description":"Home \/ Blog Tanzania is a land of breathtaking beauty, diverse ecosystems, and some of the best wildlife viewing on the planet. From the iconic Serengeti plains to the majestic Ngorongoro Crater, Tanzania offers a safari experience like no other. If you\u2019re planning a safari adventure, here are the top 5 safari destinations in Tanzania [&hellip;]","og_url":"https:\/\/nurturedwildlife.com\/it\/destinazioni-da-visitare-assolutamente\/","og_site_name":"Nurtured Wildlife Safaris","article_modified_time":"2025-05-17T13:55:45+00:00","twitter_card":"summary_large_image","twitter_misc":{"Tempo di lettura stimato":"3 minuti"},"schema":{"@context":"https:\/\/schema.org","@graph":[{"@type":"WebPage","@id":"https:\/\/nurturedwildlife.com\/must-visit-destinations\/","url":"https:\/\/nurturedwildlife.com\/must-visit-destinations\/","name":"Destinazioni da non perdere - Nurtured Wildlife Safaris","isPartOf":{"@id":"https:\/\/nurturedwildlife.com\/#website"},"datePublished":"2025-05-17T13:54:46+00:00","dateModified":"2025-05-17T13:55:45+00:00","breadcrumb":{"@id":"https:\/\/nurturedwildlife.com\/must-visit-destinations\/#breadcrumb"},"inLanguage":"it-IT","potentialAction":[{"@type":"ReadAction","target":["https:\/\/nurturedwildlife.com\/must-visit-destinations\/"]}]},{"@type":"BreadcrumbList","@id":"https:\/\/nurturedwildlife.com\/must-visit-destinations\/#breadcrumb","itemListElement":[{"@type":"ListItem","position":1,"name":"Home","item":"https:\/\/nurturedwildlife.com\/"},{"@type":"ListItem","position":2,"name":"Must visit destinations"}]},{"@type":"WebSite","@id":"https:\/\/nurturedwildlife.com\/#website","url":"https:\/\/nurturedwildlife.com\/","name":"Safari naturalistici curati","description":"Tanzania indimenticabile","publisher":{"@id":"https:\/\/nurturedwildlife.com\/#organization"},"potentialAction":[{"@type":"SearchAction","target":{"@type":"EntryPoint","urlTemplate":"https:\/\/nurturedwildlife.com\/?s={search_term_string}"},"query-input":{"@type":"PropertyValueSpecification","valueRequired":true,"valueName":"search_term_string"}}],"inLanguage":"it-IT"},{"@type":"Organization","@id":"https:\/\/nurturedwildlife.com\/#organization","name":"Safari naturalistici curati","url":"https:\/\/nurturedwildlife.com\/","logo":{"@type":"ImageObject","inLanguage":"it-IT","@id":"https:\/\/nurturedwildlife.com\/#\/schema\/logo\/image\/","url":"https:\/\/nurturedwildlife.com\/wp-content\/uploads\/2023\/12\/nurtured-png.png","contentUrl":"https:\/\/nurturedwildlife.com\/wp-content\/uploads\/2023\/12\/nurtured-png.png","width":4641,"height":1704,"caption":"Nurtured Wildlife Safaris"},"image":{"@id":"https:\/\/nurturedwildlife.com\/#\/schema\/logo\/image\/"}}]}},"_links":{"self":[{"href":"https:\/\/nurturedwildlife.com\/it\/wp-json\/wp\/v2\/pages\/10238","targetHints":{"allow":["GET"]}}],"collection":[{"href":"https:\/\/nurturedwildlife.com\/it\/wp-json\/wp\/v2\/pages"}],"about":[{"href":"https:\/\/nurturedwildlife.com\/it\/wp-json\/wp\/v2\/types\/page"}],"author":[{"embeddable":true,"href":"https:\/\/nurturedwildlife.com\/it\/wp-json\/wp\/v2\/users\/1"}],"replies":[{"embeddable":true,"href":"https:\/\/nurturedwildlife.com\/it\/wp-json\/wp\/v2\/comments?post=10238"}],"version-history":[{"count":5,"href":"https:\/\/nurturedwildlife.com\/it\/wp-json\/wp\/v2\/pages\/10238\/revisions"}],"predecessor-version":[{"id":10250,"href":"https:\/\/nurturedwildlife.com\/it\/wp-json\/wp\/v2\/pages\/10238\/revisions\/10250"}],"wp:attachment":[{"href":"https:\/\/nurturedwildlife.com\/it\/wp-json\/wp\/v2\/media?parent=10238"}],"curies":[{"name":"parola chiave","href":"https:\/\/api.w.org\/{rel}","templated":true}]}}