{"id":10283,"date":"2025-05-17T14:35:09","date_gmt":"2025-05-17T14:35:09","guid":{"rendered":"https:\/\/nurturedwildlife.com\/?page_id=10283"},"modified":"2025-05-17T14:36:31","modified_gmt":"2025-05-17T14:36:31","slug":"amit-erdemes-megfontolni-mielott-szafarira-indulsz-tanzaniaba","status":"publish","type":"page","link":"https:\/\/nurturedwildlife.com\/hu\/amit-erdemes-megfontolni-mielott-szafarira-indulsz-tanzaniaba\/","title":{"rendered":"Amit \u00e9rdemes megfontolni, miel\u0151tt szafarira indulsz Tanz\u00e1ni\u00e1ba"},"content":{"rendered":"<div data-elementor-type=\"wp-page\" data-elementor-id=\"10283\" class=\"elementor elementor-10283\" data-elementor-post-type=\"page\">\n\t\t\t\t<div class=\"elementor-element elementor-element-75efc30b e-con-full e-flex e-con e-parent\" data-id=\"75efc30b\" data-element_type=\"container\" data-e-type=\"container\" data-settings=\"{&quot;background_background&quot;:&quot;classic&quot;}\">\n\t\t<div class=\"elementor-element elementor-element-219c352 e-con-full e-flex e-con e-child\" data-id=\"219c352\" data-element_type=\"container\" data-e-type=\"container\" data-settings=\"{&quot;background_background&quot;:&quot;classic&quot;}\">\n\t\t\t\t<div class=\"elementor-element elementor-element-3df4fd72 elementor-widget elementor-widget-text-editor\" data-id=\"3df4fd72\" data-element_type=\"widget\" data-e-type=\"widget\" data-widget_type=\"text-editor.default\">\n\t\t\t\t<div class=\"elementor-widget-container\">\n\t\t\t\t\t\t\t\t\t<p><a href=\"#\">Otthon<\/a> \/ Blog<\/p>\t\t\t\t\t\t\t\t<\/div>\n\t\t\t\t<\/div>\n\t\t\t\t<\/div>\n\t\t\t\t<\/div>\n\t\t<div class=\"elementor-element elementor-element-18e7d629 e-flex e-con-boxed e-con e-parent\" data-id=\"18e7d629\" data-element_type=\"container\" data-e-type=\"container\">\n\t\t\t\t\t<div class=\"e-con-inner\">\n\t\t<div class=\"elementor-element elementor-element-66a1975d e-flex e-con-boxed e-con e-child\" data-id=\"66a1975d\" data-element_type=\"container\" data-e-type=\"container\" data-settings=\"{&quot;background_background&quot;:&quot;classic&quot;}\">\n\t\t\t\t\t<div class=\"e-con-inner\">\n\t\t\t\t<div class=\"elementor-element elementor-element-7fc17f94 elementor-widget elementor-widget-text-editor\" data-id=\"7fc17f94\" data-element_type=\"widget\" data-e-type=\"widget\" data-widget_type=\"text-editor.default\">\n\t\t\t\t<div class=\"elementor-widget-container\">\n\t\t\t\t\t\t\t\t\t<p class=\"\" data-start=\"211\" data-end=\"496\">Tanz\u00e1nia a vil\u00e1g egyik legjobb szafari c\u00e9lpontja, felejthetetlen vadvil\u00e1gi \u00e9lm\u00e9nyeket k\u00edn\u00e1lva olyan parkokban, mint a Serengeti, a Ngorongoro-kr\u00e1ter \u00e9s a Tarangire. De miel\u0151tt becsomagoln\u00e1d a b\u0151r\u00f6nd\u00f6det \u00e9s afrikai kalandra induln\u00e1l, van n\u00e9h\u00e1ny fontos dolog, amit \u00e9rdemes szem el\u0151tt tartani.<\/p><p class=\"\" data-start=\"498\" data-end=\"641\">\u00cdme egy ellen\u0151rz\u0151lista <strong data-start=\"520\" data-end=\"582\">Fontos szempontok, amelyeket \u00e9rdemes figyelembe venni Tanz\u00e1ni\u00e1ba utaz\u00e1s el\u0151tt szafari c\u00e9lj\u00e1b\u00f3l<\/strong>, hogy utaz\u00e1sa z\u00f6kken\u0151mentes, biztons\u00e1gos \u00e9s igaz\u00e1n eml\u00e9kezetes legyen.<\/p><hr class=\"\" data-start=\"643\" data-end=\"646\" \/><h2 class=\"\" data-start=\"648\" data-end=\"688\">1. <strong data-start=\"654\" data-end=\"688\">V\u00e1lassza ki a megfelel\u0151 id\u0151pontot a l\u00e1togat\u00e1sra<\/strong><\/h2><p class=\"\" data-start=\"690\" data-end=\"857\">Tanz\u00e1ni\u00e1ban k\u00e9t f\u0151 \u00e9vszak van: a sz\u00e1raz (j\u00fanius\u2013okt\u00f3ber) \u00e9s a nedves (m\u00e1rcius\u2013m\u00e1jus, valamint r\u00f6vid es\u0151z\u00e9sek novemberben). A szafari legjobb id\u0151pontja \u00e1ltal\u00e1ban att\u00f3l f\u00fcgg, hogy mit szeretne l\u00e1tni.<\/p><ul data-start=\"859\" data-end=\"1105\"><li class=\"\" data-start=\"859\" data-end=\"948\"><p class=\"\" data-start=\"861\" data-end=\"948\"><strong data-start=\"861\" data-end=\"880\">J\u00faniust\u00f3l okt\u00f3berig<\/strong>Legjobb vadvil\u00e1g megfigyel\u00e9s\u00e9hez \u00e9s a Nagy Migr\u00e1ci\u00f3 foly\u00f3n val\u00f3 \u00e1tkel\u00e9shez.<\/p><\/li><li class=\"\" data-start=\"949\" data-end=\"1028\"><p class=\"\" data-start=\"951\" data-end=\"1028\"><strong data-start=\"951\" data-end=\"971\">Janu\u00e1rt\u00f3l m\u00e1rciusig<\/strong>Ide\u00e1lis az ell\u00e9si id\u0151szakban a d\u00e9li Serengetiben.<\/p><\/li><li class=\"\" data-start=\"1029\" data-end=\"1105\"><p class=\"\" data-start=\"1031\" data-end=\"1105\"><strong data-start=\"1031\" data-end=\"1047\">M\u00e1rciust\u00f3l m\u00e1jusig<\/strong>Z\u00f6ld \u00e9vszak, kevesebb turista, de n\u00e9h\u00e1ny sz\u00e1ll\u00e1s bez\u00e1rhat.<\/p><\/li><\/ul><p class=\"\" data-start=\"1107\" data-end=\"1179\">\ud83d\udc49 <em data-start=\"1110\" data-end=\"1115\">Tipp<\/em>Ker\u00fcld a cs\u00facsid\u0151szakokat, ha kevesebb t\u00f6meget \u00e9s alacsonyabb \u00e1rakat szeretn\u00e9l.<\/p><hr class=\"\" data-start=\"1181\" data-end=\"1184\" \/><h2 class=\"\" data-start=\"1186\" data-end=\"1225\">2. <strong data-start=\"1192\" data-end=\"1225\">V\u00e1lassza ki a megfelel\u0151 szafariparkokat<\/strong><\/h2><p class=\"\" data-start=\"1227\" data-end=\"1319\">Tanz\u00e1ni\u00e1ban sz\u00e1mos nemzeti park \u00e9s rezerv\u00e1tum tal\u00e1lhat\u00f3, amelyek mindegyike valami egyedit k\u00edn\u00e1l.<\/p><ul data-start=\"1321\" data-end=\"1543\"><li class=\"\" data-start=\"1321\" data-end=\"1367\"><p class=\"\" data-start=\"1323\" data-end=\"1367\"><strong data-start=\"1323\" data-end=\"1336\">Szerengeti<\/strong> \u2013 Nagy n\u00e9pv\u00e1ndorl\u00e1s \u00e9s az \u00f6t nagy<\/p><\/li><li class=\"\" data-start=\"1368\" data-end=\"1429\"><p class=\"\" data-start=\"1370\" data-end=\"1429\"><strong data-start=\"1370\" data-end=\"1391\">Ngorongoro-kr\u00e1ter<\/strong> \u2013 S\u0171r\u0171 vadvil\u00e1g \u00e9s leny\u0171g\u00f6z\u0151 t\u00e1j<\/p><\/li><li class=\"\" data-start=\"1430\" data-end=\"1474\"><p class=\"\" data-start=\"1432\" data-end=\"1474\"><strong data-start=\"1432\" data-end=\"1445\">Tarangire<\/strong> \u2013 Elef\u00e1ntok \u00e9s baobabf\u00e1k<\/p><\/li><li class=\"\" data-start=\"1475\" data-end=\"1543\"><p class=\"\" data-start=\"1477\" data-end=\"1543\"><strong data-start=\"1477\" data-end=\"1503\">Selous\/Nyerere \u00e9s Ruaha<\/strong> \u2013 T\u00e1voli, vad \u00e9s j\u00e1ratlan \u00f6sv\u00e9nyeken<\/p><\/li><\/ul><p class=\"\" data-start=\"1545\" data-end=\"1660\">\ud83d\udc49 <em data-start=\"1548\" data-end=\"1553\">Tipp<\/em>: A Northern Circuit szafari (Serengeti, Ngorongoro, Tarangire \u00e9s a Manyara-t\u00f3) ide\u00e1lis az els\u0151 alkalommal \u00e9rkez\u0151knek.<\/p><hr class=\"\" data-start=\"1662\" data-end=\"1665\" \/><h2 class=\"\" data-start=\"1667\" data-end=\"1723\">3. <strong data-start=\"1673\" data-end=\"1723\">Szerezd meg a sz\u00fcks\u00e9ges olt\u00e1sokat \u00e9s az eg\u00e9szs\u00e9g\u00fcgyi felk\u00e9sz\u00fcl\u00e9st<\/strong><\/h2><p class=\"\" data-start=\"1725\" data-end=\"1843\">Utaz\u00e1s el\u0151tt konzult\u00e1ljon orvos\u00e1val a v\u00e9d\u0151olt\u00e1sokkal \u00e9s a gy\u00f3gyszerekkel kapcsolatban. Tanz\u00e1ni\u00e1ra vonatkoz\u00f3 \u00e1ltal\u00e1nos aj\u00e1nl\u00e1sok a k\u00f6vetkez\u0151k:<\/p><ul data-start=\"1845\" data-end=\"1995\"><li class=\"\" data-start=\"1845\" data-end=\"1919\"><p class=\"\" data-start=\"1847\" data-end=\"1919\"><strong data-start=\"1847\" data-end=\"1863\">S\u00e1rgal\u00e1z<\/strong> (k\u00f6telez\u0151, ha egy m\u00e1sik s\u00e1rgal\u00e1zas orsz\u00e1gb\u00f3l \u00e9rkezik)<\/p><\/li><li class=\"\" data-start=\"1920\" data-end=\"1941\"><p class=\"\" data-start=\"1922\" data-end=\"1941\"><strong data-start=\"1922\" data-end=\"1941\">Hepatitis A \u00e9s B<\/strong><\/p><\/li><li class=\"\" data-start=\"1942\" data-end=\"1955\"><p class=\"\" data-start=\"1944\" data-end=\"1955\"><strong data-start=\"1944\" data-end=\"1955\">T\u00edfusz<\/strong><\/p><\/li><li class=\"\" data-start=\"1956\" data-end=\"1969\"><p class=\"\" data-start=\"1958\" data-end=\"1969\"><strong data-start=\"1958\" data-end=\"1969\">Tetanusz<\/strong><\/p><\/li><li class=\"\" data-start=\"1970\" data-end=\"1995\"><p class=\"\" data-start=\"1972\" data-end=\"1995\"><strong data-start=\"1972\" data-end=\"1995\">Mal\u00e1ria megel\u0151z\u00e9s\u00e9re<\/strong><\/p><\/li><\/ul><p class=\"\" data-start=\"1997\" data-end=\"2101\">\ud83d\udc49 <em data-start=\"2000\" data-end=\"2005\">Tipp<\/em>Hozz magaddal DEET-et tartalmaz\u00f3 rovarriaszt\u00f3t, \u00e9s fontold meg az orvosi evaku\u00e1l\u00e1st fedez\u0151 utaz\u00e1si biztos\u00edt\u00e1st.<\/p><hr class=\"\" data-start=\"2103\" data-end=\"2106\" \/><h2 class=\"\" data-start=\"2108\" data-end=\"2154\">4. <strong data-start=\"2114\" data-end=\"2154\">Rendezze be v\u00edzum\u00e1t \u00e9s dokumentumait<\/strong><\/h2><p class=\"\" data-start=\"2156\" data-end=\"2210\">A legt\u00f6bb utaz\u00f3nak v\u00edzumra van sz\u00fcks\u00e9ge Tanz\u00e1ni\u00e1ba val\u00f3 bel\u00e9p\u00e9shez. A k\u00f6vetkez\u0151ket teheti:<\/p><ul data-start=\"2212\" data-end=\"2345\"><li class=\"\" data-start=\"2212\" data-end=\"2274\"><p class=\"\" data-start=\"2214\" data-end=\"2274\">Jelentkez\u00e9s <strong data-start=\"2220\" data-end=\"2239\">online (e-v\u00edzum)<\/strong> Tanz\u00e1nia bev\u00e1ndorl\u00e1si weboldal\u00e1n kereszt\u00fcl<\/p><\/li><li class=\"\" data-start=\"2275\" data-end=\"2345\"><p class=\"\" data-start=\"2277\" data-end=\"2345\">Szerezz egy <strong data-start=\"2283\" data-end=\"2302\">v\u00edzum \u00e9rkez\u00e9skor<\/strong> a nagyobb rep\u00fcl\u0151tereken (egyes nemzetis\u00e9gek eset\u00e9ben)<\/p><\/li><\/ul><p class=\"\" data-start=\"2347\" data-end=\"2467\">Ezenk\u00edv\u00fcl gy\u0151z\u0151dj\u00f6n meg arr\u00f3l, hogy az \u00fatlevele legal\u00e1bb ennyi ideig \u00e9rv\u00e9nyes <strong data-start=\"2396\" data-end=\"2408\">6 h\u00f3nap<\/strong> a bel\u00e9p\u00e9s d\u00e1tum\u00e1t\u00f3l sz\u00e1m\u00edtva, \u00e9s rendelkezik <strong data-start=\"2440\" data-end=\"2455\">\u00fcres oldalak<\/strong> b\u00e9lyegek\u00e9rt.<\/p><p class=\"\" data-start=\"2469\" data-end=\"2549\">\ud83d\udc49 <em data-start=\"2472\" data-end=\"2477\">Tipp<\/em>Vigyen mag\u00e1val kinyomtatott m\u00e1solatokat az \u00fatlevel\u00e9r\u0151l, v\u00edzum\u00e1r\u00f3l, \u00fatiterv\u00e9r\u0151l \u00e9s biztos\u00edt\u00e1s\u00e1r\u00f3l.<\/p><hr class=\"\" data-start=\"2551\" data-end=\"2554\" \/><h2 class=\"\" data-start=\"2556\" data-end=\"2603\">5. <strong data-start=\"2562\" data-end=\"2603\">Ismerje a k\u00f6lts\u00e9geket \u00e9s a k\u00f6lts\u00e9gvet\u00e9st ennek megfelel\u0151en<\/strong><\/h2><p class=\"\" data-start=\"2605\" data-end=\"2686\">A tanz\u00e1niai szafarik lehetnek luxus vagy p\u00e9nzt\u00e1rcabar\u00e1tak att\u00f3l f\u00fcgg\u0151en, hogyan utazol:<\/p><ul data-start=\"2688\" data-end=\"2830\"><li class=\"\" data-start=\"2688\" data-end=\"2734\"><p class=\"\" data-start=\"2690\" data-end=\"2734\"><strong data-start=\"2690\" data-end=\"2700\">K\u00f6lts\u00e9gvet\u00e9s<\/strong>Kempingez\u00e9s, szafarik, megosztott j\u00e1rm\u0171vek<\/p><\/li><li class=\"\" data-start=\"2735\" data-end=\"2784\"><p class=\"\" data-start=\"2737\" data-end=\"2784\"><strong data-start=\"2737\" data-end=\"2750\">K\u00f6z\u00e9pkateg\u00f3ri\u00e1s<\/strong>K\u00e9nyelmes fah\u00e1zak, priv\u00e1t terepj\u00e1r\u00f3k<\/p><\/li><li class=\"\" data-start=\"2785\" data-end=\"2830\"><p class=\"\" data-start=\"2787\" data-end=\"2830\"><strong data-start=\"2787\" data-end=\"2797\">Luxus<\/strong>Luxushotelek, rep\u00fcl\u0151s szafarik<\/p><\/li><\/ul><p class=\"\" data-start=\"2832\" data-end=\"2902\">Az \u00e1rak a csoport l\u00e9tsz\u00e1m\u00e1t\u00f3l, az \u00e9vszakt\u00f3l \u00e9s a napok sz\u00e1m\u00e1t\u00f3l f\u00fcgg\u0151en v\u00e1ltoznak.<\/p><p class=\"\" data-start=\"2904\" data-end=\"2991\">\ud83d\udc49 <em data-start=\"2907\" data-end=\"2912\">Tipp<\/em>A teljes k\u00f6lts\u00e9gvet\u00e9sbe belesz\u00e1m\u00edt a parkhaszn\u00e1lati d\u00edjak, a borraval\u00f3, a v\u00edzumk\u00f6lts\u00e9gek \u00e9s az aj\u00e1nd\u00e9kt\u00e1rgyak is.<\/p><hr class=\"\" data-start=\"2993\" data-end=\"2996\" \/><h2 class=\"\" data-start=\"2998\" data-end=\"3033\">6. <strong data-start=\"3004\" data-end=\"3033\">Okosan pakolj a szafarira<\/strong><\/h2><p class=\"\" data-start=\"3035\" data-end=\"3076\">A k\u00f6nny\u0171 \u2013 de megfelel\u0151 \u2013 csomagol\u00e1s elengedhetetlen.<\/p><p class=\"\" data-start=\"3078\" data-end=\"3101\"><strong data-start=\"3078\" data-end=\"3100\">A l\u00e9nyeg a k\u00f6vetkez\u0151k:<\/strong>:<\/p><ul data-start=\"3102\" data-end=\"3290\"><li class=\"\" data-start=\"3102\" data-end=\"3165\"><p class=\"\" data-start=\"3104\" data-end=\"3165\">K\u00f6nny\u0171, semleges sz\u00edn\u0171 ruh\u00e1zat (ker\u00fclje a s\u00f6t\u00e9tk\u00e9ket\/feket\u00e9t)<\/p><\/li><li class=\"\" data-start=\"3166\" data-end=\"3198\"><p class=\"\" data-start=\"3168\" data-end=\"3198\">Meleg kab\u00e1t kora reggelekre<\/p><\/li><li class=\"\" data-start=\"3199\" data-end=\"3231\"><p class=\"\" data-start=\"3201\" data-end=\"3231\">Kalap, napszem\u00fcveg \u00e9s naptej<\/p><\/li><li class=\"\" data-start=\"3232\" data-end=\"3255\"><p class=\"\" data-start=\"3234\" data-end=\"3255\">T\u00e1vcs\u0151 \u00e9s f\u00e9nyk\u00e9pez\u0151g\u00e9p<\/p><\/li><li class=\"\" data-start=\"3256\" data-end=\"3290\"><p class=\"\" data-start=\"3258\" data-end=\"3290\">Power bank \u00e9s univerz\u00e1lis adapter<\/p><\/li><\/ul><p class=\"\" data-start=\"3292\" data-end=\"3376\">\ud83d\udc49 <em data-start=\"3295\" data-end=\"3300\">Tipp<\/em>A puha sportt\u00e1sk\u00e1k el\u0151ny\u00f6sebbek kisebb szafari j\u00e1rm\u0171vekhez \u00e9s boz\u00f3tosrep\u00fcl\u00e9sekhez.<\/p><hr class=\"\" data-start=\"3378\" data-end=\"3381\" \/><h2 class=\"\" data-start=\"3383\" data-end=\"3431\">7. <strong data-start=\"3389\" data-end=\"3431\">Ismerd meg a szafari etikettet \u00e9s a biztons\u00e1got<\/strong><\/h2><p class=\"\" data-start=\"3433\" data-end=\"3489\">A vadvil\u00e1g \u00e9s az idegenvezet\u0151k tiszteletben tart\u00e1sa \u00e9rdek\u00e9ben k\u00f6vesse az al\u00e1bbi szab\u00e1lyokat:<\/p><ul data-start=\"3491\" data-end=\"3695\"><li class=\"\" data-start=\"3491\" data-end=\"3538\"><p class=\"\" data-start=\"3493\" data-end=\"3538\">Maradjon a j\u00e1rm\u0171ben, hacsak m\u00e1sk\u00e9pp nem rendelik el<\/p><\/li><li class=\"\" data-start=\"3539\" data-end=\"3583\"><p class=\"\" data-start=\"3541\" data-end=\"3583\">Ne adjon ki hangos zajokat vagy hirtelen mozdulatokat<\/p><\/li><li class=\"\" data-start=\"3584\" data-end=\"3625\"><p class=\"\" data-start=\"3586\" data-end=\"3625\">Tartson tiszteletteljes t\u00e1vols\u00e1got az \u00e1llatokt\u00f3l<\/p><\/li><li class=\"\" data-start=\"3626\" data-end=\"3647\"><p class=\"\" data-start=\"3628\" data-end=\"3647\">Soha ne etesd a vadon \u00e9l\u0151 \u00e1llatokat<\/p><\/li><li class=\"\" data-start=\"3648\" data-end=\"3695\"><p class=\"\" data-start=\"3650\" data-end=\"3695\">Mindig k\u00f6vesd az idegenvezet\u0151 utas\u00edt\u00e1sait<\/p><\/li><\/ul><p class=\"\" data-start=\"3697\" data-end=\"3776\">\ud83d\udc49 <em data-start=\"3700\" data-end=\"3705\">Tipp<\/em>A tiszteletteljes hozz\u00e1\u00e1ll\u00e1s seg\u00edt meg\u0151rizni a k\u00f6rnyezetet \u00e9s az \u00d6n biztons\u00e1g\u00e1t.<\/p><hr class=\"\" data-start=\"3778\" data-end=\"3781\" \/><h2 class=\"\" data-start=\"3783\" data-end=\"3831\">8. <strong data-start=\"3789\" data-end=\"3831\">Kultur\u00e1lis \u00e9rz\u00e9kenys\u00e9g \u00e9s helyi szok\u00e1sok<\/strong><\/h2><p class=\"\" data-start=\"3833\" data-end=\"3913\">Tanz\u00e1nia egy soksz\u00edn\u0171 orsz\u00e1g, t\u00f6bb mint 120 etnikai csoporttal \u00e9s er\u0151s hagyom\u00e1nyokkal.<\/p><ul data-start=\"3915\" data-end=\"4074\"><li class=\"\" data-start=\"3915\" data-end=\"3965\"><p class=\"\" data-start=\"3917\" data-end=\"3965\">\u00d6lt\u00f6zz\u00f6n visszafogottan, k\u00fcl\u00f6n\u00f6sen v\u00e1rosokban \u00e9s falvakban<\/p><\/li><li class=\"\" data-start=\"3966\" data-end=\"4033\"><p class=\"\" data-start=\"3968\" data-end=\"4033\">Tanulja meg az alapvet\u0151 szuah\u00e9li \u00fcdv\u00f6zl\u00e9seket (pl., <em data-start=\"4005\" data-end=\"4012\">Jambo<\/em>, <em data-start=\"4014\" data-end=\"4022\">Asante<\/em>, <em data-start=\"4024\" data-end=\"4032\">Karibu<\/em>)<\/p><\/li><li class=\"\" data-start=\"4034\" data-end=\"4074\"><p class=\"\" data-start=\"4036\" data-end=\"4074\">Mindig k\u00e9rdezz r\u00e1, miel\u0151tt helyieket fot\u00f3zn\u00e1l<\/p><\/li><\/ul><p class=\"\" data-start=\"4076\" data-end=\"4156\">\ud83d\udc49 <em data-start=\"4079\" data-end=\"4084\">Tipp<\/em>Borraval\u00f3t v\u00e1rnak \u2013 k\u00fcl\u00f6n\u00f6sen az idegenvezet\u0151kt\u0151l, hord\u00e1rokt\u00f3l \u00e9s a sz\u00e1ll\u00e1shely szem\u00e9lyzet\u00e9t\u0151l.<\/p><hr class=\"\" data-start=\"4158\" data-end=\"4161\" \/><h2 class=\"\" data-start=\"4163\" data-end=\"4180\">Z\u00e1r\u00f3 gondolatok<\/h2><p class=\"\" data-start=\"4182\" data-end=\"4427\">Egy tanz\u00e1niai szafari egy bakancslist\u00e1s \u00e9lm\u00e9ny, tele vadvil\u00e1ggal, kalanddal \u00e9s term\u00e9szeti sz\u00e9ps\u00e9ggel. Ha el\u0151re felk\u00e9sz\u00fclsz, a megfelel\u0151 id\u0151pontot \u00e9s helysz\u00ednt v\u00e1lasztod, valamint meg\u00e9rted a kult\u00far\u00e1t \u00e9s a logisztik\u00e1t, a legt\u00f6bbet hozhatod ki az utaz\u00e1sodb\u00f3l.<\/p><p class=\"\" data-start=\"4429\" data-end=\"4528\"><strong data-start=\"4429\" data-end=\"4445\">K\u00e9szen \u00e1llsz?<\/strong> Foglaljon egy megb\u00edzhat\u00f3 szafariszervez\u0151n\u00e9l, \u00e9s k\u00e9sz\u00fclj\u00f6n fel \u00e9lete kalandj\u00e1ra!<\/p>\t\t\t\t\t\t\t\t<\/div>\n\t\t\t\t<\/div>\n\t\t\t\t\t<\/div>\n\t\t\t\t<\/div>\n\t\t\t\t\t<\/div>\n\t\t\t\t<\/div>\n\t\t\t\t<\/div>","protected":false},"excerpt":{"rendered":"<p>Kezd\u0151lap \/ Blog Tanz\u00e1nia a vil\u00e1g egyik legjobb szafari c\u00e9lpontja, felejthetetlen vadvil\u00e1gi \u00e9lm\u00e9nyeket k\u00edn\u00e1lva olyan parkokban, mint a Serengeti, a Ngorongoro-kr\u00e1ter \u00e9s a Tarangire. De miel\u0151tt becsomagoln\u00e1d a b\u0151r\u00f6nd\u00f6det \u00e9s afrikai kalandra induln\u00e1l, van n\u00e9h\u00e1ny fontos dolog, amit \u00e9rdemes szem el\u0151tt tartanod. \u00cdme egy ellen\u0151rz\u0151lista a legfontosabb [\u2026]<\/p>","protected":false},"author":1,"featured_media":0,"parent":0,"menu_order":0,"comment_status":"closed","ping_status":"closed","template":"elementor_canvas","meta":{"footnotes":""},"class_list":["post-10283","page","type-page","status-publish","hentry"],"yoast_head":"<!-- This site is optimized with the Yoast SEO plugin v25.7 - https:\/\/yoast.com\/wordpress\/plugins\/seo\/ -->\n<title>Things to consider before visiting Tanzania for safari - Nurtured Wildlife Safaris<\/title>\n<meta name=\"robots\" content=\"index, follow, max-snippet:-1, max-image-preview:large, max-video-preview:-1\" \/>\n<link rel=\"canonical\" href=\"https:\/\/nurturedwildlife.com\/hu\/amit-erdemes-megfontolni-mielott-szafarira-indulsz-tanzaniaba\/\" \/>\n<meta property=\"og:locale\" content=\"hu_HU\" \/>\n<meta property=\"og:type\" content=\"article\" \/>\n<meta property=\"og:title\" content=\"Things to consider before visiting Tanzania for safari - Nurtured Wildlife Safaris\" \/>\n<meta property=\"og:description\" content=\"Home \/ Blog Tanzania is one of the top safari destinations in the world, offering unforgettable wildlife experiences in parks like the Serengeti, Ngorongoro Crater, and Tarangire. But before you pack your bags and head out on an African adventure, there are a few important things to keep in mind. Here&#8217;s a checklist of key [&hellip;]\" \/>\n<meta property=\"og:url\" content=\"https:\/\/nurturedwildlife.com\/hu\/amit-erdemes-megfontolni-mielott-szafarira-indulsz-tanzaniaba\/\" \/>\n<meta property=\"og:site_name\" content=\"Nurtured Wildlife Safaris\" \/>\n<meta property=\"article:modified_time\" content=\"2025-05-17T14:36:31+00:00\" \/>\n<meta name=\"twitter:card\" content=\"summary_large_image\" \/>\n<meta name=\"twitter:label1\" content=\"Becs\u00fclt olvas\u00e1si id\u0151\" \/>\n\t<meta name=\"twitter:data1\" content=\"5 perc\" \/>\n<script type=\"application\/ld+json\" class=\"yoast-schema-graph\">{\"@context\":\"https:\/\/schema.org\",\"@graph\":[{\"@type\":\"WebPage\",\"@id\":\"https:\/\/nurturedwildlife.com\/things-to-consider-before-visiting-tanzania-for-safari\/\",\"url\":\"https:\/\/nurturedwildlife.com\/things-to-consider-before-visiting-tanzania-for-safari\/\",\"name\":\"Things to consider before visiting Tanzania for safari - Nurtured Wildlife Safaris\",\"isPartOf\":{\"@id\":\"https:\/\/nurturedwildlife.com\/#website\"},\"datePublished\":\"2025-05-17T14:35:09+00:00\",\"dateModified\":\"2025-05-17T14:36:31+00:00\",\"breadcrumb\":{\"@id\":\"https:\/\/nurturedwildlife.com\/things-to-consider-before-visiting-tanzania-for-safari\/#breadcrumb\"},\"inLanguage\":\"hu\",\"potentialAction\":[{\"@type\":\"ReadAction\",\"target\":[\"https:\/\/nurturedwildlife.com\/things-to-consider-before-visiting-tanzania-for-safari\/\"]}]},{\"@type\":\"BreadcrumbList\",\"@id\":\"https:\/\/nurturedwildlife.com\/things-to-consider-before-visiting-tanzania-for-safari\/#breadcrumb\",\"itemListElement\":[{\"@type\":\"ListItem\",\"position\":1,\"name\":\"Home\",\"item\":\"https:\/\/nurturedwildlife.com\/\"},{\"@type\":\"ListItem\",\"position\":2,\"name\":\"Things to consider before visiting Tanzania for safari\"}]},{\"@type\":\"WebSite\",\"@id\":\"https:\/\/nurturedwildlife.com\/#website\",\"url\":\"https:\/\/nurturedwildlife.com\/\",\"name\":\"Nurtured Wildlife Safaris\",\"description\":\"Tanzania Unforgettable\",\"publisher\":{\"@id\":\"https:\/\/nurturedwildlife.com\/#organization\"},\"potentialAction\":[{\"@type\":\"SearchAction\",\"target\":{\"@type\":\"EntryPoint\",\"urlTemplate\":\"https:\/\/nurturedwildlife.com\/?s={search_term_string}\"},\"query-input\":{\"@type\":\"PropertyValueSpecification\",\"valueRequired\":true,\"valueName\":\"search_term_string\"}}],\"inLanguage\":\"hu\"},{\"@type\":\"Organization\",\"@id\":\"https:\/\/nurturedwildlife.com\/#organization\",\"name\":\"Nurtured Wildlife Safaris\",\"url\":\"https:\/\/nurturedwildlife.com\/\",\"logo\":{\"@type\":\"ImageObject\",\"inLanguage\":\"hu\",\"@id\":\"https:\/\/nurturedwildlife.com\/#\/schema\/logo\/image\/\",\"url\":\"https:\/\/nurturedwildlife.com\/wp-content\/uploads\/2023\/12\/nurtured-png.png\",\"contentUrl\":\"https:\/\/nurturedwildlife.com\/wp-content\/uploads\/2023\/12\/nurtured-png.png\",\"width\":4641,\"height\":1704,\"caption\":\"Nurtured Wildlife Safaris\"},\"image\":{\"@id\":\"https:\/\/nurturedwildlife.com\/#\/schema\/logo\/image\/\"}}]}<\/script>\n<!-- \/ Yoast SEO plugin. -->","yoast_head_json":{"title":"Amiket \u00e9rdemes megfontolni Tanz\u00e1nia szafari el\u0151tt - Nurtured Wildlife Safaris","robots":{"index":"index","follow":"follow","max-snippet":"max-snippet:-1","max-image-preview":"max-image-preview:large","max-video-preview":"max-video-preview:-1"},"canonical":"https:\/\/nurturedwildlife.com\/hu\/amit-erdemes-megfontolni-mielott-szafarira-indulsz-tanzaniaba\/","og_locale":"hu_HU","og_type":"article","og_title":"Things to consider before visiting Tanzania for safari - Nurtured Wildlife Safaris","og_description":"Home \/ Blog Tanzania is one of the top safari destinations in the world, offering unforgettable wildlife experiences in parks like the Serengeti, Ngorongoro Crater, and Tarangire. But before you pack your bags and head out on an African adventure, there are a few important things to keep in mind. Here&#8217;s a checklist of key [&hellip;]","og_url":"https:\/\/nurturedwildlife.com\/hu\/amit-erdemes-megfontolni-mielott-szafarira-indulsz-tanzaniaba\/","og_site_name":"Nurtured Wildlife Safaris","article_modified_time":"2025-05-17T14:36:31+00:00","twitter_card":"summary_large_image","twitter_misc":{"Becs\u00fclt olvas\u00e1si id\u0151":"5 perc"},"schema":{"@context":"https:\/\/schema.org","@graph":[{"@type":"WebPage","@id":"https:\/\/nurturedwildlife.com\/things-to-consider-before-visiting-tanzania-for-safari\/","url":"https:\/\/nurturedwildlife.com\/things-to-consider-before-visiting-tanzania-for-safari\/","name":"Amiket \u00e9rdemes megfontolni Tanz\u00e1nia szafari el\u0151tt - Nurtured Wildlife Safaris","isPartOf":{"@id":"https:\/\/nurturedwildlife.com\/#website"},"datePublished":"2025-05-17T14:35:09+00:00","dateModified":"2025-05-17T14:36:31+00:00","breadcrumb":{"@id":"https:\/\/nurturedwildlife.com\/things-to-consider-before-visiting-tanzania-for-safari\/#breadcrumb"},"inLanguage":"hu","potentialAction":[{"@type":"ReadAction","target":["https:\/\/nurturedwildlife.com\/things-to-consider-before-visiting-tanzania-for-safari\/"]}]},{"@type":"BreadcrumbList","@id":"https:\/\/nurturedwildlife.com\/things-to-consider-before-visiting-tanzania-for-safari\/#breadcrumb","itemListElement":[{"@type":"ListItem","position":1,"name":"Home","item":"https:\/\/nurturedwildlife.com\/"},{"@type":"ListItem","position":2,"name":"Things to consider before visiting Tanzania for safari"}]},{"@type":"WebSite","@id":"https:\/\/nurturedwildlife.com\/#website","url":"https:\/\/nurturedwildlife.com\/","name":"\u00c1polt Vadvil\u00e1g Szafarik","description":"Tanz\u00e1nia Felejthetetlen","publisher":{"@id":"https:\/\/nurturedwildlife.com\/#organization"},"potentialAction":[{"@type":"SearchAction","target":{"@type":"EntryPoint","urlTemplate":"https:\/\/nurturedwildlife.com\/?s={search_term_string}"},"query-input":{"@type":"PropertyValueSpecification","valueRequired":true,"valueName":"search_term_string"}}],"inLanguage":"hu"},{"@type":"Organization","@id":"https:\/\/nurturedwildlife.com\/#organization","name":"\u00c1polt Vadvil\u00e1g Szafarik","url":"https:\/\/nurturedwildlife.com\/","logo":{"@type":"ImageObject","inLanguage":"hu","@id":"https:\/\/nurturedwildlife.com\/#\/schema\/logo\/image\/","url":"https:\/\/nurturedwildlife.com\/wp-content\/uploads\/2023\/12\/nurtured-png.png","contentUrl":"https:\/\/nurturedwildlife.com\/wp-content\/uploads\/2023\/12\/nurtured-png.png","width":4641,"height":1704,"caption":"Nurtured Wildlife Safaris"},"image":{"@id":"https:\/\/nurturedwildlife.com\/#\/schema\/logo\/image\/"}}]}},"_links":{"self":[{"href":"https:\/\/nurturedwildlife.com\/hu\/wp-json\/wp\/v2\/pages\/10283","targetHints":{"allow":["GET"]}}],"collection":[{"href":"https:\/\/nurturedwildlife.com\/hu\/wp-json\/wp\/v2\/pages"}],"about":[{"href":"https:\/\/nurturedwildlife.com\/hu\/wp-json\/wp\/v2\/types\/page"}],"author":[{"embeddable":true,"href":"https:\/\/nurturedwildlife.com\/hu\/wp-json\/wp\/v2\/users\/1"}],"replies":[{"embeddable":true,"href":"https:\/\/nurturedwildlife.com\/hu\/wp-json\/wp\/v2\/comments?post=10283"}],"version-history":[{"count":5,"href":"https:\/\/nurturedwildlife.com\/hu\/wp-json\/wp\/v2\/pages\/10283\/revisions"}],"predecessor-version":[{"id":10289,"href":"https:\/\/nurturedwildlife.com\/hu\/wp-json\/wp\/v2\/pages\/10283\/revisions\/10289"}],"wp:attachment":[{"href":"https:\/\/nurturedwildlife.com\/hu\/wp-json\/wp\/v2\/media?parent=10283"}],"curies":[{"name":"munkaf\u00fczet","href":"https:\/\/api.w.org\/{rel}","templated":true}]}}