{"id":10275,"date":"2025-05-17T14:24:42","date_gmt":"2025-05-17T14:24:42","guid":{"rendered":"https:\/\/nurturedwildlife.com\/?page_id=10275"},"modified":"2025-05-17T14:26:46","modified_gmt":"2025-05-17T14:26:46","slug":"kilimandzsaro-maszasi-tippek","status":"publish","type":"page","link":"https:\/\/nurturedwildlife.com\/hu\/kilimandzsaro-maszasi-tippek\/","title":{"rendered":"Kilimandzs\u00e1r\u00f3 m\u00e1sz\u00e1si tippek"},"content":{"rendered":"<div data-elementor-type=\"wp-page\" data-elementor-id=\"10275\" class=\"elementor elementor-10275\" data-elementor-post-type=\"page\">\n\t\t\t\t<div class=\"elementor-element elementor-element-e00a70f e-con-full e-flex e-con e-parent\" data-id=\"e00a70f\" data-element_type=\"container\" data-e-type=\"container\" data-settings=\"{&quot;background_background&quot;:&quot;classic&quot;}\">\n\t\t<div class=\"elementor-element elementor-element-4f28cb66 e-con-full e-flex e-con e-child\" data-id=\"4f28cb66\" data-element_type=\"container\" data-e-type=\"container\" data-settings=\"{&quot;background_background&quot;:&quot;classic&quot;}\">\n\t\t\t\t<div class=\"elementor-element elementor-element-770fe869 elementor-widget elementor-widget-text-editor\" data-id=\"770fe869\" data-element_type=\"widget\" data-e-type=\"widget\" data-widget_type=\"text-editor.default\">\n\t\t\t\t<div class=\"elementor-widget-container\">\n\t\t\t\t\t\t\t\t\t<p><a href=\"#\">Otthon<\/a> \/ Blog<\/p>\t\t\t\t\t\t\t\t<\/div>\n\t\t\t\t<\/div>\n\t\t\t\t<\/div>\n\t\t\t\t<\/div>\n\t\t<div class=\"elementor-element elementor-element-3f9f40b e-flex e-con-boxed e-con e-parent\" data-id=\"3f9f40b\" data-element_type=\"container\" data-e-type=\"container\">\n\t\t\t\t\t<div class=\"e-con-inner\">\n\t\t<div class=\"elementor-element elementor-element-5a9f91e3 e-flex e-con-boxed e-con e-child\" data-id=\"5a9f91e3\" data-element_type=\"container\" data-e-type=\"container\" data-settings=\"{&quot;background_background&quot;:&quot;classic&quot;}\">\n\t\t\t\t\t<div class=\"e-con-inner\">\n\t\t\t\t<div class=\"elementor-element elementor-element-bdbea60 elementor-widget elementor-widget-text-editor\" data-id=\"bdbea60\" data-element_type=\"widget\" data-e-type=\"widget\" data-widget_type=\"text-editor.default\">\n\t\t\t\t<div class=\"elementor-widget-container\">\n\t\t\t\t\t\t\t\t\t<p class=\"\" data-start=\"237\" data-end=\"493\">M\u00e1sz\u00f3 <strong data-start=\"246\" data-end=\"267\">Kilimandzs\u00e1r\u00f3<\/strong>, Afrika legmagasabb cs\u00facsa (5895 m), egy \u00e9letre sz\u00f3l\u00f3 kaland. Ak\u00e1r kezd\u0151, ak\u00e1r tapasztalt t\u00far\u00e1z\u00f3 vagy, a megfelel\u0151 felk\u00e9sz\u00fcl\u00e9s d\u00f6nt\u0151 lehet a cs\u00facs el\u00e9r\u00e9se vagy a visszafordul\u00e1s k\u00f6z\u00f6tt.<\/p><p class=\"\" data-start=\"495\" data-end=\"615\">Hogy seg\u00edts\u00fcnk megh\u00f3d\u00edtani \u201cAfrika tetej\u00e9t\u201d, \u00edme a <strong data-start=\"550\" data-end=\"583\">Kilimandzs\u00e1r\u00f3 m\u00e1sz\u00e1si tippek<\/strong> amit minden t\u00far\u00e1z\u00f3nak tudnia kell.<\/p><hr class=\"\" data-start=\"617\" data-end=\"620\" \/><h2 class=\"\" data-start=\"622\" data-end=\"662\">1. <strong data-start=\"628\" data-end=\"662\">V\u00e1lassza ki az \u00d6nnek megfelel\u0151 \u00fatvonalat<\/strong><\/h2><p class=\"\" data-start=\"664\" data-end=\"770\">T\u00f6bb \u00fatvonal is vezet a cs\u00facsra, mindegyik m\u00e1s-m\u00e1s t\u00e1jjal, neh\u00e9zs\u00e9gi szinttel \u00e9s sikerar\u00e1nnyal.<\/p><ul data-start=\"772\" data-end=\"1058\"><li class=\"\" data-start=\"772\" data-end=\"826\"><p class=\"\" data-start=\"774\" data-end=\"826\"><strong data-start=\"774\" data-end=\"800\">Machame \u00fatvonal (7 nap)<\/strong> \u2013 Legn\u00e9pszer\u0171bb \u00e9s legfest\u0151ibb<\/p><\/li><li class=\"\" data-start=\"827\" data-end=\"902\"><p class=\"\" data-start=\"829\" data-end=\"902\"><strong data-start=\"829\" data-end=\"855\">Lemosho \u00fatvonal (8 nap)<\/strong> \u2013 Nagyszer\u0171 az akklimatiz\u00e1ci\u00f3hoz \u00e9s leny\u0171g\u00f6z\u0151 kil\u00e1t\u00e1shoz<\/p><\/li><li class=\"\" data-start=\"903\" data-end=\"980\"><p class=\"\" data-start=\"905\" data-end=\"980\"><strong data-start=\"905\" data-end=\"933\">Marangu \u00fatvonal (5\u20136 nap)<\/strong> \u2013 A \u201cCoca-Cola\u201d \u00fatvonal h\u00fctt\u00e9ben val\u00f3 sz\u00e1ll\u00e1ssal<\/p><\/li><li class=\"\" data-start=\"981\" data-end=\"1058\"><p class=\"\" data-start=\"983\" data-end=\"1058\"><strong data-start=\"983\" data-end=\"1010\">Rongai \u00fatvonal (6\u20137 nap)<\/strong> \u2013 Csendesebb \u00e9s sz\u00e1razabb, \u00e9szakr\u00f3l k\u00f6zeledik<\/p><\/li><\/ul><p class=\"\" data-start=\"1060\" data-end=\"1145\">\ud83d\udc49 <em data-start=\"1063\" data-end=\"1068\">Tipp<\/em>A hosszabb \u00fatvonalak jobb akklimatiz\u00e1ci\u00f3t \u00e9s magasabb cs\u00facsm\u00e1sz\u00e1si sikerar\u00e1nyt k\u00edn\u00e1lnak.<\/p><hr class=\"\" data-start=\"1147\" data-end=\"1150\" \/><h2 class=\"\" data-start=\"1152\" data-end=\"1207\">2. <strong data-start=\"1158\" data-end=\"1207\">Lassan akklimatiz\u00e1l\u00f3dj, hogy elker\u00fcld a hegyi betegs\u00e9get<\/strong><\/h2><p class=\"\" data-start=\"1209\" data-end=\"1312\">A hegyi betegs\u00e9g a legnagyobb kih\u00edv\u00e1s Kilimandzs\u00e1r\u00f3n. A lass\u00fa halad\u00e1s id\u0151t ad a testednek az alkalmazkod\u00e1sra.<\/p><ul data-start=\"1314\" data-end=\"1486\"><li class=\"\" data-start=\"1314\" data-end=\"1360\"><p class=\"\" data-start=\"1316\" data-end=\"1360\">K\u00f6vesd a szab\u00e1lyt: <strong data-start=\"1333\" data-end=\"1360\">\u201cMagasra m\u00e1ssz, m\u00e9lyen aludj\u201d<\/strong><\/p><\/li><li class=\"\" data-start=\"1361\" data-end=\"1405\"><p class=\"\" data-start=\"1363\" data-end=\"1405\">Olyan t\u00far\u00e1kat v\u00e1lasszon, amelyek <strong data-start=\"1385\" data-end=\"1405\">7 nap vagy t\u00f6bb<\/strong><\/p><\/li><li class=\"\" data-start=\"1406\" data-end=\"1486\"><p class=\"\" data-start=\"1408\" data-end=\"1486\">T\u00e1j\u00e9koztasd az idegenvezet\u0151det, ha t\u00fcneteket tapasztalsz (fejf\u00e1j\u00e1s, h\u00e1nyinger, sz\u00e9d\u00fcl\u00e9s)<\/p><\/li><\/ul><p class=\"\" data-start=\"1488\" data-end=\"1556\">\ud83d\udc49 <em data-start=\"1491\" data-end=\"1496\">Tipp<\/em>: S\u00e9t\u00e1lj egy \u201cr\u00fadr\u00fadon\u201d (szuah\u00e9li\u00fcl <em data-start=\"1533\" data-end=\"1549\">lassan, lassan<\/em>) temp\u00f3.<\/p><hr class=\"\" data-start=\"1558\" data-end=\"1561\" \/><h2 class=\"\" data-start=\"1563\" data-end=\"1592\">3. <strong data-start=\"1569\" data-end=\"1592\">Vonat a m\u00e1sz\u00e1sra<\/strong><\/h2><p class=\"\" data-start=\"1594\" data-end=\"1682\">B\u00e1r a Kilimandzs\u00e1r\u00f3 m\u00e1sz\u00e1sa nem ig\u00e9nyel technikai tud\u00e1st, komoly fizikai kih\u00edv\u00e1st jelent.<\/p><ul data-start=\"1684\" data-end=\"1846\"><li class=\"\" data-start=\"1684\" data-end=\"1726\"><p class=\"\" data-start=\"1686\" data-end=\"1726\"><strong data-start=\"1686\" data-end=\"1726\">Kezdje el az edz\u00e9seket 2-3 h\u00f3nappal kor\u00e1bban<\/strong><\/p><\/li><li class=\"\" data-start=\"1727\" data-end=\"1786\"><p class=\"\" data-start=\"1729\" data-end=\"1786\">F\u00f3kuszban <strong data-start=\"1738\" data-end=\"1786\">kardi\u00f3, er\u0151nl\u00e9ti edz\u00e9s \u00e9s t\u00far\u00e1z\u00e1s h\u00e1tizs\u00e1kkal<\/strong><\/p><\/li><li class=\"\" data-start=\"1787\" data-end=\"1846\"><p class=\"\" data-start=\"1789\" data-end=\"1846\">Gyakorlat <strong data-start=\"1798\" data-end=\"1833\">hossz\u00fa s\u00e9t\u00e1k vagy t\u00far\u00e1k magaslati fekv\u00e9sben<\/strong>, ha lehets\u00e9ges<\/p><\/li><\/ul><p class=\"\" data-start=\"1848\" data-end=\"1949\">\ud83d\udc49 <em data-start=\"1851\" data-end=\"1856\">Tipp<\/em>: Edz\u00e9sei k\u00f6z\u00e9 tartozik a l\u00e9pcs\u0151z\u00e9s, a fut\u00f3padon lejt\u0151s gyalogl\u00e1s \u00e9s az \u00e1ll\u00f3k\u00e9pess\u00e9gi edz\u00e9s.<\/p><hr class=\"\" data-start=\"1951\" data-end=\"1954\" \/><h2 class=\"\" data-start=\"1956\" data-end=\"1985\">4. <strong data-start=\"1962\" data-end=\"1985\">Csomagolj be a megfelel\u0151 felszerel\u00e9st<\/strong><\/h2><p class=\"\" data-start=\"1987\" data-end=\"2107\">A megfelel\u0151 felszerel\u00e9ssel eld\u0151lhet az \u00e9lm\u00e9ny. Kilimandzs\u00e1r\u00f3n az id\u0151j\u00e1r\u00e1s a tr\u00f3pusi h\u0151s\u00e9gt\u0151l a fagyos hidegig v\u00e1ltozhat.<\/p><p class=\"\" data-start=\"2109\" data-end=\"2124\"><strong data-start=\"2109\" data-end=\"2123\">Kihagyhatatlanok<\/strong>:<\/p><ul data-start=\"2125\" data-end=\"2348\"><li class=\"\" data-start=\"2125\" data-end=\"2201\"><p class=\"\" data-start=\"2127\" data-end=\"2201\">J\u00f3 <strong data-start=\"2132\" data-end=\"2159\">r\u00e9teges \u00f6lt\u00f6zk\u00f6d\u00e9si rendszer<\/strong> (alap-, szigetel\u0151- \u00e9s v\u00edzszigetel\u0151 r\u00e9tegek)<\/p><\/li><li class=\"\" data-start=\"2202\" data-end=\"2251\"><p class=\"\" data-start=\"2204\" data-end=\"2251\">Meleg <strong data-start=\"2209\" data-end=\"2225\">h\u00e1l\u00f3zs\u00e1k<\/strong> (-10\u00b0C-ig vagy alacsonyabb h\u0151m\u00e9rs\u00e9kletig)<\/p><\/li><li class=\"\" data-start=\"2252\" data-end=\"2287\"><p class=\"\" data-start=\"2254\" data-end=\"2287\"><strong data-start=\"2254\" data-end=\"2270\">T\u00farabakancsok<\/strong> (j\u00f3l bej\u00e1ratott)<\/p><\/li><li class=\"\" data-start=\"2288\" data-end=\"2348\"><p class=\"\" data-start=\"2290\" data-end=\"2348\"><strong data-start=\"2290\" data-end=\"2302\">F\u00e9nysz\u00f3r\u00f3<\/strong>, <strong data-start=\"2304\" data-end=\"2322\">t\u00farabotok<\/strong>, \u00e9s <strong data-start=\"2328\" data-end=\"2348\">hidrat\u00e1l\u00f3 rendszer<\/strong><\/p><\/li><\/ul><p class=\"\" data-start=\"2350\" data-end=\"2440\">\ud83d\udc49 <em data-start=\"2353\" data-end=\"2358\">Tipp<\/em>Ne pakolj t\u00fal sokat, de a legsz\u00fcks\u00e9gesebb dolgokon se sp\u00f3rolj \u2013 k\u00fcl\u00f6n\u00f6sen a meleg ruh\u00e1zaton.<\/p><hr class=\"\" data-start=\"2442\" data-end=\"2445\" \/><h2 class=\"\" data-start=\"2447\" data-end=\"2483\">5. <strong data-start=\"2453\" data-end=\"2483\">Maradj hidrat\u00e1lt \u00e9s egy\u00e9l j\u00f3l<\/strong><\/h2><p class=\"\" data-start=\"2485\" data-end=\"2583\">A Kilimandzs\u00e1r\u00f3 megm\u00e1sz\u00e1sa sok kal\u00f3ri\u00e1t \u00e9get, a kisz\u00e1rad\u00e1s pedig n\u00f6veli a magaslati betegs\u00e9g kock\u00e1zat\u00e1t.<\/p><ul data-start=\"2585\" data-end=\"2744\"><li class=\"\" data-start=\"2585\" data-end=\"2631\"><p class=\"\" data-start=\"2587\" data-end=\"2631\">Ital <strong data-start=\"2593\" data-end=\"2631\">legal\u00e1bb 3-4 liter v\u00edz naponta<\/strong><\/p><\/li><li class=\"\" data-start=\"2632\" data-end=\"2683\"><p class=\"\" data-start=\"2634\" data-end=\"2683\">Hozd <strong data-start=\"2640\" data-end=\"2663\">elektrolit tablett\u00e1k<\/strong> a fokozott hidrat\u00e1l\u00e1s\u00e9rt<\/p><\/li><li class=\"\" data-start=\"2684\" data-end=\"2744\"><p class=\"\" data-start=\"2686\" data-end=\"2744\">Egy\u00e9l minden \u00e9tkez\u00e9st \u2013 m\u00e9g akkor is, ha nem \u00e9rzed magad \u00e9hesnek a magasban<\/p><\/li><\/ul><p class=\"\" data-start=\"2746\" data-end=\"2828\">\ud83d\udc49 <em data-start=\"2749\" data-end=\"2754\">Tipp<\/em>Hozd magaddal a kedvenc energiap\u00f3tl\u00f3 nassolnival\u00f3idat, p\u00e9ld\u00e1ul di\u00f3f\u00e9l\u00e9ket, m\u00fczliszeleteket vagy csokol\u00e1d\u00e9t.<\/p><hr class=\"\" data-start=\"2830\" data-end=\"2833\" \/><h2 class=\"\" data-start=\"2835\" data-end=\"2874\">6. <strong data-start=\"2841\" data-end=\"2874\">B\u00edzz az idegenvezet\u0151idben \u00e9s a teherhord\u00f3idban<\/strong><\/h2><p class=\"\" data-start=\"2876\" data-end=\"2958\">A hegyi leg\u00e9nys\u00e9ged az\u00e9rt van ott, hogy t\u00e1mogasson, figyelemmel k\u00eds\u00e9rje az eg\u00e9szs\u00e9gedet \u00e9s szurkoljon neked.<\/p><ul data-start=\"2960\" data-end=\"3114\"><li class=\"\" data-start=\"2960\" data-end=\"3024\"><p class=\"\" data-start=\"2962\" data-end=\"3024\">Tegy\u00e9l fel k\u00e9rd\u00e9seket, k\u00f6vesd a temp\u00f3jukat, \u00e9s tartsd tiszteletben a tapasztalataikat.<\/p><\/li><li class=\"\" data-start=\"3025\" data-end=\"3114\"><p class=\"\" data-start=\"3027\" data-end=\"3114\">Tanulj meg n\u00e9h\u00e1ny alapvet\u0151 szuah\u00e9li kifejez\u00e9st, hogy kapcsolatba l\u00e9phess a csapatoddal (pl., <em data-start=\"3093\" data-end=\"3101\">Jambo!<\/em> a \u201chello\u201d sz\u00f3hoz)<\/p><\/li><\/ul><p class=\"\" data-start=\"3116\" data-end=\"3189\">\ud83d\udc49 <em data-start=\"3119\" data-end=\"3124\">Tipp<\/em>A borraval\u00f3ad\u00e1s szok\u00e1sos \u2013 az ir\u00e1nyelvekr\u0151l \u00e9rdekl\u0151dj\u00f6n az \u00fczemeltet\u0151n\u00e9l.<\/p><hr class=\"\" data-start=\"3191\" data-end=\"3194\" \/><h2 class=\"\" data-start=\"3196\" data-end=\"3239\">7. <strong data-start=\"3202\" data-end=\"3239\">Maradj pozit\u00edv \u00e9s ment\u00e1lisan er\u0151s<\/strong><\/h2><p class=\"\" data-start=\"3241\" data-end=\"3365\">A cs\u00facsra jut\u00e1s neh\u00e9z feladat \u2013 k\u00fcl\u00f6n\u00f6sen a cs\u00facs \u00e9jszak\u00e1j\u00e1n, amikor s\u00f6t\u00e9tben indulsz, \u00e9s 6-8 \u00f3r\u00e1n \u00e1t gyalogolsz, mire el\u00e9red az Uhuru-cs\u00facsot.<\/p><ul data-start=\"3367\" data-end=\"3506\"><li class=\"\" data-start=\"3367\" data-end=\"3403\"><p class=\"\" data-start=\"3369\" data-end=\"3403\">K\u00e9sz\u00fclj fel ment\u00e1lisan a kih\u00edv\u00e1sra<\/p><\/li><li class=\"\" data-start=\"3404\" data-end=\"3464\"><p class=\"\" data-start=\"3406\" data-end=\"3464\">Tarts egy <strong data-start=\"3413\" data-end=\"3434\">pozit\u00edv hozz\u00e1\u00e1ll\u00e1s<\/strong>, \u00e9s vedd el <strong data-start=\"3448\" data-end=\"3464\">l\u00e9p\u00e9sr\u0151l l\u00e9p\u00e9sre<\/strong><\/p><\/li><li class=\"\" data-start=\"3465\" data-end=\"3506\"><p class=\"\" data-start=\"3467\" data-end=\"3506\">\u00dcnnepelj meg minden m\u00e9rf\u00f6ldk\u00f6vet az \u00faton<\/p><\/li><\/ul><p class=\"\" data-start=\"3508\" data-end=\"3610\">\ud83d\udc49 <em data-start=\"3511\" data-end=\"3516\">Tipp<\/em>Ne feledd a \u201cmi\u00e9rtedet\u201d \u2013 legyen az szem\u00e9lyes c\u00e9l, egy bakancslist\u00e1s \u00e1lom vagy egy j\u00f3t\u00e9konys\u00e1gi m\u00e1sz\u00e1s.<\/p><hr class=\"\" data-start=\"3612\" data-end=\"3615\" \/><h2 class=\"\" data-start=\"3617\" data-end=\"3631\">Z\u00e1r\u00f3 szavak<\/h2><p class=\"\" data-start=\"3633\" data-end=\"3871\">A Kilimandzs\u00e1r\u00f3 megm\u00e1sz\u00e1sa a kitart\u00e1s, a t\u00fcrelem \u00e9s a szellem pr\u00f3b\u00e1ja \u2013 de ez... <strong data-start=\"3716\" data-end=\"3730\">el\u00e9rhet\u0151<\/strong> a megfelel\u0151 hozz\u00e1\u00e1ll\u00e1ssal \u00e9s felk\u00e9sz\u00fcl\u00e9ssel. Az a pillanat, amikor az Uhuru-cs\u00facs tetej\u00e9n \u00e1llsz, \u00e9s n\u00e9zed a napfelkelt\u00e9t Afrika felett, soha nem fogod elfelejteni.<\/p><p class=\"\" data-start=\"3873\" data-end=\"4015\"><strong data-start=\"3873\" data-end=\"3906\">K\u00e9szen \u00e1llsz megtenni az els\u0151 l\u00e9p\u00e9st?<\/strong> Kezdj el edzeni, keress egy j\u00f3 h\u00edr\u0171 t\u00faraszervez\u0151t, \u00e9s k\u00e9sz\u00fclj fel \u00e9leted egyik legnagyobb kalandj\u00e1ra.<\/p>\t\t\t\t\t\t\t\t<\/div>\n\t\t\t\t<\/div>\n\t\t\t\t\t<\/div>\n\t\t\t\t<\/div>\n\t\t\t\t\t<\/div>\n\t\t\t\t<\/div>\n\t\t\t\t<\/div>","protected":false},"excerpt":{"rendered":"<p>Kezd\u0151lap \/ Blog A Kilimandzs\u00e1r\u00f3, Afrika legmagasabb cs\u00facs\u00e1nak (5895 m) megm\u00e1sz\u00e1sa \u00e9letre sz\u00f3l\u00f3 kaland. Ak\u00e1r kezd\u0151, ak\u00e1r tapasztalt t\u00far\u00e1z\u00f3 vagy, a megfelel\u0151 felk\u00e9sz\u00fcl\u00e9s d\u00f6nt\u0151 lehet a cs\u00facs el\u00e9r\u00e9se vagy a visszafordul\u00e1s k\u00f6z\u00f6tt. Hogy seg\u00edts\u00fcnk megh\u00f3d\u00edtani \u201cAfrika tetej\u00e9t\u201d, \u00edme a legfontosabb Kilimandzs\u00e1r\u00f3-m\u00e1sz\u00e1si tippek, amelyeket minden t\u00far\u00e1z\u00f3nak [\u2026]<\/p>","protected":false},"author":1,"featured_media":0,"parent":0,"menu_order":0,"comment_status":"closed","ping_status":"closed","template":"elementor_canvas","meta":{"footnotes":""},"class_list":["post-10275","page","type-page","status-publish","hentry"],"yoast_head":"<!-- This site is optimized with the Yoast SEO plugin v25.7 - https:\/\/yoast.com\/wordpress\/plugins\/seo\/ -->\n<title>kilimanjaro climbing tips - Nurtured Wildlife Safaris<\/title>\n<meta name=\"robots\" content=\"index, follow, max-snippet:-1, max-image-preview:large, max-video-preview:-1\" \/>\n<link rel=\"canonical\" href=\"https:\/\/nurturedwildlife.com\/hu\/kilimandzsaro-maszasi-tippek\/\" \/>\n<meta property=\"og:locale\" content=\"hu_HU\" \/>\n<meta property=\"og:type\" content=\"article\" \/>\n<meta property=\"og:title\" content=\"kilimanjaro climbing tips - Nurtured Wildlife Safaris\" \/>\n<meta property=\"og:description\" content=\"Home \/ Blog Climbing Mount Kilimanjaro, Africa\u2019s highest peak (5,895m\/19,341ft), is a once-in-a-lifetime adventure. Whether you\u2019re a first-time trekker or an experienced hiker, proper preparation can make the difference between reaching the summit or turning back. To help you conquer the &#8220;Roof of Africa,&#8221; here are the top Kilimanjaro climbing tips that every trekker should [&hellip;]\" \/>\n<meta property=\"og:url\" content=\"https:\/\/nurturedwildlife.com\/hu\/kilimandzsaro-maszasi-tippek\/\" \/>\n<meta property=\"og:site_name\" content=\"Nurtured Wildlife Safaris\" \/>\n<meta property=\"article:modified_time\" content=\"2025-05-17T14:26:46+00:00\" \/>\n<meta name=\"twitter:card\" content=\"summary_large_image\" \/>\n<meta name=\"twitter:label1\" content=\"Becs\u00fclt olvas\u00e1si id\u0151\" \/>\n\t<meta name=\"twitter:data1\" content=\"4 perc\" \/>\n<script type=\"application\/ld+json\" class=\"yoast-schema-graph\">{\"@context\":\"https:\/\/schema.org\",\"@graph\":[{\"@type\":\"WebPage\",\"@id\":\"https:\/\/nurturedwildlife.com\/kilimanjaro-climbing-tips\/\",\"url\":\"https:\/\/nurturedwildlife.com\/kilimanjaro-climbing-tips\/\",\"name\":\"kilimanjaro climbing tips - Nurtured Wildlife Safaris\",\"isPartOf\":{\"@id\":\"https:\/\/nurturedwildlife.com\/#website\"},\"datePublished\":\"2025-05-17T14:24:42+00:00\",\"dateModified\":\"2025-05-17T14:26:46+00:00\",\"breadcrumb\":{\"@id\":\"https:\/\/nurturedwildlife.com\/kilimanjaro-climbing-tips\/#breadcrumb\"},\"inLanguage\":\"hu\",\"potentialAction\":[{\"@type\":\"ReadAction\",\"target\":[\"https:\/\/nurturedwildlife.com\/kilimanjaro-climbing-tips\/\"]}]},{\"@type\":\"BreadcrumbList\",\"@id\":\"https:\/\/nurturedwildlife.com\/kilimanjaro-climbing-tips\/#breadcrumb\",\"itemListElement\":[{\"@type\":\"ListItem\",\"position\":1,\"name\":\"Home\",\"item\":\"https:\/\/nurturedwildlife.com\/\"},{\"@type\":\"ListItem\",\"position\":2,\"name\":\"kilimanjaro climbing tips\"}]},{\"@type\":\"WebSite\",\"@id\":\"https:\/\/nurturedwildlife.com\/#website\",\"url\":\"https:\/\/nurturedwildlife.com\/\",\"name\":\"Nurtured Wildlife Safaris\",\"description\":\"Tanzania Unforgettable\",\"publisher\":{\"@id\":\"https:\/\/nurturedwildlife.com\/#organization\"},\"potentialAction\":[{\"@type\":\"SearchAction\",\"target\":{\"@type\":\"EntryPoint\",\"urlTemplate\":\"https:\/\/nurturedwildlife.com\/?s={search_term_string}\"},\"query-input\":{\"@type\":\"PropertyValueSpecification\",\"valueRequired\":true,\"valueName\":\"search_term_string\"}}],\"inLanguage\":\"hu\"},{\"@type\":\"Organization\",\"@id\":\"https:\/\/nurturedwildlife.com\/#organization\",\"name\":\"Nurtured Wildlife Safaris\",\"url\":\"https:\/\/nurturedwildlife.com\/\",\"logo\":{\"@type\":\"ImageObject\",\"inLanguage\":\"hu\",\"@id\":\"https:\/\/nurturedwildlife.com\/#\/schema\/logo\/image\/\",\"url\":\"https:\/\/nurturedwildlife.com\/wp-content\/uploads\/2023\/12\/nurtured-png.png\",\"contentUrl\":\"https:\/\/nurturedwildlife.com\/wp-content\/uploads\/2023\/12\/nurtured-png.png\",\"width\":4641,\"height\":1704,\"caption\":\"Nurtured Wildlife Safaris\"},\"image\":{\"@id\":\"https:\/\/nurturedwildlife.com\/#\/schema\/logo\/image\/\"}}]}<\/script>\n<!-- \/ Yoast SEO plugin. -->","yoast_head_json":{"title":"Kilimandzs\u00e1r\u00f3 m\u00e1sz\u00e1si tippek - Nurtured Wildlife Safaris","robots":{"index":"index","follow":"follow","max-snippet":"max-snippet:-1","max-image-preview":"max-image-preview:large","max-video-preview":"max-video-preview:-1"},"canonical":"https:\/\/nurturedwildlife.com\/hu\/kilimandzsaro-maszasi-tippek\/","og_locale":"hu_HU","og_type":"article","og_title":"kilimanjaro climbing tips - Nurtured Wildlife Safaris","og_description":"Home \/ Blog Climbing Mount Kilimanjaro, Africa\u2019s highest peak (5,895m\/19,341ft), is a once-in-a-lifetime adventure. Whether you\u2019re a first-time trekker or an experienced hiker, proper preparation can make the difference between reaching the summit or turning back. To help you conquer the &#8220;Roof of Africa,&#8221; here are the top Kilimanjaro climbing tips that every trekker should [&hellip;]","og_url":"https:\/\/nurturedwildlife.com\/hu\/kilimandzsaro-maszasi-tippek\/","og_site_name":"Nurtured Wildlife Safaris","article_modified_time":"2025-05-17T14:26:46+00:00","twitter_card":"summary_large_image","twitter_misc":{"Becs\u00fclt olvas\u00e1si id\u0151":"4 perc"},"schema":{"@context":"https:\/\/schema.org","@graph":[{"@type":"WebPage","@id":"https:\/\/nurturedwildlife.com\/kilimanjaro-climbing-tips\/","url":"https:\/\/nurturedwildlife.com\/kilimanjaro-climbing-tips\/","name":"Kilimandzs\u00e1r\u00f3 m\u00e1sz\u00e1si tippek - Nurtured Wildlife Safaris","isPartOf":{"@id":"https:\/\/nurturedwildlife.com\/#website"},"datePublished":"2025-05-17T14:24:42+00:00","dateModified":"2025-05-17T14:26:46+00:00","breadcrumb":{"@id":"https:\/\/nurturedwildlife.com\/kilimanjaro-climbing-tips\/#breadcrumb"},"inLanguage":"hu","potentialAction":[{"@type":"ReadAction","target":["https:\/\/nurturedwildlife.com\/kilimanjaro-climbing-tips\/"]}]},{"@type":"BreadcrumbList","@id":"https:\/\/nurturedwildlife.com\/kilimanjaro-climbing-tips\/#breadcrumb","itemListElement":[{"@type":"ListItem","position":1,"name":"Home","item":"https:\/\/nurturedwildlife.com\/"},{"@type":"ListItem","position":2,"name":"kilimanjaro climbing tips"}]},{"@type":"WebSite","@id":"https:\/\/nurturedwildlife.com\/#website","url":"https:\/\/nurturedwildlife.com\/","name":"\u00c1polt Vadvil\u00e1g Szafarik","description":"Tanz\u00e1nia Felejthetetlen","publisher":{"@id":"https:\/\/nurturedwildlife.com\/#organization"},"potentialAction":[{"@type":"SearchAction","target":{"@type":"EntryPoint","urlTemplate":"https:\/\/nurturedwildlife.com\/?s={search_term_string}"},"query-input":{"@type":"PropertyValueSpecification","valueRequired":true,"valueName":"search_term_string"}}],"inLanguage":"hu"},{"@type":"Organization","@id":"https:\/\/nurturedwildlife.com\/#organization","name":"\u00c1polt Vadvil\u00e1g Szafarik","url":"https:\/\/nurturedwildlife.com\/","logo":{"@type":"ImageObject","inLanguage":"hu","@id":"https:\/\/nurturedwildlife.com\/#\/schema\/logo\/image\/","url":"https:\/\/nurturedwildlife.com\/wp-content\/uploads\/2023\/12\/nurtured-png.png","contentUrl":"https:\/\/nurturedwildlife.com\/wp-content\/uploads\/2023\/12\/nurtured-png.png","width":4641,"height":1704,"caption":"Nurtured Wildlife Safaris"},"image":{"@id":"https:\/\/nurturedwildlife.com\/#\/schema\/logo\/image\/"}}]}},"_links":{"self":[{"href":"https:\/\/nurturedwildlife.com\/hu\/wp-json\/wp\/v2\/pages\/10275","targetHints":{"allow":["GET"]}}],"collection":[{"href":"https:\/\/nurturedwildlife.com\/hu\/wp-json\/wp\/v2\/pages"}],"about":[{"href":"https:\/\/nurturedwildlife.com\/hu\/wp-json\/wp\/v2\/types\/page"}],"author":[{"embeddable":true,"href":"https:\/\/nurturedwildlife.com\/hu\/wp-json\/wp\/v2\/users\/1"}],"replies":[{"embeddable":true,"href":"https:\/\/nurturedwildlife.com\/hu\/wp-json\/wp\/v2\/comments?post=10275"}],"version-history":[{"count":5,"href":"https:\/\/nurturedwildlife.com\/hu\/wp-json\/wp\/v2\/pages\/10275\/revisions"}],"predecessor-version":[{"id":10282,"href":"https:\/\/nurturedwildlife.com\/hu\/wp-json\/wp\/v2\/pages\/10275\/revisions\/10282"}],"wp:attachment":[{"href":"https:\/\/nurturedwildlife.com\/hu\/wp-json\/wp\/v2\/media?parent=10275"}],"curies":[{"name":"munkaf\u00fczet","href":"https:\/\/api.w.org\/{rel}","templated":true}]}}