{"id":10238,"date":"2025-05-17T13:54:46","date_gmt":"2025-05-17T13:54:46","guid":{"rendered":"https:\/\/nurturedwildlife.com\/?page_id=10238"},"modified":"2025-05-17T13:55:45","modified_gmt":"2025-05-17T13:55:45","slug":"kotelezoen-meglatogatando-uti-celok","status":"publish","type":"page","link":"https:\/\/nurturedwildlife.com\/hu\/kotelezoen-meglatogatando-uti-celok\/","title":{"rendered":"Kihagyhatatlan \u00fati c\u00e9lok"},"content":{"rendered":"<div data-elementor-type=\"wp-page\" data-elementor-id=\"10238\" class=\"elementor elementor-10238\" data-elementor-post-type=\"page\">\n\t\t\t\t<div class=\"elementor-element elementor-element-3b3d63f7 e-con-full e-flex e-con e-parent\" data-id=\"3b3d63f7\" data-element_type=\"container\" data-e-type=\"container\" data-settings=\"{&quot;background_background&quot;:&quot;classic&quot;}\">\n\t\t<div class=\"elementor-element elementor-element-6a2347 e-con-full e-flex e-con e-child\" data-id=\"6a2347\" data-element_type=\"container\" data-e-type=\"container\" data-settings=\"{&quot;background_background&quot;:&quot;classic&quot;}\">\n\t\t\t\t<div class=\"elementor-element elementor-element-a10ee4c elementor-widget elementor-widget-text-editor\" data-id=\"a10ee4c\" data-element_type=\"widget\" data-e-type=\"widget\" data-widget_type=\"text-editor.default\">\n\t\t\t\t<div class=\"elementor-widget-container\">\n\t\t\t\t\t\t\t\t\t<p><a href=\"#\">Otthon<\/a> \/ Blog<\/p>\t\t\t\t\t\t\t\t<\/div>\n\t\t\t\t<\/div>\n\t\t\t\t<\/div>\n\t\t\t\t<\/div>\n\t\t<div class=\"elementor-element elementor-element-16e11b13 e-flex e-con-boxed e-con e-parent\" data-id=\"16e11b13\" data-element_type=\"container\" data-e-type=\"container\">\n\t\t\t\t\t<div class=\"e-con-inner\">\n\t\t<div class=\"elementor-element elementor-element-2f3d3a50 e-flex e-con-boxed e-con e-child\" data-id=\"2f3d3a50\" data-element_type=\"container\" data-e-type=\"container\" data-settings=\"{&quot;background_background&quot;:&quot;classic&quot;}\">\n\t\t\t\t\t<div class=\"e-con-inner\">\n\t\t\t\t<div class=\"elementor-element elementor-element-2b971e19 elementor-widget elementor-widget-text-editor\" data-id=\"2b971e19\" data-element_type=\"widget\" data-e-type=\"widget\" data-widget_type=\"text-editor.default\">\n\t\t\t\t<div class=\"elementor-widget-container\">\n\t\t\t\t\t\t\t\t\t<p class=\"\" data-start=\"189\" data-end=\"423\">Tanz\u00e1nia l\u00e9legzetel\u00e1ll\u00edt\u00f3 sz\u00e9ps\u00e9g\u0171, v\u00e1ltozatos \u00f6kosziszt\u00e9m\u00e1kkal \u00e9s a bolyg\u00f3 n\u00e9h\u00e1ny legjobb vadvil\u00e1g-megfigyel\u0151 hely\u00e9vel b\u00fcszk\u00e9lkedhet. Az ikonikus Serengeti-s\u00edks\u00e1gt\u00f3l a fens\u00e9ges Ngorongoro-kr\u00e1terig Tanz\u00e1nia p\u00e1ratlan szafari\u00e9lm\u00e9nyt k\u00edn\u00e1l.<\/p><p class=\"\" data-start=\"425\" data-end=\"554\">Ha szafari kalandot tervezel, itt van: <strong data-start=\"477\" data-end=\"518\">Tanz\u00e1nia 5 legjobb szafari \u00fati c\u00e9lja<\/strong> ennek szerepelnie kellene a bakancslist\u00e1don.<\/p><hr class=\"\" data-start=\"556\" data-end=\"559\" \/><h2 class=\"\" data-start=\"561\" data-end=\"624\">1. <strong data-start=\"567\" data-end=\"594\">Serengeti Nemzeti Park<\/strong> \u2013 A nagy n\u00e9pv\u00e1ndorl\u00e1s otthona<\/h2><p class=\"\" data-start=\"626\" data-end=\"791\"><strong data-start=\"626\" data-end=\"648\">Legjobb id\u0151 a l\u00e1togat\u00e1sra<\/strong>J\u00faniust\u00f3l okt\u00f3berig (folyami \u00e1tkel\u00e9sek eset\u00e9n) \u00e9s janu\u00e1rt\u00f3l m\u00e1rciusig (ell\u00e9si id\u0151szakban)<br data-start=\"727\" data-end=\"730\" \/><strong data-start=\"730\" data-end=\"743\">Ismert<\/strong>: Nagy \u00d6t\u00f6s, gn\u00favonul\u00e1s, v\u00e9gtelen s\u00edks\u00e1gok<\/p><p class=\"\" data-start=\"793\" data-end=\"1105\">A Serengeti Tanz\u00e1nia \u00e9kk\u00f6ve. Vil\u00e1gh\u00edr\u0171 a k\u00f6vetkez\u0151kr\u0151l: <strong data-start=\"860\" data-end=\"890\">Nagy gn\u00favonul\u00e1s<\/strong>, ahol t\u00f6bb mint 2 milli\u00f3 gn\u00fa, zebra \u00e9s gazella mozog dr\u00e1mai \u00e9ves ciklusban. A park ragadoz\u00f3k \u2013 oroszl\u00e1nok, gep\u00e1rdok, leop\u00e1rdok \u2013 nagy koncentr\u00e1ci\u00f3j\u00e1val is b\u00fcszk\u00e9lkedhet, \u00edgy ide\u00e1lis a klasszikus vadmegfigyel\u00e9shez.<\/p><p class=\"\" data-start=\"1107\" data-end=\"1122\"><strong data-start=\"1107\" data-end=\"1121\">F\u0151bb jellemz\u0151k<\/strong>:<\/p><ul data-start=\"1123\" data-end=\"1235\"><li class=\"\" data-start=\"1123\" data-end=\"1162\"><p class=\"\" data-start=\"1125\" data-end=\"1162\">Mara foly\u00f3 \u00e1tkel\u00e9sek (j\u00falius\u2013szeptember)<\/p><\/li><li class=\"\" data-start=\"1163\" data-end=\"1201\"><p class=\"\" data-start=\"1165\" data-end=\"1201\">Ndutu ell\u00e9si id\u0151szak (janu\u00e1r\u2013m\u00e1rcius)<\/p><\/li><li class=\"\" data-start=\"1202\" data-end=\"1235\"><p class=\"\" data-start=\"1204\" data-end=\"1235\">L\u00e9gg\u00f6mb\u00f6s szafarik a s\u00edks\u00e1gon<\/p><\/li><\/ul><hr class=\"\" data-start=\"1237\" data-end=\"1240\" \/><h2 class=\"\" data-start=\"1242\" data-end=\"1306\">2. <strong data-start=\"1248\" data-end=\"1269\">Ngorongoro-kr\u00e1ter<\/strong> \u2013 A vil\u00e1g legnagyobb \u00e9p kalder\u00e1ja<\/h2><p class=\"\" data-start=\"1308\" data-end=\"1416\"><strong data-start=\"1308\" data-end=\"1330\">Legjobb id\u0151 a l\u00e1togat\u00e1sra<\/strong>Eg\u00e9sz \u00e9vben<br data-start=\"1342\" data-end=\"1345\" \/><strong data-start=\"1345\" data-end=\"1358\">Ismert<\/strong>Az \u00f6t legnagyobb \u0151shonos vid\u00e9k, dr\u00e1mai t\u00e1jak, s\u0171r\u0171 vadvil\u00e1g<\/p><p class=\"\" data-start=\"1418\" data-end=\"1668\">Az UNESCO Vil\u00e1g\u00f6r\u00f6ks\u00e9g r\u00e9sze, a <strong data-start=\"1452\" data-end=\"1473\">Ngorongoro-kr\u00e1ter<\/strong> gyakran \u201cafrikai \u00e9denk\u00e9nt\u201d emlegetik. Egy \u00f6sszeomlott vulk\u00e1n, amelyet buja f\u00fcves ter\u00fcletek, mocsarak \u00e9s egy sz\u00f3dat\u00f3 bor\u00edt. Meg fogja tal\u00e1lni <strong data-start=\"1606\" data-end=\"1630\">mind az \u00f6t nagy \u00e1llat<\/strong> itt, bele\u00e9rtve a ritka fekete orrszarv\u00fat is.<\/p><p class=\"\" data-start=\"1670\" data-end=\"1685\"><strong data-start=\"1670\" data-end=\"1684\">F\u0151bb jellemz\u0151k<\/strong>:<\/p><ul data-start=\"1686\" data-end=\"1799\"><li class=\"\" data-start=\"1686\" data-end=\"1712\"><p class=\"\" data-start=\"1688\" data-end=\"1712\">Kr\u00e1terpadl\u00f3s j\u00e1t\u00e9kt\u00e9r<\/p><\/li><li class=\"\" data-start=\"1713\" data-end=\"1739\"><p class=\"\" data-start=\"1715\" data-end=\"1739\">L\u00e1togat\u00e1s masz\u00e1j falvakban<\/p><\/li><li class=\"\" data-start=\"1740\" data-end=\"1799\"><p class=\"\" data-start=\"1742\" data-end=\"1799\">Hihetetlen t\u00e1j, nagy es\u00e9llyel vadvil\u00e1got l\u00e1tni<\/p><\/li><\/ul><hr class=\"\" data-start=\"1801\" data-end=\"1804\" \/><h2 class=\"\" data-start=\"1806\" data-end=\"1859\">3. <strong data-start=\"1812\" data-end=\"1839\">Tarangire Nemzeti Park<\/strong> \u2013 Elef\u00e1ntparadicsom<\/h2><p class=\"\" data-start=\"1861\" data-end=\"1962\"><strong data-start=\"1861\" data-end=\"1883\">Legjobb id\u0151 a l\u00e1togat\u00e1sra<\/strong>J\u00faniust\u00f3l okt\u00f3berig<br data-start=\"1900\" data-end=\"1903\" \/><strong data-start=\"1903\" data-end=\"1916\">Ismert<\/strong>Nagy elef\u00e1ntcsord\u00e1k, baobabf\u00e1k, mad\u00e1rvil\u00e1g<\/p><p class=\"\" data-start=\"1964\" data-end=\"2183\">Gyakran figyelmen k\u00edv\u00fcl hagyj\u00e1k, <strong data-start=\"1982\" data-end=\"1995\">Tarangire<\/strong> egyed\u00fcl\u00e1ll\u00f3 szafari \u00e9lm\u00e9nyt k\u00edn\u00e1l <strong data-start=\"2039\" data-end=\"2065\">hatalmas elef\u00e1ntcsord\u00e1k<\/strong>, k\u00fcl\u00f6n\u00f6sen a sz\u00e1raz \u00e9vszakban. A parkot \u0151si baobabf\u00e1k tark\u00edtj\u00e1k, \u00e9s t\u00f6bb mint 500 mad\u00e1rfajnak ad otthont.<\/p><p class=\"\" data-start=\"2185\" data-end=\"2200\"><strong data-start=\"2185\" data-end=\"2199\">F\u0151bb jellemz\u0151k<\/strong>:<\/p><ul data-start=\"2201\" data-end=\"2322\"><li class=\"\" data-start=\"2201\" data-end=\"2242\"><p class=\"\" data-start=\"2203\" data-end=\"2242\">Elef\u00e1nt\u00e9szlel\u00e9s a Tarangire foly\u00f3 k\u00f6zel\u00e9ben<\/p><\/li><li class=\"\" data-start=\"2243\" data-end=\"2268\"><p class=\"\" data-start=\"2245\" data-end=\"2268\">Kiv\u00e1l\u00f3 mad\u00e1rmegfigyel\u00e9s<\/p><\/li><li class=\"\" data-start=\"2269\" data-end=\"2322\"><p class=\"\" data-start=\"2271\" data-end=\"2322\">Gyalogos szafarik \u00e9s kitaposott \u00f6sv\u00e9nyeken tett kir\u00e1ndul\u00e1sok<\/p><\/li><\/ul><hr class=\"\" data-start=\"2324\" data-end=\"2327\" \/><h2 class=\"\" data-start=\"2329\" data-end=\"2398\">4. <strong data-start=\"2335\" data-end=\"2365\">Manyara-t\u00f3 Nemzeti Park<\/strong> \u2013 F\u00e1ra m\u00e1sz\u00f3 oroszl\u00e1nok \u00e9s mad\u00e1rvil\u00e1g<\/h2><p class=\"\" data-start=\"2400\" data-end=\"2545\"><strong data-start=\"2400\" data-end=\"2422\">Legjobb id\u0151 a l\u00e1togat\u00e1sra<\/strong>J\u00faniust\u00f3l okt\u00f3berig \u00e9s novembert\u0151l febru\u00e1rig (mad\u00e1rmegfigyel\u00e9s c\u00e9lj\u00e1b\u00f3l)<br data-start=\"2476\" data-end=\"2479\" \/><strong data-start=\"2479\" data-end=\"2492\">Ismert<\/strong>F\u00e1ra m\u00e1sz\u00f3 oroszl\u00e1nok, flaming\u00f3k, talajv\u00edzi erd\u0151k<\/p><p class=\"\" data-start=\"2547\" data-end=\"2788\"><strong data-start=\"2547\" data-end=\"2563\">Manyara-t\u00f3<\/strong> lehet, hogy kicsi, de hihetetlen\u00fcl v\u00e1ltozatos. H\u00edres arr\u00f3l, hogy <strong data-start=\"2627\" data-end=\"2650\">f\u00e1ra m\u00e1sz\u00f3 oroszl\u00e1nok<\/strong> \u00e9s a tavat szezon\u00e1lisan bebor\u00edt\u00f3 flaming\u00f3csapatok. A park buja erd\u0151ket, ny\u00edlt s\u00edks\u00e1gokat \u00e9s egy sz\u00f3datavat k\u00edn\u00e1l egyetlen kompakt ter\u00fcleten.<\/p><p class=\"\" data-start=\"2790\" data-end=\"2805\"><strong data-start=\"2790\" data-end=\"2804\">F\u0151bb jellemz\u0151k<\/strong>:<\/p><ul data-start=\"2806\" data-end=\"2915\"><li class=\"\" data-start=\"2806\" data-end=\"2848\"><p class=\"\" data-start=\"2808\" data-end=\"2848\">Kenu szafarik (ha a v\u00edz\u00e1ll\u00e1s engedi)<\/p><\/li><li class=\"\" data-start=\"2849\" data-end=\"2877\"><p class=\"\" data-start=\"2851\" data-end=\"2877\">Erd\u0151- \u00e9s t\u00f3\u00f6kosziszt\u00e9m\u00e1k<\/p><\/li><li class=\"\" data-start=\"2878\" data-end=\"2915\"><p class=\"\" data-start=\"2880\" data-end=\"2915\">Arusha k\u00f6zels\u00e9ge (k\u00f6nny\u0171 egynapos kir\u00e1ndul\u00e1s)<\/p><\/li><\/ul><hr class=\"\" data-start=\"2917\" data-end=\"2920\" \/><h2 class=\"\" data-start=\"2922\" data-end=\"2975\">5. <strong data-start=\"2928\" data-end=\"2951\">Ruaha Nemzeti Park<\/strong> \u2013 Tanz\u00e1nia rejtett kincse<\/h2><p class=\"\" data-start=\"2977\" data-end=\"3085\"><strong data-start=\"2977\" data-end=\"2999\">Legjobb id\u0151 a l\u00e1togat\u00e1sra<\/strong>J\u00faniust\u00f3l okt\u00f3berig<br data-start=\"3016\" data-end=\"3019\" \/><strong data-start=\"3019\" data-end=\"3032\">Ismert<\/strong>T\u00e1voli vadon, ragadoz\u00f3k, nagy oroszl\u00e1ncsapatok<\/p><p class=\"\" data-start=\"3087\" data-end=\"3359\"><strong data-start=\"3087\" data-end=\"3096\">Ruaha<\/strong> Tanz\u00e1nia legnagyobb \u00e9s egyben az egyik legeldugottabb nemzeti parkja. Vad, zs\u00fafolts\u00e1gmentes szafari\u00e9lm\u00e9nyt k\u00edn\u00e1l, \u00e9s nagysz\u00e1m\u00fa \u00e1llat\u00e1r\u00f3l ismert. <strong data-start=\"3249\" data-end=\"3283\">oroszl\u00e1nok, leop\u00e1rdok \u00e9s elef\u00e1ntok<\/strong>. T\u00f6k\u00e9letes a kalandv\u00e1gy\u00f3 utaz\u00f3k sz\u00e1m\u00e1ra, akik egy kicsit let\u00e9r\u0151 szafarira v\u00e1gynak.<\/p><p class=\"\" data-start=\"3361\" data-end=\"3376\"><strong data-start=\"3361\" data-end=\"3375\">F\u0151bb jellemz\u0151k<\/strong>:<\/p><ul data-start=\"3377\" data-end=\"3481\"><li class=\"\" data-start=\"3377\" data-end=\"3401\"><p class=\"\" data-start=\"3379\" data-end=\"3401\">Meghitt szafarih\u00e1zak<\/p><\/li><li class=\"\" data-start=\"3402\" data-end=\"3450\"><p class=\"\" data-start=\"3404\" data-end=\"3450\">V\u00e1ltozatos t\u00e1jak szikl\u00e1s dombokkal \u00e9s foly\u00f3kkal<\/p><\/li><li class=\"\" data-start=\"3451\" data-end=\"3481\"><p class=\"\" data-start=\"3453\" data-end=\"3481\">Kiv\u00e1l\u00f3 ragadoz\u00f3\u00e9szlel\u00e9s<\/p><\/li><\/ul><hr class=\"\" data-start=\"3483\" data-end=\"3486\" \/><h2 class=\"\" data-start=\"3488\" data-end=\"3505\">Z\u00e1r\u00f3 gondolatok<\/h2><p class=\"\" data-start=\"3507\" data-end=\"3736\">Ak\u00e1r el\u0151sz\u00f6r l\u00e1togatsz oda, ak\u00e1r tapasztalt szafarira v\u00e1gysz, Tanz\u00e1nia nemzeti parkjai felejthetetlen vadvil\u00e1gi \u00e9lm\u00e9nyeket k\u00edn\u00e1lnak. <strong data-start=\"3649\" data-end=\"3669\">ikonikus Serengeti<\/strong> a <strong data-start=\"3677\" data-end=\"3703\">Ruaha rejtett sz\u00e9ps\u00e9ge<\/strong>, mindenkinek jut valami.<\/p><p class=\"\" data-start=\"3738\" data-end=\"3857\">K\u00e9szen \u00e1llsz az utaz\u00e1sra? L\u00e9pj kapcsolatba egy megb\u00edzhat\u00f3 utaz\u00e1sszervez\u0151vel, aki seg\u00edt \u00f6ssze\u00e1ll\u00edtani a t\u00f6k\u00e9letes tanz\u00e1niai szafari \u00fatvonalat.<\/p>\t\t\t\t\t\t\t\t<\/div>\n\t\t\t\t<\/div>\n\t\t\t\t\t<\/div>\n\t\t\t\t<\/div>\n\t\t\t\t\t<\/div>\n\t\t\t\t<\/div>\n\t\t\t\t<\/div>","protected":false},"excerpt":{"rendered":"<p>Kezd\u0151lap \/ Blog Tanz\u00e1nia l\u00e9legzetel\u00e1ll\u00edt\u00f3 sz\u00e9ps\u00e9g\u0171, v\u00e1ltozatos \u00f6kosziszt\u00e9m\u00e1kkal \u00e9s a bolyg\u00f3 n\u00e9h\u00e1ny legjobb vadvil\u00e1g-megfigyel\u0151 hely\u00e9vel b\u00fcszk\u00e9lkedhet. Az ikonikus Serengeti-s\u00edks\u00e1gt\u00f3l a fens\u00e9ges Ngorongoro-kr\u00e1terig Tanz\u00e1nia p\u00e1ratlan szafari \u00e9lm\u00e9nyt k\u00edn\u00e1l. Ha szafari kalandot tervez, \u00edme Tanz\u00e1nia 5 legjobb szafari \u00fati c\u00e9lja [\u2026]<\/p>","protected":false},"author":1,"featured_media":0,"parent":0,"menu_order":0,"comment_status":"closed","ping_status":"closed","template":"elementor_canvas","meta":{"footnotes":""},"class_list":["post-10238","page","type-page","status-publish","hentry"],"yoast_head":"<!-- This site is optimized with the Yoast SEO plugin v25.7 - https:\/\/yoast.com\/wordpress\/plugins\/seo\/ -->\n<title>Must visit destinations - Nurtured Wildlife Safaris<\/title>\n<meta name=\"robots\" content=\"index, follow, max-snippet:-1, max-image-preview:large, max-video-preview:-1\" \/>\n<link rel=\"canonical\" href=\"https:\/\/nurturedwildlife.com\/hu\/kotelezoen-meglatogatando-uti-celok\/\" \/>\n<meta property=\"og:locale\" content=\"hu_HU\" \/>\n<meta property=\"og:type\" content=\"article\" \/>\n<meta property=\"og:title\" content=\"Must visit destinations - Nurtured Wildlife Safaris\" \/>\n<meta property=\"og:description\" content=\"Home \/ Blog Tanzania is a land of breathtaking beauty, diverse ecosystems, and some of the best wildlife viewing on the planet. From the iconic Serengeti plains to the majestic Ngorongoro Crater, Tanzania offers a safari experience like no other. If you\u2019re planning a safari adventure, here are the top 5 safari destinations in Tanzania [&hellip;]\" \/>\n<meta property=\"og:url\" content=\"https:\/\/nurturedwildlife.com\/hu\/kotelezoen-meglatogatando-uti-celok\/\" \/>\n<meta property=\"og:site_name\" content=\"Nurtured Wildlife Safaris\" \/>\n<meta property=\"article:modified_time\" content=\"2025-05-17T13:55:45+00:00\" \/>\n<meta name=\"twitter:card\" content=\"summary_large_image\" \/>\n<meta name=\"twitter:label1\" content=\"Becs\u00fclt olvas\u00e1si id\u0151\" \/>\n\t<meta name=\"twitter:data1\" content=\"3 perc\" \/>\n<script type=\"application\/ld+json\" class=\"yoast-schema-graph\">{\"@context\":\"https:\/\/schema.org\",\"@graph\":[{\"@type\":\"WebPage\",\"@id\":\"https:\/\/nurturedwildlife.com\/must-visit-destinations\/\",\"url\":\"https:\/\/nurturedwildlife.com\/must-visit-destinations\/\",\"name\":\"Must visit destinations - Nurtured Wildlife Safaris\",\"isPartOf\":{\"@id\":\"https:\/\/nurturedwildlife.com\/#website\"},\"datePublished\":\"2025-05-17T13:54:46+00:00\",\"dateModified\":\"2025-05-17T13:55:45+00:00\",\"breadcrumb\":{\"@id\":\"https:\/\/nurturedwildlife.com\/must-visit-destinations\/#breadcrumb\"},\"inLanguage\":\"hu\",\"potentialAction\":[{\"@type\":\"ReadAction\",\"target\":[\"https:\/\/nurturedwildlife.com\/must-visit-destinations\/\"]}]},{\"@type\":\"BreadcrumbList\",\"@id\":\"https:\/\/nurturedwildlife.com\/must-visit-destinations\/#breadcrumb\",\"itemListElement\":[{\"@type\":\"ListItem\",\"position\":1,\"name\":\"Home\",\"item\":\"https:\/\/nurturedwildlife.com\/\"},{\"@type\":\"ListItem\",\"position\":2,\"name\":\"Must visit destinations\"}]},{\"@type\":\"WebSite\",\"@id\":\"https:\/\/nurturedwildlife.com\/#website\",\"url\":\"https:\/\/nurturedwildlife.com\/\",\"name\":\"Nurtured Wildlife Safaris\",\"description\":\"Tanzania Unforgettable\",\"publisher\":{\"@id\":\"https:\/\/nurturedwildlife.com\/#organization\"},\"potentialAction\":[{\"@type\":\"SearchAction\",\"target\":{\"@type\":\"EntryPoint\",\"urlTemplate\":\"https:\/\/nurturedwildlife.com\/?s={search_term_string}\"},\"query-input\":{\"@type\":\"PropertyValueSpecification\",\"valueRequired\":true,\"valueName\":\"search_term_string\"}}],\"inLanguage\":\"hu\"},{\"@type\":\"Organization\",\"@id\":\"https:\/\/nurturedwildlife.com\/#organization\",\"name\":\"Nurtured Wildlife Safaris\",\"url\":\"https:\/\/nurturedwildlife.com\/\",\"logo\":{\"@type\":\"ImageObject\",\"inLanguage\":\"hu\",\"@id\":\"https:\/\/nurturedwildlife.com\/#\/schema\/logo\/image\/\",\"url\":\"https:\/\/nurturedwildlife.com\/wp-content\/uploads\/2023\/12\/nurtured-png.png\",\"contentUrl\":\"https:\/\/nurturedwildlife.com\/wp-content\/uploads\/2023\/12\/nurtured-png.png\",\"width\":4641,\"height\":1704,\"caption\":\"Nurtured Wildlife Safaris\"},\"image\":{\"@id\":\"https:\/\/nurturedwildlife.com\/#\/schema\/logo\/image\/\"}}]}<\/script>\n<!-- \/ Yoast SEO plugin. -->","yoast_head_json":{"title":"Kihagyhatatlan \u00fati c\u00e9lok - Nurtured Wildlife Safaris","robots":{"index":"index","follow":"follow","max-snippet":"max-snippet:-1","max-image-preview":"max-image-preview:large","max-video-preview":"max-video-preview:-1"},"canonical":"https:\/\/nurturedwildlife.com\/hu\/kotelezoen-meglatogatando-uti-celok\/","og_locale":"hu_HU","og_type":"article","og_title":"Must visit destinations - Nurtured Wildlife Safaris","og_description":"Home \/ Blog Tanzania is a land of breathtaking beauty, diverse ecosystems, and some of the best wildlife viewing on the planet. From the iconic Serengeti plains to the majestic Ngorongoro Crater, Tanzania offers a safari experience like no other. If you\u2019re planning a safari adventure, here are the top 5 safari destinations in Tanzania [&hellip;]","og_url":"https:\/\/nurturedwildlife.com\/hu\/kotelezoen-meglatogatando-uti-celok\/","og_site_name":"Nurtured Wildlife Safaris","article_modified_time":"2025-05-17T13:55:45+00:00","twitter_card":"summary_large_image","twitter_misc":{"Becs\u00fclt olvas\u00e1si id\u0151":"3 perc"},"schema":{"@context":"https:\/\/schema.org","@graph":[{"@type":"WebPage","@id":"https:\/\/nurturedwildlife.com\/must-visit-destinations\/","url":"https:\/\/nurturedwildlife.com\/must-visit-destinations\/","name":"Kihagyhatatlan \u00fati c\u00e9lok - Nurtured Wildlife Safaris","isPartOf":{"@id":"https:\/\/nurturedwildlife.com\/#website"},"datePublished":"2025-05-17T13:54:46+00:00","dateModified":"2025-05-17T13:55:45+00:00","breadcrumb":{"@id":"https:\/\/nurturedwildlife.com\/must-visit-destinations\/#breadcrumb"},"inLanguage":"hu","potentialAction":[{"@type":"ReadAction","target":["https:\/\/nurturedwildlife.com\/must-visit-destinations\/"]}]},{"@type":"BreadcrumbList","@id":"https:\/\/nurturedwildlife.com\/must-visit-destinations\/#breadcrumb","itemListElement":[{"@type":"ListItem","position":1,"name":"Home","item":"https:\/\/nurturedwildlife.com\/"},{"@type":"ListItem","position":2,"name":"Must visit destinations"}]},{"@type":"WebSite","@id":"https:\/\/nurturedwildlife.com\/#website","url":"https:\/\/nurturedwildlife.com\/","name":"\u00c1polt Vadvil\u00e1g Szafarik","description":"Tanz\u00e1nia Felejthetetlen","publisher":{"@id":"https:\/\/nurturedwildlife.com\/#organization"},"potentialAction":[{"@type":"SearchAction","target":{"@type":"EntryPoint","urlTemplate":"https:\/\/nurturedwildlife.com\/?s={search_term_string}"},"query-input":{"@type":"PropertyValueSpecification","valueRequired":true,"valueName":"search_term_string"}}],"inLanguage":"hu"},{"@type":"Organization","@id":"https:\/\/nurturedwildlife.com\/#organization","name":"\u00c1polt Vadvil\u00e1g Szafarik","url":"https:\/\/nurturedwildlife.com\/","logo":{"@type":"ImageObject","inLanguage":"hu","@id":"https:\/\/nurturedwildlife.com\/#\/schema\/logo\/image\/","url":"https:\/\/nurturedwildlife.com\/wp-content\/uploads\/2023\/12\/nurtured-png.png","contentUrl":"https:\/\/nurturedwildlife.com\/wp-content\/uploads\/2023\/12\/nurtured-png.png","width":4641,"height":1704,"caption":"Nurtured Wildlife Safaris"},"image":{"@id":"https:\/\/nurturedwildlife.com\/#\/schema\/logo\/image\/"}}]}},"_links":{"self":[{"href":"https:\/\/nurturedwildlife.com\/hu\/wp-json\/wp\/v2\/pages\/10238","targetHints":{"allow":["GET"]}}],"collection":[{"href":"https:\/\/nurturedwildlife.com\/hu\/wp-json\/wp\/v2\/pages"}],"about":[{"href":"https:\/\/nurturedwildlife.com\/hu\/wp-json\/wp\/v2\/types\/page"}],"author":[{"embeddable":true,"href":"https:\/\/nurturedwildlife.com\/hu\/wp-json\/wp\/v2\/users\/1"}],"replies":[{"embeddable":true,"href":"https:\/\/nurturedwildlife.com\/hu\/wp-json\/wp\/v2\/comments?post=10238"}],"version-history":[{"count":5,"href":"https:\/\/nurturedwildlife.com\/hu\/wp-json\/wp\/v2\/pages\/10238\/revisions"}],"predecessor-version":[{"id":10250,"href":"https:\/\/nurturedwildlife.com\/hu\/wp-json\/wp\/v2\/pages\/10238\/revisions\/10250"}],"wp:attachment":[{"href":"https:\/\/nurturedwildlife.com\/hu\/wp-json\/wp\/v2\/media?parent=10238"}],"curies":[{"name":"munkaf\u00fczet","href":"https:\/\/api.w.org\/{rel}","templated":true}]}}