{"id":10275,"date":"2025-05-17T14:24:42","date_gmt":"2025-05-17T14:24:42","guid":{"rendered":"https:\/\/nurturedwildlife.com\/?page_id=10275"},"modified":"2025-05-17T14:26:46","modified_gmt":"2025-05-17T14:26:46","slug":"conseils-pour-lascension-du-kilimandjaro","status":"publish","type":"page","link":"https:\/\/nurturedwildlife.com\/fr\/conseils-pour-lascension-du-kilimandjaro\/","title":{"rendered":"Conseils pour l&#039;ascension du Kilimandjaro"},"content":{"rendered":"<div data-elementor-type=\"wp-page\" data-elementor-id=\"10275\" class=\"elementor elementor-10275\" data-elementor-post-type=\"page\">\n\t\t\t\t<div class=\"elementor-element elementor-element-e00a70f e-con-full e-flex e-con e-parent\" data-id=\"e00a70f\" data-element_type=\"container\" data-e-type=\"container\" data-settings=\"{&quot;background_background&quot;:&quot;classic&quot;}\">\n\t\t<div class=\"elementor-element elementor-element-4f28cb66 e-con-full e-flex e-con e-child\" data-id=\"4f28cb66\" data-element_type=\"container\" data-e-type=\"container\" data-settings=\"{&quot;background_background&quot;:&quot;classic&quot;}\">\n\t\t\t\t<div class=\"elementor-element elementor-element-770fe869 elementor-widget elementor-widget-text-editor\" data-id=\"770fe869\" data-element_type=\"widget\" data-e-type=\"widget\" data-widget_type=\"text-editor.default\">\n\t\t\t\t<div class=\"elementor-widget-container\">\n\t\t\t\t\t\t\t\t\t<p><a href=\"#\">Maison<\/a> \/ Blog<\/p>\t\t\t\t\t\t\t\t<\/div>\n\t\t\t\t<\/div>\n\t\t\t\t<\/div>\n\t\t\t\t<\/div>\n\t\t<div class=\"elementor-element elementor-element-3f9f40b e-flex e-con-boxed e-con e-parent\" data-id=\"3f9f40b\" data-element_type=\"container\" data-e-type=\"container\">\n\t\t\t\t\t<div class=\"e-con-inner\">\n\t\t<div class=\"elementor-element elementor-element-5a9f91e3 e-flex e-con-boxed e-con e-child\" data-id=\"5a9f91e3\" data-element_type=\"container\" data-e-type=\"container\" data-settings=\"{&quot;background_background&quot;:&quot;classic&quot;}\">\n\t\t\t\t\t<div class=\"e-con-inner\">\n\t\t\t\t<div class=\"elementor-element elementor-element-bdbea60 elementor-widget elementor-widget-text-editor\" data-id=\"bdbea60\" data-element_type=\"widget\" data-e-type=\"widget\" data-widget_type=\"text-editor.default\">\n\t\t\t\t<div class=\"elementor-widget-container\">\n\t\t\t\t\t\t\t\t\t<p class=\"\" data-start=\"237\" data-end=\"493\">Escalade <strong data-start=\"246\" data-end=\"267\">Mont Kilimandjaro<\/strong>, L&#039;ascension du Mont Athos, le plus haut sommet d&#039;Afrique (5\u00a0895\u00a0m), est une aventure unique. Que vous soyez un randonneur novice ou chevronn\u00e9, une bonne pr\u00e9paration peut faire toute la diff\u00e9rence entre atteindre le sommet et rebrousser chemin.<\/p><p class=\"\" data-start=\"495\" data-end=\"615\">Pour vous aider \u00e0 conqu\u00e9rir le \u201c Toit de l\u2019Afrique \u201d, voici\u2026 <strong data-start=\"550\" data-end=\"583\">Conseils pour l&#039;ascension du Kilimandjaro<\/strong> que tout randonneur devrait savoir.<\/p><hr class=\"\" data-start=\"617\" data-end=\"620\" \/><h2 class=\"\" data-start=\"622\" data-end=\"662\">1. <strong data-start=\"628\" data-end=\"662\">Choisissez le bon itin\u00e9raire pour vous<\/strong><\/h2><p class=\"\" data-start=\"664\" data-end=\"770\">Il existe plusieurs itin\u00e9raires pour atteindre le sommet, chacun offrant des paysages, des niveaux de difficult\u00e9 et des taux de r\u00e9ussite diff\u00e9rents.<\/p><ul data-start=\"772\" data-end=\"1058\"><li class=\"\" data-start=\"772\" data-end=\"826\"><p class=\"\" data-start=\"774\" data-end=\"826\"><strong data-start=\"774\" data-end=\"800\">Route de Machame (7 jours)<\/strong> \u2013 Les plus populaires et pittoresques<\/p><\/li><li class=\"\" data-start=\"827\" data-end=\"902\"><p class=\"\" data-start=\"829\" data-end=\"902\"><strong data-start=\"829\" data-end=\"855\">Route de Lemosho (8 jours)<\/strong> \u2013 Id\u00e9al pour l&#039;acclimatation et offrant des vues imprenables<\/p><\/li><li class=\"\" data-start=\"903\" data-end=\"980\"><p class=\"\" data-start=\"905\" data-end=\"980\"><strong data-start=\"905\" data-end=\"933\">Route de Marangu (5 \u00e0 6 jours)<\/strong> \u2013 L\u2019itin\u00e9raire \u201c\u00a0Coca-Cola\u00a0\u201d avec h\u00e9bergement en refuge<\/p><\/li><li class=\"\" data-start=\"981\" data-end=\"1058\"><p class=\"\" data-start=\"983\" data-end=\"1058\"><strong data-start=\"983\" data-end=\"1010\">Route de Rongai (6\u20137 jours)<\/strong> \u2013 Plus calme et plus sec, venant du nord<\/p><\/li><\/ul><p class=\"\" data-start=\"1060\" data-end=\"1145\">\ud83d\udc49 <em data-start=\"1063\" data-end=\"1068\">Conseil<\/em>Les itin\u00e9raires plus longs offrent une meilleure acclimatation et des taux de r\u00e9ussite au sommet plus \u00e9lev\u00e9s.<\/p><hr class=\"\" data-start=\"1147\" data-end=\"1150\" \/><h2 class=\"\" data-start=\"1152\" data-end=\"1207\">2. <strong data-start=\"1158\" data-end=\"1207\">S&#039;acclimater lentement pour \u00e9viter le mal d&#039;altitude<\/strong><\/h2><p class=\"\" data-start=\"1209\" data-end=\"1312\">Le mal d&#039;altitude est le plus grand d\u00e9fi sur le Kilimandjaro. Progresser lentement permet \u00e0 votre corps de s&#039;acclimater.<\/p><ul data-start=\"1314\" data-end=\"1486\"><li class=\"\" data-start=\"1314\" data-end=\"1360\"><p class=\"\" data-start=\"1316\" data-end=\"1360\">Respectez la r\u00e8gle\u00a0: <strong data-start=\"1333\" data-end=\"1360\">\u201c Grimpez haut, dormez bas \u201d<\/strong><\/p><\/li><li class=\"\" data-start=\"1361\" data-end=\"1405\"><p class=\"\" data-start=\"1363\" data-end=\"1405\">Choisissez des randonn\u00e9es qui sont <strong data-start=\"1385\" data-end=\"1405\">7 jours ou plus<\/strong><\/p><\/li><li class=\"\" data-start=\"1406\" data-end=\"1486\"><p class=\"\" data-start=\"1408\" data-end=\"1486\">Signalez \u00e0 votre guide si vous ressentez des sympt\u00f4mes (maux de t\u00eate, naus\u00e9es, vertiges).<\/p><\/li><\/ul><p class=\"\" data-start=\"1488\" data-end=\"1556\">\ud83d\udc49 <em data-start=\"1491\" data-end=\"1496\">Conseil<\/em>Marchez au \u201c pole pole \u201d (en swahili, cela signifie \u00ab marcher au pole pole \u00bb). <em data-start=\"1533\" data-end=\"1549\">lentement, lentement<\/em>) rythme.<\/p><hr class=\"\" data-start=\"1558\" data-end=\"1561\" \/><h2 class=\"\" data-start=\"1563\" data-end=\"1592\">3. <strong data-start=\"1569\" data-end=\"1592\">Entra\u00eenez-vous pour l&#039;ascension<\/strong><\/h2><p class=\"\" data-start=\"1594\" data-end=\"1682\">Bien que l&#039;ascension du Kilimandjaro ne n\u00e9cessite pas de comp\u00e9tences techniques particuli\u00e8res, elle repr\u00e9sente un d\u00e9fi physique consid\u00e9rable.<\/p><ul data-start=\"1684\" data-end=\"1846\"><li class=\"\" data-start=\"1684\" data-end=\"1726\"><p class=\"\" data-start=\"1686\" data-end=\"1726\"><strong data-start=\"1686\" data-end=\"1726\">Commencez l&#039;entra\u00eenement 2 \u00e0 3 mois \u00e0 l&#039;avance<\/strong><\/p><\/li><li class=\"\" data-start=\"1727\" data-end=\"1786\"><p class=\"\" data-start=\"1729\" data-end=\"1786\">Se concentrer sur <strong data-start=\"1738\" data-end=\"1786\">cardio, musculation et randonn\u00e9e avec un sac \u00e0 dos<\/strong><\/p><\/li><li class=\"\" data-start=\"1787\" data-end=\"1846\"><p class=\"\" data-start=\"1789\" data-end=\"1846\">Pratique <strong data-start=\"1798\" data-end=\"1833\">longues marches ou randonn\u00e9es en altitude<\/strong>, si possible<\/p><\/li><\/ul><p class=\"\" data-start=\"1848\" data-end=\"1949\">\ud83d\udc49 <em data-start=\"1851\" data-end=\"1856\">Conseil<\/em>Int\u00e9grez \u00e0 vos s\u00e9ances d&#039;entra\u00eenement des exercices comme la mont\u00e9e d&#039;escaliers, la marche sur tapis roulant inclin\u00e9 et l&#039;entra\u00eenement d&#039;endurance.<\/p><hr class=\"\" data-start=\"1951\" data-end=\"1954\" \/><h2 class=\"\" data-start=\"1956\" data-end=\"1985\">4. <strong data-start=\"1962\" data-end=\"1985\">Emportez le mat\u00e9riel ad\u00e9quat<\/strong><\/h2><p class=\"\" data-start=\"1987\" data-end=\"2107\">Un \u00e9quipement adapt\u00e9 peut faire toute la diff\u00e9rence lors de votre ascension. Le climat sur le Kilimandjaro peut varier consid\u00e9rablement, passant d&#039;une chaleur tropicale \u00e0 un froid glacial.<\/p><p class=\"\" data-start=\"2109\" data-end=\"2124\"><strong data-start=\"2109\" data-end=\"2123\">Indispensables<\/strong>:<\/p><ul data-start=\"2125\" data-end=\"2348\"><li class=\"\" data-start=\"2125\" data-end=\"2201\"><p class=\"\" data-start=\"2127\" data-end=\"2201\">Bien <strong data-start=\"2132\" data-end=\"2159\">syst\u00e8me de v\u00eatements superpos\u00e9s<\/strong> (couches de base, isolantes et imperm\u00e9ables)<\/p><\/li><li class=\"\" data-start=\"2202\" data-end=\"2251\"><p class=\"\" data-start=\"2204\" data-end=\"2251\">Chaud <strong data-start=\"2209\" data-end=\"2225\">sac de couchage<\/strong> (r\u00e9sistant \u00e0 des temp\u00e9ratures de -10 \u00b0C ou moins)<\/p><\/li><li class=\"\" data-start=\"2252\" data-end=\"2287\"><p class=\"\" data-start=\"2254\" data-end=\"2287\"><strong data-start=\"2254\" data-end=\"2270\">chaussures de randonn\u00e9e<\/strong> (bien rod\u00e9)<\/p><\/li><li class=\"\" data-start=\"2288\" data-end=\"2348\"><p class=\"\" data-start=\"2290\" data-end=\"2348\"><strong data-start=\"2290\" data-end=\"2302\">Lampe frontale<\/strong>, <strong data-start=\"2304\" data-end=\"2322\">b\u00e2tons de randonn\u00e9e<\/strong>, et <strong data-start=\"2328\" data-end=\"2348\">syst\u00e8me d&#039;hydratation<\/strong><\/p><\/li><\/ul><p class=\"\" data-start=\"2350\" data-end=\"2440\">\ud83d\udc49 <em data-start=\"2353\" data-end=\"2358\">Conseil<\/em>N\u2019emportez pas trop de bagages, mais ne l\u00e9sinez pas non plus sur l\u2019essentiel, surtout sur les v\u00eatements chauds.<\/p><hr class=\"\" data-start=\"2442\" data-end=\"2445\" \/><h2 class=\"\" data-start=\"2447\" data-end=\"2483\">5. <strong data-start=\"2453\" data-end=\"2483\">Restez hydrat\u00e9 et mangez bien<\/strong><\/h2><p class=\"\" data-start=\"2485\" data-end=\"2583\">L&#039;ascension du Kilimandjaro br\u00fble beaucoup de calories et la d\u00e9shydratation augmente le risque de mal de l&#039;altitude.<\/p><ul data-start=\"2585\" data-end=\"2744\"><li class=\"\" data-start=\"2585\" data-end=\"2631\"><p class=\"\" data-start=\"2587\" data-end=\"2631\">Boire <strong data-start=\"2593\" data-end=\"2631\">au moins 3 \u00e0 4 litres d&#039;eau par jour<\/strong><\/p><\/li><li class=\"\" data-start=\"2632\" data-end=\"2683\"><p class=\"\" data-start=\"2634\" data-end=\"2683\">Apporter <strong data-start=\"2640\" data-end=\"2663\">comprim\u00e9s d&#039;\u00e9lectrolytes<\/strong> pour une hydratation suppl\u00e9mentaire<\/p><\/li><li class=\"\" data-start=\"2684\" data-end=\"2744\"><p class=\"\" data-start=\"2686\" data-end=\"2744\">Prenez tous vos repas, m\u00eame si vous n&#039;avez pas faim en altitude.<\/p><\/li><\/ul><p class=\"\" data-start=\"2746\" data-end=\"2828\">\ud83d\udc49 <em data-start=\"2749\" data-end=\"2754\">Conseil<\/em>Apportez vos en-cas \u00e9nerg\u00e9tiques pr\u00e9f\u00e9r\u00e9s, comme des noix, des barres de c\u00e9r\u00e9ales ou du chocolat.<\/p><hr class=\"\" data-start=\"2830\" data-end=\"2833\" \/><h2 class=\"\" data-start=\"2835\" data-end=\"2874\">6. <strong data-start=\"2841\" data-end=\"2874\">Faites confiance \u00e0 vos guides et porteurs<\/strong><\/h2><p class=\"\" data-start=\"2876\" data-end=\"2958\">Votre \u00e9quipe de montagne est l\u00e0 pour vous soutenir, surveiller votre sant\u00e9 et vous encourager.<\/p><ul data-start=\"2960\" data-end=\"3114\"><li class=\"\" data-start=\"2960\" data-end=\"3024\"><p class=\"\" data-start=\"2962\" data-end=\"3024\">Posez des questions, respectez leur rythme et leur exp\u00e9rience.<\/p><\/li><li class=\"\" data-start=\"3025\" data-end=\"3114\"><p class=\"\" data-start=\"3027\" data-end=\"3114\">Apprenez quelques phrases swahilies de base pour communiquer avec votre \u00e9quipe (par exemple, <em data-start=\"3093\" data-end=\"3101\">Jambo !<\/em> pour \u201c bonjour \u201d)<\/p><\/li><\/ul><p class=\"\" data-start=\"3116\" data-end=\"3189\">\ud83d\udc49 <em data-start=\"3119\" data-end=\"3124\">Conseil<\/em>Il est d&#039;usage de laisser un pourboire \u2014 renseignez-vous aupr\u00e8s de votre op\u00e9rateur pour conna\u00eetre les modalit\u00e9s.<\/p><hr class=\"\" data-start=\"3191\" data-end=\"3194\" \/><h2 class=\"\" data-start=\"3196\" data-end=\"3239\">7. <strong data-start=\"3202\" data-end=\"3239\">Restez positif et mentalement fort<\/strong><\/h2><p class=\"\" data-start=\"3241\" data-end=\"3365\">L&#039;ascension finale est difficile, surtout la nuit de l&#039;ascension, lorsqu&#039;il faut partir dans le noir et marcher pendant 6 \u00e0 8 heures pour atteindre le pic Uhuru.<\/p><ul data-start=\"3367\" data-end=\"3506\"><li class=\"\" data-start=\"3367\" data-end=\"3403\"><p class=\"\" data-start=\"3369\" data-end=\"3403\">Pr\u00e9parez-vous mentalement \u00e0 relever le d\u00e9fi<\/p><\/li><li class=\"\" data-start=\"3404\" data-end=\"3464\"><p class=\"\" data-start=\"3406\" data-end=\"3464\">Gardez un <strong data-start=\"3413\" data-end=\"3434\">attitude positive<\/strong>, et prenez-le <strong data-start=\"3448\" data-end=\"3464\">pas \u00e0 pas<\/strong><\/p><\/li><li class=\"\" data-start=\"3465\" data-end=\"3506\"><p class=\"\" data-start=\"3467\" data-end=\"3506\">C\u00e9l\u00e9brez chaque \u00e9tape franchie en cours de route<\/p><\/li><\/ul><p class=\"\" data-start=\"3508\" data-end=\"3610\">\ud83d\udc49 <em data-start=\"3511\" data-end=\"3516\">Conseil<\/em>N&#039;oubliez pas votre \u201c pourquoi \u201d \u2014 qu&#039;il s&#039;agisse d&#039;un objectif personnel, d&#039;un r\u00eave \u00e0 r\u00e9aliser avant de mourir ou d&#039;une ascension caritative.<\/p><hr class=\"\" data-start=\"3612\" data-end=\"3615\" \/><h2 class=\"\" data-start=\"3617\" data-end=\"3631\">Mots de la fin<\/h2><p class=\"\" data-start=\"3633\" data-end=\"3871\">L&#039;ascension du Kilimandjaro est une \u00e9preuve d&#039;endurance, de patience et de courage \u2014 mais c&#039;est aussi <strong data-start=\"3716\" data-end=\"3730\">r\u00e9alisable<\/strong> Avec le bon \u00e9tat d&#039;esprit et une bonne pr\u00e9paration, le moment o\u00f9 vous vous tenez au sommet du pic Uhuru, contemplant le lever du soleil sur l&#039;Afrique, est un moment inoubliable.<\/p><p class=\"\" data-start=\"3873\" data-end=\"4015\"><strong data-start=\"3873\" data-end=\"3906\">Pr\u00eat \u00e0 franchir le premier pas ?<\/strong> Commencez votre entra\u00eenement, trouvez un voyagiste r\u00e9put\u00e9 et pr\u00e9parez-vous pour l&#039;une des plus grandes aventures de votre vie.<\/p>\t\t\t\t\t\t\t\t<\/div>\n\t\t\t\t<\/div>\n\t\t\t\t\t<\/div>\n\t\t\t\t<\/div>\n\t\t\t\t\t<\/div>\n\t\t\t\t<\/div>\n\t\t\t\t<\/div>","protected":false},"excerpt":{"rendered":"<p>Accueil \/ Blog L&#039;ascension du Kilimandjaro, le plus haut sommet d&#039;Afrique (5\u00a0895 m), est une aventure unique. Que vous soyez un randonneur novice ou chevronn\u00e9, une bonne pr\u00e9paration peut faire toute la diff\u00e9rence entre atteindre le sommet et rebrousser chemin. Pour vous aider \u00e0 conqu\u00e9rir le \u201c\u00a0Toit de l&#039;Afrique\u00a0\u201d, voici les meilleurs conseils pour l&#039;ascension du Kilimandjaro que tout randonneur devrait conna\u00eetre [\u2026]<\/p>","protected":false},"author":1,"featured_media":0,"parent":0,"menu_order":0,"comment_status":"closed","ping_status":"closed","template":"elementor_canvas","meta":{"footnotes":""},"class_list":["post-10275","page","type-page","status-publish","hentry"],"yoast_head":"<!-- This site is optimized with the Yoast SEO plugin v25.7 - https:\/\/yoast.com\/wordpress\/plugins\/seo\/ -->\n<title>kilimanjaro climbing tips - Nurtured Wildlife Safaris<\/title>\n<meta name=\"robots\" content=\"index, follow, max-snippet:-1, max-image-preview:large, max-video-preview:-1\" \/>\n<link rel=\"canonical\" href=\"https:\/\/nurturedwildlife.com\/fr\/conseils-pour-lascension-du-kilimandjaro\/\" \/>\n<meta property=\"og:locale\" content=\"fr_FR\" \/>\n<meta property=\"og:type\" content=\"article\" \/>\n<meta property=\"og:title\" content=\"kilimanjaro climbing tips - Nurtured Wildlife Safaris\" \/>\n<meta property=\"og:description\" content=\"Home \/ Blog Climbing Mount Kilimanjaro, Africa\u2019s highest peak (5,895m\/19,341ft), is a once-in-a-lifetime adventure. Whether you\u2019re a first-time trekker or an experienced hiker, proper preparation can make the difference between reaching the summit or turning back. To help you conquer the &#8220;Roof of Africa,&#8221; here are the top Kilimanjaro climbing tips that every trekker should [&hellip;]\" \/>\n<meta property=\"og:url\" content=\"https:\/\/nurturedwildlife.com\/fr\/conseils-pour-lascension-du-kilimandjaro\/\" \/>\n<meta property=\"og:site_name\" content=\"Nurtured Wildlife Safaris\" \/>\n<meta property=\"article:modified_time\" content=\"2025-05-17T14:26:46+00:00\" \/>\n<meta name=\"twitter:card\" content=\"summary_large_image\" \/>\n<meta name=\"twitter:label1\" content=\"Dur\u00e9e de lecture estim\u00e9e\" \/>\n\t<meta name=\"twitter:data1\" content=\"4 minutes\" \/>\n<script type=\"application\/ld+json\" class=\"yoast-schema-graph\">{\"@context\":\"https:\/\/schema.org\",\"@graph\":[{\"@type\":\"WebPage\",\"@id\":\"https:\/\/nurturedwildlife.com\/kilimanjaro-climbing-tips\/\",\"url\":\"https:\/\/nurturedwildlife.com\/kilimanjaro-climbing-tips\/\",\"name\":\"kilimanjaro climbing tips - Nurtured Wildlife Safaris\",\"isPartOf\":{\"@id\":\"https:\/\/nurturedwildlife.com\/#website\"},\"datePublished\":\"2025-05-17T14:24:42+00:00\",\"dateModified\":\"2025-05-17T14:26:46+00:00\",\"breadcrumb\":{\"@id\":\"https:\/\/nurturedwildlife.com\/kilimanjaro-climbing-tips\/#breadcrumb\"},\"inLanguage\":\"fr-FR\",\"potentialAction\":[{\"@type\":\"ReadAction\",\"target\":[\"https:\/\/nurturedwildlife.com\/kilimanjaro-climbing-tips\/\"]}]},{\"@type\":\"BreadcrumbList\",\"@id\":\"https:\/\/nurturedwildlife.com\/kilimanjaro-climbing-tips\/#breadcrumb\",\"itemListElement\":[{\"@type\":\"ListItem\",\"position\":1,\"name\":\"Home\",\"item\":\"https:\/\/nurturedwildlife.com\/\"},{\"@type\":\"ListItem\",\"position\":2,\"name\":\"kilimanjaro climbing tips\"}]},{\"@type\":\"WebSite\",\"@id\":\"https:\/\/nurturedwildlife.com\/#website\",\"url\":\"https:\/\/nurturedwildlife.com\/\",\"name\":\"Nurtured Wildlife Safaris\",\"description\":\"Tanzania Unforgettable\",\"publisher\":{\"@id\":\"https:\/\/nurturedwildlife.com\/#organization\"},\"potentialAction\":[{\"@type\":\"SearchAction\",\"target\":{\"@type\":\"EntryPoint\",\"urlTemplate\":\"https:\/\/nurturedwildlife.com\/?s={search_term_string}\"},\"query-input\":{\"@type\":\"PropertyValueSpecification\",\"valueRequired\":true,\"valueName\":\"search_term_string\"}}],\"inLanguage\":\"fr-FR\"},{\"@type\":\"Organization\",\"@id\":\"https:\/\/nurturedwildlife.com\/#organization\",\"name\":\"Nurtured Wildlife Safaris\",\"url\":\"https:\/\/nurturedwildlife.com\/\",\"logo\":{\"@type\":\"ImageObject\",\"inLanguage\":\"fr-FR\",\"@id\":\"https:\/\/nurturedwildlife.com\/#\/schema\/logo\/image\/\",\"url\":\"https:\/\/nurturedwildlife.com\/wp-content\/uploads\/2023\/12\/nurtured-png.png\",\"contentUrl\":\"https:\/\/nurturedwildlife.com\/wp-content\/uploads\/2023\/12\/nurtured-png.png\",\"width\":4641,\"height\":1704,\"caption\":\"Nurtured Wildlife Safaris\"},\"image\":{\"@id\":\"https:\/\/nurturedwildlife.com\/#\/schema\/logo\/image\/\"}}]}<\/script>\n<!-- \/ Yoast SEO plugin. -->","yoast_head_json":{"title":"Conseils pour l&#039;ascension du Kilimandjaro - Nurtured Wildlife Safaris","robots":{"index":"index","follow":"follow","max-snippet":"max-snippet:-1","max-image-preview":"max-image-preview:large","max-video-preview":"max-video-preview:-1"},"canonical":"https:\/\/nurturedwildlife.com\/fr\/conseils-pour-lascension-du-kilimandjaro\/","og_locale":"fr_FR","og_type":"article","og_title":"kilimanjaro climbing tips - Nurtured Wildlife Safaris","og_description":"Home \/ Blog Climbing Mount Kilimanjaro, Africa\u2019s highest peak (5,895m\/19,341ft), is a once-in-a-lifetime adventure. Whether you\u2019re a first-time trekker or an experienced hiker, proper preparation can make the difference between reaching the summit or turning back. To help you conquer the &#8220;Roof of Africa,&#8221; here are the top Kilimanjaro climbing tips that every trekker should [&hellip;]","og_url":"https:\/\/nurturedwildlife.com\/fr\/conseils-pour-lascension-du-kilimandjaro\/","og_site_name":"Nurtured Wildlife Safaris","article_modified_time":"2025-05-17T14:26:46+00:00","twitter_card":"summary_large_image","twitter_misc":{"Dur\u00e9e de lecture estim\u00e9e":"4 minutes"},"schema":{"@context":"https:\/\/schema.org","@graph":[{"@type":"WebPage","@id":"https:\/\/nurturedwildlife.com\/kilimanjaro-climbing-tips\/","url":"https:\/\/nurturedwildlife.com\/kilimanjaro-climbing-tips\/","name":"Conseils pour l&#039;ascension du Kilimandjaro - Nurtured Wildlife Safaris","isPartOf":{"@id":"https:\/\/nurturedwildlife.com\/#website"},"datePublished":"2025-05-17T14:24:42+00:00","dateModified":"2025-05-17T14:26:46+00:00","breadcrumb":{"@id":"https:\/\/nurturedwildlife.com\/kilimanjaro-climbing-tips\/#breadcrumb"},"inLanguage":"fr-FR","potentialAction":[{"@type":"ReadAction","target":["https:\/\/nurturedwildlife.com\/kilimanjaro-climbing-tips\/"]}]},{"@type":"BreadcrumbList","@id":"https:\/\/nurturedwildlife.com\/kilimanjaro-climbing-tips\/#breadcrumb","itemListElement":[{"@type":"ListItem","position":1,"name":"Home","item":"https:\/\/nurturedwildlife.com\/"},{"@type":"ListItem","position":2,"name":"kilimanjaro climbing tips"}]},{"@type":"WebSite","@id":"https:\/\/nurturedwildlife.com\/#website","url":"https:\/\/nurturedwildlife.com\/","name":"Safaris animaliers encadr\u00e9s","description":"Tanzanie Inoubliable","publisher":{"@id":"https:\/\/nurturedwildlife.com\/#organization"},"potentialAction":[{"@type":"SearchAction","target":{"@type":"EntryPoint","urlTemplate":"https:\/\/nurturedwildlife.com\/?s={search_term_string}"},"query-input":{"@type":"PropertyValueSpecification","valueRequired":true,"valueName":"search_term_string"}}],"inLanguage":"fr-FR"},{"@type":"Organization","@id":"https:\/\/nurturedwildlife.com\/#organization","name":"Safaris animaliers encadr\u00e9s","url":"https:\/\/nurturedwildlife.com\/","logo":{"@type":"ImageObject","inLanguage":"fr-FR","@id":"https:\/\/nurturedwildlife.com\/#\/schema\/logo\/image\/","url":"https:\/\/nurturedwildlife.com\/wp-content\/uploads\/2023\/12\/nurtured-png.png","contentUrl":"https:\/\/nurturedwildlife.com\/wp-content\/uploads\/2023\/12\/nurtured-png.png","width":4641,"height":1704,"caption":"Nurtured Wildlife Safaris"},"image":{"@id":"https:\/\/nurturedwildlife.com\/#\/schema\/logo\/image\/"}}]}},"_links":{"self":[{"href":"https:\/\/nurturedwildlife.com\/fr\/wp-json\/wp\/v2\/pages\/10275","targetHints":{"allow":["GET"]}}],"collection":[{"href":"https:\/\/nurturedwildlife.com\/fr\/wp-json\/wp\/v2\/pages"}],"about":[{"href":"https:\/\/nurturedwildlife.com\/fr\/wp-json\/wp\/v2\/types\/page"}],"author":[{"embeddable":true,"href":"https:\/\/nurturedwildlife.com\/fr\/wp-json\/wp\/v2\/users\/1"}],"replies":[{"embeddable":true,"href":"https:\/\/nurturedwildlife.com\/fr\/wp-json\/wp\/v2\/comments?post=10275"}],"version-history":[{"count":5,"href":"https:\/\/nurturedwildlife.com\/fr\/wp-json\/wp\/v2\/pages\/10275\/revisions"}],"predecessor-version":[{"id":10282,"href":"https:\/\/nurturedwildlife.com\/fr\/wp-json\/wp\/v2\/pages\/10275\/revisions\/10282"}],"wp:attachment":[{"href":"https:\/\/nurturedwildlife.com\/fr\/wp-json\/wp\/v2\/media?parent=10275"}],"curies":[{"name":"wp","href":"https:\/\/api.w.org\/{rel}","templated":true}]}}