{"id":10226,"date":"2025-05-17T13:40:56","date_gmt":"2025-05-17T13:40:56","guid":{"rendered":"https:\/\/nurturedwildlife.com\/?page_id=10226"},"modified":"2025-05-17T13:54:21","modified_gmt":"2025-05-17T13:54:21","slug":"meilleure-periode-pour-visiter-la-tanzanie","status":"publish","type":"page","link":"https:\/\/nurturedwildlife.com\/fr\/meilleure-periode-pour-visiter-la-tanzanie\/","title":{"rendered":"Meilleure p\u00e9riode pour visiter la Tanzanie"},"content":{"rendered":"<div data-elementor-type=\"wp-page\" data-elementor-id=\"10226\" class=\"elementor elementor-10226\" data-elementor-post-type=\"page\">\n\t\t\t\t<div class=\"elementor-element elementor-element-7285a343 e-con-full e-flex e-con e-parent\" data-id=\"7285a343\" data-element_type=\"container\" data-e-type=\"container\" data-settings=\"{&quot;background_background&quot;:&quot;classic&quot;}\">\n\t\t<div class=\"elementor-element elementor-element-44a70e12 e-con-full e-flex e-con e-child\" data-id=\"44a70e12\" data-element_type=\"container\" data-e-type=\"container\" data-settings=\"{&quot;background_background&quot;:&quot;classic&quot;}\">\n\t\t\t\t<div class=\"elementor-element elementor-element-11d31f42 elementor-widget elementor-widget-text-editor\" data-id=\"11d31f42\" data-element_type=\"widget\" data-e-type=\"widget\" data-widget_type=\"text-editor.default\">\n\t\t\t\t<div class=\"elementor-widget-container\">\n\t\t\t\t\t\t\t\t\t<p><a href=\"#\">Maison<\/a> \/ Blog<\/p>\t\t\t\t\t\t\t\t<\/div>\n\t\t\t\t<\/div>\n\t\t\t\t<\/div>\n\t\t\t\t<\/div>\n\t\t<div class=\"elementor-element elementor-element-6d2a0933 e-flex e-con-boxed e-con e-parent\" data-id=\"6d2a0933\" data-element_type=\"container\" data-e-type=\"container\">\n\t\t\t\t\t<div class=\"e-con-inner\">\n\t\t<div class=\"elementor-element elementor-element-12301c2a e-flex e-con-boxed e-con e-child\" data-id=\"12301c2a\" data-element_type=\"container\" data-e-type=\"container\" data-settings=\"{&quot;background_background&quot;:&quot;classic&quot;}\">\n\t\t\t\t\t<div class=\"e-con-inner\">\n\t\t\t\t<div class=\"elementor-element elementor-element-fccb848 elementor-widget elementor-widget-text-editor\" data-id=\"fccb848\" data-element_type=\"widget\" data-e-type=\"widget\" data-widget_type=\"text-editor.default\">\n\t\t\t\t<div class=\"elementor-widget-container\">\n\t\t\t\t\t\t\t\t\t<h1 class=\"\" data-start=\"194\" data-end=\"258\">Meilleure p\u00e9riode pour visiter la Tanzanie en safari\u00a0: guide mois par mois<\/h1><p class=\"\" data-start=\"260\" data-end=\"495\">La Tanzanie est l&#039;une des destinations de safari les plus pris\u00e9es d&#039;Afrique, abritant l&#039;embl\u00e9matique parc national du Serengeti, le crat\u00e8re du Ngorongoro, Tarangire et les vastes \u00e9tendues sauvages du circuit sud. Mais quelle est la meilleure p\u00e9riode pour visiter la Tanzanie en safari\u00a0?<\/p><p class=\"\" data-start=\"497\" data-end=\"714\">La v\u00e9rit\u00e9, c&#039;est qu&#039;il n&#039;y en a pas <em data-start=\"522\" data-end=\"527\">mauvais<\/em> le temps \u2014 mais le <strong data-start=\"543\" data-end=\"603\">L&#039;exp\u00e9rience change consid\u00e9rablement selon la saison<\/strong>. Ce guide d\u00e9taille l&#039;exp\u00e9rience du safari mois par mois, vous aidant ainsi \u00e0 planifier l&#039;aventure animali\u00e8re parfaite.<\/p><hr class=\"\" data-start=\"716\" data-end=\"719\" \/><h2 class=\"\" data-start=\"721\" data-end=\"738\">Aper\u00e7u rapide<\/h2><div class=\"_tableContainer_16hzy_1\"><div class=\"_tableWrapper_16hzy_14 group flex w-fit flex-col-reverse\" tabindex=\"-1\"><table class=\"w-fit min-w-(--thread-content-width)\" data-start=\"740\" data-end=\"1201\"><thead data-start=\"740\" data-end=\"816\"><tr data-start=\"740\" data-end=\"816\"><th data-start=\"740\" data-end=\"755\" data-col-size=\"sm\">Mois<\/th><th data-start=\"755\" data-end=\"772\" data-col-size=\"sm\">Saison<\/th><th data-start=\"772\" data-end=\"816\" data-col-size=\"sm\">Points forts du safari<\/th><\/tr><\/thead><tbody data-start=\"894\" data-end=\"1201\"><tr data-start=\"894\" data-end=\"970\"><td data-start=\"894\" data-end=\"909\" data-col-size=\"sm\">Janv. \u2013 mars<\/td><td data-col-size=\"sm\" data-start=\"909\" data-end=\"926\">Saison verte<\/td><td data-col-size=\"sm\" data-start=\"926\" data-end=\"970\">V\u00ealage dans le Serengeti, paysages luxuriants<\/td><\/tr><tr data-start=\"971\" data-end=\"1047\"><td data-start=\"971\" data-end=\"986\" data-col-size=\"sm\">Avril \u2013 mai<\/td><td data-start=\"986\" data-end=\"1003\" data-col-size=\"sm\">Saison des pluies<\/td><td data-col-size=\"sm\" data-start=\"1003\" data-end=\"1047\">Moins de monde, des prix plus bas<\/td><\/tr><tr data-start=\"1048\" data-end=\"1124\"><td data-start=\"1048\" data-end=\"1063\" data-col-size=\"sm\">Juin \u2013 octobre<\/td><td data-col-size=\"sm\" data-start=\"1063\" data-end=\"1080\">Saison s\u00e8che<\/td><td data-col-size=\"sm\" data-start=\"1080\" data-end=\"1124\">Observation optimale de la faune sauvage, Grande Migration<\/td><\/tr><tr data-start=\"1125\" data-end=\"1201\"><td data-start=\"1125\" data-end=\"1140\" data-col-size=\"sm\">Nov. \u2013 d\u00e9c.<\/td><td data-col-size=\"sm\" data-start=\"1140\" data-end=\"1157\">Pluies courtes<\/td><td data-col-size=\"sm\" data-start=\"1157\" data-end=\"1201\">Observation d&#039;oiseaux, retour de la migration vers le sud<\/td><\/tr><\/tbody><\/table><div class=\"sticky end-(--thread-content-margin) h-0 self-end select-none\"><div class=\"absolute end-0 flex items-end\">\u00a0<\/div><\/div><\/div><\/div><hr class=\"\" data-start=\"1203\" data-end=\"1206\" \/><h2 class=\"\" data-start=\"1208\" data-end=\"1259\">Janvier \u00e0 mars \u2013 Saison des v\u00ealages (Saison verte)<\/h2><ul data-start=\"1261\" data-end=\"1420\"><li class=\"\" data-start=\"1261\" data-end=\"1354\"><p class=\"\" data-start=\"1263\" data-end=\"1354\"><strong data-start=\"1263\" data-end=\"1275\">Id\u00e9al pour<\/strong>Saison des naissances \u00e0 Ndutu (sud du Serengeti), activit\u00e9 des pr\u00e9dateurs, paysages luxuriants<\/p><\/li><li class=\"\" data-start=\"1355\" data-end=\"1420\"><p class=\"\" data-start=\"1357\" data-end=\"1420\"><strong data-start=\"1357\" data-end=\"1367\">Attendre<\/strong>Averses de l&#039;apr\u00e8s-midi, paysages \u00e9clatants, b\u00e9b\u00e9s animaux<\/p><\/li><\/ul><p class=\"\" data-start=\"1422\" data-end=\"1722\">C&#039;est le moment id\u00e9al pour assister \u00e0 ce spectacle exceptionnel. <strong data-start=\"1464\" data-end=\"1511\">La saison de mise bas de la Grande Migration des Gnous<\/strong> Dans le sud du Serengeti et la r\u00e9gion de Ndutu, plus de 500\u00a0000 gnous mettent bas en un laps de temps tr\u00e8s court, attirant des pr\u00e9dateurs comme les lions, les gu\u00e9pards et les hy\u00e8nes. La v\u00e9g\u00e9tation est luxuriante et les paysages sont magnifiques.<\/p><hr class=\"\" data-start=\"1724\" data-end=\"1727\" \/><h2 class=\"\" data-start=\"1729\" data-end=\"1770\">Avril \u00e0 mai \u2013 Longues pluies (basse saison)<\/h2><ul data-start=\"1772\" data-end=\"1882\"><li class=\"\" data-start=\"1772\" data-end=\"1820\"><p class=\"\" data-start=\"1774\" data-end=\"1820\"><strong data-start=\"1774\" data-end=\"1786\">Id\u00e9al pour<\/strong>Safaris \u00e0 petit budget, moins de touristes<\/p><\/li><li class=\"\" data-start=\"1821\" data-end=\"1882\"><p class=\"\" data-start=\"1823\" data-end=\"1882\"><strong data-start=\"1823\" data-end=\"1833\">Attendre<\/strong>Pluies torrentielles, sentiers boueux, mais rapport qualit\u00e9-prix incroyable<\/p><\/li><\/ul><p class=\"\" data-start=\"1884\" data-end=\"2128\">Ce sont les mois les plus pluvieux en Tanzanie. De nombreux lodges ferment temporairement, surtout dans les r\u00e9gions recul\u00e9es. Cependant, si la pluie ne vous d\u00e9range pas, c&#039;est une bonne p\u00e9riode pour un s\u00e9jour. <strong data-start=\"2039\" data-end=\"2077\">safari plus calme et plus abordable<\/strong>, notamment dans le crat\u00e8re du Serengeti ou du Ngorongoro.<\/p><hr class=\"\" data-start=\"2130\" data-end=\"2133\" \/><h2 class=\"\" data-start=\"2135\" data-end=\"2187\">Juin \u00e0 octobre \u2013 Saison s\u00e8che (haute saison des safaris)<\/h2><ul data-start=\"2189\" data-end=\"2371\"><li class=\"\" data-start=\"2189\" data-end=\"2280\"><p class=\"\" data-start=\"2191\" data-end=\"2280\"><strong data-start=\"2191\" data-end=\"2203\">Id\u00e9al pour<\/strong>Safari classique des Big Five, travers\u00e9es de rivi\u00e8res lors de la Grande Migration, safaris \u00e0 pied<\/p><\/li><li class=\"\" data-start=\"2281\" data-end=\"2371\"><p class=\"\" data-start=\"2283\" data-end=\"2371\"><strong data-start=\"2283\" data-end=\"2293\">Attendre<\/strong>Ciel d\u00e9gag\u00e9, matin\u00e9es plus fra\u00eeches, forte concentration d&#039;animaux sauvages pr\u00e8s des points d&#039;eau<\/p><\/li><\/ul><p class=\"\" data-start=\"2373\" data-end=\"2698\">Voici le <strong data-start=\"2385\" data-end=\"2429\">Meilleure p\u00e9riode pour visiter la Tanzanie pour un safari<\/strong>. La faune se rassemble autour des rivi\u00e8res et des points d&#039;eau, ce qui la rend facile \u00e0 rep\u00e9rer. Juin marque le d\u00e9but de la saison s\u00e8che, tandis que <strong data-start=\"2541\" data-end=\"2562\">De juillet \u00e0 septembre<\/strong> est c\u00e9l\u00e8bre pour ses sc\u00e8nes dramatiques <strong data-start=\"2586\" data-end=\"2610\">travers\u00e9es de la rivi\u00e8re Mara<\/strong> Dans le nord du Serengeti, les parcs sont tr\u00e8s fr\u00e9quent\u00e9s \u00e0 cette p\u00e9riode, il est donc essentiel de r\u00e9server t\u00f4t.<\/p><hr class=\"\" data-start=\"2700\" data-end=\"2703\" \/><h2 class=\"\" data-start=\"2705\" data-end=\"2759\">Novembre \u00e0 d\u00e9cembre \u2013 Saison des courtes pluies et observation des oiseaux<\/h2><ul data-start=\"2761\" data-end=\"2901\"><li class=\"\" data-start=\"2761\" data-end=\"2823\"><p class=\"\" data-start=\"2763\" data-end=\"2823\"><strong data-start=\"2763\" data-end=\"2775\">Id\u00e9al pour<\/strong>Oiseaux migrateurs, tarifs plus bas, moins de touristes<\/p><\/li><li class=\"\" data-start=\"2824\" data-end=\"2901\"><p class=\"\" data-start=\"2826\" data-end=\"2901\"><strong data-start=\"2826\" data-end=\"2836\">Attendre<\/strong>Petites pluies, paysages verdoyants, d\u00e9but de la migration vers le sud<\/p><\/li><\/ul><p class=\"\" data-start=\"2903\" data-end=\"3152\">Les courtes pluies redonnent vie \u00e0 la terre. La faune est encore abondante, et cette p\u00e9riode est id\u00e9ale pour <strong data-start=\"3009\" data-end=\"3026\">observateurs d&#039;oiseaux<\/strong>, au retour des esp\u00e8ces migratrices. <strong data-start=\"3061\" data-end=\"3106\">La Grande Migration entame son retour vers le sud.<\/strong>, se pr\u00e9parant une fois de plus pour la saison des v\u00ealages.<\/p><hr class=\"\" data-start=\"3154\" data-end=\"3157\" \/><h2 class=\"\" data-start=\"3159\" data-end=\"3185\">Alors, quand devriez-vous partir ?<\/h2><p class=\"\" data-start=\"3187\" data-end=\"3203\"><strong data-start=\"3187\" data-end=\"3203\">Si tu veux:<\/strong><\/p><ul data-start=\"3204\" data-end=\"3403\"><li class=\"\" data-start=\"3204\" data-end=\"3245\"><p class=\"\" data-start=\"3206\" data-end=\"3245\"><strong data-start=\"3206\" data-end=\"3229\">Grands f\u00e9lins et v\u00ealage\u00a0:<\/strong> Janvier \u2013 mars<\/p><\/li><li class=\"\" data-start=\"3246\" data-end=\"3288\"><p class=\"\" data-start=\"3248\" data-end=\"3288\"><strong data-start=\"3248\" data-end=\"3276\">Safaris \u00e0 petit budget\u00a0:<\/strong> Avril \u2013 mai<\/p><\/li><li class=\"\" data-start=\"3289\" data-end=\"3353\"><p class=\"\" data-start=\"3291\" data-end=\"3353\"><strong data-start=\"3291\" data-end=\"3338\">Observation classique des animaux sauvages et passages migratoires\u00a0:<\/strong> Juin \u2013 octobre<\/p><\/li><li class=\"\" data-start=\"3354\" data-end=\"3403\"><p class=\"\" data-start=\"3356\" data-end=\"3403\"><strong data-start=\"3356\" data-end=\"3383\">Observation des oiseaux et moins de monde\u00a0:<\/strong> Novembre \u2013 d\u00e9cembre<\/p><\/li><\/ul><hr class=\"\" data-start=\"3405\" data-end=\"3408\" \/><h2 class=\"\" data-start=\"3410\" data-end=\"3439\">Derniers conseils avant de r\u00e9server<\/h2><ul data-start=\"3441\" data-end=\"3686\"><li class=\"\" data-start=\"3441\" data-end=\"3500\"><p class=\"\" data-start=\"3443\" data-end=\"3500\">R\u00e9servez au moins <strong data-start=\"3457\" data-end=\"3483\">6 \u00e0 12 mois \u00e0 l&#039;avance<\/strong> pour la haute saison.<\/p><\/li><li class=\"\" data-start=\"3501\" data-end=\"3607\"><p class=\"\" data-start=\"3503\" data-end=\"3607\">Combinez les parcs pour une exp\u00e9rience plus compl\u00e8te\u00a0: Serengeti + Ngorongoro, ou m\u00e9langez Tarangire et Selous (Nyerere).<\/p><\/li><li class=\"\" data-start=\"3608\" data-end=\"3686\"><p class=\"\" data-start=\"3610\" data-end=\"3686\">N&#039;oubliez pas d&#039;emporter des v\u00eatements \u00e0 superposer \u2014 <strong data-start=\"3640\" data-end=\"3666\">Les matins peuvent \u00eatre frais.<\/strong> m\u00eame en saison s\u00e8che.<\/p><\/li><\/ul><hr class=\"\" data-start=\"3688\" data-end=\"3691\" \/><p class=\"\" data-start=\"3693\" data-end=\"3931\"><strong data-start=\"3693\" data-end=\"3740\">La Tanzanie est une destination de safari toute l&#039;ann\u00e9e<\/strong>, Chaque saison offre une exp\u00e9rience unique. Que vous soyez en qu\u00eate du spectacle grandiose de la Grande Migration ou \u00e0 la recherche d&#039;une rencontre paisible et intime avec la faune sauvage, le moment id\u00e9al vous attend.<\/p><p class=\"\" data-start=\"3933\" data-end=\"4061\"><strong data-start=\"3933\" data-end=\"3973\">Pr\u00eat \u00e0 planifier votre aventure safari ?<\/strong> Contactez un voyagiste local de confiance pour commencer \u00e0 \u00e9laborer l&#039;itin\u00e9raire de vos r\u00eaves.<\/p>\t\t\t\t\t\t\t\t<\/div>\n\t\t\t\t<\/div>\n\t\t\t\t\t<\/div>\n\t\t\t\t<\/div>\n\t\t\t\t\t<\/div>\n\t\t\t\t<\/div>\n\t\t\t\t<\/div>","protected":false},"excerpt":{"rendered":"<p>Accueil \/ Blog Meilleure p\u00e9riode pour un safari en Tanzanie\u00a0: Guide mois par mois La Tanzanie est l\u2019une des destinations de safari les plus pris\u00e9es d\u2019Afrique, abritant l\u2019embl\u00e9matique parc national du Serengeti, le crat\u00e8re du Ngorongoro, Tarangire et les vastes \u00e9tendues sauvages du circuit sud. Mais quelle est la meilleure p\u00e9riode pour un safari en Tanzanie\u00a0? En r\u00e9alit\u00e9, il n\u2019y a pas de r\u00e9ponse unique\u2026<\/p>","protected":false},"author":1,"featured_media":0,"parent":0,"menu_order":0,"comment_status":"closed","ping_status":"closed","template":"elementor_canvas","meta":{"footnotes":""},"class_list":["post-10226","page","type-page","status-publish","hentry"],"yoast_head":"<!-- This site is optimized with the Yoast SEO plugin v25.7 - https:\/\/yoast.com\/wordpress\/plugins\/seo\/ -->\n<title>Best time to visit Tanzania - Nurtured Wildlife Safaris<\/title>\n<meta name=\"robots\" content=\"index, follow, max-snippet:-1, max-image-preview:large, max-video-preview:-1\" \/>\n<link rel=\"canonical\" href=\"https:\/\/nurturedwildlife.com\/fr\/meilleure-periode-pour-visiter-la-tanzanie\/\" \/>\n<meta property=\"og:locale\" content=\"fr_FR\" \/>\n<meta property=\"og:type\" content=\"article\" \/>\n<meta property=\"og:title\" content=\"Best time to visit Tanzania - Nurtured Wildlife Safaris\" \/>\n<meta property=\"og:description\" content=\"Home \/ Blog Best Time to Visit Tanzania for Safari: A Month-by-Month Guide Tanzania is one of Africa\u2019s premier safari destinations, home to the iconic Serengeti National Park, Ngorongoro Crater, Tarangire, and the vast wilderness of the Southern Circuit. But when is the best time to visit Tanzania for safari? The truth is, there\u2019s no [&hellip;]\" \/>\n<meta property=\"og:url\" content=\"https:\/\/nurturedwildlife.com\/fr\/meilleure-periode-pour-visiter-la-tanzanie\/\" \/>\n<meta property=\"og:site_name\" content=\"Nurtured Wildlife Safaris\" \/>\n<meta property=\"article:modified_time\" content=\"2025-05-17T13:54:21+00:00\" \/>\n<meta name=\"twitter:card\" content=\"summary_large_image\" \/>\n<meta name=\"twitter:label1\" content=\"Dur\u00e9e de lecture estim\u00e9e\" \/>\n\t<meta name=\"twitter:data1\" content=\"3 minutes\" \/>\n<script type=\"application\/ld+json\" class=\"yoast-schema-graph\">{\"@context\":\"https:\/\/schema.org\",\"@graph\":[{\"@type\":\"WebPage\",\"@id\":\"https:\/\/nurturedwildlife.com\/best-time-to-visit-tanzania\/\",\"url\":\"https:\/\/nurturedwildlife.com\/best-time-to-visit-tanzania\/\",\"name\":\"Best time to visit Tanzania - Nurtured Wildlife Safaris\",\"isPartOf\":{\"@id\":\"https:\/\/nurturedwildlife.com\/#website\"},\"datePublished\":\"2025-05-17T13:40:56+00:00\",\"dateModified\":\"2025-05-17T13:54:21+00:00\",\"breadcrumb\":{\"@id\":\"https:\/\/nurturedwildlife.com\/best-time-to-visit-tanzania\/#breadcrumb\"},\"inLanguage\":\"fr-FR\",\"potentialAction\":[{\"@type\":\"ReadAction\",\"target\":[\"https:\/\/nurturedwildlife.com\/best-time-to-visit-tanzania\/\"]}]},{\"@type\":\"BreadcrumbList\",\"@id\":\"https:\/\/nurturedwildlife.com\/best-time-to-visit-tanzania\/#breadcrumb\",\"itemListElement\":[{\"@type\":\"ListItem\",\"position\":1,\"name\":\"Home\",\"item\":\"https:\/\/nurturedwildlife.com\/\"},{\"@type\":\"ListItem\",\"position\":2,\"name\":\"Best time to visit Tanzania\"}]},{\"@type\":\"WebSite\",\"@id\":\"https:\/\/nurturedwildlife.com\/#website\",\"url\":\"https:\/\/nurturedwildlife.com\/\",\"name\":\"Nurtured Wildlife Safaris\",\"description\":\"Tanzania Unforgettable\",\"publisher\":{\"@id\":\"https:\/\/nurturedwildlife.com\/#organization\"},\"potentialAction\":[{\"@type\":\"SearchAction\",\"target\":{\"@type\":\"EntryPoint\",\"urlTemplate\":\"https:\/\/nurturedwildlife.com\/?s={search_term_string}\"},\"query-input\":{\"@type\":\"PropertyValueSpecification\",\"valueRequired\":true,\"valueName\":\"search_term_string\"}}],\"inLanguage\":\"fr-FR\"},{\"@type\":\"Organization\",\"@id\":\"https:\/\/nurturedwildlife.com\/#organization\",\"name\":\"Nurtured Wildlife Safaris\",\"url\":\"https:\/\/nurturedwildlife.com\/\",\"logo\":{\"@type\":\"ImageObject\",\"inLanguage\":\"fr-FR\",\"@id\":\"https:\/\/nurturedwildlife.com\/#\/schema\/logo\/image\/\",\"url\":\"https:\/\/nurturedwildlife.com\/wp-content\/uploads\/2023\/12\/nurtured-png.png\",\"contentUrl\":\"https:\/\/nurturedwildlife.com\/wp-content\/uploads\/2023\/12\/nurtured-png.png\",\"width\":4641,\"height\":1704,\"caption\":\"Nurtured Wildlife Safaris\"},\"image\":{\"@id\":\"https:\/\/nurturedwildlife.com\/#\/schema\/logo\/image\/\"}}]}<\/script>\n<!-- \/ Yoast SEO plugin. -->","yoast_head_json":{"title":"Meilleure p\u00e9riode pour visiter la Tanzanie - Safaris animaliers organis\u00e9s","robots":{"index":"index","follow":"follow","max-snippet":"max-snippet:-1","max-image-preview":"max-image-preview:large","max-video-preview":"max-video-preview:-1"},"canonical":"https:\/\/nurturedwildlife.com\/fr\/meilleure-periode-pour-visiter-la-tanzanie\/","og_locale":"fr_FR","og_type":"article","og_title":"Best time to visit Tanzania - Nurtured Wildlife Safaris","og_description":"Home \/ Blog Best Time to Visit Tanzania for Safari: A Month-by-Month Guide Tanzania is one of Africa\u2019s premier safari destinations, home to the iconic Serengeti National Park, Ngorongoro Crater, Tarangire, and the vast wilderness of the Southern Circuit. But when is the best time to visit Tanzania for safari? The truth is, there\u2019s no [&hellip;]","og_url":"https:\/\/nurturedwildlife.com\/fr\/meilleure-periode-pour-visiter-la-tanzanie\/","og_site_name":"Nurtured Wildlife Safaris","article_modified_time":"2025-05-17T13:54:21+00:00","twitter_card":"summary_large_image","twitter_misc":{"Dur\u00e9e de lecture estim\u00e9e":"3 minutes"},"schema":{"@context":"https:\/\/schema.org","@graph":[{"@type":"WebPage","@id":"https:\/\/nurturedwildlife.com\/best-time-to-visit-tanzania\/","url":"https:\/\/nurturedwildlife.com\/best-time-to-visit-tanzania\/","name":"Meilleure p\u00e9riode pour visiter la Tanzanie - Safaris animaliers organis\u00e9s","isPartOf":{"@id":"https:\/\/nurturedwildlife.com\/#website"},"datePublished":"2025-05-17T13:40:56+00:00","dateModified":"2025-05-17T13:54:21+00:00","breadcrumb":{"@id":"https:\/\/nurturedwildlife.com\/best-time-to-visit-tanzania\/#breadcrumb"},"inLanguage":"fr-FR","potentialAction":[{"@type":"ReadAction","target":["https:\/\/nurturedwildlife.com\/best-time-to-visit-tanzania\/"]}]},{"@type":"BreadcrumbList","@id":"https:\/\/nurturedwildlife.com\/best-time-to-visit-tanzania\/#breadcrumb","itemListElement":[{"@type":"ListItem","position":1,"name":"Home","item":"https:\/\/nurturedwildlife.com\/"},{"@type":"ListItem","position":2,"name":"Best time to visit Tanzania"}]},{"@type":"WebSite","@id":"https:\/\/nurturedwildlife.com\/#website","url":"https:\/\/nurturedwildlife.com\/","name":"Safaris animaliers encadr\u00e9s","description":"Tanzanie Inoubliable","publisher":{"@id":"https:\/\/nurturedwildlife.com\/#organization"},"potentialAction":[{"@type":"SearchAction","target":{"@type":"EntryPoint","urlTemplate":"https:\/\/nurturedwildlife.com\/?s={search_term_string}"},"query-input":{"@type":"PropertyValueSpecification","valueRequired":true,"valueName":"search_term_string"}}],"inLanguage":"fr-FR"},{"@type":"Organization","@id":"https:\/\/nurturedwildlife.com\/#organization","name":"Safaris animaliers encadr\u00e9s","url":"https:\/\/nurturedwildlife.com\/","logo":{"@type":"ImageObject","inLanguage":"fr-FR","@id":"https:\/\/nurturedwildlife.com\/#\/schema\/logo\/image\/","url":"https:\/\/nurturedwildlife.com\/wp-content\/uploads\/2023\/12\/nurtured-png.png","contentUrl":"https:\/\/nurturedwildlife.com\/wp-content\/uploads\/2023\/12\/nurtured-png.png","width":4641,"height":1704,"caption":"Nurtured Wildlife Safaris"},"image":{"@id":"https:\/\/nurturedwildlife.com\/#\/schema\/logo\/image\/"}}]}},"_links":{"self":[{"href":"https:\/\/nurturedwildlife.com\/fr\/wp-json\/wp\/v2\/pages\/10226","targetHints":{"allow":["GET"]}}],"collection":[{"href":"https:\/\/nurturedwildlife.com\/fr\/wp-json\/wp\/v2\/pages"}],"about":[{"href":"https:\/\/nurturedwildlife.com\/fr\/wp-json\/wp\/v2\/types\/page"}],"author":[{"embeddable":true,"href":"https:\/\/nurturedwildlife.com\/fr\/wp-json\/wp\/v2\/users\/1"}],"replies":[{"embeddable":true,"href":"https:\/\/nurturedwildlife.com\/fr\/wp-json\/wp\/v2\/comments?post=10226"}],"version-history":[{"count":5,"href":"https:\/\/nurturedwildlife.com\/fr\/wp-json\/wp\/v2\/pages\/10226\/revisions"}],"predecessor-version":[{"id":10244,"href":"https:\/\/nurturedwildlife.com\/fr\/wp-json\/wp\/v2\/pages\/10226\/revisions\/10244"}],"wp:attachment":[{"href":"https:\/\/nurturedwildlife.com\/fr\/wp-json\/wp\/v2\/media?parent=10226"}],"curies":[{"name":"wp","href":"https:\/\/api.w.org\/{rel}","templated":true}]}}