{"id":10226,"date":"2025-05-17T13:40:56","date_gmt":"2025-05-17T13:40:56","guid":{"rendered":"https:\/\/nurturedwildlife.com\/?page_id=10226"},"modified":"2025-05-17T13:54:21","modified_gmt":"2025-05-17T13:54:21","slug":"la-mejor-epoca-para-visitar-tanzania","status":"publish","type":"page","link":"https:\/\/nurturedwildlife.com\/es\/la-mejor-epoca-para-visitar-tanzania\/","title":{"rendered":"La mejor \u00e9poca para visitar Tanzania"},"content":{"rendered":"<div data-elementor-type=\"wp-page\" data-elementor-id=\"10226\" class=\"elementor elementor-10226\" data-elementor-post-type=\"page\">\n\t\t\t\t<div class=\"elementor-element elementor-element-7285a343 e-con-full e-flex e-con e-parent\" data-id=\"7285a343\" data-element_type=\"container\" data-e-type=\"container\" data-settings=\"{&quot;background_background&quot;:&quot;classic&quot;}\">\n\t\t<div class=\"elementor-element elementor-element-44a70e12 e-con-full e-flex e-con e-child\" data-id=\"44a70e12\" data-element_type=\"container\" data-e-type=\"container\" data-settings=\"{&quot;background_background&quot;:&quot;classic&quot;}\">\n\t\t\t\t<div class=\"elementor-element elementor-element-11d31f42 elementor-widget elementor-widget-text-editor\" data-id=\"11d31f42\" data-element_type=\"widget\" data-e-type=\"widget\" data-widget_type=\"text-editor.default\">\n\t\t\t\t<div class=\"elementor-widget-container\">\n\t\t\t\t\t\t\t\t\t<p><a href=\"#\">Hogar<\/a> \/ Blog<\/p>\t\t\t\t\t\t\t\t<\/div>\n\t\t\t\t<\/div>\n\t\t\t\t<\/div>\n\t\t\t\t<\/div>\n\t\t<div class=\"elementor-element elementor-element-6d2a0933 e-flex e-con-boxed e-con e-parent\" data-id=\"6d2a0933\" data-element_type=\"container\" data-e-type=\"container\">\n\t\t\t\t\t<div class=\"e-con-inner\">\n\t\t<div class=\"elementor-element elementor-element-12301c2a e-flex e-con-boxed e-con e-child\" data-id=\"12301c2a\" data-element_type=\"container\" data-e-type=\"container\" data-settings=\"{&quot;background_background&quot;:&quot;classic&quot;}\">\n\t\t\t\t\t<div class=\"e-con-inner\">\n\t\t\t\t<div class=\"elementor-element elementor-element-fccb848 elementor-widget elementor-widget-text-editor\" data-id=\"fccb848\" data-element_type=\"widget\" data-e-type=\"widget\" data-widget_type=\"text-editor.default\">\n\t\t\t\t<div class=\"elementor-widget-container\">\n\t\t\t\t\t\t\t\t\t<h1 class=\"\" data-start=\"194\" data-end=\"258\">La mejor \u00e9poca para visitar Tanzania y hacer un safari: una gu\u00eda mes a mes<\/h1><p class=\"\" data-start=\"260\" data-end=\"495\">Tanzania es uno de los principales destinos de safari de \u00c1frica, hogar del emblem\u00e1tico Parque Nacional del Serengeti, el cr\u00e1ter del Ngorongoro, Tarangire y la vasta naturaleza del Circuito Sur. Pero \u00bfcu\u00e1l es la mejor \u00e9poca para visitar Tanzania de safari?<\/p><p class=\"\" data-start=\"497\" data-end=\"714\">La verdad es que no hay <em data-start=\"522\" data-end=\"527\">malo<\/em> tiempo \u2014 pero el <strong data-start=\"543\" data-end=\"603\">La experiencia cambia significativamente seg\u00fan la temporada<\/strong>. Esta gu\u00eda detalla la experiencia del safari mes a mes, ayud\u00e1ndote a planificar la aventura perfecta entre la vida silvestre.<\/p><hr class=\"\" data-start=\"716\" data-end=\"719\" \/><h2 class=\"\" data-start=\"721\" data-end=\"738\">Descripci\u00f3n r\u00e1pida<\/h2><div class=\"_tableContainer_16hzy_1\"><div class=\"_tableWrapper_16hzy_14 group flex w-fit flex-col-reverse\" tabindex=\"-1\"><table class=\"w-fit min-w-(--thread-content-width)\" data-start=\"740\" data-end=\"1201\"><thead data-start=\"740\" data-end=\"816\"><tr data-start=\"740\" data-end=\"816\"><th data-start=\"740\" data-end=\"755\" data-col-size=\"sm\">Mes<\/th><th data-start=\"755\" data-end=\"772\" data-col-size=\"sm\">Estaci\u00f3n<\/th><th data-start=\"772\" data-end=\"816\" data-col-size=\"sm\">Lo m\u00e1s destacado del safari<\/th><\/tr><\/thead><tbody data-start=\"894\" data-end=\"1201\"><tr data-start=\"894\" data-end=\"970\"><td data-start=\"894\" data-end=\"909\" data-col-size=\"sm\">Enero \u2013 Marzo<\/td><td data-col-size=\"sm\" data-start=\"909\" data-end=\"926\">Temporada verde<\/td><td data-col-size=\"sm\" data-start=\"926\" data-end=\"970\">Parto en el Serengeti, paisajes exuberantes<\/td><\/tr><tr data-start=\"971\" data-end=\"1047\"><td data-start=\"971\" data-end=\"986\" data-col-size=\"sm\">Abr \u2013 May<\/td><td data-start=\"986\" data-end=\"1003\" data-col-size=\"sm\">Temporada de lluvias<\/td><td data-col-size=\"sm\" data-start=\"1003\" data-end=\"1047\">Menos multitudes, precios m\u00e1s bajos<\/td><\/tr><tr data-start=\"1048\" data-end=\"1124\"><td data-start=\"1048\" data-end=\"1063\" data-col-size=\"sm\">Junio \u2013 Octubre<\/td><td data-col-size=\"sm\" data-start=\"1063\" data-end=\"1080\">Estaci\u00f3n seca<\/td><td data-col-size=\"sm\" data-start=\"1080\" data-end=\"1124\">Observaci\u00f3n m\u00e1xima de la vida silvestre, Gran Migraci\u00f3n<\/td><\/tr><tr data-start=\"1125\" data-end=\"1201\"><td data-start=\"1125\" data-end=\"1140\" data-col-size=\"sm\">Noviembre \u2013 Diciembre<\/td><td data-col-size=\"sm\" data-start=\"1140\" data-end=\"1157\">Lluvias cortas<\/td><td data-col-size=\"sm\" data-start=\"1157\" data-end=\"1201\">Observaci\u00f3n de aves, la migraci\u00f3n regresa al sur<\/td><\/tr><\/tbody><\/table><div class=\"sticky end-(--thread-content-margin) h-0 self-end select-none\"><div class=\"absolute end-0 flex items-end\">\u00a0<\/div><\/div><\/div><\/div><hr class=\"\" data-start=\"1203\" data-end=\"1206\" \/><h2 class=\"\" data-start=\"1208\" data-end=\"1259\">Enero a marzo \u2013 Temporada de partos (temporada verde)<\/h2><ul data-start=\"1261\" data-end=\"1420\"><li class=\"\" data-start=\"1261\" data-end=\"1354\"><p class=\"\" data-start=\"1263\" data-end=\"1354\"><strong data-start=\"1263\" data-end=\"1275\">Mejor para<\/strong>Temporada de cr\u00eda en Ndutu (sur del Serengeti), acci\u00f3n de depredadores, paisaje exuberante<\/p><\/li><li class=\"\" data-start=\"1355\" data-end=\"1420\"><p class=\"\" data-start=\"1357\" data-end=\"1420\"><strong data-start=\"1357\" data-end=\"1367\">Esperar<\/strong>:Lluvias por la tarde, paisajes vibrantes, animales beb\u00e9s.<\/p><\/li><\/ul><p class=\"\" data-start=\"1422\" data-end=\"1722\">Este es un momento espectacular para presenciar el <strong data-start=\"1464\" data-end=\"1511\">Temporada de cr\u00eda de la Gran Migraci\u00f3n de \u00f1us<\/strong> En la regi\u00f3n sur del Serengeti y Ndutu. M\u00e1s de 500.000 \u00f1us dan a luz en un breve periodo de tiempo, atrayendo a depredadores como leones, guepardos y hienas. La vegetaci\u00f3n est\u00e1 en su m\u00e1ximo esplendor y las fotograf\u00edas son impresionantes.<\/p><hr class=\"\" data-start=\"1724\" data-end=\"1727\" \/><h2 class=\"\" data-start=\"1729\" data-end=\"1770\">Abril a mayo \u2013 Lluvias prolongadas (temporada baja)<\/h2><ul data-start=\"1772\" data-end=\"1882\"><li class=\"\" data-start=\"1772\" data-end=\"1820\"><p class=\"\" data-start=\"1774\" data-end=\"1820\"><strong data-start=\"1774\" data-end=\"1786\">Mejor para<\/strong>Safaris econ\u00f3micos, menos turistas<\/p><\/li><li class=\"\" data-start=\"1821\" data-end=\"1882\"><p class=\"\" data-start=\"1823\" data-end=\"1882\"><strong data-start=\"1823\" data-end=\"1833\">Esperar<\/strong>:Fuertes lluvias, caminos embarrados, pero una relaci\u00f3n calidad-precio incre\u00edble.<\/p><\/li><\/ul><p class=\"\" data-start=\"1884\" data-end=\"2128\">Estos son los meses m\u00e1s lluviosos de Tanzania. Muchos alojamientos cierran temporalmente, especialmente en zonas remotas. Sin embargo, si no te importa la lluvia, este es un buen momento para... <strong data-start=\"2039\" data-end=\"2077\">safari m\u00e1s tranquilo y asequible<\/strong>, especialmente en el Serengeti o Cr\u00e1ter del Ngorongoro.<\/p><hr class=\"\" data-start=\"2130\" data-end=\"2133\" \/><h2 class=\"\" data-start=\"2135\" data-end=\"2187\">De junio a octubre: temporada seca (temporada alta de safaris)<\/h2><ul data-start=\"2189\" data-end=\"2371\"><li class=\"\" data-start=\"2189\" data-end=\"2280\"><p class=\"\" data-start=\"2191\" data-end=\"2280\"><strong data-start=\"2191\" data-end=\"2203\">Mejor para<\/strong>: Safari cl\u00e1sico de los Cinco Grandes, cruces de r\u00edos de la Gran Migraci\u00f3n, safaris a pie<\/p><\/li><li class=\"\" data-start=\"2281\" data-end=\"2371\"><p class=\"\" data-start=\"2283\" data-end=\"2371\"><strong data-start=\"2283\" data-end=\"2293\">Esperar<\/strong>:Cielos despejados, ma\u00f1anas m\u00e1s frescas, alta concentraci\u00f3n de vida silvestre cerca de fuentes de agua.<\/p><\/li><\/ul><p class=\"\" data-start=\"2373\" data-end=\"2698\">Este es el <strong data-start=\"2385\" data-end=\"2429\">El mejor momento para visitar Tanzania para un safari<\/strong>. La vida silvestre se re\u00fane alrededor de r\u00edos y abrevaderos, lo que facilita su observaci\u00f3n. Junio da inicio a la estaci\u00f3n seca, mientras que <strong data-start=\"2541\" data-end=\"2562\">Julio a septiembre<\/strong> es famoso por su dramatismo <strong data-start=\"2586\" data-end=\"2610\">Cruces del r\u00edo Mara<\/strong> En el norte del Serengeti. Los parques est\u00e1n en su punto m\u00e1s concurrido, por lo que es fundamental reservar con antelaci\u00f3n.<\/p><hr class=\"\" data-start=\"2700\" data-end=\"2703\" \/><h2 class=\"\" data-start=\"2705\" data-end=\"2759\">Noviembre a diciembre: temporada de lluvias cortas y observaci\u00f3n de aves<\/h2><ul data-start=\"2761\" data-end=\"2901\"><li class=\"\" data-start=\"2761\" data-end=\"2823\"><p class=\"\" data-start=\"2763\" data-end=\"2823\"><strong data-start=\"2763\" data-end=\"2775\">Mejor para<\/strong>:Aves migratorias, tasas m\u00e1s bajas, menos turistas<\/p><\/li><li class=\"\" data-start=\"2824\" data-end=\"2901\"><p class=\"\" data-start=\"2826\" data-end=\"2901\"><strong data-start=\"2826\" data-end=\"2836\">Esperar<\/strong>:Lluvias cortas, paisajes verdes, inicio de la migraci\u00f3n hacia el sur.<\/p><\/li><\/ul><p class=\"\" data-start=\"2903\" data-end=\"3152\">Las breves lluvias revitalizan la tierra. La vida silvestre sigue siendo abundante, y esta \u00e9poca es ideal para <strong data-start=\"3009\" data-end=\"3026\">observadores de aves<\/strong>, a medida que las especies migratorias regresan. <strong data-start=\"3061\" data-end=\"3106\">La Gran Migraci\u00f3n comienza su regreso al sur<\/strong>, Prepar\u00e1ndose una vez m\u00e1s para la temporada de partos.<\/p><hr class=\"\" data-start=\"3154\" data-end=\"3157\" \/><h2 class=\"\" data-start=\"3159\" data-end=\"3185\">Entonces, \u00bfcu\u00e1ndo deber\u00edas ir?<\/h2><p class=\"\" data-start=\"3187\" data-end=\"3203\"><strong data-start=\"3187\" data-end=\"3203\">Si quieres:<\/strong><\/p><ul data-start=\"3204\" data-end=\"3403\"><li class=\"\" data-start=\"3204\" data-end=\"3245\"><p class=\"\" data-start=\"3206\" data-end=\"3245\"><strong data-start=\"3206\" data-end=\"3229\">Grandes felinos y partos:<\/strong> Enero \u2013 marzo<\/p><\/li><li class=\"\" data-start=\"3246\" data-end=\"3288\"><p class=\"\" data-start=\"3248\" data-end=\"3288\"><strong data-start=\"3248\" data-end=\"3276\">Safaris econ\u00f3micos:<\/strong> Abril \u2013 mayo<\/p><\/li><li class=\"\" data-start=\"3289\" data-end=\"3353\"><p class=\"\" data-start=\"3291\" data-end=\"3353\"><strong data-start=\"3291\" data-end=\"3338\">Observaci\u00f3n de juegos cl\u00e1sicos y cruces migratorios:<\/strong> Junio \u2013 Octubre<\/p><\/li><li class=\"\" data-start=\"3354\" data-end=\"3403\"><p class=\"\" data-start=\"3356\" data-end=\"3403\"><strong data-start=\"3356\" data-end=\"3383\">Observaci\u00f3n de aves y menos multitudes:<\/strong> Noviembre \u2013 diciembre<\/p><\/li><\/ul><hr class=\"\" data-start=\"3405\" data-end=\"3408\" \/><h2 class=\"\" data-start=\"3410\" data-end=\"3439\">Consejos finales antes de reservar<\/h2><ul data-start=\"3441\" data-end=\"3686\"><li class=\"\" data-start=\"3441\" data-end=\"3500\"><p class=\"\" data-start=\"3443\" data-end=\"3500\">Reserva al menos <strong data-start=\"3457\" data-end=\"3483\">6-12 meses de antelaci\u00f3n<\/strong> para temporada alta.<\/p><\/li><li class=\"\" data-start=\"3501\" data-end=\"3607\"><p class=\"\" data-start=\"3503\" data-end=\"3607\">Combine parques para una experiencia m\u00e1s completa: Serengeti + Ngorongoro, o mezcle Tarangire y Selous (Nyerere).<\/p><\/li><li class=\"\" data-start=\"3608\" data-end=\"3686\"><p class=\"\" data-start=\"3610\" data-end=\"3686\">No olvides llevar varias capas. <strong data-start=\"3640\" data-end=\"3666\">Las ma\u00f1anas pueden ser fr\u00edas<\/strong> Incluso en la estaci\u00f3n seca.<\/p><\/li><\/ul><hr class=\"\" data-start=\"3688\" data-end=\"3691\" \/><p class=\"\" data-start=\"3693\" data-end=\"3931\"><strong data-start=\"3693\" data-end=\"3740\">Tanzania es un destino de safari durante todo el a\u00f1o.<\/strong>, Cada temporada ofrece algo \u00fanico. Ya sea que busques la emoci\u00f3n de la Gran Migraci\u00f3n o una experiencia serena e \u00edntima con la vida silvestre, hay un momento perfecto esper\u00e1ndote.<\/p><p class=\"\" data-start=\"3933\" data-end=\"4061\"><strong data-start=\"3933\" data-end=\"3973\">\u00bfEst\u00e1s listo para planificar tu aventura de safari?<\/strong> Ponte en contacto con un operador tur\u00edstico local de confianza para comenzar a crear el itinerario de tus sue\u00f1os.<\/p>\t\t\t\t\t\t\t\t<\/div>\n\t\t\t\t<\/div>\n\t\t\t\t\t<\/div>\n\t\t\t\t<\/div>\n\t\t\t\t\t<\/div>\n\t\t\t\t<\/div>\n\t\t\t\t<\/div>","protected":false},"excerpt":{"rendered":"<p>Inicio \/ Blog La mejor \u00e9poca para visitar Tanzania de safari: Gu\u00eda mes a mes. Tanzania es uno de los principales destinos de safari de \u00c1frica, hogar del ic\u00f3nico Parque Nacional del Serengeti, el cr\u00e1ter del Ngorongoro, Tarangire y la vasta naturaleza del Circuito Sur. Pero \u00bfcu\u00e1l es la mejor \u00e9poca para visitar Tanzania de safari? Lo cierto es que no hay [\u2026]<\/p>","protected":false},"author":1,"featured_media":0,"parent":0,"menu_order":0,"comment_status":"closed","ping_status":"closed","template":"elementor_canvas","meta":{"footnotes":""},"class_list":["post-10226","page","type-page","status-publish","hentry"],"yoast_head":"<!-- This site is optimized with the Yoast SEO plugin v25.7 - https:\/\/yoast.com\/wordpress\/plugins\/seo\/ -->\n<title>Best time to visit Tanzania - Nurtured Wildlife Safaris<\/title>\n<meta name=\"robots\" content=\"index, follow, max-snippet:-1, max-image-preview:large, max-video-preview:-1\" \/>\n<link rel=\"canonical\" href=\"https:\/\/nurturedwildlife.com\/es\/la-mejor-epoca-para-visitar-tanzania\/\" \/>\n<meta property=\"og:locale\" content=\"es_ES\" \/>\n<meta property=\"og:type\" content=\"article\" \/>\n<meta property=\"og:title\" content=\"Best time to visit Tanzania - Nurtured Wildlife Safaris\" \/>\n<meta property=\"og:description\" content=\"Home \/ Blog Best Time to Visit Tanzania for Safari: A Month-by-Month Guide Tanzania is one of Africa\u2019s premier safari destinations, home to the iconic Serengeti National Park, Ngorongoro Crater, Tarangire, and the vast wilderness of the Southern Circuit. But when is the best time to visit Tanzania for safari? The truth is, there\u2019s no [&hellip;]\" \/>\n<meta property=\"og:url\" content=\"https:\/\/nurturedwildlife.com\/es\/la-mejor-epoca-para-visitar-tanzania\/\" \/>\n<meta property=\"og:site_name\" content=\"Nurtured Wildlife Safaris\" \/>\n<meta property=\"article:modified_time\" content=\"2025-05-17T13:54:21+00:00\" \/>\n<meta name=\"twitter:card\" content=\"summary_large_image\" \/>\n<meta name=\"twitter:label1\" content=\"Tiempo de lectura\" \/>\n\t<meta name=\"twitter:data1\" content=\"3 minutos\" \/>\n<script type=\"application\/ld+json\" class=\"yoast-schema-graph\">{\"@context\":\"https:\/\/schema.org\",\"@graph\":[{\"@type\":\"WebPage\",\"@id\":\"https:\/\/nurturedwildlife.com\/best-time-to-visit-tanzania\/\",\"url\":\"https:\/\/nurturedwildlife.com\/best-time-to-visit-tanzania\/\",\"name\":\"Best time to visit Tanzania - Nurtured Wildlife Safaris\",\"isPartOf\":{\"@id\":\"https:\/\/nurturedwildlife.com\/#website\"},\"datePublished\":\"2025-05-17T13:40:56+00:00\",\"dateModified\":\"2025-05-17T13:54:21+00:00\",\"breadcrumb\":{\"@id\":\"https:\/\/nurturedwildlife.com\/best-time-to-visit-tanzania\/#breadcrumb\"},\"inLanguage\":\"es\",\"potentialAction\":[{\"@type\":\"ReadAction\",\"target\":[\"https:\/\/nurturedwildlife.com\/best-time-to-visit-tanzania\/\"]}]},{\"@type\":\"BreadcrumbList\",\"@id\":\"https:\/\/nurturedwildlife.com\/best-time-to-visit-tanzania\/#breadcrumb\",\"itemListElement\":[{\"@type\":\"ListItem\",\"position\":1,\"name\":\"Home\",\"item\":\"https:\/\/nurturedwildlife.com\/\"},{\"@type\":\"ListItem\",\"position\":2,\"name\":\"Best time to visit Tanzania\"}]},{\"@type\":\"WebSite\",\"@id\":\"https:\/\/nurturedwildlife.com\/#website\",\"url\":\"https:\/\/nurturedwildlife.com\/\",\"name\":\"Nurtured Wildlife Safaris\",\"description\":\"Tanzania Unforgettable\",\"publisher\":{\"@id\":\"https:\/\/nurturedwildlife.com\/#organization\"},\"potentialAction\":[{\"@type\":\"SearchAction\",\"target\":{\"@type\":\"EntryPoint\",\"urlTemplate\":\"https:\/\/nurturedwildlife.com\/?s={search_term_string}\"},\"query-input\":{\"@type\":\"PropertyValueSpecification\",\"valueRequired\":true,\"valueName\":\"search_term_string\"}}],\"inLanguage\":\"es\"},{\"@type\":\"Organization\",\"@id\":\"https:\/\/nurturedwildlife.com\/#organization\",\"name\":\"Nurtured Wildlife Safaris\",\"url\":\"https:\/\/nurturedwildlife.com\/\",\"logo\":{\"@type\":\"ImageObject\",\"inLanguage\":\"es\",\"@id\":\"https:\/\/nurturedwildlife.com\/#\/schema\/logo\/image\/\",\"url\":\"https:\/\/nurturedwildlife.com\/wp-content\/uploads\/2023\/12\/nurtured-png.png\",\"contentUrl\":\"https:\/\/nurturedwildlife.com\/wp-content\/uploads\/2023\/12\/nurtured-png.png\",\"width\":4641,\"height\":1704,\"caption\":\"Nurtured Wildlife Safaris\"},\"image\":{\"@id\":\"https:\/\/nurturedwildlife.com\/#\/schema\/logo\/image\/\"}}]}<\/script>\n<!-- \/ Yoast SEO plugin. -->","yoast_head_json":{"title":"El mejor momento para visitar Tanzania - Safaris de vida silvestre","robots":{"index":"index","follow":"follow","max-snippet":"max-snippet:-1","max-image-preview":"max-image-preview:large","max-video-preview":"max-video-preview:-1"},"canonical":"https:\/\/nurturedwildlife.com\/es\/la-mejor-epoca-para-visitar-tanzania\/","og_locale":"es_ES","og_type":"article","og_title":"Best time to visit Tanzania - Nurtured Wildlife Safaris","og_description":"Home \/ Blog Best Time to Visit Tanzania for Safari: A Month-by-Month Guide Tanzania is one of Africa\u2019s premier safari destinations, home to the iconic Serengeti National Park, Ngorongoro Crater, Tarangire, and the vast wilderness of the Southern Circuit. But when is the best time to visit Tanzania for safari? The truth is, there\u2019s no [&hellip;]","og_url":"https:\/\/nurturedwildlife.com\/es\/la-mejor-epoca-para-visitar-tanzania\/","og_site_name":"Nurtured Wildlife Safaris","article_modified_time":"2025-05-17T13:54:21+00:00","twitter_card":"summary_large_image","twitter_misc":{"Tiempo de lectura":"3 minutos"},"schema":{"@context":"https:\/\/schema.org","@graph":[{"@type":"WebPage","@id":"https:\/\/nurturedwildlife.com\/best-time-to-visit-tanzania\/","url":"https:\/\/nurturedwildlife.com\/best-time-to-visit-tanzania\/","name":"El mejor momento para visitar Tanzania - Safaris de vida silvestre","isPartOf":{"@id":"https:\/\/nurturedwildlife.com\/#website"},"datePublished":"2025-05-17T13:40:56+00:00","dateModified":"2025-05-17T13:54:21+00:00","breadcrumb":{"@id":"https:\/\/nurturedwildlife.com\/best-time-to-visit-tanzania\/#breadcrumb"},"inLanguage":"es","potentialAction":[{"@type":"ReadAction","target":["https:\/\/nurturedwildlife.com\/best-time-to-visit-tanzania\/"]}]},{"@type":"BreadcrumbList","@id":"https:\/\/nurturedwildlife.com\/best-time-to-visit-tanzania\/#breadcrumb","itemListElement":[{"@type":"ListItem","position":1,"name":"Home","item":"https:\/\/nurturedwildlife.com\/"},{"@type":"ListItem","position":2,"name":"Best time to visit Tanzania"}]},{"@type":"WebSite","@id":"https:\/\/nurturedwildlife.com\/#website","url":"https:\/\/nurturedwildlife.com\/","name":"Safaris de vida silvestre nutrida","description":"Tanzania Inolvidable","publisher":{"@id":"https:\/\/nurturedwildlife.com\/#organization"},"potentialAction":[{"@type":"SearchAction","target":{"@type":"EntryPoint","urlTemplate":"https:\/\/nurturedwildlife.com\/?s={search_term_string}"},"query-input":{"@type":"PropertyValueSpecification","valueRequired":true,"valueName":"search_term_string"}}],"inLanguage":"es"},{"@type":"Organization","@id":"https:\/\/nurturedwildlife.com\/#organization","name":"Safaris de vida silvestre nutrida","url":"https:\/\/nurturedwildlife.com\/","logo":{"@type":"ImageObject","inLanguage":"es","@id":"https:\/\/nurturedwildlife.com\/#\/schema\/logo\/image\/","url":"https:\/\/nurturedwildlife.com\/wp-content\/uploads\/2023\/12\/nurtured-png.png","contentUrl":"https:\/\/nurturedwildlife.com\/wp-content\/uploads\/2023\/12\/nurtured-png.png","width":4641,"height":1704,"caption":"Nurtured Wildlife Safaris"},"image":{"@id":"https:\/\/nurturedwildlife.com\/#\/schema\/logo\/image\/"}}]}},"_links":{"self":[{"href":"https:\/\/nurturedwildlife.com\/es\/wp-json\/wp\/v2\/pages\/10226","targetHints":{"allow":["GET"]}}],"collection":[{"href":"https:\/\/nurturedwildlife.com\/es\/wp-json\/wp\/v2\/pages"}],"about":[{"href":"https:\/\/nurturedwildlife.com\/es\/wp-json\/wp\/v2\/types\/page"}],"author":[{"embeddable":true,"href":"https:\/\/nurturedwildlife.com\/es\/wp-json\/wp\/v2\/users\/1"}],"replies":[{"embeddable":true,"href":"https:\/\/nurturedwildlife.com\/es\/wp-json\/wp\/v2\/comments?post=10226"}],"version-history":[{"count":5,"href":"https:\/\/nurturedwildlife.com\/es\/wp-json\/wp\/v2\/pages\/10226\/revisions"}],"predecessor-version":[{"id":10244,"href":"https:\/\/nurturedwildlife.com\/es\/wp-json\/wp\/v2\/pages\/10226\/revisions\/10244"}],"wp:attachment":[{"href":"https:\/\/nurturedwildlife.com\/es\/wp-json\/wp\/v2\/media?parent=10226"}],"curies":[{"name":"wp","href":"https:\/\/api.w.org\/{rel}","templated":true}]}}