{"id":10275,"date":"2025-05-17T14:24:42","date_gmt":"2025-05-17T14:24:42","guid":{"rendered":"https:\/\/nurturedwildlife.com\/?page_id=10275"},"modified":"2025-05-17T14:26:46","modified_gmt":"2025-05-17T14:26:46","slug":"kilimandscharo-besteigungstipps","status":"publish","type":"page","link":"https:\/\/nurturedwildlife.com\/de\/kilimandscharo-besteigungstipps\/","title":{"rendered":"Kilimandscharo-Besteigungstipps"},"content":{"rendered":"<div data-elementor-type=\"wp-page\" data-elementor-id=\"10275\" class=\"elementor elementor-10275\" data-elementor-post-type=\"page\">\n\t\t\t\t<div class=\"elementor-element elementor-element-e00a70f e-con-full e-flex e-con e-parent\" data-id=\"e00a70f\" data-element_type=\"container\" data-e-type=\"container\" data-settings=\"{&quot;background_background&quot;:&quot;classic&quot;}\">\n\t\t<div class=\"elementor-element elementor-element-4f28cb66 e-con-full e-flex e-con e-child\" data-id=\"4f28cb66\" data-element_type=\"container\" data-e-type=\"container\" data-settings=\"{&quot;background_background&quot;:&quot;classic&quot;}\">\n\t\t\t\t<div class=\"elementor-element elementor-element-770fe869 elementor-widget elementor-widget-text-editor\" data-id=\"770fe869\" data-element_type=\"widget\" data-e-type=\"widget\" data-widget_type=\"text-editor.default\">\n\t\t\t\t<div class=\"elementor-widget-container\">\n\t\t\t\t\t\t\t\t\t<p><a href=\"#\">Heim<\/a> \/ Blog<\/p>\t\t\t\t\t\t\t\t<\/div>\n\t\t\t\t<\/div>\n\t\t\t\t<\/div>\n\t\t\t\t<\/div>\n\t\t<div class=\"elementor-element elementor-element-3f9f40b e-flex e-con-boxed e-con e-parent\" data-id=\"3f9f40b\" data-element_type=\"container\" data-e-type=\"container\">\n\t\t\t\t\t<div class=\"e-con-inner\">\n\t\t<div class=\"elementor-element elementor-element-5a9f91e3 e-flex e-con-boxed e-con e-child\" data-id=\"5a9f91e3\" data-element_type=\"container\" data-e-type=\"container\" data-settings=\"{&quot;background_background&quot;:&quot;classic&quot;}\">\n\t\t\t\t\t<div class=\"e-con-inner\">\n\t\t\t\t<div class=\"elementor-element elementor-element-bdbea60 elementor-widget elementor-widget-text-editor\" data-id=\"bdbea60\" data-element_type=\"widget\" data-e-type=\"widget\" data-widget_type=\"text-editor.default\">\n\t\t\t\t<div class=\"elementor-widget-container\">\n\t\t\t\t\t\t\t\t\t<p class=\"\" data-start=\"237\" data-end=\"493\">Klettern <strong data-start=\"246\" data-end=\"267\">Kilimandscharo<\/strong>, Der Mount Everest, Afrikas h\u00f6chster Berg (5.895 m), ist ein einmaliges Abenteuer. Ob Trekking-Neuling oder erfahrener Bergsteiger \u2013 die richtige Vorbereitung entscheidet dar\u00fcber, ob man den Gipfel erreicht oder umkehren muss.<\/p><p class=\"\" data-start=\"495\" data-end=\"615\">Um Ihnen bei der Eroberung des \u201cDachs von Afrika\u201d zu helfen, finden Sie hier die <strong data-start=\"550\" data-end=\"583\">Top-Tipps f\u00fcr die Kilimandscharo-Besteigung<\/strong> was jeder Trekker wissen sollte.<\/p><hr class=\"\" data-start=\"617\" data-end=\"620\" \/><h2 class=\"\" data-start=\"622\" data-end=\"662\">1. <strong data-start=\"628\" data-end=\"662\">W\u00e4hlen Sie die richtige Route f\u00fcr sich<\/strong><\/h2><p class=\"\" data-start=\"664\" data-end=\"770\">Es gibt mehrere Routen zum Gipfel, jede mit unterschiedlicher Landschaft, unterschiedlichem Schwierigkeitsgrad und unterschiedlichen Erfolgsquoten.<\/p><ul data-start=\"772\" data-end=\"1058\"><li class=\"\" data-start=\"772\" data-end=\"826\"><p class=\"\" data-start=\"774\" data-end=\"826\"><strong data-start=\"774\" data-end=\"800\">Machame-Route (7 Tage)<\/strong> \u2013 Am beliebtesten und landschaftlich reizvollsten<\/p><\/li><li class=\"\" data-start=\"827\" data-end=\"902\"><p class=\"\" data-start=\"829\" data-end=\"902\"><strong data-start=\"829\" data-end=\"855\">Lemosho-Route (8 Tage)<\/strong> \u2013 Ideal zur Akklimatisierung und f\u00fcr atemberaubende Ausblicke<\/p><\/li><li class=\"\" data-start=\"903\" data-end=\"980\"><p class=\"\" data-start=\"905\" data-end=\"980\"><strong data-start=\"905\" data-end=\"933\">Marangu-Route (5\u20136 Tage)<\/strong> \u2013 Die \u201cCoca-Cola\u201d-Route mit H\u00fctten\u00fcbernachtungen<\/p><\/li><li class=\"\" data-start=\"981\" data-end=\"1058\"><p class=\"\" data-start=\"983\" data-end=\"1058\"><strong data-start=\"983\" data-end=\"1010\">Rongai-Route (6\u20137 Tage)<\/strong> \u2013 Ruhiger und trockener, von Norden kommend.<\/p><\/li><\/ul><p class=\"\" data-start=\"1060\" data-end=\"1145\">\ud83d\udc49 <em data-start=\"1063\" data-end=\"1068\">Tipp<\/em>L\u00e4ngere Routen bieten eine bessere Akklimatisierung und h\u00f6here Gipfelerfolgsquoten.<\/p><hr class=\"\" data-start=\"1147\" data-end=\"1150\" \/><h2 class=\"\" data-start=\"1152\" data-end=\"1207\">2. <strong data-start=\"1158\" data-end=\"1207\">Akklimatisieren Sie sich langsam, um H\u00f6henkrankheit zu vermeiden.<\/strong><\/h2><p class=\"\" data-start=\"1209\" data-end=\"1312\">Die H\u00f6henkrankheit ist die gr\u00f6\u00dfte Herausforderung am Kilimandscharo. Langsames Vorankommen gibt dem K\u00f6rper Zeit, sich anzupassen.<\/p><ul data-start=\"1314\" data-end=\"1486\"><li class=\"\" data-start=\"1314\" data-end=\"1360\"><p class=\"\" data-start=\"1316\" data-end=\"1360\">Befolge die Regel: <strong data-start=\"1333\" data-end=\"1360\">\u201cH\u00f6hensteigen, tief schlafen\u201d<\/strong><\/p><\/li><li class=\"\" data-start=\"1361\" data-end=\"1405\"><p class=\"\" data-start=\"1363\" data-end=\"1405\">W\u00e4hlen Sie Trekkingtouren, die <strong data-start=\"1385\" data-end=\"1405\">7 Tage oder l\u00e4nger<\/strong><\/p><\/li><li class=\"\" data-start=\"1406\" data-end=\"1486\"><p class=\"\" data-start=\"1408\" data-end=\"1486\">Wenden Sie sich an Ihren Reiseleiter, wenn Sie Symptome wie Kopfschmerzen, \u00dcbelkeit oder Schwindel versp\u00fcren.<\/p><\/li><\/ul><p class=\"\" data-start=\"1488\" data-end=\"1556\">\ud83d\udc49 <em data-start=\"1491\" data-end=\"1496\">Tipp<\/em>: Gehen Sie an einem \u201cpole pole\u201d (Suaheli f\u00fcr <em data-start=\"1533\" data-end=\"1549\">langsam, langsam<\/em>) Tempo.<\/p><hr class=\"\" data-start=\"1558\" data-end=\"1561\" \/><h2 class=\"\" data-start=\"1563\" data-end=\"1592\">3. <strong data-start=\"1569\" data-end=\"1592\">Trainiere f\u00fcr den Aufstieg<\/strong><\/h2><p class=\"\" data-start=\"1594\" data-end=\"1682\">Der Kilimandscharo erfordert zwar kein technisches Klettern, stellt aber eine ernsthafte k\u00f6rperliche Herausforderung dar.<\/p><ul data-start=\"1684\" data-end=\"1846\"><li class=\"\" data-start=\"1684\" data-end=\"1726\"><p class=\"\" data-start=\"1686\" data-end=\"1726\"><strong data-start=\"1686\" data-end=\"1726\">Beginnen Sie das Training 2\u20133 Monate im Voraus.<\/strong><\/p><\/li><li class=\"\" data-start=\"1727\" data-end=\"1786\"><p class=\"\" data-start=\"1729\" data-end=\"1786\">Konzentrieren Sie sich auf <strong data-start=\"1738\" data-end=\"1786\">Ausdauertraining, Krafttraining und Wandern mit Rucksack<\/strong><\/p><\/li><li class=\"\" data-start=\"1787\" data-end=\"1846\"><p class=\"\" data-start=\"1789\" data-end=\"1846\">\u00dcben <strong data-start=\"1798\" data-end=\"1833\">lange Spazierg\u00e4nge oder Wanderungen in der H\u00f6he<\/strong>, wenn m\u00f6glich<\/p><\/li><\/ul><p class=\"\" data-start=\"1848\" data-end=\"1949\">\ud83d\udc49 <em data-start=\"1851\" data-end=\"1856\">Tipp<\/em>Integrieren Sie Treppensteigen, Gehen auf dem Laufband mit Steigung und Ausdauertraining in Ihr Training.<\/p><hr class=\"\" data-start=\"1951\" data-end=\"1954\" \/><h2 class=\"\" data-start=\"1956\" data-end=\"1985\">4. <strong data-start=\"1962\" data-end=\"1985\">Die richtige Ausr\u00fcstung einpacken<\/strong><\/h2><p class=\"\" data-start=\"1987\" data-end=\"2107\">Die richtige Ausr\u00fcstung kann \u00fcber Erfolg oder Misserfolg entscheiden. Das Wetter am Kilimandscharo kann von tropischer Hitze bis zu eisiger K\u00e4lte umschlagen.<\/p><p class=\"\" data-start=\"2109\" data-end=\"2124\"><strong data-start=\"2109\" data-end=\"2123\">Unverzichtbare Dinge<\/strong>:<\/p><ul data-start=\"2125\" data-end=\"2348\"><li class=\"\" data-start=\"2125\" data-end=\"2201\"><p class=\"\" data-start=\"2127\" data-end=\"2201\">Gut <strong data-start=\"2132\" data-end=\"2159\">mehrlagiges Bekleidungssystem<\/strong> (Basis-, Isolier- und wasserdichte Schichten)<\/p><\/li><li class=\"\" data-start=\"2202\" data-end=\"2251\"><p class=\"\" data-start=\"2204\" data-end=\"2251\">Warm <strong data-start=\"2209\" data-end=\"2225\">Schlafsack<\/strong> (geeignet bis -10\u00b0C oder tiefer)<\/p><\/li><li class=\"\" data-start=\"2252\" data-end=\"2287\"><p class=\"\" data-start=\"2254\" data-end=\"2287\"><strong data-start=\"2254\" data-end=\"2270\">Wanderschuhe<\/strong> (gut eingefahren)<\/p><\/li><li class=\"\" data-start=\"2288\" data-end=\"2348\"><p class=\"\" data-start=\"2290\" data-end=\"2348\"><strong data-start=\"2290\" data-end=\"2302\">Scheinwerfer<\/strong>, <strong data-start=\"2304\" data-end=\"2322\">Trekkingst\u00f6cke<\/strong>, Und <strong data-start=\"2328\" data-end=\"2348\">Hydratationssystem<\/strong><\/p><\/li><\/ul><p class=\"\" data-start=\"2350\" data-end=\"2440\">\ud83d\udc49 <em data-start=\"2353\" data-end=\"2358\">Tipp<\/em>Packen Sie nicht zu viel ein, aber sparen Sie auch nicht an den wichtigsten Dingen \u2013 insbesondere an warmer Kleidung.<\/p><hr class=\"\" data-start=\"2442\" data-end=\"2445\" \/><h2 class=\"\" data-start=\"2447\" data-end=\"2483\">5. <strong data-start=\"2453\" data-end=\"2483\">Bleiben Sie hydriert und ern\u00e4hren Sie sich gesund<\/strong><\/h2><p class=\"\" data-start=\"2485\" data-end=\"2583\">Kilimandscharo-Besteigungen verbrauchen viele Kalorien, und Dehydrierung erh\u00f6ht das Risiko der H\u00f6henkrankheit.<\/p><ul data-start=\"2585\" data-end=\"2744\"><li class=\"\" data-start=\"2585\" data-end=\"2631\"><p class=\"\" data-start=\"2587\" data-end=\"2631\">Trinken <strong data-start=\"2593\" data-end=\"2631\">mindestens 3\u20134 Liter Wasser t\u00e4glich<\/strong><\/p><\/li><li class=\"\" data-start=\"2632\" data-end=\"2683\"><p class=\"\" data-start=\"2634\" data-end=\"2683\">Bringen <strong data-start=\"2640\" data-end=\"2663\">Elektrolyttabletten<\/strong> f\u00fcr zus\u00e4tzliche Fl\u00fcssigkeitszufuhr<\/p><\/li><li class=\"\" data-start=\"2684\" data-end=\"2744\"><p class=\"\" data-start=\"2686\" data-end=\"2744\">Nehmen Sie jede Mahlzeit zu sich \u2013 auch wenn Sie in der H\u00f6he keinen Hunger versp\u00fcren.<\/p><\/li><\/ul><p class=\"\" data-start=\"2746\" data-end=\"2828\">\ud83d\udc49 <em data-start=\"2749\" data-end=\"2754\">Tipp<\/em>Bringen Sie Ihre Lieblings-Energiesnacks mit, wie N\u00fcsse, M\u00fcsliriegel oder Schokolade.<\/p><hr class=\"\" data-start=\"2830\" data-end=\"2833\" \/><h2 class=\"\" data-start=\"2835\" data-end=\"2874\">6. <strong data-start=\"2841\" data-end=\"2874\">Vertrauen Sie Ihren Guides und Tr\u00e4gern<\/strong><\/h2><p class=\"\" data-start=\"2876\" data-end=\"2958\">Dein Bergteam ist da, um dich zu unterst\u00fctzen, deine Gesundheit zu \u00fcberwachen und dich anzufeuern.<\/p><ul data-start=\"2960\" data-end=\"3114\"><li class=\"\" data-start=\"2960\" data-end=\"3024\"><p class=\"\" data-start=\"2962\" data-end=\"3024\">Stellen Sie Fragen, passen Sie sich ihrem Tempo an und respektieren Sie ihre Erfahrung.<\/p><\/li><li class=\"\" data-start=\"3025\" data-end=\"3114\"><p class=\"\" data-start=\"3027\" data-end=\"3114\">Lernen Sie einige grundlegende Suaheli-S\u00e4tze, um mit Ihrem Team in Kontakt zu treten (z. B., <em data-start=\"3093\" data-end=\"3101\">Jambo!<\/em> f\u00fcr \u201cHallo\u201d)<\/p><\/li><\/ul><p class=\"\" data-start=\"3116\" data-end=\"3189\">\ud83d\udc49 <em data-start=\"3119\" data-end=\"3124\">Tipp<\/em>Trinkgeld ist \u00fcblich \u2013 bitte erkundigen Sie sich bei Ihrem Reiseveranstalter nach den Richtlinien.<\/p><hr class=\"\" data-start=\"3191\" data-end=\"3194\" \/><h2 class=\"\" data-start=\"3196\" data-end=\"3239\">7. <strong data-start=\"3202\" data-end=\"3239\">Bleiben Sie positiv und mental stark<\/strong><\/h2><p class=\"\" data-start=\"3241\" data-end=\"3365\">Der Aufstieg zum Gipfel ist hart \u2013 besonders in der Gipfelnacht, wenn man im Dunkeln startet und 6\u20138 Stunden wandert, um den Uhuru Peak zu erreichen.<\/p><ul data-start=\"3367\" data-end=\"3506\"><li class=\"\" data-start=\"3367\" data-end=\"3403\"><p class=\"\" data-start=\"3369\" data-end=\"3403\">Bereite dich mental auf die Herausforderung vor<\/p><\/li><li class=\"\" data-start=\"3404\" data-end=\"3464\"><p class=\"\" data-start=\"3406\" data-end=\"3464\">Bewahren Sie einen <strong data-start=\"3413\" data-end=\"3434\">positive Einstellung<\/strong>, und nimm es <strong data-start=\"3448\" data-end=\"3464\">Schritt f\u00fcr Schritt<\/strong><\/p><\/li><li class=\"\" data-start=\"3465\" data-end=\"3506\"><p class=\"\" data-start=\"3467\" data-end=\"3506\">Feiere jeden Meilenstein auf dem Weg<\/p><\/li><\/ul><p class=\"\" data-start=\"3508\" data-end=\"3610\">\ud83d\udc49 <em data-start=\"3511\" data-end=\"3516\">Tipp<\/em>Erinnere dich an dein \u201cWarum\u201d \u2013 sei es ein pers\u00f6nliches Ziel, ein lang gehegter Traum oder eine Wohlt\u00e4tigkeitsbesteigung.<\/p><hr class=\"\" data-start=\"3612\" data-end=\"3615\" \/><h2 class=\"\" data-start=\"3617\" data-end=\"3631\">Schlussworte<\/h2><p class=\"\" data-start=\"3633\" data-end=\"3871\">Die Besteigung des Kilimandscharo ist eine Pr\u00fcfung von Ausdauer, Geduld und Willenskraft \u2013 aber es ist <strong data-start=\"3716\" data-end=\"3730\">erreichbar<\/strong> Mit der richtigen Einstellung und Vorbereitung. Der Moment, wenn man auf dem Uhuru Peak steht und den Sonnenaufgang \u00fcber Afrika beobachtet, ist ein unvergessliches Erlebnis.<\/p><p class=\"\" data-start=\"3873\" data-end=\"4015\"><strong data-start=\"3873\" data-end=\"3906\">Bereit f\u00fcr den ersten Schritt?<\/strong> Beginnen Sie mit dem Training, suchen Sie sich einen seri\u00f6sen Reiseveranstalter und r\u00fcsten Sie sich f\u00fcr eines der gr\u00f6\u00dften Abenteuer Ihres Lebens.<\/p>\t\t\t\t\t\t\t\t<\/div>\n\t\t\t\t<\/div>\n\t\t\t\t\t<\/div>\n\t\t\t\t<\/div>\n\t\t\t\t\t<\/div>\n\t\t\t\t<\/div>\n\t\t\t\t<\/div>","protected":false},"excerpt":{"rendered":"<p>Startseite \/ Blog Die Besteigung des Kilimandscharo, Afrikas h\u00f6chstem Berg (5.895 m), ist ein einmaliges Abenteuer. Ob Sie nun zum ersten Mal trekken oder ein erfahrener Bergsteiger sind \u2013 die richtige Vorbereitung kann den Unterschied zwischen Gipfelerfolg und Umkehr ausmachen. Damit auch Sie das \u201cDach Afrikas\u201d bezwingen k\u00f6nnen, finden Sie hier die wichtigsten Tipps f\u00fcr die Kilimandscharo-Besteigung, die jeder Trekker kennen sollte [\u2026]<\/p>","protected":false},"author":1,"featured_media":0,"parent":0,"menu_order":0,"comment_status":"closed","ping_status":"closed","template":"elementor_canvas","meta":{"footnotes":""},"class_list":["post-10275","page","type-page","status-publish","hentry"],"yoast_head":"<!-- This site is optimized with the Yoast SEO plugin v25.7 - https:\/\/yoast.com\/wordpress\/plugins\/seo\/ -->\n<title>kilimanjaro climbing tips - Nurtured Wildlife Safaris<\/title>\n<meta name=\"robots\" content=\"index, follow, max-snippet:-1, max-image-preview:large, max-video-preview:-1\" \/>\n<link rel=\"canonical\" href=\"https:\/\/nurturedwildlife.com\/de\/kilimandscharo-besteigungstipps\/\" \/>\n<meta property=\"og:locale\" content=\"de_DE\" \/>\n<meta property=\"og:type\" content=\"article\" \/>\n<meta property=\"og:title\" content=\"kilimanjaro climbing tips - Nurtured Wildlife Safaris\" \/>\n<meta property=\"og:description\" content=\"Home \/ Blog Climbing Mount Kilimanjaro, Africa\u2019s highest peak (5,895m\/19,341ft), is a once-in-a-lifetime adventure. Whether you\u2019re a first-time trekker or an experienced hiker, proper preparation can make the difference between reaching the summit or turning back. To help you conquer the &#8220;Roof of Africa,&#8221; here are the top Kilimanjaro climbing tips that every trekker should [&hellip;]\" \/>\n<meta property=\"og:url\" content=\"https:\/\/nurturedwildlife.com\/de\/kilimandscharo-besteigungstipps\/\" \/>\n<meta property=\"og:site_name\" content=\"Nurtured Wildlife Safaris\" \/>\n<meta property=\"article:modified_time\" content=\"2025-05-17T14:26:46+00:00\" \/>\n<meta name=\"twitter:card\" content=\"summary_large_image\" \/>\n<meta name=\"twitter:label1\" content=\"Gesch\u00e4tzte Lesezeit\" \/>\n\t<meta name=\"twitter:data1\" content=\"4\u00a0Minuten\" \/>\n<script type=\"application\/ld+json\" class=\"yoast-schema-graph\">{\"@context\":\"https:\/\/schema.org\",\"@graph\":[{\"@type\":\"WebPage\",\"@id\":\"https:\/\/nurturedwildlife.com\/kilimanjaro-climbing-tips\/\",\"url\":\"https:\/\/nurturedwildlife.com\/kilimanjaro-climbing-tips\/\",\"name\":\"kilimanjaro climbing tips - Nurtured Wildlife Safaris\",\"isPartOf\":{\"@id\":\"https:\/\/nurturedwildlife.com\/#website\"},\"datePublished\":\"2025-05-17T14:24:42+00:00\",\"dateModified\":\"2025-05-17T14:26:46+00:00\",\"breadcrumb\":{\"@id\":\"https:\/\/nurturedwildlife.com\/kilimanjaro-climbing-tips\/#breadcrumb\"},\"inLanguage\":\"de\",\"potentialAction\":[{\"@type\":\"ReadAction\",\"target\":[\"https:\/\/nurturedwildlife.com\/kilimanjaro-climbing-tips\/\"]}]},{\"@type\":\"BreadcrumbList\",\"@id\":\"https:\/\/nurturedwildlife.com\/kilimanjaro-climbing-tips\/#breadcrumb\",\"itemListElement\":[{\"@type\":\"ListItem\",\"position\":1,\"name\":\"Home\",\"item\":\"https:\/\/nurturedwildlife.com\/\"},{\"@type\":\"ListItem\",\"position\":2,\"name\":\"kilimanjaro climbing tips\"}]},{\"@type\":\"WebSite\",\"@id\":\"https:\/\/nurturedwildlife.com\/#website\",\"url\":\"https:\/\/nurturedwildlife.com\/\",\"name\":\"Nurtured Wildlife Safaris\",\"description\":\"Tanzania Unforgettable\",\"publisher\":{\"@id\":\"https:\/\/nurturedwildlife.com\/#organization\"},\"potentialAction\":[{\"@type\":\"SearchAction\",\"target\":{\"@type\":\"EntryPoint\",\"urlTemplate\":\"https:\/\/nurturedwildlife.com\/?s={search_term_string}\"},\"query-input\":{\"@type\":\"PropertyValueSpecification\",\"valueRequired\":true,\"valueName\":\"search_term_string\"}}],\"inLanguage\":\"de\"},{\"@type\":\"Organization\",\"@id\":\"https:\/\/nurturedwildlife.com\/#organization\",\"name\":\"Nurtured Wildlife Safaris\",\"url\":\"https:\/\/nurturedwildlife.com\/\",\"logo\":{\"@type\":\"ImageObject\",\"inLanguage\":\"de\",\"@id\":\"https:\/\/nurturedwildlife.com\/#\/schema\/logo\/image\/\",\"url\":\"https:\/\/nurturedwildlife.com\/wp-content\/uploads\/2023\/12\/nurtured-png.png\",\"contentUrl\":\"https:\/\/nurturedwildlife.com\/wp-content\/uploads\/2023\/12\/nurtured-png.png\",\"width\":4641,\"height\":1704,\"caption\":\"Nurtured Wildlife Safaris\"},\"image\":{\"@id\":\"https:\/\/nurturedwildlife.com\/#\/schema\/logo\/image\/\"}}]}<\/script>\n<!-- \/ Yoast SEO plugin. -->","yoast_head_json":{"title":"Kilimandscharo-Besteigungstipps \u2013 Nurtured Wildlife Safaris","robots":{"index":"index","follow":"follow","max-snippet":"max-snippet:-1","max-image-preview":"max-image-preview:large","max-video-preview":"max-video-preview:-1"},"canonical":"https:\/\/nurturedwildlife.com\/de\/kilimandscharo-besteigungstipps\/","og_locale":"de_DE","og_type":"article","og_title":"kilimanjaro climbing tips - Nurtured Wildlife Safaris","og_description":"Home \/ Blog Climbing Mount Kilimanjaro, Africa\u2019s highest peak (5,895m\/19,341ft), is a once-in-a-lifetime adventure. Whether you\u2019re a first-time trekker or an experienced hiker, proper preparation can make the difference between reaching the summit or turning back. To help you conquer the &#8220;Roof of Africa,&#8221; here are the top Kilimanjaro climbing tips that every trekker should [&hellip;]","og_url":"https:\/\/nurturedwildlife.com\/de\/kilimandscharo-besteigungstipps\/","og_site_name":"Nurtured Wildlife Safaris","article_modified_time":"2025-05-17T14:26:46+00:00","twitter_card":"summary_large_image","twitter_misc":{"Gesch\u00e4tzte Lesezeit":"4\u00a0Minuten"},"schema":{"@context":"https:\/\/schema.org","@graph":[{"@type":"WebPage","@id":"https:\/\/nurturedwildlife.com\/kilimanjaro-climbing-tips\/","url":"https:\/\/nurturedwildlife.com\/kilimanjaro-climbing-tips\/","name":"Kilimandscharo-Besteigungstipps \u2013 Nurtured Wildlife Safaris","isPartOf":{"@id":"https:\/\/nurturedwildlife.com\/#website"},"datePublished":"2025-05-17T14:24:42+00:00","dateModified":"2025-05-17T14:26:46+00:00","breadcrumb":{"@id":"https:\/\/nurturedwildlife.com\/kilimanjaro-climbing-tips\/#breadcrumb"},"inLanguage":"de","potentialAction":[{"@type":"ReadAction","target":["https:\/\/nurturedwildlife.com\/kilimanjaro-climbing-tips\/"]}]},{"@type":"BreadcrumbList","@id":"https:\/\/nurturedwildlife.com\/kilimanjaro-climbing-tips\/#breadcrumb","itemListElement":[{"@type":"ListItem","position":1,"name":"Home","item":"https:\/\/nurturedwildlife.com\/"},{"@type":"ListItem","position":2,"name":"kilimanjaro climbing tips"}]},{"@type":"WebSite","@id":"https:\/\/nurturedwildlife.com\/#website","url":"https:\/\/nurturedwildlife.com\/","name":"Gepflegte Wildtiersafaris","description":"Tansania \u2013 Unvergesslich","publisher":{"@id":"https:\/\/nurturedwildlife.com\/#organization"},"potentialAction":[{"@type":"SearchAction","target":{"@type":"EntryPoint","urlTemplate":"https:\/\/nurturedwildlife.com\/?s={search_term_string}"},"query-input":{"@type":"PropertyValueSpecification","valueRequired":true,"valueName":"search_term_string"}}],"inLanguage":"de"},{"@type":"Organization","@id":"https:\/\/nurturedwildlife.com\/#organization","name":"Gepflegte Wildtiersafaris","url":"https:\/\/nurturedwildlife.com\/","logo":{"@type":"ImageObject","inLanguage":"de","@id":"https:\/\/nurturedwildlife.com\/#\/schema\/logo\/image\/","url":"https:\/\/nurturedwildlife.com\/wp-content\/uploads\/2023\/12\/nurtured-png.png","contentUrl":"https:\/\/nurturedwildlife.com\/wp-content\/uploads\/2023\/12\/nurtured-png.png","width":4641,"height":1704,"caption":"Nurtured Wildlife Safaris"},"image":{"@id":"https:\/\/nurturedwildlife.com\/#\/schema\/logo\/image\/"}}]}},"_links":{"self":[{"href":"https:\/\/nurturedwildlife.com\/de\/wp-json\/wp\/v2\/pages\/10275","targetHints":{"allow":["GET"]}}],"collection":[{"href":"https:\/\/nurturedwildlife.com\/de\/wp-json\/wp\/v2\/pages"}],"about":[{"href":"https:\/\/nurturedwildlife.com\/de\/wp-json\/wp\/v2\/types\/page"}],"author":[{"embeddable":true,"href":"https:\/\/nurturedwildlife.com\/de\/wp-json\/wp\/v2\/users\/1"}],"replies":[{"embeddable":true,"href":"https:\/\/nurturedwildlife.com\/de\/wp-json\/wp\/v2\/comments?post=10275"}],"version-history":[{"count":5,"href":"https:\/\/nurturedwildlife.com\/de\/wp-json\/wp\/v2\/pages\/10275\/revisions"}],"predecessor-version":[{"id":10282,"href":"https:\/\/nurturedwildlife.com\/de\/wp-json\/wp\/v2\/pages\/10275\/revisions\/10282"}],"wp:attachment":[{"href":"https:\/\/nurturedwildlife.com\/de\/wp-json\/wp\/v2\/media?parent=10275"}],"curies":[{"name":"wp","href":"https:\/\/api.w.org\/{rel}","templated":true}]}}