{"id":10238,"date":"2025-05-17T13:54:46","date_gmt":"2025-05-17T13:54:46","guid":{"rendered":"https:\/\/nurturedwildlife.com\/?page_id=10238"},"modified":"2025-05-17T13:55:45","modified_gmt":"2025-05-17T13:55:45","slug":"reiseziele-die-man-unbedingt-besuchen-muss","status":"publish","type":"page","link":"https:\/\/nurturedwildlife.com\/de\/reiseziele-die-man-unbedingt-besuchen-muss\/","title":{"rendered":"Reiseziele, die man unbedingt besuchen muss"},"content":{"rendered":"<div data-elementor-type=\"wp-page\" data-elementor-id=\"10238\" class=\"elementor elementor-10238\" data-elementor-post-type=\"page\">\n\t\t\t\t<div class=\"elementor-element elementor-element-3b3d63f7 e-con-full e-flex e-con e-parent\" data-id=\"3b3d63f7\" data-element_type=\"container\" data-e-type=\"container\" data-settings=\"{&quot;background_background&quot;:&quot;classic&quot;}\">\n\t\t<div class=\"elementor-element elementor-element-6a2347 e-con-full e-flex e-con e-child\" data-id=\"6a2347\" data-element_type=\"container\" data-e-type=\"container\" data-settings=\"{&quot;background_background&quot;:&quot;classic&quot;}\">\n\t\t\t\t<div class=\"elementor-element elementor-element-a10ee4c elementor-widget elementor-widget-text-editor\" data-id=\"a10ee4c\" data-element_type=\"widget\" data-e-type=\"widget\" data-widget_type=\"text-editor.default\">\n\t\t\t\t<div class=\"elementor-widget-container\">\n\t\t\t\t\t\t\t\t\t<p><a href=\"#\">Heim<\/a> \/ Blog<\/p>\t\t\t\t\t\t\t\t<\/div>\n\t\t\t\t<\/div>\n\t\t\t\t<\/div>\n\t\t\t\t<\/div>\n\t\t<div class=\"elementor-element elementor-element-16e11b13 e-flex e-con-boxed e-con e-parent\" data-id=\"16e11b13\" data-element_type=\"container\" data-e-type=\"container\">\n\t\t\t\t\t<div class=\"e-con-inner\">\n\t\t<div class=\"elementor-element elementor-element-2f3d3a50 e-flex e-con-boxed e-con e-child\" data-id=\"2f3d3a50\" data-element_type=\"container\" data-e-type=\"container\" data-settings=\"{&quot;background_background&quot;:&quot;classic&quot;}\">\n\t\t\t\t\t<div class=\"e-con-inner\">\n\t\t\t\t<div class=\"elementor-element elementor-element-2b971e19 elementor-widget elementor-widget-text-editor\" data-id=\"2b971e19\" data-element_type=\"widget\" data-e-type=\"widget\" data-widget_type=\"text-editor.default\">\n\t\t\t\t<div class=\"elementor-widget-container\">\n\t\t\t\t\t\t\t\t\t<p class=\"\" data-start=\"189\" data-end=\"423\">Tansania ist ein Land von atemberaubender Sch\u00f6nheit, vielf\u00e4ltigen \u00d6kosystemen und einigen der besten M\u00f6glichkeiten zur Tierbeobachtung weltweit. Von der legend\u00e4ren Serengeti-Ebene bis zum majest\u00e4tischen Ngorongoro-Krater bietet Tansania ein unvergleichliches Safari-Erlebnis.<\/p><p class=\"\" data-start=\"425\" data-end=\"554\">Wenn Sie eine Safari planen, finden Sie hier die <strong data-start=\"477\" data-end=\"518\">Die 5 besten Safari-Ziele in Tansania<\/strong> Das sollte unbedingt auf Ihrer Wunschliste stehen.<\/p><hr class=\"\" data-start=\"556\" data-end=\"559\" \/><h2 class=\"\" data-start=\"561\" data-end=\"624\">1. <strong data-start=\"567\" data-end=\"594\">Serengeti-Nationalpark<\/strong> \u2013 Heimat der Gro\u00dfen Migration<\/h2><p class=\"\" data-start=\"626\" data-end=\"791\"><strong data-start=\"626\" data-end=\"648\">Beste Reisezeit<\/strong>: Juni bis Oktober (f\u00fcr Fluss\u00fcberquerungen) &amp; Januar bis M\u00e4rz (f\u00fcr die Kalbungszeit)<br data-start=\"727\" data-end=\"730\" \/><strong data-start=\"730\" data-end=\"743\">Bekannt f\u00fcr<\/strong>Die Big Five, die Gnuwanderung, endlose Ebenen<\/p><p class=\"\" data-start=\"793\" data-end=\"1105\">Die Serengeti ist Tansanias Kronjuwel. Sie ist weltber\u00fchmt f\u00fcr die <strong data-start=\"860\" data-end=\"890\">Die gro\u00dfe Gnuwanderung<\/strong>, Hier ziehen \u00fcber zwei Millionen Gnus, Zebras und Gazellen in einem beeindruckenden Jahreszyklus umher. Der Park beherbergt zudem eine hohe Dichte an Raubtieren \u2013 L\u00f6wen, Geparden und Leoparden \u2013 und ist somit ideal f\u00fcr klassische Wildbeobachtungen.<\/p><p class=\"\" data-start=\"1107\" data-end=\"1122\"><strong data-start=\"1107\" data-end=\"1121\">Highlights<\/strong>:<\/p><ul data-start=\"1123\" data-end=\"1235\"><li class=\"\" data-start=\"1123\" data-end=\"1162\"><p class=\"\" data-start=\"1125\" data-end=\"1162\">Mara-Fluss\u00fcberquerungen (Juli\u2013September)<\/p><\/li><li class=\"\" data-start=\"1163\" data-end=\"1201\"><p class=\"\" data-start=\"1165\" data-end=\"1201\">Kalbungszeit der Ndutu (Januar\u2013M\u00e4rz)<\/p><\/li><li class=\"\" data-start=\"1202\" data-end=\"1235\"><p class=\"\" data-start=\"1204\" data-end=\"1235\">Ballonsafaris \u00fcber die Ebenen<\/p><\/li><\/ul><hr class=\"\" data-start=\"1237\" data-end=\"1240\" \/><h2 class=\"\" data-start=\"1242\" data-end=\"1306\">2. <strong data-start=\"1248\" data-end=\"1269\">Ngorongoro-Krater<\/strong> \u2013 Die gr\u00f6\u00dfte intakte Caldera der Welt<\/h2><p class=\"\" data-start=\"1308\" data-end=\"1416\"><strong data-start=\"1308\" data-end=\"1330\">Beste Reisezeit<\/strong>Ganzj\u00e4hrig<br data-start=\"1342\" data-end=\"1345\" \/><strong data-start=\"1345\" data-end=\"1358\">Bekannt f\u00fcr<\/strong>Die \u201eBig Five\u201c, dramatische Landschaften, dichte Tierwelt<\/p><p class=\"\" data-start=\"1418\" data-end=\"1668\">Eine UNESCO-Welterbest\u00e4tte, die <strong data-start=\"1452\" data-end=\"1473\">Ngorongoro-Krater<\/strong> wird oft als \u201cafrikanisches Paradies\u201d bezeichnet. Es handelt sich um einen eingest\u00fcrzten Vulkan, der mit \u00fcppigen Graslandschaften, S\u00fcmpfen und einem Sodasee gef\u00fcllt ist. <strong data-start=\"1606\" data-end=\"1630\">alle Big Five Tiere<\/strong> hier, einschlie\u00dflich des seltenen Spitzmaulnashorns.<\/p><p class=\"\" data-start=\"1670\" data-end=\"1685\"><strong data-start=\"1670\" data-end=\"1684\">Highlights<\/strong>:<\/p><ul data-start=\"1686\" data-end=\"1799\"><li class=\"\" data-start=\"1686\" data-end=\"1712\"><p class=\"\" data-start=\"1688\" data-end=\"1712\">Wildbeobachtungsfahrten auf dem Kraterboden<\/p><\/li><li class=\"\" data-start=\"1713\" data-end=\"1739\"><p class=\"\" data-start=\"1715\" data-end=\"1739\">Besuch in Massai-D\u00f6rfern<\/p><\/li><li class=\"\" data-start=\"1740\" data-end=\"1799\"><p class=\"\" data-start=\"1742\" data-end=\"1799\">Atemberaubende Landschaft mit hohen Chancen, Wildtiere zu beobachten.<\/p><\/li><\/ul><hr class=\"\" data-start=\"1801\" data-end=\"1804\" \/><h2 class=\"\" data-start=\"1806\" data-end=\"1859\">3. <strong data-start=\"1812\" data-end=\"1839\">Tarangire-Nationalpark<\/strong> \u2013 Elefantenparadies<\/h2><p class=\"\" data-start=\"1861\" data-end=\"1962\"><strong data-start=\"1861\" data-end=\"1883\">Beste Reisezeit<\/strong>: Juni bis Oktober<br data-start=\"1900\" data-end=\"1903\" \/><strong data-start=\"1903\" data-end=\"1916\">Bekannt f\u00fcr<\/strong>Gro\u00dfe Elefantenherden, Affenbrotb\u00e4ume, Vogelwelt<\/p><p class=\"\" data-start=\"1964\" data-end=\"2183\">Oft \u00fcbersehen, <strong data-start=\"1982\" data-end=\"1995\">Tarangire<\/strong> bietet ein einzigartiges Safari-Erlebnis mit seinem <strong data-start=\"2039\" data-end=\"2065\">riesige Elefantenherden<\/strong>, insbesondere w\u00e4hrend der Trockenzeit. Der Park ist mit uralten Baobabb\u00e4umen \u00fcbers\u00e4t und Heimat von \u00fcber 500 Vogelarten.<\/p><p class=\"\" data-start=\"2185\" data-end=\"2200\"><strong data-start=\"2185\" data-end=\"2199\">Highlights<\/strong>:<\/p><ul data-start=\"2201\" data-end=\"2322\"><li class=\"\" data-start=\"2201\" data-end=\"2242\"><p class=\"\" data-start=\"2203\" data-end=\"2242\">Elefantensichtungen in der N\u00e4he des Tarangire-Flusses<\/p><\/li><li class=\"\" data-start=\"2243\" data-end=\"2268\"><p class=\"\" data-start=\"2245\" data-end=\"2268\">Hervorragende Vogelbeobachtung<\/p><\/li><li class=\"\" data-start=\"2269\" data-end=\"2322\"><p class=\"\" data-start=\"2271\" data-end=\"2322\">Wandersafaris und Erlebnisse abseits der ausgetretenen Pfade<\/p><\/li><\/ul><hr class=\"\" data-start=\"2324\" data-end=\"2327\" \/><h2 class=\"\" data-start=\"2329\" data-end=\"2398\">4. <strong data-start=\"2335\" data-end=\"2365\">Lake Manyara Nationalpark<\/strong> \u2013 Baumkletternde L\u00f6wen und Vogelwelt<\/h2><p class=\"\" data-start=\"2400\" data-end=\"2545\"><strong data-start=\"2400\" data-end=\"2422\">Beste Reisezeit<\/strong>: Juni bis Oktober &amp; November bis Februar (f\u00fcr Vogelbeobachtungen)<br data-start=\"2476\" data-end=\"2479\" \/><strong data-start=\"2479\" data-end=\"2492\">Bekannt f\u00fcr<\/strong>Baumkletternde L\u00f6wen, Flamingos, Grundwasserw\u00e4lder<\/p><p class=\"\" data-start=\"2547\" data-end=\"2788\"><strong data-start=\"2547\" data-end=\"2563\">Manyara-See<\/strong> Es mag klein sein, aber es ist unglaublich vielf\u00e4ltig. Es ist ber\u00fchmt f\u00fcr seine <strong data-start=\"2627\" data-end=\"2650\">baumkletternde L\u00f6wen<\/strong> und saisonale Flamingoschw\u00e4rme, die den See bedecken. Der Park bietet \u00fcppige W\u00e4lder, offene Ebenen und einen Sodasee auf engstem Raum.<\/p><p class=\"\" data-start=\"2790\" data-end=\"2805\"><strong data-start=\"2790\" data-end=\"2804\">Highlights<\/strong>:<\/p><ul data-start=\"2806\" data-end=\"2915\"><li class=\"\" data-start=\"2806\" data-end=\"2848\"><p class=\"\" data-start=\"2808\" data-end=\"2848\">Kanusafaris (sofern der Wasserstand dies zul\u00e4sst)<\/p><\/li><li class=\"\" data-start=\"2849\" data-end=\"2877\"><p class=\"\" data-start=\"2851\" data-end=\"2877\">Wald- und See\u00f6kosysteme<\/p><\/li><li class=\"\" data-start=\"2878\" data-end=\"2915\"><p class=\"\" data-start=\"2880\" data-end=\"2915\">N\u00e4he zu Arusha (einfacher Tagesausflug)<\/p><\/li><\/ul><hr class=\"\" data-start=\"2917\" data-end=\"2920\" \/><h2 class=\"\" data-start=\"2922\" data-end=\"2975\">5. <strong data-start=\"2928\" data-end=\"2951\">Ruaha Nationalpark<\/strong> \u2013 Tansanias verborgenes Juwel<\/h2><p class=\"\" data-start=\"2977\" data-end=\"3085\"><strong data-start=\"2977\" data-end=\"2999\">Beste Reisezeit<\/strong>: Juni bis Oktober<br data-start=\"3016\" data-end=\"3019\" \/><strong data-start=\"3019\" data-end=\"3032\">Bekannt f\u00fcr<\/strong>Abgeschiedene Wildnis, Raubtiere, gro\u00dfe L\u00f6wenrudel<\/p><p class=\"\" data-start=\"3087\" data-end=\"3359\"><strong data-start=\"3087\" data-end=\"3096\">Ruaha<\/strong> Der Tansania-Nationalpark ist der gr\u00f6\u00dfte und einer der abgelegensten Nationalparks des Landes. Er bietet ein naturnahes, unber\u00fchrtes Safari-Erlebnis und ist bekannt f\u00fcr seinen gro\u00dfen Bestand an \u2026 <strong data-start=\"3249\" data-end=\"3283\">L\u00f6wen, Leoparden und Elefanten<\/strong>. Es ist perfekt f\u00fcr abenteuerlustige Reisende, die eine Safari abseits der ausgetretenen Pfade suchen.<\/p><p class=\"\" data-start=\"3361\" data-end=\"3376\"><strong data-start=\"3361\" data-end=\"3375\">Highlights<\/strong>:<\/p><ul data-start=\"3377\" data-end=\"3481\"><li class=\"\" data-start=\"3377\" data-end=\"3401\"><p class=\"\" data-start=\"3379\" data-end=\"3401\">Intime Safari-Lodges<\/p><\/li><li class=\"\" data-start=\"3402\" data-end=\"3450\"><p class=\"\" data-start=\"3404\" data-end=\"3450\">Abwechslungsreiche Landschaften mit felsigen H\u00fcgeln und Fl\u00fcssen<\/p><\/li><li class=\"\" data-start=\"3451\" data-end=\"3481\"><p class=\"\" data-start=\"3453\" data-end=\"3481\">Hervorragende Raubtiersichtungen<\/p><\/li><\/ul><hr class=\"\" data-start=\"3483\" data-end=\"3486\" \/><h2 class=\"\" data-start=\"3488\" data-end=\"3505\">Schlussbetrachtung<\/h2><p class=\"\" data-start=\"3507\" data-end=\"3736\">Ob Sie Tansania zum ersten Mal besuchen oder ein erfahrener Safarireisender sind, die Nationalparks des Landes bieten unvergessliche Wildtiererlebnisse. Von der <strong data-start=\"3649\" data-end=\"3669\">die legend\u00e4re Serengeti<\/strong> zum <strong data-start=\"3677\" data-end=\"3703\">verborgene Sch\u00f6nheit von Ruaha<\/strong>, Hier ist f\u00fcr jeden etwas dabei.<\/p><p class=\"\" data-start=\"3738\" data-end=\"3857\">Bereit f\u00fcr Ihre Reise? Kontaktieren Sie einen vertrauensw\u00fcrdigen Reiseveranstalter, der Ihnen bei der Erstellung der perfekten Tansania-Safari-Route hilft.<\/p>\t\t\t\t\t\t\t\t<\/div>\n\t\t\t\t<\/div>\n\t\t\t\t\t<\/div>\n\t\t\t\t<\/div>\n\t\t\t\t\t<\/div>\n\t\t\t\t<\/div>\n\t\t\t\t<\/div>","protected":false},"excerpt":{"rendered":"<p>Startseite \/ Blog Tansania ist ein Land von atemberaubender Sch\u00f6nheit, vielf\u00e4ltigen \u00d6kosystemen und einigen der besten M\u00f6glichkeiten zur Tierbeobachtung weltweit. Von der legend\u00e4ren Serengeti bis zum majest\u00e4tischen Ngorongoro-Krater bietet Tansania ein unvergleichliches Safari-Erlebnis. Wenn Sie eine Safari planen, finden Sie hier die Top 5 Safari-Ziele in Tansania [\u2026]<\/p>","protected":false},"author":1,"featured_media":0,"parent":0,"menu_order":0,"comment_status":"closed","ping_status":"closed","template":"elementor_canvas","meta":{"footnotes":""},"class_list":["post-10238","page","type-page","status-publish","hentry"],"yoast_head":"<!-- This site is optimized with the Yoast SEO plugin v25.7 - https:\/\/yoast.com\/wordpress\/plugins\/seo\/ -->\n<title>Must visit destinations - Nurtured Wildlife Safaris<\/title>\n<meta name=\"robots\" content=\"index, follow, max-snippet:-1, max-image-preview:large, max-video-preview:-1\" \/>\n<link rel=\"canonical\" href=\"https:\/\/nurturedwildlife.com\/de\/reiseziele-die-man-unbedingt-besuchen-muss\/\" \/>\n<meta property=\"og:locale\" content=\"de_DE\" \/>\n<meta property=\"og:type\" content=\"article\" \/>\n<meta property=\"og:title\" content=\"Must visit destinations - Nurtured Wildlife Safaris\" \/>\n<meta property=\"og:description\" content=\"Home \/ Blog Tanzania is a land of breathtaking beauty, diverse ecosystems, and some of the best wildlife viewing on the planet. From the iconic Serengeti plains to the majestic Ngorongoro Crater, Tanzania offers a safari experience like no other. If you\u2019re planning a safari adventure, here are the top 5 safari destinations in Tanzania [&hellip;]\" \/>\n<meta property=\"og:url\" content=\"https:\/\/nurturedwildlife.com\/de\/reiseziele-die-man-unbedingt-besuchen-muss\/\" \/>\n<meta property=\"og:site_name\" content=\"Nurtured Wildlife Safaris\" \/>\n<meta property=\"article:modified_time\" content=\"2025-05-17T13:55:45+00:00\" \/>\n<meta name=\"twitter:card\" content=\"summary_large_image\" \/>\n<meta name=\"twitter:label1\" content=\"Gesch\u00e4tzte Lesezeit\" \/>\n\t<meta name=\"twitter:data1\" content=\"3\u00a0Minuten\" \/>\n<script type=\"application\/ld+json\" class=\"yoast-schema-graph\">{\"@context\":\"https:\/\/schema.org\",\"@graph\":[{\"@type\":\"WebPage\",\"@id\":\"https:\/\/nurturedwildlife.com\/must-visit-destinations\/\",\"url\":\"https:\/\/nurturedwildlife.com\/must-visit-destinations\/\",\"name\":\"Must visit destinations - Nurtured Wildlife Safaris\",\"isPartOf\":{\"@id\":\"https:\/\/nurturedwildlife.com\/#website\"},\"datePublished\":\"2025-05-17T13:54:46+00:00\",\"dateModified\":\"2025-05-17T13:55:45+00:00\",\"breadcrumb\":{\"@id\":\"https:\/\/nurturedwildlife.com\/must-visit-destinations\/#breadcrumb\"},\"inLanguage\":\"de\",\"potentialAction\":[{\"@type\":\"ReadAction\",\"target\":[\"https:\/\/nurturedwildlife.com\/must-visit-destinations\/\"]}]},{\"@type\":\"BreadcrumbList\",\"@id\":\"https:\/\/nurturedwildlife.com\/must-visit-destinations\/#breadcrumb\",\"itemListElement\":[{\"@type\":\"ListItem\",\"position\":1,\"name\":\"Home\",\"item\":\"https:\/\/nurturedwildlife.com\/\"},{\"@type\":\"ListItem\",\"position\":2,\"name\":\"Must visit destinations\"}]},{\"@type\":\"WebSite\",\"@id\":\"https:\/\/nurturedwildlife.com\/#website\",\"url\":\"https:\/\/nurturedwildlife.com\/\",\"name\":\"Nurtured Wildlife Safaris\",\"description\":\"Tanzania Unforgettable\",\"publisher\":{\"@id\":\"https:\/\/nurturedwildlife.com\/#organization\"},\"potentialAction\":[{\"@type\":\"SearchAction\",\"target\":{\"@type\":\"EntryPoint\",\"urlTemplate\":\"https:\/\/nurturedwildlife.com\/?s={search_term_string}\"},\"query-input\":{\"@type\":\"PropertyValueSpecification\",\"valueRequired\":true,\"valueName\":\"search_term_string\"}}],\"inLanguage\":\"de\"},{\"@type\":\"Organization\",\"@id\":\"https:\/\/nurturedwildlife.com\/#organization\",\"name\":\"Nurtured Wildlife Safaris\",\"url\":\"https:\/\/nurturedwildlife.com\/\",\"logo\":{\"@type\":\"ImageObject\",\"inLanguage\":\"de\",\"@id\":\"https:\/\/nurturedwildlife.com\/#\/schema\/logo\/image\/\",\"url\":\"https:\/\/nurturedwildlife.com\/wp-content\/uploads\/2023\/12\/nurtured-png.png\",\"contentUrl\":\"https:\/\/nurturedwildlife.com\/wp-content\/uploads\/2023\/12\/nurtured-png.png\",\"width\":4641,\"height\":1704,\"caption\":\"Nurtured Wildlife Safaris\"},\"image\":{\"@id\":\"https:\/\/nurturedwildlife.com\/#\/schema\/logo\/image\/\"}}]}<\/script>\n<!-- \/ Yoast SEO plugin. -->","yoast_head_json":{"title":"Unbedingt besuchenswerte Reiseziele \u2013 Wildtiersafaris unter Ber\u00fccksichtigung der Bed\u00fcrfnisse der Wildtiere","robots":{"index":"index","follow":"follow","max-snippet":"max-snippet:-1","max-image-preview":"max-image-preview:large","max-video-preview":"max-video-preview:-1"},"canonical":"https:\/\/nurturedwildlife.com\/de\/reiseziele-die-man-unbedingt-besuchen-muss\/","og_locale":"de_DE","og_type":"article","og_title":"Must visit destinations - Nurtured Wildlife Safaris","og_description":"Home \/ Blog Tanzania is a land of breathtaking beauty, diverse ecosystems, and some of the best wildlife viewing on the planet. From the iconic Serengeti plains to the majestic Ngorongoro Crater, Tanzania offers a safari experience like no other. If you\u2019re planning a safari adventure, here are the top 5 safari destinations in Tanzania [&hellip;]","og_url":"https:\/\/nurturedwildlife.com\/de\/reiseziele-die-man-unbedingt-besuchen-muss\/","og_site_name":"Nurtured Wildlife Safaris","article_modified_time":"2025-05-17T13:55:45+00:00","twitter_card":"summary_large_image","twitter_misc":{"Gesch\u00e4tzte Lesezeit":"3\u00a0Minuten"},"schema":{"@context":"https:\/\/schema.org","@graph":[{"@type":"WebPage","@id":"https:\/\/nurturedwildlife.com\/must-visit-destinations\/","url":"https:\/\/nurturedwildlife.com\/must-visit-destinations\/","name":"Unbedingt besuchenswerte Reiseziele \u2013 Wildtiersafaris unter Ber\u00fccksichtigung der Bed\u00fcrfnisse der Wildtiere","isPartOf":{"@id":"https:\/\/nurturedwildlife.com\/#website"},"datePublished":"2025-05-17T13:54:46+00:00","dateModified":"2025-05-17T13:55:45+00:00","breadcrumb":{"@id":"https:\/\/nurturedwildlife.com\/must-visit-destinations\/#breadcrumb"},"inLanguage":"de","potentialAction":[{"@type":"ReadAction","target":["https:\/\/nurturedwildlife.com\/must-visit-destinations\/"]}]},{"@type":"BreadcrumbList","@id":"https:\/\/nurturedwildlife.com\/must-visit-destinations\/#breadcrumb","itemListElement":[{"@type":"ListItem","position":1,"name":"Home","item":"https:\/\/nurturedwildlife.com\/"},{"@type":"ListItem","position":2,"name":"Must visit destinations"}]},{"@type":"WebSite","@id":"https:\/\/nurturedwildlife.com\/#website","url":"https:\/\/nurturedwildlife.com\/","name":"Gepflegte Wildtiersafaris","description":"Tansania \u2013 Unvergesslich","publisher":{"@id":"https:\/\/nurturedwildlife.com\/#organization"},"potentialAction":[{"@type":"SearchAction","target":{"@type":"EntryPoint","urlTemplate":"https:\/\/nurturedwildlife.com\/?s={search_term_string}"},"query-input":{"@type":"PropertyValueSpecification","valueRequired":true,"valueName":"search_term_string"}}],"inLanguage":"de"},{"@type":"Organization","@id":"https:\/\/nurturedwildlife.com\/#organization","name":"Gepflegte Wildtiersafaris","url":"https:\/\/nurturedwildlife.com\/","logo":{"@type":"ImageObject","inLanguage":"de","@id":"https:\/\/nurturedwildlife.com\/#\/schema\/logo\/image\/","url":"https:\/\/nurturedwildlife.com\/wp-content\/uploads\/2023\/12\/nurtured-png.png","contentUrl":"https:\/\/nurturedwildlife.com\/wp-content\/uploads\/2023\/12\/nurtured-png.png","width":4641,"height":1704,"caption":"Nurtured Wildlife Safaris"},"image":{"@id":"https:\/\/nurturedwildlife.com\/#\/schema\/logo\/image\/"}}]}},"_links":{"self":[{"href":"https:\/\/nurturedwildlife.com\/de\/wp-json\/wp\/v2\/pages\/10238","targetHints":{"allow":["GET"]}}],"collection":[{"href":"https:\/\/nurturedwildlife.com\/de\/wp-json\/wp\/v2\/pages"}],"about":[{"href":"https:\/\/nurturedwildlife.com\/de\/wp-json\/wp\/v2\/types\/page"}],"author":[{"embeddable":true,"href":"https:\/\/nurturedwildlife.com\/de\/wp-json\/wp\/v2\/users\/1"}],"replies":[{"embeddable":true,"href":"https:\/\/nurturedwildlife.com\/de\/wp-json\/wp\/v2\/comments?post=10238"}],"version-history":[{"count":5,"href":"https:\/\/nurturedwildlife.com\/de\/wp-json\/wp\/v2\/pages\/10238\/revisions"}],"predecessor-version":[{"id":10250,"href":"https:\/\/nurturedwildlife.com\/de\/wp-json\/wp\/v2\/pages\/10238\/revisions\/10250"}],"wp:attachment":[{"href":"https:\/\/nurturedwildlife.com\/de\/wp-json\/wp\/v2\/media?parent=10238"}],"curies":[{"name":"wp","href":"https:\/\/api.w.org\/{rel}","templated":true}]}}