{"id":10226,"date":"2025-05-17T13:40:56","date_gmt":"2025-05-17T13:40:56","guid":{"rendered":"https:\/\/nurturedwildlife.com\/?page_id=10226"},"modified":"2025-05-17T13:54:21","modified_gmt":"2025-05-17T13:54:21","slug":"bedste-tidspunkt-at-besoge-tanzania","status":"publish","type":"page","link":"https:\/\/nurturedwildlife.com\/da\/bedste-tidspunkt-at-besoge-tanzania\/","title":{"rendered":"Bedste tidspunkt at bes\u00f8ge Tanzania"},"content":{"rendered":"<div data-elementor-type=\"wp-page\" data-elementor-id=\"10226\" class=\"elementor elementor-10226\" data-elementor-post-type=\"page\">\n\t\t\t\t<div class=\"elementor-element elementor-element-7285a343 e-con-full e-flex e-con e-parent\" data-id=\"7285a343\" data-element_type=\"container\" data-e-type=\"container\" data-settings=\"{&quot;background_background&quot;:&quot;classic&quot;}\">\n\t\t<div class=\"elementor-element elementor-element-44a70e12 e-con-full e-flex e-con e-child\" data-id=\"44a70e12\" data-element_type=\"container\" data-e-type=\"container\" data-settings=\"{&quot;background_background&quot;:&quot;classic&quot;}\">\n\t\t\t\t<div class=\"elementor-element elementor-element-11d31f42 elementor-widget elementor-widget-text-editor\" data-id=\"11d31f42\" data-element_type=\"widget\" data-e-type=\"widget\" data-widget_type=\"text-editor.default\">\n\t\t\t\t<div class=\"elementor-widget-container\">\n\t\t\t\t\t\t\t\t\t<p><a href=\"#\">Hjem<\/a> \/ Blog<\/p>\t\t\t\t\t\t\t\t<\/div>\n\t\t\t\t<\/div>\n\t\t\t\t<\/div>\n\t\t\t\t<\/div>\n\t\t<div class=\"elementor-element elementor-element-6d2a0933 e-flex e-con-boxed e-con e-parent\" data-id=\"6d2a0933\" data-element_type=\"container\" data-e-type=\"container\">\n\t\t\t\t\t<div class=\"e-con-inner\">\n\t\t<div class=\"elementor-element elementor-element-12301c2a e-flex e-con-boxed e-con e-child\" data-id=\"12301c2a\" data-element_type=\"container\" data-e-type=\"container\" data-settings=\"{&quot;background_background&quot;:&quot;classic&quot;}\">\n\t\t\t\t\t<div class=\"e-con-inner\">\n\t\t\t\t<div class=\"elementor-element elementor-element-fccb848 elementor-widget elementor-widget-text-editor\" data-id=\"fccb848\" data-element_type=\"widget\" data-e-type=\"widget\" data-widget_type=\"text-editor.default\">\n\t\t\t\t<div class=\"elementor-widget-container\">\n\t\t\t\t\t\t\t\t\t<h1 class=\"\" data-start=\"194\" data-end=\"258\">Det bedste tidspunkt at bes\u00f8ge Tanzania p\u00e5 safari: En guide m\u00e5ned for m\u00e5ned<\/h1><p class=\"\" data-start=\"260\" data-end=\"495\">Tanzania er en af Afrikas f\u00f8rende safaridestinationer og hjemsted for den ikoniske Serengeti Nationalpark, Ngorongoro-krateret, Tarangire og den enorme vildmark i Southern Circuit. Men hvorn\u00e5r er det bedste tidspunkt at bes\u00f8ge Tanzania p\u00e5 safari?<\/p><p class=\"\" data-start=\"497\" data-end=\"714\">Sandheden er, at der ikke er nogen <em data-start=\"522\" data-end=\"527\">d\u00e5rlig<\/em> tid \u2013 men den <strong data-start=\"543\" data-end=\"603\">oplevelsen \u00e6ndrer sig markant afh\u00e6ngigt af s\u00e6sonen<\/strong>. Denne guide gennemg\u00e5r safarioplevelsen m\u00e5ned for m\u00e5ned og hj\u00e6lper dig med at planl\u00e6gge det perfekte dyrelivseventyr.<\/p><hr class=\"\" data-start=\"716\" data-end=\"719\" \/><h2 class=\"\" data-start=\"721\" data-end=\"738\">Hurtigt overblik<\/h2><div class=\"_tableContainer_16hzy_1\"><div class=\"_tableWrapper_16hzy_14 group flex w-fit flex-col-reverse\" tabindex=\"-1\"><table class=\"w-fit min-w-(--thread-content-width)\" data-start=\"740\" data-end=\"1201\"><thead data-start=\"740\" data-end=\"816\"><tr data-start=\"740\" data-end=\"816\"><th data-start=\"740\" data-end=\"755\" data-col-size=\"sm\">M\u00e5ned<\/th><th data-start=\"755\" data-end=\"772\" data-col-size=\"sm\">S\u00e6son<\/th><th data-start=\"772\" data-end=\"816\" data-col-size=\"sm\">Safari-h\u00f8jdepunkter<\/th><\/tr><\/thead><tbody data-start=\"894\" data-end=\"1201\"><tr data-start=\"894\" data-end=\"970\"><td data-start=\"894\" data-end=\"909\" data-col-size=\"sm\">Jan. \u2013 Mar.<\/td><td data-col-size=\"sm\" data-start=\"909\" data-end=\"926\">Gr\u00f8n s\u00e6son<\/td><td data-col-size=\"sm\" data-start=\"926\" data-end=\"970\">K\u00e6lvning i Serengeti, frodige landskaber<\/td><\/tr><tr data-start=\"971\" data-end=\"1047\"><td data-start=\"971\" data-end=\"986\" data-col-size=\"sm\">Apr \u2013 Maj<\/td><td data-start=\"986\" data-end=\"1003\" data-col-size=\"sm\">Regntiden<\/td><td data-col-size=\"sm\" data-start=\"1003\" data-end=\"1047\">F\u00e6rre folkem\u00e6ngder, lavere priser<\/td><\/tr><tr data-start=\"1048\" data-end=\"1124\"><td data-start=\"1048\" data-end=\"1063\" data-col-size=\"sm\">Juni \u2013 Okt<\/td><td data-col-size=\"sm\" data-start=\"1063\" data-end=\"1080\">T\u00f8r s\u00e6son<\/td><td data-col-size=\"sm\" data-start=\"1080\" data-end=\"1124\">Dyrelivsudsigt p\u00e5 h\u00f8jeste niveau, Great Migration<\/td><\/tr><tr data-start=\"1125\" data-end=\"1201\"><td data-start=\"1125\" data-end=\"1140\" data-col-size=\"sm\">Nov \u2013 Dec<\/td><td data-col-size=\"sm\" data-start=\"1140\" data-end=\"1157\">Korte regnbyger<\/td><td data-col-size=\"sm\" data-start=\"1157\" data-end=\"1201\">Fugleobservation, migration vender sydp\u00e5<\/td><\/tr><\/tbody><\/table><div class=\"sticky end-(--thread-content-margin) h-0 self-end select-none\"><div class=\"absolute end-0 flex items-end\">\u00a0<\/div><\/div><\/div><\/div><hr class=\"\" data-start=\"1203\" data-end=\"1206\" \/><h2 class=\"\" data-start=\"1208\" data-end=\"1259\">Januar til marts \u2013 k\u00e6lvningss\u00e6son (gr\u00f8n s\u00e6son)<\/h2><ul data-start=\"1261\" data-end=\"1420\"><li class=\"\" data-start=\"1261\" data-end=\"1354\"><p class=\"\" data-start=\"1263\" data-end=\"1354\"><strong data-start=\"1263\" data-end=\"1275\">Bedst til<\/strong>K\u00e6lvningss\u00e6son i Ndutu (sydlige Serengeti), rovdyraction, frodig natur<\/p><\/li><li class=\"\" data-start=\"1355\" data-end=\"1420\"><p class=\"\" data-start=\"1357\" data-end=\"1420\"><strong data-start=\"1357\" data-end=\"1367\">Forvent<\/strong>Eftermiddagsbyger, livlige landskaber, dyreunger<\/p><\/li><\/ul><p class=\"\" data-start=\"1422\" data-end=\"1722\">Dette er et spektakul\u00e6rt tidspunkt at v\u00e6re vidne til <strong data-start=\"1464\" data-end=\"1511\">K\u00e6lvningss\u00e6sonen for den store gnumigration<\/strong> i den sydlige Serengeti og Ndutu-region. Over 500.000 gnuer f\u00f8der p\u00e5 kort tid og tiltr\u00e6kker rovdyr som l\u00f8ver, geparder og hy\u00e6ner. Gr\u00f8nne omr\u00e5der er fantastiske, og fotograferingen er fantastisk.<\/p><hr class=\"\" data-start=\"1724\" data-end=\"1727\" \/><h2 class=\"\" data-start=\"1729\" data-end=\"1770\">April til maj \u2013 Langvarig regn (lavs\u00e6son)<\/h2><ul data-start=\"1772\" data-end=\"1882\"><li class=\"\" data-start=\"1772\" data-end=\"1820\"><p class=\"\" data-start=\"1774\" data-end=\"1820\"><strong data-start=\"1774\" data-end=\"1786\">Bedst til<\/strong>Budgetsafari, f\u00e6rre turister<\/p><\/li><li class=\"\" data-start=\"1821\" data-end=\"1882\"><p class=\"\" data-start=\"1823\" data-end=\"1882\"><strong data-start=\"1823\" data-end=\"1833\">Forvent<\/strong>Kraftig regn, mudrede stier, men utrolig v\u00e6rdi for pengene<\/p><\/li><\/ul><p class=\"\" data-start=\"1884\" data-end=\"2128\">Disse er Tanzanias v\u00e5deste m\u00e5neder. Mange lodges lukker midlertidigt, is\u00e6r i fjerntliggende omr\u00e5der. Men hvis du ikke har noget imod regn, er det et godt tidspunkt for en <strong data-start=\"2039\" data-end=\"2077\">roligere og mere overkommelig safari<\/strong>, is\u00e6r i Serengeti- eller Ngorongoro-krateret.<\/p><hr class=\"\" data-start=\"2130\" data-end=\"2133\" \/><h2 class=\"\" data-start=\"2135\" data-end=\"2187\">Juni til oktober \u2013 T\u00f8rs\u00e6son (h\u00f8js\u00e6son for safari)<\/h2><ul data-start=\"2189\" data-end=\"2371\"><li class=\"\" data-start=\"2189\" data-end=\"2280\"><p class=\"\" data-start=\"2191\" data-end=\"2280\"><strong data-start=\"2191\" data-end=\"2203\">Bedst til<\/strong>Klassisk Big Five-safari, flodkrydsninger over Great Migration, vandresafari<\/p><\/li><li class=\"\" data-start=\"2281\" data-end=\"2371\"><p class=\"\" data-start=\"2283\" data-end=\"2371\"><strong data-start=\"2283\" data-end=\"2293\">Forvent<\/strong>Klar himmel, k\u00f8ligere morgener, h\u00f8j koncentration af dyreliv n\u00e6r vandkilder<\/p><\/li><\/ul><p class=\"\" data-start=\"2373\" data-end=\"2698\">Dette er den <strong data-start=\"2385\" data-end=\"2429\">Det bedste tidspunkt at bes\u00f8ge Tanzania p\u00e5 safari<\/strong>. Dyrelivet samles omkring floder og vandhuller, hvilket g\u00f8r det nemt at f\u00e5 \u00f8je p\u00e5 dem. Juni starter den t\u00f8rre s\u00e6son, mens <strong data-start=\"2541\" data-end=\"2562\">Juli til september<\/strong> er ber\u00f8mt for dramatisk <strong data-start=\"2586\" data-end=\"2610\">Krydsninger af Mara-floden<\/strong> i det nordlige Serengeti. Parkerne er travlest, s\u00e5 det er vigtigt at booke tidligt.<\/p><hr class=\"\" data-start=\"2700\" data-end=\"2703\" \/><h2 class=\"\" data-start=\"2705\" data-end=\"2759\">November til december \u2013 Kort regntid og fugles\u00e6son<\/h2><ul data-start=\"2761\" data-end=\"2901\"><li class=\"\" data-start=\"2761\" data-end=\"2823\"><p class=\"\" data-start=\"2763\" data-end=\"2823\"><strong data-start=\"2763\" data-end=\"2775\">Bedst til<\/strong>Tr\u00e6kfugle, lavere rater, f\u00e6rre turister<\/p><\/li><li class=\"\" data-start=\"2824\" data-end=\"2901\"><p class=\"\" data-start=\"2826\" data-end=\"2901\"><strong data-start=\"2826\" data-end=\"2836\">Forvent<\/strong>Kort regn, gr\u00f8nne landskaber, begyndelsen p\u00e5 migrationen sydp\u00e5<\/p><\/li><\/ul><p class=\"\" data-start=\"2903\" data-end=\"3152\">De korte regnskyl puster liv i landet igen. Dyrelivet er stadig rigt, og denne tid er ideel til <strong data-start=\"3009\" data-end=\"3026\">fuglekiggere<\/strong>, efterh\u00e5nden som migrerende arter vender tilbage. <strong data-start=\"3061\" data-end=\"3106\">Den store migration begynder at bev\u00e6ge sig sydp\u00e5 igen<\/strong>, g\u00f8r sig endnu engang klar til kalvningss\u00e6sonen.<\/p><hr class=\"\" data-start=\"3154\" data-end=\"3157\" \/><h2 class=\"\" data-start=\"3159\" data-end=\"3185\">S\u00e5 hvorn\u00e5r skal du tage afsted?<\/h2><p class=\"\" data-start=\"3187\" data-end=\"3203\"><strong data-start=\"3187\" data-end=\"3203\">Hvis du vil:<\/strong><\/p><ul data-start=\"3204\" data-end=\"3403\"><li class=\"\" data-start=\"3204\" data-end=\"3245\"><p class=\"\" data-start=\"3206\" data-end=\"3245\"><strong data-start=\"3206\" data-end=\"3229\">Store katte og k\u00e6lvning:<\/strong> Januar \u2013 marts<\/p><\/li><li class=\"\" data-start=\"3246\" data-end=\"3288\"><p class=\"\" data-start=\"3248\" data-end=\"3288\"><strong data-start=\"3248\" data-end=\"3276\">Budgetvenlige safarier:<\/strong> April \u2013 maj<\/p><\/li><li class=\"\" data-start=\"3289\" data-end=\"3353\"><p class=\"\" data-start=\"3291\" data-end=\"3353\"><strong data-start=\"3291\" data-end=\"3338\">Klassisk vildtobservation og migrationsoverfarter:<\/strong> Juni \u2013 oktober<\/p><\/li><li class=\"\" data-start=\"3354\" data-end=\"3403\"><p class=\"\" data-start=\"3356\" data-end=\"3403\"><strong data-start=\"3356\" data-end=\"3383\">Fuglekiggeri og f\u00e6rre folkem\u00e6ngder:<\/strong> November \u2013 december<\/p><\/li><\/ul><hr class=\"\" data-start=\"3405\" data-end=\"3408\" \/><h2 class=\"\" data-start=\"3410\" data-end=\"3439\">Sidste tips f\u00f8r du booker<\/h2><ul data-start=\"3441\" data-end=\"3686\"><li class=\"\" data-start=\"3441\" data-end=\"3500\"><p class=\"\" data-start=\"3443\" data-end=\"3500\">Book mindst <strong data-start=\"3457\" data-end=\"3483\">6-12 m\u00e5neder i forvejen<\/strong> til h\u00f8js\u00e6sonen.<\/p><\/li><li class=\"\" data-start=\"3501\" data-end=\"3607\"><p class=\"\" data-start=\"3503\" data-end=\"3607\">Kombiner parker for en fyldigere oplevelse: Serengeti + Ngorongoro, eller bland Tarangire og Selous (Nyerere).<\/p><\/li><li class=\"\" data-start=\"3608\" data-end=\"3686\"><p class=\"\" data-start=\"3610\" data-end=\"3686\">Glem ikke at pakke lag \u2013 <strong data-start=\"3640\" data-end=\"3666\">Morgenerne kan v\u00e6re k\u00f8lige<\/strong> selv i t\u00f8rs\u00e6sonen.<\/p><\/li><\/ul><hr class=\"\" data-start=\"3688\" data-end=\"3691\" \/><p class=\"\" data-start=\"3693\" data-end=\"3931\"><strong data-start=\"3693\" data-end=\"3740\">Tanzania er en safaridestination \u00e5ret rundt<\/strong>, hvor hver s\u00e6son tilbyder noget unikt. Uanset om du jagter dramaet omkring den store migration eller leder efter en fredfyldt og intim naturoplevelse, er der en perfekt tid, der venter p\u00e5 dig.<\/p><p class=\"\" data-start=\"3933\" data-end=\"4061\"><strong data-start=\"3933\" data-end=\"3973\">Klar til at planl\u00e6gge dit safari-eventyr?<\/strong> Kontakt en betroet lokal rejsearrang\u00f8r for at begynde at sammens\u00e6tte din dr\u00f8mmerejseplan.<\/p>\t\t\t\t\t\t\t\t<\/div>\n\t\t\t\t<\/div>\n\t\t\t\t\t<\/div>\n\t\t\t\t<\/div>\n\t\t\t\t\t<\/div>\n\t\t\t\t<\/div>\n\t\t\t\t<\/div>","protected":false},"excerpt":{"rendered":"<p>Hjem \/ Blog Bedste tidspunkt at bes\u00f8ge Tanzania p\u00e5 safari: En guide m\u00e5ned for m\u00e5ned Tanzania er en af Afrikas f\u00f8rende safaridestinationer, hjemsted for den ikoniske Serengeti Nationalpark, Ngorongoro-krateret, Tarangire og den enorme vildmark i Southern Circuit. Men hvorn\u00e5r er det bedste tidspunkt at bes\u00f8ge Tanzania p\u00e5 safari? Sandheden er, at der ikke er nogen [\u2026]<\/p>","protected":false},"author":1,"featured_media":0,"parent":0,"menu_order":0,"comment_status":"closed","ping_status":"closed","template":"elementor_canvas","meta":{"footnotes":""},"class_list":["post-10226","page","type-page","status-publish","hentry"],"yoast_head":"<!-- This site is optimized with the Yoast SEO plugin v25.7 - https:\/\/yoast.com\/wordpress\/plugins\/seo\/ -->\n<title>Best time to visit Tanzania - Nurtured Wildlife Safaris<\/title>\n<meta name=\"robots\" content=\"index, follow, max-snippet:-1, max-image-preview:large, max-video-preview:-1\" \/>\n<link rel=\"canonical\" href=\"https:\/\/nurturedwildlife.com\/da\/bedste-tidspunkt-at-besoge-tanzania\/\" \/>\n<meta property=\"og:locale\" content=\"da_DK\" \/>\n<meta property=\"og:type\" content=\"article\" \/>\n<meta property=\"og:title\" content=\"Best time to visit Tanzania - Nurtured Wildlife Safaris\" \/>\n<meta property=\"og:description\" content=\"Home \/ Blog Best Time to Visit Tanzania for Safari: A Month-by-Month Guide Tanzania is one of Africa\u2019s premier safari destinations, home to the iconic Serengeti National Park, Ngorongoro Crater, Tarangire, and the vast wilderness of the Southern Circuit. But when is the best time to visit Tanzania for safari? The truth is, there\u2019s no [&hellip;]\" \/>\n<meta property=\"og:url\" content=\"https:\/\/nurturedwildlife.com\/da\/bedste-tidspunkt-at-besoge-tanzania\/\" \/>\n<meta property=\"og:site_name\" content=\"Nurtured Wildlife Safaris\" \/>\n<meta property=\"article:modified_time\" content=\"2025-05-17T13:54:21+00:00\" \/>\n<meta name=\"twitter:card\" content=\"summary_large_image\" \/>\n<meta name=\"twitter:label1\" content=\"Estimeret l\u00e6setid\" \/>\n\t<meta name=\"twitter:data1\" content=\"3 minutter\" \/>\n<script type=\"application\/ld+json\" class=\"yoast-schema-graph\">{\"@context\":\"https:\/\/schema.org\",\"@graph\":[{\"@type\":\"WebPage\",\"@id\":\"https:\/\/nurturedwildlife.com\/best-time-to-visit-tanzania\/\",\"url\":\"https:\/\/nurturedwildlife.com\/best-time-to-visit-tanzania\/\",\"name\":\"Best time to visit Tanzania - Nurtured Wildlife Safaris\",\"isPartOf\":{\"@id\":\"https:\/\/nurturedwildlife.com\/#website\"},\"datePublished\":\"2025-05-17T13:40:56+00:00\",\"dateModified\":\"2025-05-17T13:54:21+00:00\",\"breadcrumb\":{\"@id\":\"https:\/\/nurturedwildlife.com\/best-time-to-visit-tanzania\/#breadcrumb\"},\"inLanguage\":\"da-DK\",\"potentialAction\":[{\"@type\":\"ReadAction\",\"target\":[\"https:\/\/nurturedwildlife.com\/best-time-to-visit-tanzania\/\"]}]},{\"@type\":\"BreadcrumbList\",\"@id\":\"https:\/\/nurturedwildlife.com\/best-time-to-visit-tanzania\/#breadcrumb\",\"itemListElement\":[{\"@type\":\"ListItem\",\"position\":1,\"name\":\"Home\",\"item\":\"https:\/\/nurturedwildlife.com\/\"},{\"@type\":\"ListItem\",\"position\":2,\"name\":\"Best time to visit Tanzania\"}]},{\"@type\":\"WebSite\",\"@id\":\"https:\/\/nurturedwildlife.com\/#website\",\"url\":\"https:\/\/nurturedwildlife.com\/\",\"name\":\"Nurtured Wildlife Safaris\",\"description\":\"Tanzania Unforgettable\",\"publisher\":{\"@id\":\"https:\/\/nurturedwildlife.com\/#organization\"},\"potentialAction\":[{\"@type\":\"SearchAction\",\"target\":{\"@type\":\"EntryPoint\",\"urlTemplate\":\"https:\/\/nurturedwildlife.com\/?s={search_term_string}\"},\"query-input\":{\"@type\":\"PropertyValueSpecification\",\"valueRequired\":true,\"valueName\":\"search_term_string\"}}],\"inLanguage\":\"da-DK\"},{\"@type\":\"Organization\",\"@id\":\"https:\/\/nurturedwildlife.com\/#organization\",\"name\":\"Nurtured Wildlife Safaris\",\"url\":\"https:\/\/nurturedwildlife.com\/\",\"logo\":{\"@type\":\"ImageObject\",\"inLanguage\":\"da-DK\",\"@id\":\"https:\/\/nurturedwildlife.com\/#\/schema\/logo\/image\/\",\"url\":\"https:\/\/nurturedwildlife.com\/wp-content\/uploads\/2023\/12\/nurtured-png.png\",\"contentUrl\":\"https:\/\/nurturedwildlife.com\/wp-content\/uploads\/2023\/12\/nurtured-png.png\",\"width\":4641,\"height\":1704,\"caption\":\"Nurtured Wildlife Safaris\"},\"image\":{\"@id\":\"https:\/\/nurturedwildlife.com\/#\/schema\/logo\/image\/\"}}]}<\/script>\n<!-- \/ Yoast SEO plugin. -->","yoast_head_json":{"title":"Bedste tidspunkt at bes\u00f8ge Tanzania - Nurtured Wildlife Safaris","robots":{"index":"index","follow":"follow","max-snippet":"max-snippet:-1","max-image-preview":"max-image-preview:large","max-video-preview":"max-video-preview:-1"},"canonical":"https:\/\/nurturedwildlife.com\/da\/bedste-tidspunkt-at-besoge-tanzania\/","og_locale":"da_DK","og_type":"article","og_title":"Best time to visit Tanzania - Nurtured Wildlife Safaris","og_description":"Home \/ Blog Best Time to Visit Tanzania for Safari: A Month-by-Month Guide Tanzania is one of Africa\u2019s premier safari destinations, home to the iconic Serengeti National Park, Ngorongoro Crater, Tarangire, and the vast wilderness of the Southern Circuit. But when is the best time to visit Tanzania for safari? The truth is, there\u2019s no [&hellip;]","og_url":"https:\/\/nurturedwildlife.com\/da\/bedste-tidspunkt-at-besoge-tanzania\/","og_site_name":"Nurtured Wildlife Safaris","article_modified_time":"2025-05-17T13:54:21+00:00","twitter_card":"summary_large_image","twitter_misc":{"Estimeret l\u00e6setid":"3 minutter"},"schema":{"@context":"https:\/\/schema.org","@graph":[{"@type":"WebPage","@id":"https:\/\/nurturedwildlife.com\/best-time-to-visit-tanzania\/","url":"https:\/\/nurturedwildlife.com\/best-time-to-visit-tanzania\/","name":"Bedste tidspunkt at bes\u00f8ge Tanzania - Nurtured Wildlife Safaris","isPartOf":{"@id":"https:\/\/nurturedwildlife.com\/#website"},"datePublished":"2025-05-17T13:40:56+00:00","dateModified":"2025-05-17T13:54:21+00:00","breadcrumb":{"@id":"https:\/\/nurturedwildlife.com\/best-time-to-visit-tanzania\/#breadcrumb"},"inLanguage":"da-DK","potentialAction":[{"@type":"ReadAction","target":["https:\/\/nurturedwildlife.com\/best-time-to-visit-tanzania\/"]}]},{"@type":"BreadcrumbList","@id":"https:\/\/nurturedwildlife.com\/best-time-to-visit-tanzania\/#breadcrumb","itemListElement":[{"@type":"ListItem","position":1,"name":"Home","item":"https:\/\/nurturedwildlife.com\/"},{"@type":"ListItem","position":2,"name":"Best time to visit Tanzania"}]},{"@type":"WebSite","@id":"https:\/\/nurturedwildlife.com\/#website","url":"https:\/\/nurturedwildlife.com\/","name":"Safarier med opdr\u00e6ttet dyreliv","description":"Tanzania uforglemmelig","publisher":{"@id":"https:\/\/nurturedwildlife.com\/#organization"},"potentialAction":[{"@type":"SearchAction","target":{"@type":"EntryPoint","urlTemplate":"https:\/\/nurturedwildlife.com\/?s={search_term_string}"},"query-input":{"@type":"PropertyValueSpecification","valueRequired":true,"valueName":"search_term_string"}}],"inLanguage":"da-DK"},{"@type":"Organization","@id":"https:\/\/nurturedwildlife.com\/#organization","name":"Safarier med opdr\u00e6ttet dyreliv","url":"https:\/\/nurturedwildlife.com\/","logo":{"@type":"ImageObject","inLanguage":"da-DK","@id":"https:\/\/nurturedwildlife.com\/#\/schema\/logo\/image\/","url":"https:\/\/nurturedwildlife.com\/wp-content\/uploads\/2023\/12\/nurtured-png.png","contentUrl":"https:\/\/nurturedwildlife.com\/wp-content\/uploads\/2023\/12\/nurtured-png.png","width":4641,"height":1704,"caption":"Nurtured Wildlife Safaris"},"image":{"@id":"https:\/\/nurturedwildlife.com\/#\/schema\/logo\/image\/"}}]}},"_links":{"self":[{"href":"https:\/\/nurturedwildlife.com\/da\/wp-json\/wp\/v2\/pages\/10226","targetHints":{"allow":["GET"]}}],"collection":[{"href":"https:\/\/nurturedwildlife.com\/da\/wp-json\/wp\/v2\/pages"}],"about":[{"href":"https:\/\/nurturedwildlife.com\/da\/wp-json\/wp\/v2\/types\/page"}],"author":[{"embeddable":true,"href":"https:\/\/nurturedwildlife.com\/da\/wp-json\/wp\/v2\/users\/1"}],"replies":[{"embeddable":true,"href":"https:\/\/nurturedwildlife.com\/da\/wp-json\/wp\/v2\/comments?post=10226"}],"version-history":[{"count":5,"href":"https:\/\/nurturedwildlife.com\/da\/wp-json\/wp\/v2\/pages\/10226\/revisions"}],"predecessor-version":[{"id":10244,"href":"https:\/\/nurturedwildlife.com\/da\/wp-json\/wp\/v2\/pages\/10226\/revisions\/10244"}],"wp:attachment":[{"href":"https:\/\/nurturedwildlife.com\/da\/wp-json\/wp\/v2\/media?parent=10226"}],"curies":[{"name":"wp","href":"https:\/\/api.w.org\/{rel}","templated":true}]}}